{"id":1674,"date":"2020-01-10T15:30:30","date_gmt":"2020-01-10T14:30:30","guid":{"rendered":"https:\/\/p684588.webspaceconfig.de\/jati-wp\/jatiproducts.com\/?page_id=1674"},"modified":"2020-11-18T13:56:05","modified_gmt":"2020-11-18T12:56:05","slug":"online-schulungen","status":"publish","type":"page","link":"https:\/\/www.jatiproducts.com\/de\/service\/online-schulungen\/","title":{"rendered":"Online-Schulungen"},"content":{"rendered":"<div class=\"wpb-content-wrapper\"><p>[vc_row][vc_column][vc_column_text]Anhand unserer Online-Schulungen m\u00f6chten wir Ihnen gerne unsere Produkte vorstellen und Ihnen Anwendungsempfehlungen geben. Hier finden Sie auch vertiefende Fachinformationen zu dem Themenbereich \u201eSchimmelpilzbefall in Innenr\u00e4umen&#8220;.<\/p>\n<p>Die Online-Schulungen bed\u00fcrfen, bis auf die Schulung zum Thema Feinreinigung, der telefonischen Erl\u00e4uterung. Wir w\u00fcrden sie Ihnen gerne in einem pers\u00f6nlichen Gespr\u00e4ch vorstellen und die sich daraus eventuell ergebenden Fragen kl\u00e4ren.<\/p>\n<p><strong>Bitte kontaktieren Sie uns per <a href=\"mailto:info@jati-group.com?subject=Bitte%20um%20Zugangsdaten%20zu%20den%20Pruefberichten\">E-Mail<\/a> oder Tel. +49 2984\/93 4 93-0 und vereinbaren Sie einen Schulungstermin.<\/strong> Ihr Zeitaufwand betr\u00e4gt je nach Schulung und Diskussionsbedarf zwischen 15 Minuten und 1,5 Stunden.<\/p>\n<p>Die Schulung \u201eFeinreinigung\u201d ist zugangsdatenfrei und kann von Ihnen eingesehen werden.[\/vc_column_text][vc_separator css=&#8220;.vc_custom_1564378896422{margin-top: 50px !important;margin-bottom: 50px !important;}&#8220;][\/vc_column][\/vc_row][vc_row][vc_column][schulungen filter=&#8220;all&#8220;][\/vc_column][\/vc_row][vc_row][vc_column][vc_separator css=&#8220;.vc_custom_1564378896422{margin-top: 50px !important;margin-bottom: 50px !important;}&#8220;][vc_column_text css=&#8220;.vc_custom_1601018873167{margin-bottom: 0px !important;padding-bottom: 0px !important;}&#8220;]<\/p>\n<h3>Schulung via Microsoft Teams<\/h3>\n<p>[\/vc_column_text][vc_column_text css=&#8220;.vc_custom_1601019006876{margin-top: 0px !important;padding-top: 0px !important;}&#8220;]Microsoft Teams gibt uns u. a. die M\u00f6glichkeit, Ihnen unsere Pr\u00e4sentationen und Schulungsinhalte interaktiv zu vermitteln. Wir vereinbaren vorab telefonisch einen Termin, laden Sie per E-Mail dazu ein, rufen zu dem vereinbarten Zeitpunkt an und steuern die Pr\u00e4sentation, Sie k\u00f6nnen sich auf die Inhalte konzentrieren. Sie ben\u00f6tigen lediglich eine stabile Internetverbindung.[\/vc_column_text][\/vc_column][\/vc_row]<\/p>\n<\/div>","protected":false},"excerpt":{"rendered":"<p>[vc_row][vc_column][vc_column_text]Anhand unserer Online-Schulungen m\u00f6chten wir Ihnen gerne unsere Produkte vorstellen und Ihnen Anwendungsempfehlungen geben. Hier finden Sie auch vertiefende Fachinformationen zu dem Themenbereich \u201eSchimmelpilzbefall in Innenr\u00e4umen&#8220;. Die Online-Schulungen bed\u00fcrfen, bis auf die Schulung zum Thema Feinreinigung, der telefonischen Erl\u00e4uterung. Wir w\u00fcrden sie Ihnen gerne in einem pers\u00f6nlichen Gespr\u00e4ch vorstellen und die sich daraus eventuell ergebenden [&#8230;]<\/p>\n<p><a class=\"btn btn-secondary understrap-read-more-link\" href=\"https:\/\/www.jatiproducts.com\/de\/service\/online-schulungen\/\">Weiterlesen&#8230;<\/a><\/p>\n","protected":false},"author":1,"featured_media":0,"parent":14,"menu_order":101,"comment_status":"closed","ping_status":"closed","template":"","meta":{"_acf_changed":false,"footnotes":""},"class_list":["post-1674","page","type-page","status-publish","hentry"],"acf":[],"yoast_head":"<!-- This site is optimized with the Yoast SEO plugin v27.4 - https:\/\/yoast.com\/product\/yoast-seo-wordpress\/ -->\n<title>Online-Schulungen - JATI GmbH<\/title>\n<meta name=\"description\" content=\"Anhand unserer Online-Schulungen m\u00f6chten wir Ihnen gerne unsere Produkte vorstellen und Ihnen Anwendungsempfehlungen geben.\" \/>\n<meta name=\"robots\" content=\"index, follow, max-snippet:-1, max-image-preview:large, max-video-preview:-1\" \/>\n<link rel=\"canonical\" href=\"https:\/\/www.jatiproducts.com\/de\/service\/online-schulungen\/\" \/>\n<meta property=\"og:locale\" content=\"de_DE\" \/>\n<meta property=\"og:type\" content=\"article\" \/>\n<meta property=\"og:title\" content=\"Online-Schulungen - JATI GmbH\" \/>\n<meta property=\"og:description\" content=\"Anhand unserer Online-Schulungen m\u00f6chten wir Ihnen gerne unsere Produkte vorstellen und Ihnen Anwendungsempfehlungen geben.\" \/>\n<meta property=\"og:url\" content=\"https:\/\/www.jatiproducts.com\/de\/service\/online-schulungen\/\" \/>\n<meta property=\"og:site_name\" content=\"JATI GmbH\" \/>\n<meta property=\"article:publisher\" content=\"https:\/\/www.facebook.com\/people\/JATI-diemitdempferd\/61555813963787\/\" \/>\n<meta property=\"article:modified_time\" content=\"2020-11-18T12:56:05+00:00\" \/>\n<meta name=\"twitter:card\" content=\"summary_large_image\" \/>\n<meta name=\"twitter:label1\" content=\"Gesch\u00e4tzte Lesezeit\" \/>\n\t<meta name=\"twitter:data1\" content=\"1\u00a0Minute\" \/>\n<script type=\"application\/ld+json\" class=\"yoast-schema-graph\">{\"@context\":\"https:\\\/\\\/schema.org\",\"@graph\":[{\"@type\":\"WebPage\",\"@id\":\"https:\\\/\\\/www.jatiproducts.com\\\/de\\\/service\\\/online-schulungen\\\/\",\"url\":\"https:\\\/\\\/www.jatiproducts.com\\\/de\\\/service\\\/online-schulungen\\\/\",\"name\":\"Online-Schulungen - JATI GmbH\",\"isPartOf\":{\"@id\":\"https:\\\/\\\/www.jatiproducts.com\\\/de\\\/#website\"},\"datePublished\":\"2020-01-10T14:30:30+00:00\",\"dateModified\":\"2020-11-18T12:56:05+00:00\",\"description\":\"Anhand unserer Online-Schulungen m\u00f6chten wir Ihnen gerne unsere Produkte vorstellen und Ihnen Anwendungsempfehlungen geben.\",\"breadcrumb\":{\"@id\":\"https:\\\/\\\/www.jatiproducts.com\\\/de\\\/service\\\/online-schulungen\\\/#breadcrumb\"},\"inLanguage\":\"de\",\"potentialAction\":[{\"@type\":\"ReadAction\",\"target\":[\"https:\\\/\\\/www.jatiproducts.com\\\/de\\\/service\\\/online-schulungen\\\/\"]}]},{\"@type\":\"BreadcrumbList\",\"@id\":\"https:\\\/\\\/www.jatiproducts.com\\\/de\\\/service\\\/online-schulungen\\\/#breadcrumb\",\"itemListElement\":[{\"@type\":\"ListItem\",\"position\":1,\"name\":\"Startseite\",\"item\":\"https:\\\/\\\/www.jatiproducts.com\\\/de\\\/\"},{\"@type\":\"ListItem\",\"position\":2,\"name\":\"Service\",\"item\":\"https:\\\/\\\/www.jatiproducts.com\\\/de\\\/service\\\/\"},{\"@type\":\"ListItem\",\"position\":3,\"name\":\"Online-Schulungen\"}]},{\"@type\":\"WebSite\",\"@id\":\"https:\\\/\\\/www.jatiproducts.com\\\/de\\\/#website\",\"url\":\"https:\\\/\\\/www.jatiproducts.com\\\/de\\\/\",\"name\":\"JATI GmbH\",\"description\":\"JATI GmbH\",\"publisher\":{\"@id\":\"https:\\\/\\\/www.jatiproducts.com\\\/de\\\/#organization\"},\"potentialAction\":[{\"@type\":\"SearchAction\",\"target\":{\"@type\":\"EntryPoint\",\"urlTemplate\":\"https:\\\/\\\/www.jatiproducts.com\\\/de\\\/?s={search_term_string}\"},\"query-input\":{\"@type\":\"PropertyValueSpecification\",\"valueRequired\":true,\"valueName\":\"search_term_string\"}}],\"inLanguage\":\"de\"},{\"@type\":\"Organization\",\"@id\":\"https:\\\/\\\/www.jatiproducts.com\\\/de\\\/#organization\",\"name\":\"JATI GmbH\",\"url\":\"https:\\\/\\\/www.jatiproducts.com\\\/de\\\/\",\"logo\":{\"@type\":\"ImageObject\",\"inLanguage\":\"de\",\"@id\":\"https:\\\/\\\/www.jatiproducts.com\\\/de\\\/#\\\/schema\\\/logo\\\/image\\\/\",\"url\":\"https:\\\/\\\/www.jatiproducts.com\\\/wp-content\\\/uploads\\\/site-logo.png\",\"contentUrl\":\"https:\\\/\\\/www.jatiproducts.com\\\/wp-content\\\/uploads\\\/site-logo.png\",\"width\":696,\"height\":696,\"caption\":\"JATI GmbH\"},\"image\":{\"@id\":\"https:\\\/\\\/www.jatiproducts.com\\\/de\\\/#\\\/schema\\\/logo\\\/image\\\/\"},\"sameAs\":[\"https:\\\/\\\/www.facebook.com\\\/people\\\/JATI-diemitdempferd\\\/61555813963787\\\/\",\"https:\\\/\\\/www.instagram.com\\\/jati_diemitdemschaum\\\/\",\"https:\\\/\\\/www.youtube.com\\\/user\\\/JatiProducts\",\"https:\\\/\\\/www.linkedin.com\\\/company\\\/jati-gmbh\\\/\"]}]}<\/script>\n<!-- \/ Yoast SEO plugin. -->","yoast_head_json":{"title":"Online-Schulungen - JATI GmbH","description":"Anhand unserer Online-Schulungen m\u00f6chten wir Ihnen gerne unsere Produkte vorstellen und Ihnen Anwendungsempfehlungen geben.","robots":{"index":"index","follow":"follow","max-snippet":"max-snippet:-1","max-image-preview":"max-image-preview:large","max-video-preview":"max-video-preview:-1"},"canonical":"https:\/\/www.jatiproducts.com\/de\/service\/online-schulungen\/","og_locale":"de_DE","og_type":"article","og_title":"Online-Schulungen - JATI GmbH","og_description":"Anhand unserer Online-Schulungen m\u00f6chten wir Ihnen gerne unsere Produkte vorstellen und Ihnen Anwendungsempfehlungen geben.","og_url":"https:\/\/www.jatiproducts.com\/de\/service\/online-schulungen\/","og_site_name":"JATI GmbH","article_publisher":"https:\/\/www.facebook.com\/people\/JATI-diemitdempferd\/61555813963787\/","article_modified_time":"2020-11-18T12:56:05+00:00","twitter_card":"summary_large_image","twitter_misc":{"Gesch\u00e4tzte Lesezeit":"1\u00a0Minute"},"schema":{"@context":"https:\/\/schema.org","@graph":[{"@type":"WebPage","@id":"https:\/\/www.jatiproducts.com\/de\/service\/online-schulungen\/","url":"https:\/\/www.jatiproducts.com\/de\/service\/online-schulungen\/","name":"Online-Schulungen - JATI GmbH","isPartOf":{"@id":"https:\/\/www.jatiproducts.com\/de\/#website"},"datePublished":"2020-01-10T14:30:30+00:00","dateModified":"2020-11-18T12:56:05+00:00","description":"Anhand unserer Online-Schulungen m\u00f6chten wir Ihnen gerne unsere Produkte vorstellen und Ihnen Anwendungsempfehlungen geben.","breadcrumb":{"@id":"https:\/\/www.jatiproducts.com\/de\/service\/online-schulungen\/#breadcrumb"},"inLanguage":"de","potentialAction":[{"@type":"ReadAction","target":["https:\/\/www.jatiproducts.com\/de\/service\/online-schulungen\/"]}]},{"@type":"BreadcrumbList","@id":"https:\/\/www.jatiproducts.com\/de\/service\/online-schulungen\/#breadcrumb","itemListElement":[{"@type":"ListItem","position":1,"name":"Startseite","item":"https:\/\/www.jatiproducts.com\/de\/"},{"@type":"ListItem","position":2,"name":"Service","item":"https:\/\/www.jatiproducts.com\/de\/service\/"},{"@type":"ListItem","position":3,"name":"Online-Schulungen"}]},{"@type":"WebSite","@id":"https:\/\/www.jatiproducts.com\/de\/#website","url":"https:\/\/www.jatiproducts.com\/de\/","name":"JATI GmbH","description":"JATI GmbH","publisher":{"@id":"https:\/\/www.jatiproducts.com\/de\/#organization"},"potentialAction":[{"@type":"SearchAction","target":{"@type":"EntryPoint","urlTemplate":"https:\/\/www.jatiproducts.com\/de\/?s={search_term_string}"},"query-input":{"@type":"PropertyValueSpecification","valueRequired":true,"valueName":"search_term_string"}}],"inLanguage":"de"},{"@type":"Organization","@id":"https:\/\/www.jatiproducts.com\/de\/#organization","name":"JATI GmbH","url":"https:\/\/www.jatiproducts.com\/de\/","logo":{"@type":"ImageObject","inLanguage":"de","@id":"https:\/\/www.jatiproducts.com\/de\/#\/schema\/logo\/image\/","url":"https:\/\/www.jatiproducts.com\/wp-content\/uploads\/site-logo.png","contentUrl":"https:\/\/www.jatiproducts.com\/wp-content\/uploads\/site-logo.png","width":696,"height":696,"caption":"JATI GmbH"},"image":{"@id":"https:\/\/www.jatiproducts.com\/de\/#\/schema\/logo\/image\/"},"sameAs":["https:\/\/www.facebook.com\/people\/JATI-diemitdempferd\/61555813963787\/","https:\/\/www.instagram.com\/jati_diemitdemschaum\/","https:\/\/www.youtube.com\/user\/JatiProducts","https:\/\/www.linkedin.com\/company\/jati-gmbh\/"]}]}},"_links":{"self":[{"href":"https:\/\/www.jatiproducts.com\/de\/wp-json\/wp\/v2\/pages\/1674","targetHints":{"allow":["GET"]}}],"collection":[{"href":"https:\/\/www.jatiproducts.com\/de\/wp-json\/wp\/v2\/pages"}],"about":[{"href":"https:\/\/www.jatiproducts.com\/de\/wp-json\/wp\/v2\/types\/page"}],"author":[{"embeddable":true,"href":"https:\/\/www.jatiproducts.com\/de\/wp-json\/wp\/v2\/users\/1"}],"replies":[{"embeddable":true,"href":"https:\/\/www.jatiproducts.com\/de\/wp-json\/wp\/v2\/comments?post=1674"}],"version-history":[{"count":0,"href":"https:\/\/www.jatiproducts.com\/de\/wp-json\/wp\/v2\/pages\/1674\/revisions"}],"up":[{"embeddable":true,"href":"https:\/\/www.jatiproducts.com\/de\/wp-json\/wp\/v2\/pages\/14"}],"wp:attachment":[{"href":"https:\/\/www.jatiproducts.com\/de\/wp-json\/wp\/v2\/media?parent=1674"}],"curies":[{"name":"wp","href":"https:\/\/api.w.org\/{rel}","templated":true}]}}