{"id":37,"date":"2019-07-22T12:39:40","date_gmt":"2019-07-22T10:39:40","guid":{"rendered":"https:\/\/p684588.webspaceconfig.de\/jati-wp\/jatiproducts.com\/?page_id=37"},"modified":"2024-06-20T15:18:26","modified_gmt":"2024-06-20T13:18:26","slug":"zubehoer","status":"publish","type":"page","link":"https:\/\/www.jatiproducts.com\/de\/schimmelsanierung\/zubehoer\/","title":{"rendered":"Zubeh\u00f6r"},"content":{"rendered":"<div class=\"wpb-content-wrapper\"><p>[vc_section][vc_row][vc_column][vc_row_inner][vc_column_inner][vc_column_text css=&#8220;&#8220;]<\/p>\n<h1>Das JATI Zubeh\u00f6rprogramm f\u00fcr die Schimmelsanierung<\/h1>\n<p>[\/vc_column_text][\/vc_column_inner][\/vc_row_inner][vc_row_inner][vc_column_inner width=&#8220;1\/3&#8243;][vc_column_text css=&#8220;&#8220;]Wir sind sehr von unseren Reinigern und Desinfektionsl\u00f6sungen f\u00fcr die Schimmelsanierung \u00fcberzeugt. Vor allem, weil die Akzeptanz in der Sanierungsbranche so hoch und die Resonanz der Fachbetriebe so positiv ist. Wir wissen aber auch: unsere Reiniger und Desinfektionsmittel sind nur so gut, wie sie auch angewendet werden k\u00f6nnen.[\/vc_column_text][\/vc_column_inner][vc_column_inner width=&#8220;1\/3&#8243;][vc_column_text css=&#8220;&#8220;]Und das sollte m\u00f6glichst einfach und effizient sein. Konsequenterweise haben wir auch unser Zubeh\u00f6rprogramm f\u00fcr die Schimmelsanierung bis ins kleinste Detail durchdacht. Selbst wenn es zum Beispiel \u201enur\u201c um einen Schwamm geht, mit dem man abget\u00f6teten Schimmelpilz entfernen kann.[\/vc_column_text][\/vc_column_inner][vc_column_inner width=&#8220;1\/3&#8243;][vc_column_text css=&#8220;&#8220;]Denn aus Erfahrung wissen wir: Oft sind es die vermeintlich kleinen Dinge, bei denen man im praktischen Einsatz H\u00f6rner bekommt, wenn sie nicht funktionieren. Daher folgt unser Zubeh\u00f6r f\u00fcr die Schimmelsanierung nur einem Anspruch: Ohne Zauberei, aber mit viel Sinn und Verstand.[\/vc_column_text][\/vc_column_inner][\/vc_row_inner][\/vc_column][\/vc_row][vc_row css=&#8220;.vc_custom_1716792628911{padding-bottom: 70px !important;}&#8220;][vc_column][cat_grid_show category_id=&#8220;131&#8243;][cat_grid_show category_id=&#8220;132&#8243;][cat_grid_show category_id=&#8220;133&#8243;][cat_grid_show category_id=&#8220;134&#8243;][cat_grid_show category_id=&#8220;135&#8243;][cat_grid_show category_id=&#8220;136&#8243;][\/vc_column][\/vc_row][\/vc_section]<\/p>\n<\/div>","protected":false},"excerpt":{"rendered":"<p>[vc_section][vc_row][vc_column][vc_row_inner][vc_column_inner][vc_column_text css=&#8220;&#8220;] Das JATI Zubeh\u00f6rprogramm f\u00fcr die Schimmelsanierung [\/vc_column_text][\/vc_column_inner][\/vc_row_inner][vc_row_inner][vc_column_inner width=&#8220;1\/3&#8243;][vc_column_text css=&#8220;&#8220;]Wir sind sehr von unseren Reinigern und Desinfektionsl\u00f6sungen f\u00fcr die Schimmelsanierung \u00fcberzeugt. Vor allem, weil die Akzeptanz in der Sanierungsbranche so hoch und die Resonanz der Fachbetriebe so positiv ist. Wir wissen aber auch: unsere Reiniger und Desinfektionsmittel sind nur so gut, wie sie auch [&#8230;]<\/p>\n<p><a class=\"btn btn-secondary understrap-read-more-link\" href=\"https:\/\/www.jatiproducts.com\/de\/schimmelsanierung\/zubehoer\/\">Weiterlesen&#8230;<\/a><\/p>\n","protected":false},"author":1,"featured_media":0,"parent":3817,"menu_order":27,"comment_status":"closed","ping_status":"closed","template":"","meta":{"_acf_changed":false,"footnotes":""},"class_list":["post-37","page","type-page","status-publish","hentry"],"acf":[],"yoast_head":"<!-- This site is optimized with the Yoast SEO plugin v27.2 - https:\/\/yoast.com\/product\/yoast-seo-wordpress\/ -->\n<title>Zubeh\u00f6r zur Entfernung von Schimmelbefall - JATI GmbH<\/title>\n<meta name=\"description\" content=\"Hochwertiges Zubeh\u00f6r f\u00fcr die Schimmelsanierung, entwickelt f\u00fcr einfache und effiziente Anwendung. Von Reinigern bis zu Desinfektionsl\u00f6sungen.\" \/>\n<meta name=\"robots\" content=\"index, follow, max-snippet:-1, max-image-preview:large, max-video-preview:-1\" \/>\n<link rel=\"canonical\" href=\"https:\/\/www.jatiproducts.com\/de\/schimmelsanierung\/zubehoer\/\" \/>\n<meta property=\"og:locale\" content=\"de_DE\" \/>\n<meta property=\"og:type\" content=\"article\" \/>\n<meta property=\"og:title\" content=\"Zubeh\u00f6r zur Entfernung von Schimmelbefall - JATI GmbH\" \/>\n<meta property=\"og:description\" content=\"Hochwertiges Zubeh\u00f6r f\u00fcr die Schimmelsanierung, entwickelt f\u00fcr einfache und effiziente Anwendung. Von Reinigern bis zu Desinfektionsl\u00f6sungen.\" \/>\n<meta property=\"og:url\" content=\"https:\/\/www.jatiproducts.com\/de\/schimmelsanierung\/zubehoer\/\" \/>\n<meta property=\"og:site_name\" content=\"JATI GmbH\" \/>\n<meta property=\"article:publisher\" content=\"https:\/\/www.facebook.com\/people\/JATI-diemitdempferd\/61555813963787\/\" \/>\n<meta property=\"article:modified_time\" content=\"2024-06-20T13:18:26+00:00\" \/>\n<meta name=\"twitter:card\" content=\"summary_large_image\" \/>\n<meta name=\"twitter:label1\" content=\"Gesch\u00e4tzte Lesezeit\" \/>\n\t<meta name=\"twitter:data1\" content=\"1\u00a0Minute\" \/>\n<script type=\"application\/ld+json\" class=\"yoast-schema-graph\">{\"@context\":\"https:\/\/schema.org\",\"@graph\":[{\"@type\":\"WebPage\",\"@id\":\"https:\/\/www.jatiproducts.com\/de\/schimmelsanierung\/zubehoer\/\",\"url\":\"https:\/\/www.jatiproducts.com\/de\/schimmelsanierung\/zubehoer\/\",\"name\":\"Zubeh\u00f6r zur Entfernung von Schimmelbefall - JATI GmbH\",\"isPartOf\":{\"@id\":\"https:\/\/www.jatiproducts.com\/de\/#website\"},\"datePublished\":\"2019-07-22T10:39:40+00:00\",\"dateModified\":\"2024-06-20T13:18:26+00:00\",\"description\":\"Hochwertiges Zubeh\u00f6r f\u00fcr die Schimmelsanierung, entwickelt f\u00fcr einfache und effiziente Anwendung. Von Reinigern bis zu Desinfektionsl\u00f6sungen.\",\"breadcrumb\":{\"@id\":\"https:\/\/www.jatiproducts.com\/de\/schimmelsanierung\/zubehoer\/#breadcrumb\"},\"inLanguage\":\"de\",\"potentialAction\":[{\"@type\":\"ReadAction\",\"target\":[\"https:\/\/www.jatiproducts.com\/de\/schimmelsanierung\/zubehoer\/\"]}]},{\"@type\":\"BreadcrumbList\",\"@id\":\"https:\/\/www.jatiproducts.com\/de\/schimmelsanierung\/zubehoer\/#breadcrumb\",\"itemListElement\":[{\"@type\":\"ListItem\",\"position\":1,\"name\":\"Startseite\",\"item\":\"https:\/\/www.jatiproducts.com\/de\/\"},{\"@type\":\"ListItem\",\"position\":2,\"name\":\"Schimmelsanierung\",\"item\":\"https:\/\/www.jatiproducts.com\/de\/schimmelsanierung\/\"},{\"@type\":\"ListItem\",\"position\":3,\"name\":\"Zubeh\u00f6r\"}]},{\"@type\":\"WebSite\",\"@id\":\"https:\/\/www.jatiproducts.com\/de\/#website\",\"url\":\"https:\/\/www.jatiproducts.com\/de\/\",\"name\":\"JATI GmbH\",\"description\":\"JATI GmbH\",\"publisher\":{\"@id\":\"https:\/\/www.jatiproducts.com\/de\/#organization\"},\"potentialAction\":[{\"@type\":\"SearchAction\",\"target\":{\"@type\":\"EntryPoint\",\"urlTemplate\":\"https:\/\/www.jatiproducts.com\/de\/?s={search_term_string}\"},\"query-input\":{\"@type\":\"PropertyValueSpecification\",\"valueRequired\":true,\"valueName\":\"search_term_string\"}}],\"inLanguage\":\"de\"},{\"@type\":\"Organization\",\"@id\":\"https:\/\/www.jatiproducts.com\/de\/#organization\",\"name\":\"JATI GmbH\",\"url\":\"https:\/\/www.jatiproducts.com\/de\/\",\"logo\":{\"@type\":\"ImageObject\",\"inLanguage\":\"de\",\"@id\":\"https:\/\/www.jatiproducts.com\/de\/#\/schema\/logo\/image\/\",\"url\":\"https:\/\/www.jatiproducts.com\/wp-content\/uploads\/site-logo.png\",\"contentUrl\":\"https:\/\/www.jatiproducts.com\/wp-content\/uploads\/site-logo.png\",\"width\":696,\"height\":696,\"caption\":\"JATI GmbH\"},\"image\":{\"@id\":\"https:\/\/www.jatiproducts.com\/de\/#\/schema\/logo\/image\/\"},\"sameAs\":[\"https:\/\/www.facebook.com\/people\/JATI-diemitdempferd\/61555813963787\/\",\"https:\/\/www.instagram.com\/jati_diemitdemschaum\/\",\"https:\/\/www.youtube.com\/user\/JatiProducts\",\"https:\/\/www.linkedin.com\/company\/jati-gmbh\/\"]}]}<\/script>\n<!-- \/ Yoast SEO plugin. -->","yoast_head_json":{"title":"Zubeh\u00f6r zur Entfernung von Schimmelbefall - JATI GmbH","description":"Hochwertiges Zubeh\u00f6r f\u00fcr die Schimmelsanierung, entwickelt f\u00fcr einfache und effiziente Anwendung. Von Reinigern bis zu Desinfektionsl\u00f6sungen.","robots":{"index":"index","follow":"follow","max-snippet":"max-snippet:-1","max-image-preview":"max-image-preview:large","max-video-preview":"max-video-preview:-1"},"canonical":"https:\/\/www.jatiproducts.com\/de\/schimmelsanierung\/zubehoer\/","og_locale":"de_DE","og_type":"article","og_title":"Zubeh\u00f6r zur Entfernung von Schimmelbefall - JATI GmbH","og_description":"Hochwertiges Zubeh\u00f6r f\u00fcr die Schimmelsanierung, entwickelt f\u00fcr einfache und effiziente Anwendung. Von Reinigern bis zu Desinfektionsl\u00f6sungen.","og_url":"https:\/\/www.jatiproducts.com\/de\/schimmelsanierung\/zubehoer\/","og_site_name":"JATI GmbH","article_publisher":"https:\/\/www.facebook.com\/people\/JATI-diemitdempferd\/61555813963787\/","article_modified_time":"2024-06-20T13:18:26+00:00","twitter_card":"summary_large_image","twitter_misc":{"Gesch\u00e4tzte Lesezeit":"1\u00a0Minute"},"schema":{"@context":"https:\/\/schema.org","@graph":[{"@type":"WebPage","@id":"https:\/\/www.jatiproducts.com\/de\/schimmelsanierung\/zubehoer\/","url":"https:\/\/www.jatiproducts.com\/de\/schimmelsanierung\/zubehoer\/","name":"Zubeh\u00f6r zur Entfernung von Schimmelbefall - JATI GmbH","isPartOf":{"@id":"https:\/\/www.jatiproducts.com\/de\/#website"},"datePublished":"2019-07-22T10:39:40+00:00","dateModified":"2024-06-20T13:18:26+00:00","description":"Hochwertiges Zubeh\u00f6r f\u00fcr die Schimmelsanierung, entwickelt f\u00fcr einfache und effiziente Anwendung. Von Reinigern bis zu Desinfektionsl\u00f6sungen.","breadcrumb":{"@id":"https:\/\/www.jatiproducts.com\/de\/schimmelsanierung\/zubehoer\/#breadcrumb"},"inLanguage":"de","potentialAction":[{"@type":"ReadAction","target":["https:\/\/www.jatiproducts.com\/de\/schimmelsanierung\/zubehoer\/"]}]},{"@type":"BreadcrumbList","@id":"https:\/\/www.jatiproducts.com\/de\/schimmelsanierung\/zubehoer\/#breadcrumb","itemListElement":[{"@type":"ListItem","position":1,"name":"Startseite","item":"https:\/\/www.jatiproducts.com\/de\/"},{"@type":"ListItem","position":2,"name":"Schimmelsanierung","item":"https:\/\/www.jatiproducts.com\/de\/schimmelsanierung\/"},{"@type":"ListItem","position":3,"name":"Zubeh\u00f6r"}]},{"@type":"WebSite","@id":"https:\/\/www.jatiproducts.com\/de\/#website","url":"https:\/\/www.jatiproducts.com\/de\/","name":"JATI GmbH","description":"JATI GmbH","publisher":{"@id":"https:\/\/www.jatiproducts.com\/de\/#organization"},"potentialAction":[{"@type":"SearchAction","target":{"@type":"EntryPoint","urlTemplate":"https:\/\/www.jatiproducts.com\/de\/?s={search_term_string}"},"query-input":{"@type":"PropertyValueSpecification","valueRequired":true,"valueName":"search_term_string"}}],"inLanguage":"de"},{"@type":"Organization","@id":"https:\/\/www.jatiproducts.com\/de\/#organization","name":"JATI GmbH","url":"https:\/\/www.jatiproducts.com\/de\/","logo":{"@type":"ImageObject","inLanguage":"de","@id":"https:\/\/www.jatiproducts.com\/de\/#\/schema\/logo\/image\/","url":"https:\/\/www.jatiproducts.com\/wp-content\/uploads\/site-logo.png","contentUrl":"https:\/\/www.jatiproducts.com\/wp-content\/uploads\/site-logo.png","width":696,"height":696,"caption":"JATI GmbH"},"image":{"@id":"https:\/\/www.jatiproducts.com\/de\/#\/schema\/logo\/image\/"},"sameAs":["https:\/\/www.facebook.com\/people\/JATI-diemitdempferd\/61555813963787\/","https:\/\/www.instagram.com\/jati_diemitdemschaum\/","https:\/\/www.youtube.com\/user\/JatiProducts","https:\/\/www.linkedin.com\/company\/jati-gmbh\/"]}]}},"_links":{"self":[{"href":"https:\/\/www.jatiproducts.com\/de\/wp-json\/wp\/v2\/pages\/37","targetHints":{"allow":["GET"]}}],"collection":[{"href":"https:\/\/www.jatiproducts.com\/de\/wp-json\/wp\/v2\/pages"}],"about":[{"href":"https:\/\/www.jatiproducts.com\/de\/wp-json\/wp\/v2\/types\/page"}],"author":[{"embeddable":true,"href":"https:\/\/www.jatiproducts.com\/de\/wp-json\/wp\/v2\/users\/1"}],"replies":[{"embeddable":true,"href":"https:\/\/www.jatiproducts.com\/de\/wp-json\/wp\/v2\/comments?post=37"}],"version-history":[{"count":0,"href":"https:\/\/www.jatiproducts.com\/de\/wp-json\/wp\/v2\/pages\/37\/revisions"}],"up":[{"embeddable":true,"href":"https:\/\/www.jatiproducts.com\/de\/wp-json\/wp\/v2\/pages\/3817"}],"wp:attachment":[{"href":"https:\/\/www.jatiproducts.com\/de\/wp-json\/wp\/v2\/media?parent=37"}],"curies":[{"name":"wp","href":"https:\/\/api.w.org\/{rel}","templated":true}]}}