{"id":4566,"date":"2023-06-06T15:59:34","date_gmt":"2023-06-06T13:59:34","guid":{"rendered":"https:\/\/p684588.webspaceconfig.de\/jati-wp\/jatiproducts.com\/?page_id=4566"},"modified":"2025-04-28T13:23:46","modified_gmt":"2025-04-28T11:23:46","slug":"online-seminare","status":"publish","type":"page","link":"https:\/\/www.jatiproducts.com\/de\/online-seminare\/","title":{"rendered":"Online-Seminare"},"content":{"rendered":"<div class=\"wpb-content-wrapper\"><p>[vc_row][vc_column][vc_column_text css=&#8220;&#8220;]<\/p>\n<h1>Online-Seminare bei JATI<\/h1>\n<p>Wir bieten unsere Online-Schulungen mit einer begleitenden telefonischen Erl\u00e4uterung an. So bekommen Sie im pers\u00f6nlichen Gespr\u00e4ch aus erster Hand alle relevanten Informationen und Anwendungstipps zu genau den Produkten, die Sie interessieren. Sollten sich bei dieser Gelegenheit Ihrerseits Fragen ergeben, k\u00f6nnen wir Ihnen diese unmittelbar beantworten.<\/p>\n<p><strong>Vereinbaren Sie am besten gleich Ihren pers\u00f6nlichen Schulungstermin. Kontaktieren Sie uns dazu einfach per <a href=\"mailto:info@jati-group.com?subject=Kontaktanfrage%20Schulung\">E-Mail<\/a> oder rufen Sie uns an: Tel. +49 2984\/93 4 93-0.<\/strong> Die Online-Seminare sind kostenfrei. Alles was Sie investieren m\u00fcssen ist ein \u00fcberschaubares Ma\u00df an Zeit. Je nach Schulung und Diskussionsbedarf planen Sie bitte zwischen 15 Minuten und 1,5 Stunden ein.<\/p>\n<p>Noch ein Tipp: Um sich einen ersten Eindruck zu verschaffen, k\u00f6nnen Sie sich die Schulung \u201eFeinreinigung\u201d ohne begleitende telefonische Erl\u00e4uterung direkt anschauen. Zugangsdaten sind nicht notwendig.[\/vc_column_text][vc_separator][\/vc_column][\/vc_row][vc_row][vc_column][vc_column_text]<\/p>\n<h3>Mit diesen Online-Seminaren haben Sie schnell den Dreh raus:<\/h3>\n<p>[\/vc_column_text][vc_row_inner css=&#8220;.vc_custom_1686560420495{margin-bottom: 20px !important;}&#8220;][vc_column_inner width=&#8220;1\/3&#8243;][vc_hoverbox shape=&#8220;75&#8243; image=&#8220;4681&#8243; primary_title=&#8220;Produktpalette Schimmelpilz\/Bakterien (Innenr\u00e4ume)&#8220; hover_title=&#8220;&#8220; hover_align=&#8220;left&#8220; hover_background_color=&#8220;custom&#8220; hover_custom_background=&#8220;#009ade&#8220;]Verschaffen Sie sich einen \u00dcberblick und erfahren Sie alles Wichtige zu unserer Produktpalette bei Schimmelbefall und Bakterien in Innenr\u00e4umen. Von praktischen Tipps zur Anwendung bis hin zur Feinreinigung.[\/vc_hoverbox][\/vc_column_inner][vc_column_inner width=&#8220;1\/3&#8243;][vc_hoverbox shape=&#8220;75&#8243; image=&#8220;4683&#8243; primary_title=&#8220;Schimmelentferner JATI SPE&#8220; hover_title=&#8220;&#8220; hover_align=&#8220;left&#8220; hover_background_color=&#8220;custom&#8220; hover_custom_background=&#8220;#009ade&#8220;]Das letzte St\u00fcndlein f\u00fcr Schimmelpilze, Schimmelsporen und Bakterien in Innenr\u00e4umen: Erfahren Sie in diesem Online-Seminar alles Wissenswerte zum Einsatz des Schimmelentferners JATI SPE.[\/vc_hoverbox][\/vc_column_inner][vc_column_inner width=&#8220;1\/3&#8243;][vc_hoverbox shape=&#8220;75&#8243; image=&#8220;4658&#8243; primary_title=&#8220;Sporenvernichter JATI SV&#8220; hover_title=&#8220;&#8220; hover_align=&#8220;left&#8220; hover_background_color=&#8220;custom&#8220; hover_custom_background=&#8220;#009ade&#8220;]Lernen Sie bei diesem Online-Seminar die perfekte Anwendung von JATI SV bei kontaminierter Raumluft und wie der Sporenvernichter ideal in Ihr Sanierungskonzept eingebunden wird.[\/vc_hoverbox][\/vc_column_inner][\/vc_row_inner][vc_row_inner css=&#8220;.vc_custom_1686560430170{margin-bottom: 20px !important;}&#8220;][vc_column_inner width=&#8220;1\/3&#8243;][vc_hoverbox shape=&#8220;75&#8243; image=&#8220;4687&#8243; primary_title=&#8220;Estrichd\u00e4mmsp\u00fclsystem JATI EDD&#8220; hover_title=&#8220;&#8220; hover_align=&#8220;left&#8220; hover_background_color=&#8220;custom&#8220; hover_custom_background=&#8220;#009ade&#8220;]Entdecken Sie, wie Sie Keime unterm Estrich mit dem Estrichd\u00e4mmsp\u00fclsystem JATI EDD auf den Boden der Tatsachen holen. Und wie das in den meisten F\u00e4llen sogar ohne R\u00fcckbau gelingt. Mit echten Praxisbeispielen.[\/vc_hoverbox][\/vc_column_inner][vc_column_inner width=&#8220;1\/3&#8243;][vc_hoverbox shape=&#8220;75&#8243; image=&#8220;4685&#8243; primary_title=&#8220;Hohlraumschaumsystem JATI 2KDS&#8220; hover_title=&#8220;&#8220; hover_align=&#8220;left&#8220; hover_background_color=&#8220;custom&#8220; hover_custom_background=&#8220;#009ade&#8220;]Erfahren Sie Schritt f\u00fcr Schritt, wie Sie das Hohlraumschaumsystem JATI 2KDS optimal anwenden. Es wurde speziell f\u00fcr kontaminierte Estrichd\u00e4mmschichten und Hohlr\u00e4ume entwickelt, bei denen JATI EDD nicht eingesetzt werden kann (z. B. Geschossdecken).[\/vc_hoverbox][\/vc_column_inner][vc_column_inner width=&#8220;1\/3&#8243;][vc_hoverbox shape=&#8220;75&#8243; image=&#8220;4849&#8243; primary_title=&#8220;Maskierungsmittel JATI Protect&#8220; hover_title=&#8220;&#8220; hover_align=&#8220;left&#8220; hover_background_color=&#8220;custom&#8220; hover_custom_background=&#8220;#009ade&#8220;]JATI Protect dient zur Fixierung\/Maskierung von abget\u00f6teten Schimmelpilzbestandteilen, Schimmelsporen und Partikeln, die nicht r\u00fcckstandslos mechanisch entfernt werden k\u00f6nnen. Entdecken Sie in diesem Online-Seminar die unterschiedlichen Anwendungsm\u00f6glichkeiten.[\/vc_hoverbox][\/vc_column_inner][\/vc_row_inner][vc_row_inner css=&#8220;.vc_custom_1686560438675{margin-bottom: 20px !important;}&#8220;][vc_column_inner width=&#8220;1\/3&#8243;][vc_hoverbox shape=&#8220;75&#8243; image=&#8220;4661&#8243; primary_title=&#8220;Starkregen \/ \u00dcberflutung \/ Hochwasser&#8220; hover_title=&#8220;&#8220; hover_align=&#8220;left&#8220; hover_background_color=&#8220;custom&#8220; hover_custom_background=&#8220;#009ade&#8220;]Auf die Gefahren durch \u00dcberflutungen nach Starkregen oder Hochwasser bringen viele Gefahren und Herausforderungen mit sich. Erfahren Sie in dieser Schulung welche M\u00f6glichkeiten der Schadensbehebung es gibt und welche empfehlenswert sind.[\/vc_hoverbox][\/vc_column_inner][vc_column_inner width=&#8220;1\/3&#8243;][vc_hoverbox shape=&#8220;75&#8243; image=&#8220;1178&#8243; primary_title=&#8220;Dachstuhl-Sanierung nach Schimmelbefall&#8220; hover_title=&#8220;&#8220; hover_align=&#8220;left&#8220; hover_background_color=&#8220;custom&#8220; hover_custom_background=&#8220;#009ade&#8220;]Erfahren Sie in diesem Online-Seminar anhand echter Praxisbeispiele, wie Sie einen Dachstuhl nach Schimmelbefall erfolgreich sanieren k\u00f6nnen. Lernen Sie dabei, welche Produkte von JATI Sie dabei bestm\u00f6glich unterst\u00fctzen k\u00f6nnen.[\/vc_hoverbox][\/vc_column_inner][vc_column_inner width=&#8220;1\/3&#8243;][vc_hoverbox shape=&#8220;75&#8243; image=&#8220;4690&#8243; primary_title=&#8220;Feinreinigung&#8220; hover_title=&#8220;&#8220; hover_align=&#8220;left&#8220; hover_background_color=&#8220;custom&#8220; hover_btn_title=&#8220;Schulung ansehen&#8220; hover_add_button=&#8220;true&#8220; hover_custom_background=&#8220;#009ade&#8220; hover_btn_link=&#8220;url:https%3A%2F%2Fwww.jatiproducts.com%2Fwp-content%2Fuploads%2FFeinreinigung_20.12.2019-1.pdf|target:_blank&#8220;]Bitte beachten Sie, dass es ohne eine abschlie\u00dfende Feinreinigung keinen Sanierungserfolg geben kann. Anhand von Praxisbeispielen und konkreten Tipps m\u00f6chten wir Ihnen die Dringlichkeit der Feinreinigung verdeutlichen.[\/vc_hoverbox][\/vc_column_inner][\/vc_row_inner][vc_row_inner css=&#8220;.vc_custom_1686560438675{margin-bottom: 20px !important;}&#8220;][vc_column_inner width=&#8220;1\/3&#8243;][vc_hoverbox shape=&#8220;75&#8243; image=&#8220;7126&#8243; primary_title=&#8220;Rechtskonformer Biozid-Einsatz (EU) Nr. 528\/2012&#8243; hover_title=&#8220;&#8220; hover_align=&#8220;left&#8220; hover_background_color=&#8220;custom&#8220; hover_custom_background=&#8220;#009ade&#8220;]Wir kl\u00e4ren alle Fragen rund ums Thema Biozide: Vom Einsatzbereich bis zu den sehr wichtigen rechtlichen Aspekten. Profitieren Sie von JATI als Branchen-Vorreiter rund ums Thema Biozide. Wir kennen alle Abl\u00e4ufe und machen Ihren Biozid-Einsatz rechtskonform.[\/vc_hoverbox][\/vc_column_inner][vc_column_inner width=&#8220;1\/3&#8243;][\/vc_column_inner][vc_column_inner width=&#8220;1\/3&#8243;][\/vc_column_inner][\/vc_row_inner][\/vc_column][\/vc_row]<\/p>\n<\/div>","protected":false},"excerpt":{"rendered":"<p>[vc_row][vc_column][vc_column_text css=&#8220;&#8220;] Online-Seminare bei JATI Wir bieten unsere Online-Schulungen mit einer begleitenden telefonischen Erl\u00e4uterung an. So bekommen Sie im pers\u00f6nlichen Gespr\u00e4ch aus erster Hand alle relevanten Informationen und Anwendungstipps zu genau den Produkten, die Sie interessieren. Sollten sich bei dieser Gelegenheit Ihrerseits Fragen ergeben, k\u00f6nnen wir Ihnen diese unmittelbar beantworten. Vereinbaren Sie am besten gleich [&#8230;]<\/p>\n<p><a class=\"btn btn-secondary understrap-read-more-link\" href=\"https:\/\/www.jatiproducts.com\/de\/online-seminare\/\">Weiterlesen&#8230;<\/a><\/p>\n","protected":false},"author":6,"featured_media":0,"parent":0,"menu_order":16,"comment_status":"closed","ping_status":"closed","template":"","meta":{"_acf_changed":false,"footnotes":""},"class_list":["post-4566","page","type-page","status-publish","hentry"],"acf":[],"yoast_head":"<!-- This site is optimized with the Yoast SEO plugin v27.2 - https:\/\/yoast.com\/product\/yoast-seo-wordpress\/ -->\n<title>Online-Schulungen der JATI GmbH<\/title>\n<meta name=\"description\" content=\"Die kostenlosen JATI Online-Seminare bieten Ihnen relevante Informationen und Anwendungstipps zu JATI Produkten.\" \/>\n<meta name=\"robots\" content=\"index, follow, max-snippet:-1, max-image-preview:large, max-video-preview:-1\" \/>\n<link rel=\"canonical\" href=\"https:\/\/www.jatiproducts.com\/de\/online-seminare\/\" \/>\n<meta property=\"og:locale\" content=\"de_DE\" \/>\n<meta property=\"og:type\" content=\"article\" \/>\n<meta property=\"og:title\" content=\"Online-Schulungen der JATI GmbH\" \/>\n<meta property=\"og:description\" content=\"Die kostenlosen JATI Online-Seminare bieten Ihnen relevante Informationen und Anwendungstipps zu JATI Produkten.\" \/>\n<meta property=\"og:url\" content=\"https:\/\/www.jatiproducts.com\/de\/online-seminare\/\" \/>\n<meta property=\"og:site_name\" content=\"JATI GmbH\" \/>\n<meta property=\"article:publisher\" content=\"https:\/\/www.facebook.com\/people\/JATI-diemitdempferd\/61555813963787\/\" \/>\n<meta property=\"article:modified_time\" content=\"2025-04-28T11:23:46+00:00\" \/>\n<meta name=\"twitter:card\" content=\"summary_large_image\" \/>\n<meta name=\"twitter:label1\" content=\"Gesch\u00e4tzte Lesezeit\" \/>\n\t<meta name=\"twitter:data1\" content=\"6\u00a0Minuten\" \/>\n<script type=\"application\/ld+json\" class=\"yoast-schema-graph\">{\"@context\":\"https:\/\/schema.org\",\"@graph\":[{\"@type\":\"WebPage\",\"@id\":\"https:\/\/www.jatiproducts.com\/de\/online-seminare\/\",\"url\":\"https:\/\/www.jatiproducts.com\/de\/online-seminare\/\",\"name\":\"Online-Schulungen der JATI GmbH\",\"isPartOf\":{\"@id\":\"https:\/\/www.jatiproducts.com\/de\/#website\"},\"datePublished\":\"2023-06-06T13:59:34+00:00\",\"dateModified\":\"2025-04-28T11:23:46+00:00\",\"description\":\"Die kostenlosen JATI Online-Seminare bieten Ihnen relevante Informationen und Anwendungstipps zu JATI Produkten.\",\"breadcrumb\":{\"@id\":\"https:\/\/www.jatiproducts.com\/de\/online-seminare\/#breadcrumb\"},\"inLanguage\":\"de\",\"potentialAction\":[{\"@type\":\"ReadAction\",\"target\":[\"https:\/\/www.jatiproducts.com\/de\/online-seminare\/\"]}]},{\"@type\":\"BreadcrumbList\",\"@id\":\"https:\/\/www.jatiproducts.com\/de\/online-seminare\/#breadcrumb\",\"itemListElement\":[{\"@type\":\"ListItem\",\"position\":1,\"name\":\"Startseite\",\"item\":\"https:\/\/www.jatiproducts.com\/de\/\"},{\"@type\":\"ListItem\",\"position\":2,\"name\":\"Online-Seminare\"}]},{\"@type\":\"WebSite\",\"@id\":\"https:\/\/www.jatiproducts.com\/de\/#website\",\"url\":\"https:\/\/www.jatiproducts.com\/de\/\",\"name\":\"JATI GmbH\",\"description\":\"JATI GmbH\",\"publisher\":{\"@id\":\"https:\/\/www.jatiproducts.com\/de\/#organization\"},\"potentialAction\":[{\"@type\":\"SearchAction\",\"target\":{\"@type\":\"EntryPoint\",\"urlTemplate\":\"https:\/\/www.jatiproducts.com\/de\/?s={search_term_string}\"},\"query-input\":{\"@type\":\"PropertyValueSpecification\",\"valueRequired\":true,\"valueName\":\"search_term_string\"}}],\"inLanguage\":\"de\"},{\"@type\":\"Organization\",\"@id\":\"https:\/\/www.jatiproducts.com\/de\/#organization\",\"name\":\"JATI GmbH\",\"url\":\"https:\/\/www.jatiproducts.com\/de\/\",\"logo\":{\"@type\":\"ImageObject\",\"inLanguage\":\"de\",\"@id\":\"https:\/\/www.jatiproducts.com\/de\/#\/schema\/logo\/image\/\",\"url\":\"https:\/\/www.jatiproducts.com\/wp-content\/uploads\/site-logo.png\",\"contentUrl\":\"https:\/\/www.jatiproducts.com\/wp-content\/uploads\/site-logo.png\",\"width\":696,\"height\":696,\"caption\":\"JATI GmbH\"},\"image\":{\"@id\":\"https:\/\/www.jatiproducts.com\/de\/#\/schema\/logo\/image\/\"},\"sameAs\":[\"https:\/\/www.facebook.com\/people\/JATI-diemitdempferd\/61555813963787\/\",\"https:\/\/www.instagram.com\/jati_diemitdemschaum\/\",\"https:\/\/www.youtube.com\/user\/JatiProducts\",\"https:\/\/www.linkedin.com\/company\/jati-gmbh\/\"]}]}<\/script>\n<!-- \/ Yoast SEO plugin. -->","yoast_head_json":{"title":"Online-Schulungen der JATI GmbH","description":"Die kostenlosen JATI Online-Seminare bieten Ihnen relevante Informationen und Anwendungstipps zu JATI Produkten.","robots":{"index":"index","follow":"follow","max-snippet":"max-snippet:-1","max-image-preview":"max-image-preview:large","max-video-preview":"max-video-preview:-1"},"canonical":"https:\/\/www.jatiproducts.com\/de\/online-seminare\/","og_locale":"de_DE","og_type":"article","og_title":"Online-Schulungen der JATI GmbH","og_description":"Die kostenlosen JATI Online-Seminare bieten Ihnen relevante Informationen und Anwendungstipps zu JATI Produkten.","og_url":"https:\/\/www.jatiproducts.com\/de\/online-seminare\/","og_site_name":"JATI GmbH","article_publisher":"https:\/\/www.facebook.com\/people\/JATI-diemitdempferd\/61555813963787\/","article_modified_time":"2025-04-28T11:23:46+00:00","twitter_card":"summary_large_image","twitter_misc":{"Gesch\u00e4tzte Lesezeit":"6\u00a0Minuten"},"schema":{"@context":"https:\/\/schema.org","@graph":[{"@type":"WebPage","@id":"https:\/\/www.jatiproducts.com\/de\/online-seminare\/","url":"https:\/\/www.jatiproducts.com\/de\/online-seminare\/","name":"Online-Schulungen der JATI GmbH","isPartOf":{"@id":"https:\/\/www.jatiproducts.com\/de\/#website"},"datePublished":"2023-06-06T13:59:34+00:00","dateModified":"2025-04-28T11:23:46+00:00","description":"Die kostenlosen JATI Online-Seminare bieten Ihnen relevante Informationen und Anwendungstipps zu JATI Produkten.","breadcrumb":{"@id":"https:\/\/www.jatiproducts.com\/de\/online-seminare\/#breadcrumb"},"inLanguage":"de","potentialAction":[{"@type":"ReadAction","target":["https:\/\/www.jatiproducts.com\/de\/online-seminare\/"]}]},{"@type":"BreadcrumbList","@id":"https:\/\/www.jatiproducts.com\/de\/online-seminare\/#breadcrumb","itemListElement":[{"@type":"ListItem","position":1,"name":"Startseite","item":"https:\/\/www.jatiproducts.com\/de\/"},{"@type":"ListItem","position":2,"name":"Online-Seminare"}]},{"@type":"WebSite","@id":"https:\/\/www.jatiproducts.com\/de\/#website","url":"https:\/\/www.jatiproducts.com\/de\/","name":"JATI GmbH","description":"JATI GmbH","publisher":{"@id":"https:\/\/www.jatiproducts.com\/de\/#organization"},"potentialAction":[{"@type":"SearchAction","target":{"@type":"EntryPoint","urlTemplate":"https:\/\/www.jatiproducts.com\/de\/?s={search_term_string}"},"query-input":{"@type":"PropertyValueSpecification","valueRequired":true,"valueName":"search_term_string"}}],"inLanguage":"de"},{"@type":"Organization","@id":"https:\/\/www.jatiproducts.com\/de\/#organization","name":"JATI GmbH","url":"https:\/\/www.jatiproducts.com\/de\/","logo":{"@type":"ImageObject","inLanguage":"de","@id":"https:\/\/www.jatiproducts.com\/de\/#\/schema\/logo\/image\/","url":"https:\/\/www.jatiproducts.com\/wp-content\/uploads\/site-logo.png","contentUrl":"https:\/\/www.jatiproducts.com\/wp-content\/uploads\/site-logo.png","width":696,"height":696,"caption":"JATI GmbH"},"image":{"@id":"https:\/\/www.jatiproducts.com\/de\/#\/schema\/logo\/image\/"},"sameAs":["https:\/\/www.facebook.com\/people\/JATI-diemitdempferd\/61555813963787\/","https:\/\/www.instagram.com\/jati_diemitdemschaum\/","https:\/\/www.youtube.com\/user\/JatiProducts","https:\/\/www.linkedin.com\/company\/jati-gmbh\/"]}]}},"_links":{"self":[{"href":"https:\/\/www.jatiproducts.com\/de\/wp-json\/wp\/v2\/pages\/4566","targetHints":{"allow":["GET"]}}],"collection":[{"href":"https:\/\/www.jatiproducts.com\/de\/wp-json\/wp\/v2\/pages"}],"about":[{"href":"https:\/\/www.jatiproducts.com\/de\/wp-json\/wp\/v2\/types\/page"}],"author":[{"embeddable":true,"href":"https:\/\/www.jatiproducts.com\/de\/wp-json\/wp\/v2\/users\/6"}],"replies":[{"embeddable":true,"href":"https:\/\/www.jatiproducts.com\/de\/wp-json\/wp\/v2\/comments?post=4566"}],"version-history":[{"count":2,"href":"https:\/\/www.jatiproducts.com\/de\/wp-json\/wp\/v2\/pages\/4566\/revisions"}],"predecessor-version":[{"id":7128,"href":"https:\/\/www.jatiproducts.com\/de\/wp-json\/wp\/v2\/pages\/4566\/revisions\/7128"}],"wp:attachment":[{"href":"https:\/\/www.jatiproducts.com\/de\/wp-json\/wp\/v2\/media?parent=4566"}],"curies":[{"name":"wp","href":"https:\/\/api.w.org\/{rel}","templated":true}]}}