{"id":4575,"date":"2023-06-07T08:45:28","date_gmt":"2023-06-07T06:45:28","guid":{"rendered":"https:\/\/p684588.webspaceconfig.de\/jati-wp\/jatiproducts.com\/?page_id=4575"},"modified":"2025-01-28T11:43:26","modified_gmt":"2025-01-28T10:43:26","slug":"zertifizierungen","status":"publish","type":"page","link":"https:\/\/www.jatiproducts.com\/de\/zertifizierungen\/","title":{"rendered":"Zertifizierungen"},"content":{"rendered":"<div class=\"wpb-content-wrapper\"><p>[vc_row][vc_column width=&#8220;1\/2&#8243;][vc_column_text]Das JATI-G\u00fctesiegel ist weitaus mehr als einfach nur noch ein weiteres Zertifikat. Als Wissensnachweis nachhaltiger Arbeitsverfahren in Ihrem Sanierungsbetrieb erweitert es ganz konkret Ihre M\u00f6glichkeiten bei der Vergabe von Auftr\u00e4gen. Dar\u00fcber hinaus werden Sie als zertifizierter Sanierungsbetrieb von uns in das Empfehlungsnetzwerk von JATI aufgenommen.[\/vc_column_text][\/vc_column][vc_column width=&#8220;1\/2&#8243;][vc_column_text]Sobald Sie den Zertifizierungsprozess erfolgreich durchlaufen haben \u2013 was einen Zeitraum von 12 bis maximal 18 Monaten bedeutet \u2013 k\u00f6nnen Sie das JATI-G\u00fctesiegel (ausgehend vom Datum der Vergabe) drei Jahre nutzen. Zum Beispiel als Qualit\u00e4tsnachweis gegen\u00fcber Versicherungen oder f\u00fcr Ihre Werbema\u00dfnahmen. Nach Ablauf der drei Jahre kann das JATI-G\u00fctesiegel erneut beantragt werden.[\/vc_column_text][\/vc_column][\/vc_row][vc_row][vc_column][vc_separator css=&#8220;.vc_custom_1686124300443{margin-top: 50px !important;}&#8220;][\/vc_column][\/vc_row][vc_row content_placement=&#8220;top&#8220;][vc_column width=&#8220;3\/4&#8243;][vc_column_text]<\/p>\n<h2>Werden Sie zertifizierter JATI-Partner<br \/>\nmit dem JATI-G\u00fctesiegel<\/h2>\n<p>[\/vc_column_text][vc_column_text]Ihre Vorteile auf einen Blick:<\/p>\n<ul>\n<li>Listung in unserem JATI-Partnerverzeichnis<\/li>\n<li>Weiterleitung von regionalen Kundenanfragen<\/li>\n<li>Projektbezogene Empfehlungsschreiben<\/li>\n<li>Qualitativer Wissensnachweis in Umgang mit einer Schimmelsanierung<\/li>\n<\/ul>\n<p>[\/vc_column_text][vc_column_text]<\/p>\n<h2>Ihr Weg zum JATI-G\u00fctesiegel<\/h2>\n<p>[\/vc_column_text][vc_column_text]<\/p>\n<p style=\"font-weight: 400;\">An Ihrem Betriebsstandort sind Personen geschult im Umgang mit JATI-Verfahren und JATI-Produkten zur Schimmelsanierung:<\/p>\n<ul>\n<li>Bis zu einer Anzahl von 100 Mitarbeiter*innen: 1 Person<\/li>\n<li>Ab einer Anzahl von 100 Mitarbeiter*innen: 2 Personen<\/li>\n<\/ul>\n<p>Nachgewiesen werden muss:<\/p>\n<ul>\n<li>Die Teilnahme an einer Pr\u00e4senz JATI-Schulung zum Thema \u201eSchimmelsanierung\u201c inkl. Thema \u201eBiozid\u201c<\/li>\n<li>Die praktische Durchf\u00fchrung mit JATI-Estrichd\u00e4mmsp\u00fclsystemen und\/oder JATI-Hohlraumschaumsystemen: Mindestens 2x w\u00e4hrend der Zertifizierungs-Phase. Der Nachweis erfolgt \u00fcber das Einreichen eines Projekt-\/Schadenberichts incl. Ma\u00dfnahmenplanung (aufgrund der Schulungsinhalte) sowie einer Erfolgskontrolle durch Vorher-Nachher-Probenahme<em>.<\/em><\/li>\n<\/ul>\n<p style=\"font-weight: 400;\">Um den gesamten Zertifizierungsprozess erfolgreich zu durchlaufen und JATI-Partner zu werden, sollten Ihre Mitarbeiter*innen einen Zeitraum von 12 bis maximal 18 Monaten einplanen. Alles, was es f\u00fcr einen erfolgreichen Start braucht, ist Ihr Anruf (<a href=\"tel:+492984934930\">+49 (0) 2984 \/ 93 4 93-0<\/a>) oder Ihre E-Mail an uns (<a href=\"mailto:info@jati-group.com\">info@jati-group.com<\/a>).<\/p>\n<p style=\"font-weight: 400;\">Bitte beachten Sie, dass die Zertifizierungen personenbezogen sind. Sollten zertifizierte Mitarbeiter*innen den Betrieb verlassen, so verf\u00e4llt die G\u00fcltigkeit des JATI-G\u00fctesiegels, da das qualitative Wissen betriebsintern nicht mehr vollst\u00e4ndig nachweisbar ist. Genauso ist andersherum ein Transfer m\u00f6glich, sollte Ihr Team um eine Person erweitert werden, die JATI-zertifiziert ist. Dies dient dem Kundenschutz und dem Qualit\u00e4tsnachweis der JATI-Partnerlistung. Eine JATI-Zertifizierung ist nach Ausstellung des Zertifikats 3 Jahre g\u00fcltig.<\/p>\n<p>[\/vc_column_text][\/vc_column][vc_column width=&#8220;1\/4&#8243;][vc_column_text css=&#8220;.vc_custom_1688639062223{margin-top: 50px !important;}&#8220;]<img decoding=\"async\" class=\"alignnone size-full wp-image-4587\" src=\"https:\/\/www.jatiproducts.com\/wp-content\/uploads\/Jati_Guetesiegel-1.png\" alt=\"\" width=\"297\" height=\"297\" srcset=\"https:\/\/www.jatiproducts.com\/wp-content\/uploads\/Jati_Guetesiegel-1.png 297w, https:\/\/www.jatiproducts.com\/wp-content\/uploads\/Jati_Guetesiegel-1-100x100.png 100w, https:\/\/www.jatiproducts.com\/wp-content\/uploads\/Jati_Guetesiegel-1-150x150.png 150w\" sizes=\"(max-width: 297px) 100vw, 297px\" \/><\/p>\n<p>Eine runde Sache f\u00fcr Ihren Betrieb:<br \/>\nDas JATI-G\u00fctesiegel[\/vc_column_text][\/vc_column][\/vc_row]<\/p>\n<\/div>","protected":false},"excerpt":{"rendered":"<p>[vc_row][vc_column width=&#8220;1\/2&#8243;][vc_column_text]Das JATI-G\u00fctesiegel ist weitaus mehr als einfach nur noch ein weiteres Zertifikat. Als Wissensnachweis nachhaltiger Arbeitsverfahren in Ihrem Sanierungsbetrieb erweitert es ganz konkret Ihre M\u00f6glichkeiten bei der Vergabe von Auftr\u00e4gen. Dar\u00fcber hinaus werden Sie als zertifizierter Sanierungsbetrieb von uns in das Empfehlungsnetzwerk von JATI aufgenommen.[\/vc_column_text][\/vc_column][vc_column width=&#8220;1\/2&#8243;][vc_column_text]Sobald Sie den Zertifizierungsprozess erfolgreich durchlaufen haben \u2013 was [&#8230;]<\/p>\n<p><a class=\"btn btn-secondary understrap-read-more-link\" href=\"https:\/\/www.jatiproducts.com\/de\/zertifizierungen\/\">Weiterlesen&#8230;<\/a><\/p>\n","protected":false},"author":6,"featured_media":0,"parent":0,"menu_order":15,"comment_status":"closed","ping_status":"closed","template":"","meta":{"_acf_changed":false,"footnotes":""},"class_list":["post-4575","page","type-page","status-publish","hentry"],"acf":[],"yoast_head":"<!-- This site is optimized with the Yoast SEO plugin v27.4 - https:\/\/yoast.com\/product\/yoast-seo-wordpress\/ -->\n<title>JATI Zertifizierungen - JATI GmbH<\/title>\n<meta name=\"description\" content=\"Werden Sie zertifizierter JATI-Partner und nutzen Sie das JATI-G\u00fctesiegel f\u00fcr sich. Hier erfahren Sie alles zu den Voraussetzungen.\" \/>\n<meta name=\"robots\" content=\"index, follow, max-snippet:-1, max-image-preview:large, max-video-preview:-1\" \/>\n<link rel=\"canonical\" href=\"https:\/\/www.jatiproducts.com\/de\/zertifizierungen\/\" \/>\n<meta property=\"og:locale\" content=\"de_DE\" \/>\n<meta property=\"og:type\" content=\"article\" \/>\n<meta property=\"og:title\" content=\"JATI Zertifizierungen - JATI GmbH\" \/>\n<meta property=\"og:description\" content=\"Werden Sie zertifizierter JATI-Partner und nutzen Sie das JATI-G\u00fctesiegel f\u00fcr sich. Hier erfahren Sie alles zu den Voraussetzungen.\" \/>\n<meta property=\"og:url\" content=\"https:\/\/www.jatiproducts.com\/de\/zertifizierungen\/\" \/>\n<meta property=\"og:site_name\" content=\"JATI GmbH\" \/>\n<meta property=\"article:publisher\" content=\"https:\/\/www.facebook.com\/people\/JATI-diemitdempferd\/61555813963787\/\" \/>\n<meta property=\"article:modified_time\" content=\"2025-01-28T10:43:26+00:00\" \/>\n<meta property=\"og:image\" content=\"https:\/\/www.jatiproducts.com\/wp-content\/uploads\/Jati_Guetesiegel-1.png\" \/>\n\t<meta property=\"og:image:width\" content=\"297\" \/>\n\t<meta property=\"og:image:height\" content=\"297\" \/>\n\t<meta property=\"og:image:type\" content=\"image\/png\" \/>\n<meta name=\"twitter:card\" content=\"summary_large_image\" \/>\n<meta name=\"twitter:label1\" content=\"Gesch\u00e4tzte Lesezeit\" \/>\n\t<meta name=\"twitter:data1\" content=\"3\u00a0Minuten\" \/>\n<script type=\"application\/ld+json\" class=\"yoast-schema-graph\">{\"@context\":\"https:\\\/\\\/schema.org\",\"@graph\":[{\"@type\":\"WebPage\",\"@id\":\"https:\\\/\\\/www.jatiproducts.com\\\/de\\\/zertifizierungen\\\/\",\"url\":\"https:\\\/\\\/www.jatiproducts.com\\\/de\\\/zertifizierungen\\\/\",\"name\":\"JATI Zertifizierungen - JATI GmbH\",\"isPartOf\":{\"@id\":\"https:\\\/\\\/www.jatiproducts.com\\\/de\\\/#website\"},\"primaryImageOfPage\":{\"@id\":\"https:\\\/\\\/www.jatiproducts.com\\\/de\\\/zertifizierungen\\\/#primaryimage\"},\"image\":{\"@id\":\"https:\\\/\\\/www.jatiproducts.com\\\/de\\\/zertifizierungen\\\/#primaryimage\"},\"thumbnailUrl\":\"https:\\\/\\\/www.jatiproducts.com\\\/wp-content\\\/uploads\\\/Jati_Guetesiegel-1.png\",\"datePublished\":\"2023-06-07T06:45:28+00:00\",\"dateModified\":\"2025-01-28T10:43:26+00:00\",\"description\":\"Werden Sie zertifizierter JATI-Partner und nutzen Sie das JATI-G\u00fctesiegel f\u00fcr sich. Hier erfahren Sie alles zu den Voraussetzungen.\",\"breadcrumb\":{\"@id\":\"https:\\\/\\\/www.jatiproducts.com\\\/de\\\/zertifizierungen\\\/#breadcrumb\"},\"inLanguage\":\"de\",\"potentialAction\":[{\"@type\":\"ReadAction\",\"target\":[\"https:\\\/\\\/www.jatiproducts.com\\\/de\\\/zertifizierungen\\\/\"]}]},{\"@type\":\"ImageObject\",\"inLanguage\":\"de\",\"@id\":\"https:\\\/\\\/www.jatiproducts.com\\\/de\\\/zertifizierungen\\\/#primaryimage\",\"url\":\"https:\\\/\\\/www.jatiproducts.com\\\/wp-content\\\/uploads\\\/Jati_Guetesiegel-1.png\",\"contentUrl\":\"https:\\\/\\\/www.jatiproducts.com\\\/wp-content\\\/uploads\\\/Jati_Guetesiegel-1.png\"},{\"@type\":\"BreadcrumbList\",\"@id\":\"https:\\\/\\\/www.jatiproducts.com\\\/de\\\/zertifizierungen\\\/#breadcrumb\",\"itemListElement\":[{\"@type\":\"ListItem\",\"position\":1,\"name\":\"Startseite\",\"item\":\"https:\\\/\\\/www.jatiproducts.com\\\/de\\\/\"},{\"@type\":\"ListItem\",\"position\":2,\"name\":\"Zertifizierungen\"}]},{\"@type\":\"WebSite\",\"@id\":\"https:\\\/\\\/www.jatiproducts.com\\\/de\\\/#website\",\"url\":\"https:\\\/\\\/www.jatiproducts.com\\\/de\\\/\",\"name\":\"JATI GmbH\",\"description\":\"JATI GmbH\",\"publisher\":{\"@id\":\"https:\\\/\\\/www.jatiproducts.com\\\/de\\\/#organization\"},\"potentialAction\":[{\"@type\":\"SearchAction\",\"target\":{\"@type\":\"EntryPoint\",\"urlTemplate\":\"https:\\\/\\\/www.jatiproducts.com\\\/de\\\/?s={search_term_string}\"},\"query-input\":{\"@type\":\"PropertyValueSpecification\",\"valueRequired\":true,\"valueName\":\"search_term_string\"}}],\"inLanguage\":\"de\"},{\"@type\":\"Organization\",\"@id\":\"https:\\\/\\\/www.jatiproducts.com\\\/de\\\/#organization\",\"name\":\"JATI GmbH\",\"url\":\"https:\\\/\\\/www.jatiproducts.com\\\/de\\\/\",\"logo\":{\"@type\":\"ImageObject\",\"inLanguage\":\"de\",\"@id\":\"https:\\\/\\\/www.jatiproducts.com\\\/de\\\/#\\\/schema\\\/logo\\\/image\\\/\",\"url\":\"https:\\\/\\\/www.jatiproducts.com\\\/wp-content\\\/uploads\\\/site-logo.png\",\"contentUrl\":\"https:\\\/\\\/www.jatiproducts.com\\\/wp-content\\\/uploads\\\/site-logo.png\",\"width\":696,\"height\":696,\"caption\":\"JATI GmbH\"},\"image\":{\"@id\":\"https:\\\/\\\/www.jatiproducts.com\\\/de\\\/#\\\/schema\\\/logo\\\/image\\\/\"},\"sameAs\":[\"https:\\\/\\\/www.facebook.com\\\/people\\\/JATI-diemitdempferd\\\/61555813963787\\\/\",\"https:\\\/\\\/www.instagram.com\\\/jati_diemitdemschaum\\\/\",\"https:\\\/\\\/www.youtube.com\\\/user\\\/JatiProducts\",\"https:\\\/\\\/www.linkedin.com\\\/company\\\/jati-gmbh\\\/\"]}]}<\/script>\n<!-- \/ Yoast SEO plugin. -->","yoast_head_json":{"title":"JATI Zertifizierungen - JATI GmbH","description":"Werden Sie zertifizierter JATI-Partner und nutzen Sie das JATI-G\u00fctesiegel f\u00fcr sich. Hier erfahren Sie alles zu den Voraussetzungen.","robots":{"index":"index","follow":"follow","max-snippet":"max-snippet:-1","max-image-preview":"max-image-preview:large","max-video-preview":"max-video-preview:-1"},"canonical":"https:\/\/www.jatiproducts.com\/de\/zertifizierungen\/","og_locale":"de_DE","og_type":"article","og_title":"JATI Zertifizierungen - JATI GmbH","og_description":"Werden Sie zertifizierter JATI-Partner und nutzen Sie das JATI-G\u00fctesiegel f\u00fcr sich. Hier erfahren Sie alles zu den Voraussetzungen.","og_url":"https:\/\/www.jatiproducts.com\/de\/zertifizierungen\/","og_site_name":"JATI GmbH","article_publisher":"https:\/\/www.facebook.com\/people\/JATI-diemitdempferd\/61555813963787\/","article_modified_time":"2025-01-28T10:43:26+00:00","og_image":[{"width":297,"height":297,"url":"https:\/\/www.jatiproducts.com\/wp-content\/uploads\/Jati_Guetesiegel-1.png","type":"image\/png"}],"twitter_card":"summary_large_image","twitter_misc":{"Gesch\u00e4tzte Lesezeit":"3\u00a0Minuten"},"schema":{"@context":"https:\/\/schema.org","@graph":[{"@type":"WebPage","@id":"https:\/\/www.jatiproducts.com\/de\/zertifizierungen\/","url":"https:\/\/www.jatiproducts.com\/de\/zertifizierungen\/","name":"JATI Zertifizierungen - JATI GmbH","isPartOf":{"@id":"https:\/\/www.jatiproducts.com\/de\/#website"},"primaryImageOfPage":{"@id":"https:\/\/www.jatiproducts.com\/de\/zertifizierungen\/#primaryimage"},"image":{"@id":"https:\/\/www.jatiproducts.com\/de\/zertifizierungen\/#primaryimage"},"thumbnailUrl":"https:\/\/www.jatiproducts.com\/wp-content\/uploads\/Jati_Guetesiegel-1.png","datePublished":"2023-06-07T06:45:28+00:00","dateModified":"2025-01-28T10:43:26+00:00","description":"Werden Sie zertifizierter JATI-Partner und nutzen Sie das JATI-G\u00fctesiegel f\u00fcr sich. Hier erfahren Sie alles zu den Voraussetzungen.","breadcrumb":{"@id":"https:\/\/www.jatiproducts.com\/de\/zertifizierungen\/#breadcrumb"},"inLanguage":"de","potentialAction":[{"@type":"ReadAction","target":["https:\/\/www.jatiproducts.com\/de\/zertifizierungen\/"]}]},{"@type":"ImageObject","inLanguage":"de","@id":"https:\/\/www.jatiproducts.com\/de\/zertifizierungen\/#primaryimage","url":"https:\/\/www.jatiproducts.com\/wp-content\/uploads\/Jati_Guetesiegel-1.png","contentUrl":"https:\/\/www.jatiproducts.com\/wp-content\/uploads\/Jati_Guetesiegel-1.png"},{"@type":"BreadcrumbList","@id":"https:\/\/www.jatiproducts.com\/de\/zertifizierungen\/#breadcrumb","itemListElement":[{"@type":"ListItem","position":1,"name":"Startseite","item":"https:\/\/www.jatiproducts.com\/de\/"},{"@type":"ListItem","position":2,"name":"Zertifizierungen"}]},{"@type":"WebSite","@id":"https:\/\/www.jatiproducts.com\/de\/#website","url":"https:\/\/www.jatiproducts.com\/de\/","name":"JATI GmbH","description":"JATI GmbH","publisher":{"@id":"https:\/\/www.jatiproducts.com\/de\/#organization"},"potentialAction":[{"@type":"SearchAction","target":{"@type":"EntryPoint","urlTemplate":"https:\/\/www.jatiproducts.com\/de\/?s={search_term_string}"},"query-input":{"@type":"PropertyValueSpecification","valueRequired":true,"valueName":"search_term_string"}}],"inLanguage":"de"},{"@type":"Organization","@id":"https:\/\/www.jatiproducts.com\/de\/#organization","name":"JATI GmbH","url":"https:\/\/www.jatiproducts.com\/de\/","logo":{"@type":"ImageObject","inLanguage":"de","@id":"https:\/\/www.jatiproducts.com\/de\/#\/schema\/logo\/image\/","url":"https:\/\/www.jatiproducts.com\/wp-content\/uploads\/site-logo.png","contentUrl":"https:\/\/www.jatiproducts.com\/wp-content\/uploads\/site-logo.png","width":696,"height":696,"caption":"JATI GmbH"},"image":{"@id":"https:\/\/www.jatiproducts.com\/de\/#\/schema\/logo\/image\/"},"sameAs":["https:\/\/www.facebook.com\/people\/JATI-diemitdempferd\/61555813963787\/","https:\/\/www.instagram.com\/jati_diemitdemschaum\/","https:\/\/www.youtube.com\/user\/JatiProducts","https:\/\/www.linkedin.com\/company\/jati-gmbh\/"]}]}},"_links":{"self":[{"href":"https:\/\/www.jatiproducts.com\/de\/wp-json\/wp\/v2\/pages\/4575","targetHints":{"allow":["GET"]}}],"collection":[{"href":"https:\/\/www.jatiproducts.com\/de\/wp-json\/wp\/v2\/pages"}],"about":[{"href":"https:\/\/www.jatiproducts.com\/de\/wp-json\/wp\/v2\/types\/page"}],"author":[{"embeddable":true,"href":"https:\/\/www.jatiproducts.com\/de\/wp-json\/wp\/v2\/users\/6"}],"replies":[{"embeddable":true,"href":"https:\/\/www.jatiproducts.com\/de\/wp-json\/wp\/v2\/comments?post=4575"}],"version-history":[{"count":0,"href":"https:\/\/www.jatiproducts.com\/de\/wp-json\/wp\/v2\/pages\/4575\/revisions"}],"wp:attachment":[{"href":"https:\/\/www.jatiproducts.com\/de\/wp-json\/wp\/v2\/media?parent=4575"}],"curies":[{"name":"wp","href":"https:\/\/api.w.org\/{rel}","templated":true}]}}