{"id":5370,"date":"2024-04-29T17:39:28","date_gmt":"2024-04-29T15:39:28","guid":{"rendered":"https:\/\/p684588.webspaceconfig.de\/jati-wp\/jatiproducts.com\/?page_id=5370"},"modified":"2024-04-29T19:34:17","modified_gmt":"2024-04-29T17:34:17","slug":"login","status":"publish","type":"page","link":"https:\/\/www.jatiproducts.com\/de\/login\/","title":{"rendered":"Login"},"content":{"rendered":"<div class=\"wpb-content-wrapper\"><p>[vc_row][vc_column width=&#8220;1\/2&#8243;][vc_column_text css=&#8220;&#8220; el_class=&#8220;gray-container&#8220;]<\/p>\n<h2>Login<\/h2>\n<p>Sie sind bereits Kunde und haben Zugangsdaten? Dann melden Sie sich hier an.<\/p>\n<div class=\"custom-login-form user-form\"><form name=\"loginform\" id=\"loginform\" action=\"https:\/\/www.jatiproducts.com\/wp-login.php\" method=\"post\"><p class=\"form-field field_user_login\"><label for=\"user_login\">Benutzername oder E-Mail-Adresse<\/label><input type=\"text\" name=\"log\" id=\"user_login\" class=\"input\" value=\"\" size=\"20\"><\/p><p class=\"form-field field_password\"><label for=\"user_pass\">Passwort<\/label><input type=\"password\" name=\"pwd\" id=\"user_pass\" class=\"input\" value=\"\" size=\"20\"><\/p><p class=\"form-field-checkbox field_rememberme\"><input name=\"rememberme\" type=\"checkbox\" id=\"rememberme\" value=\"forever\"><label for=\"rememberme\">Angemeldet bleiben<\/label><\/p><p class=\"form-submit\"><input type=\"submit\" name=\"wp-submit\" id=\"wp-submit\" class=\"button button-primary\" value=\"Anmelden\"><input type=\"hidden\" name=\"redirect_to\" value=\"https:\/\/www.jatiproducts.com\/de\/\"><\/p><\/form><p><a href=\"https:\/\/www.jatiproducts.com\/de\/\/login\/passwort-vergessen\">Passwort vergessen?<\/a><\/p><\/div>\n<p>[\/vc_column_text][\/vc_column][vc_column width=&#8220;1\/2&#8243;][vc_column_text css=&#8220;&#8220; el_class=&#8220;gray-container&#8220;]<\/p>\n<h2>Registrierung als Neukunde<\/h2>\n<p>Bitte geben Sie Ihre Firmendaten vollst\u00e4ndig ein. Wir werden diese in K\u00fcrze pr\u00fcfen. Sobald wir Ihren Account freigeschaltet haben, erhalten Sie eine E-Mail. Bei Fragen stehen wir Ihnen gerne telefonisch (<a href=\"tel:+49 (0) 2984 \/ 93 4 93-0\">+49 (0) 2984 \/ 93 4 93-0<\/a>) oder per E-Mail (<a href=\"mailto:info@jati-group.com\">info@jati-group.com<\/a>) zur Verf\u00fcgung.<\/p>\n<div class=\"custom-register-form user-form\">\t\t<form action=\"\" method=\"post\">\r\n\t\t\t<!-- Firma -->\r\n\t\t\t<div class=\"form-field\">\r\n\t\t\t\t<div class=\"field\">\r\n\t\t\t\t\t<label for=\"billing_company\">Firma: <span class=\"req-symbol\">*<\/span><\/label>\r\n\t\t\t\t\t<input type=\"text\" name=\"billing_company\" value=\"\" required>\r\n\t\t\t\t<\/div>\r\n\t\t\t<\/div>\r\n\t\t\r\n\t\t\t<!-- Firmengr\u00fcndung + Umsatzsteuer-ID -->\r\n\t\t\t<div class=\"form-field multifields\">\r\n\t\t\t\t<div class=\"field\">\r\n\t\t\t\t\t<label for=\"company_foundation\">Firmengr\u00fcndung: <span class=\"req-symbol\">*<\/span><\/label>\r\n\t\t\t\t\t<input type=\"text\" name=\"company_foundation\" value=\"\" required>\r\n\t\t\t\t<\/div>\r\n\t\t\t\t<div class=\"field\">\r\n\t\t\t\t\t<label for=\"vat_id\">Umsatzsteuer-ID:<\/label>\r\n\t\t\t\t\t<input type=\"text\" name=\"vat_id\" value=\"\">\r\n\t\t\t\t<\/div>\r\n\t\t\t<\/div>\r\n\t\t\r\n\t\t\t<!-- Art der Firma -->\r\n\t\t\t<div class=\"form-field\">\r\n\t\t\t\t<div class=\"field\">\r\n\t\t\t\t\t<label for=\"company_type\">Art der Firma: <span class=\"req-symbol\">*<\/span><\/label>\r\n\t\t\t\t\t<select name=\"company_type\">\r\n\t\t\t\t\t\t<option value=\"Sachverst\u00e4ndiger\/Planer\" >Sachverst\u00e4ndiger\/Planer<\/option><option value=\"Sanierer\" >Sanierer<\/option><option value=\"Baubiologe\" >Baubiologe<\/option><option value=\"H\u00e4ndler\" >H\u00e4ndler<\/option><option value=\"\u00f6ffentliche Institution\" >\u00f6ffentliche Institution<\/option>\t\t\t\t\t<\/select>\r\n\t\t\t\t<\/div>\r\n\t\t\t<\/div>\r\n\r\n            <!-- Firmenwebsite -->\r\n            <div class=\"form-field\">\r\n                <div class=\"field\">\r\n                    <label for=\"user_url\">Firmenwebsite:<\/label>\r\n                    <input type=\"text\" name=\"user_url\" value=\"\" maxlength=\"100\">\r\n                <\/div>\r\n            <\/div>\r\n\t\t\r\n\t\t\t<!-- Angaben zur Branche -->\r\n\t\t\t<div class=\"form-field\">\r\n\t\t\t\t<div class=\"field\">\r\n\t\t\t\t\t<label for=\"industry\">Angaben zur Branche: <span class=\"req-symbol\">*<\/span><\/label>\r\n\t\t\t\t\t<input type=\"text\" name=\"industry\" value=\"\" required>\r\n\t\t\t\t<\/div>\r\n\t\t\t<\/div>\r\n\t\t\r\n\t\t\t<!-- Vorname und Nachname des Ansprechpartners -->\r\n\t\t\t<div class=\"form-field multifields\">\r\n\t\t\t\t<div class=\"field\">\r\n\t\t\t\t\t<label for=\"first_name\">Vorname Ansprechpartner: <span class=\"req-symbol\">*<\/span><\/label>\r\n\t\t\t\t\t<input type=\"text\" name=\"first_name\" value=\"\" required>\r\n\t\t\t\t<\/div>\r\n\t\t\t\t<div class=\"field\">\r\n\t\t\t\t\t<label for=\"last_name\">Nachname Ansprechpartner: <span class=\"req-symbol\">*<\/span><\/label>\r\n\t\t\t\t\t<input type=\"text\" name=\"last_name\" value=\"\" required>\r\n\t\t\t\t<\/div>\r\n\t\t\t<\/div>\r\n\t\t\r\n\t\t\t<!-- Position Ansprechpartner -->\r\n\t\t\t<div class=\"form-field\">\r\n\t\t\t\t<div class=\"field\">\r\n\t\t\t\t\t<label for=\"position\">Position Ansprechpartner:<\/label>\r\n\t\t\t\t\t<input type=\"text\" name=\"position\" value=\"\">\r\n\t\t\t\t<\/div>\r\n\t\t\t<\/div>\r\n\t\t\r\n\t\t\t<!-- Telefon + Mobil -->\r\n\t\t\t<div class=\"form-field multifields\">\r\n\t\t\t\t<div class=\"field\">\r\n\t\t\t\t\t<label for=\"phone\">Telefon: <span class=\"req-symbol\">*<\/span><\/label>\r\n\t\t\t\t\t<input type=\"text\" name=\"phone\" value=\"\" required>\r\n\t\t\t\t<\/div>\r\n\t\t\t\t<div class=\"field\">\r\n\t\t\t\t\t<label for=\"mobile\">Mobil:<\/label>\r\n\t\t\t\t\t<input type=\"text\" name=\"mobile\" value=\"\">\r\n\t\t\t\t<\/div>\r\n\t\t\t<\/div>\r\n\t\t\r\n\t\t\t<!-- E-Mail -->\r\n\t\t\t<div class=\"form-field\">\r\n\t\t\t\t<div class=\"field\">\r\n\t\t\t\t\t<label for=\"email\">E-Mail: <span class=\"req-symbol\">*<\/span><\/label>\r\n\t\t\t\t\t<input type=\"email\" name=\"email\" value=\"\" required>\r\n\t\t\t\t<\/div>\r\n\t\t\t<\/div>\r\n\t\t\r\n\t\t\t<!-- Adressfelder -->\r\n\t\t\t<div class=\"form-field multifields\">\r\n\t\t\t\t<div class=\"field\">\r\n\t\t\t\t\t<label for=\"billing_address_1\">Stra\u00dfe und Hausnummer: <span class=\"req-symbol\">*<\/span><\/label>\r\n\t\t\t\t\t<input type=\"text\" name=\"billing_address_1\" value=\"\" required>\r\n\t\t\t\t<\/div>\r\n\t\t\t\t<div class=\"field\">\r\n\t\t\t\t\t<label for=\"billing_address_2\">Adresszusatz:<\/label>\r\n\t\t\t\t\t<input type=\"text\" name=\"billing_address_2\" value=\"\">\r\n\t\t\t\t<\/div>\r\n\t\t\t<\/div>\r\n\t\t\r\n\t\t\t<!-- PLZ und Stadt -->\r\n\t\t\t<div class=\"form-field multifields\">\r\n\t\t\t\t<div class=\"field\">\r\n\t\t\t\t\t<label for=\"billing_postcode\">PLZ: <span class=\"req-symbol\">*<\/span><\/label>\r\n\t\t\t\t\t<input type=\"text\" name=\"billing_postcode\" value=\"\" required>\r\n\t\t\t\t<\/div>\r\n\t\t\t\t<div class=\"field\">\r\n\t\t\t\t\t<label for=\"billing_city\">Stadt: <span class=\"req-symbol\">*<\/span><\/label>\r\n\t\t\t\t\t<input type=\"text\" name=\"billing_city\" value=\"\" required>\r\n\t\t\t\t<\/div>\r\n\t\t\t<\/div>\r\n\t\t\r\n\t\t\t<!-- Land -->\r\n\t\t\t<div class=\"form-field\">\r\n\t\t\t\t<div class=\"field\">\r\n\t\t\t\t\t<label for=\"billing_country\">Land: <span class=\"req-symbol\">*<\/span><\/label>\r\n\t\t\t\t\t<select name=\"billing_country\" required>\r\n\t\t\t\t\t\t<option value=\"DE\" selected>Deutschland<\/option>\t\t\t\t\t<\/select>\r\n\t\t\t\t<\/div>\r\n\t\t\t<\/div>\r\n\t\t\r\n\t\t\t<!-- Benutzername und Passwort -->\r\n\t\t\t<div class=\"form-field multifields\">\r\n\t\t\t\t<div class=\"field\">\r\n\t\t\t\t\t<label for=\"username\">Benutzername: <span class=\"req-symbol\">*<\/span><\/label>\r\n\t\t\t\t\t<input type=\"text\" name=\"username\" value=\"\" required>\r\n\t\t\t\t<\/div>\r\n\t\t\t\t<div class=\"field\">\r\n\t\t\t\t\t<label for=\"password\">Passwort: <span class=\"req-symbol\">*<\/span><\/label>\r\n\t\t\t\t\t<input type=\"password\" name=\"password\" required> <!-- No value for security -->\r\n\t\t\t\t<\/div>\r\n\t\t\t<\/div>\r\n\r\n            <!-- hCaptcha -->\r\n            <div class=\"form-field h-captcha\" data-sitekey=\"383acd64-2028-4d04-8ed6-36dcc08852a6\"><\/div>\r\n\t\t\r\n\t\t\t<!-- Submit Button -->\r\n\t\t\t<div class=\"form-submit\">\r\n\t\t\t\t<input type=\"submit\" class=\"custom-submit-button\" value=\"Registrieren\">\r\n\t\t\t<\/div>\r\n\t\t\r\n\t\t\t<!-- Sicherheitsma\u00dfnahme: WordPress Nonce Field -->\r\n\t\t\t<input type=\"hidden\" id=\"custom_registration_nonce\" name=\"custom_registration_nonce\" value=\"4aa56e66cc\" \/><input type=\"hidden\" name=\"_wp_http_referer\" value=\"\/de\/wp-json\/wp\/v2\/pages\/5370\" \/>\t\t<\/form>\r\n\r\n\t\t<\/div>[\/vc_column_text][\/vc_column][\/vc_row]<\/p>\n<\/div>","protected":false},"excerpt":{"rendered":"<p>[vc_row][vc_column width=&#8220;1\/2&#8243;][vc_column_text css=&#8220;&#8220; el_class=&#8220;gray-container&#8220;] Login Sie sind bereits Kunde und haben Zugangsdaten? Dann melden Sie sich hier an. [\/vc_column_text][\/vc_column][vc_column width=&#8220;1\/2&#8243;][vc_column_text css=&#8220;&#8220; el_class=&#8220;gray-container&#8220;] Registrierung als Neukunde Bitte geben Sie Ihre Firmendaten vollst\u00e4ndig ein. Wir werden diese in K\u00fcrze pr\u00fcfen. Sobald wir Ihren Account freigeschaltet haben, erhalten Sie eine E-Mail. Bei Fragen stehen wir Ihnen gerne telefonisch [&#8230;]<\/p>\n<p><a class=\"btn btn-secondary understrap-read-more-link\" href=\"https:\/\/www.jatiproducts.com\/de\/login\/\">Weiterlesen&#8230;<\/a><\/p>\n","protected":false},"author":1,"featured_media":0,"parent":0,"menu_order":12,"comment_status":"closed","ping_status":"closed","template":"","meta":{"_acf_changed":false,"footnotes":""},"class_list":["post-5370","page","type-page","status-publish","hentry"],"acf":[],"yoast_head":"<!-- This site is optimized with the Yoast SEO plugin v27.4 - https:\/\/yoast.com\/product\/yoast-seo-wordpress\/ -->\n<title>Login - JATI GmbH<\/title>\n<meta name=\"robots\" content=\"index, follow, max-snippet:-1, max-image-preview:large, max-video-preview:-1\" \/>\n<link rel=\"canonical\" href=\"https:\/\/www.jatiproducts.com\/de\/login\/\" \/>\n<meta property=\"og:locale\" content=\"de_DE\" \/>\n<meta property=\"og:type\" content=\"article\" \/>\n<meta property=\"og:title\" content=\"Login - JATI GmbH\" \/>\n<meta property=\"og:description\" content=\"[vc_row][vc_column width=&#8220;1\/2&#8243;][vc_column_text css=&#8220;&#8220; el_class=&#8220;gray-container&#8220;] Login Sie sind bereits Kunde und haben Zugangsdaten? Dann melden Sie sich hier an. [\/vc_column_text][\/vc_column][vc_column width=&#8220;1\/2&#8243;][vc_column_text css=&#8220;&#8220; el_class=&#8220;gray-container&#8220;] Registrierung als Neukunde Bitte geben Sie Ihre Firmendaten vollst\u00e4ndig ein. Wir werden diese in K\u00fcrze pr\u00fcfen. Sobald wir Ihren Account freigeschaltet haben, erhalten Sie eine E-Mail. Bei Fragen stehen wir Ihnen gerne telefonisch [...]Weiterlesen...\" \/>\n<meta property=\"og:url\" content=\"https:\/\/www.jatiproducts.com\/de\/login\/\" \/>\n<meta property=\"og:site_name\" content=\"JATI GmbH\" \/>\n<meta property=\"article:publisher\" content=\"https:\/\/www.facebook.com\/people\/JATI-diemitdempferd\/61555813963787\/\" \/>\n<meta property=\"article:modified_time\" content=\"2024-04-29T17:34:17+00:00\" \/>\n<meta name=\"twitter:card\" content=\"summary_large_image\" \/>\n<meta name=\"twitter:label1\" content=\"Gesch\u00e4tzte Lesezeit\" \/>\n\t<meta name=\"twitter:data1\" content=\"1\u00a0Minute\" \/>\n<script type=\"application\/ld+json\" class=\"yoast-schema-graph\">{\"@context\":\"https:\\\/\\\/schema.org\",\"@graph\":[{\"@type\":\"WebPage\",\"@id\":\"https:\\\/\\\/www.jatiproducts.com\\\/de\\\/login\\\/\",\"url\":\"https:\\\/\\\/www.jatiproducts.com\\\/de\\\/login\\\/\",\"name\":\"Login - JATI GmbH\",\"isPartOf\":{\"@id\":\"https:\\\/\\\/www.jatiproducts.com\\\/de\\\/#website\"},\"datePublished\":\"2024-04-29T15:39:28+00:00\",\"dateModified\":\"2024-04-29T17:34:17+00:00\",\"breadcrumb\":{\"@id\":\"https:\\\/\\\/www.jatiproducts.com\\\/de\\\/login\\\/#breadcrumb\"},\"inLanguage\":\"de\",\"potentialAction\":[{\"@type\":\"ReadAction\",\"target\":[\"https:\\\/\\\/www.jatiproducts.com\\\/de\\\/login\\\/\"]}]},{\"@type\":\"BreadcrumbList\",\"@id\":\"https:\\\/\\\/www.jatiproducts.com\\\/de\\\/login\\\/#breadcrumb\",\"itemListElement\":[{\"@type\":\"ListItem\",\"position\":1,\"name\":\"Startseite\",\"item\":\"https:\\\/\\\/www.jatiproducts.com\\\/de\\\/\"},{\"@type\":\"ListItem\",\"position\":2,\"name\":\"Login\"}]},{\"@type\":\"WebSite\",\"@id\":\"https:\\\/\\\/www.jatiproducts.com\\\/de\\\/#website\",\"url\":\"https:\\\/\\\/www.jatiproducts.com\\\/de\\\/\",\"name\":\"JATI GmbH\",\"description\":\"JATI GmbH\",\"publisher\":{\"@id\":\"https:\\\/\\\/www.jatiproducts.com\\\/de\\\/#organization\"},\"potentialAction\":[{\"@type\":\"SearchAction\",\"target\":{\"@type\":\"EntryPoint\",\"urlTemplate\":\"https:\\\/\\\/www.jatiproducts.com\\\/de\\\/?s={search_term_string}\"},\"query-input\":{\"@type\":\"PropertyValueSpecification\",\"valueRequired\":true,\"valueName\":\"search_term_string\"}}],\"inLanguage\":\"de\"},{\"@type\":\"Organization\",\"@id\":\"https:\\\/\\\/www.jatiproducts.com\\\/de\\\/#organization\",\"name\":\"JATI GmbH\",\"url\":\"https:\\\/\\\/www.jatiproducts.com\\\/de\\\/\",\"logo\":{\"@type\":\"ImageObject\",\"inLanguage\":\"de\",\"@id\":\"https:\\\/\\\/www.jatiproducts.com\\\/de\\\/#\\\/schema\\\/logo\\\/image\\\/\",\"url\":\"https:\\\/\\\/www.jatiproducts.com\\\/wp-content\\\/uploads\\\/site-logo.png\",\"contentUrl\":\"https:\\\/\\\/www.jatiproducts.com\\\/wp-content\\\/uploads\\\/site-logo.png\",\"width\":696,\"height\":696,\"caption\":\"JATI GmbH\"},\"image\":{\"@id\":\"https:\\\/\\\/www.jatiproducts.com\\\/de\\\/#\\\/schema\\\/logo\\\/image\\\/\"},\"sameAs\":[\"https:\\\/\\\/www.facebook.com\\\/people\\\/JATI-diemitdempferd\\\/61555813963787\\\/\",\"https:\\\/\\\/www.instagram.com\\\/jati_diemitdemschaum\\\/\",\"https:\\\/\\\/www.youtube.com\\\/user\\\/JatiProducts\",\"https:\\\/\\\/www.linkedin.com\\\/company\\\/jati-gmbh\\\/\"]}]}<\/script>\n<!-- \/ Yoast SEO plugin. -->","yoast_head_json":{"title":"Login - JATI GmbH","robots":{"index":"index","follow":"follow","max-snippet":"max-snippet:-1","max-image-preview":"max-image-preview:large","max-video-preview":"max-video-preview:-1"},"canonical":"https:\/\/www.jatiproducts.com\/de\/login\/","og_locale":"de_DE","og_type":"article","og_title":"Login - JATI GmbH","og_description":"[vc_row][vc_column width=&#8220;1\/2&#8243;][vc_column_text css=&#8220;&#8220; el_class=&#8220;gray-container&#8220;] Login Sie sind bereits Kunde und haben Zugangsdaten? Dann melden Sie sich hier an. [\/vc_column_text][\/vc_column][vc_column width=&#8220;1\/2&#8243;][vc_column_text css=&#8220;&#8220; el_class=&#8220;gray-container&#8220;] Registrierung als Neukunde Bitte geben Sie Ihre Firmendaten vollst\u00e4ndig ein. Wir werden diese in K\u00fcrze pr\u00fcfen. Sobald wir Ihren Account freigeschaltet haben, erhalten Sie eine E-Mail. Bei Fragen stehen wir Ihnen gerne telefonisch [...]Weiterlesen...","og_url":"https:\/\/www.jatiproducts.com\/de\/login\/","og_site_name":"JATI GmbH","article_publisher":"https:\/\/www.facebook.com\/people\/JATI-diemitdempferd\/61555813963787\/","article_modified_time":"2024-04-29T17:34:17+00:00","twitter_card":"summary_large_image","twitter_misc":{"Gesch\u00e4tzte Lesezeit":"1\u00a0Minute"},"schema":{"@context":"https:\/\/schema.org","@graph":[{"@type":"WebPage","@id":"https:\/\/www.jatiproducts.com\/de\/login\/","url":"https:\/\/www.jatiproducts.com\/de\/login\/","name":"Login - JATI GmbH","isPartOf":{"@id":"https:\/\/www.jatiproducts.com\/de\/#website"},"datePublished":"2024-04-29T15:39:28+00:00","dateModified":"2024-04-29T17:34:17+00:00","breadcrumb":{"@id":"https:\/\/www.jatiproducts.com\/de\/login\/#breadcrumb"},"inLanguage":"de","potentialAction":[{"@type":"ReadAction","target":["https:\/\/www.jatiproducts.com\/de\/login\/"]}]},{"@type":"BreadcrumbList","@id":"https:\/\/www.jatiproducts.com\/de\/login\/#breadcrumb","itemListElement":[{"@type":"ListItem","position":1,"name":"Startseite","item":"https:\/\/www.jatiproducts.com\/de\/"},{"@type":"ListItem","position":2,"name":"Login"}]},{"@type":"WebSite","@id":"https:\/\/www.jatiproducts.com\/de\/#website","url":"https:\/\/www.jatiproducts.com\/de\/","name":"JATI GmbH","description":"JATI GmbH","publisher":{"@id":"https:\/\/www.jatiproducts.com\/de\/#organization"},"potentialAction":[{"@type":"SearchAction","target":{"@type":"EntryPoint","urlTemplate":"https:\/\/www.jatiproducts.com\/de\/?s={search_term_string}"},"query-input":{"@type":"PropertyValueSpecification","valueRequired":true,"valueName":"search_term_string"}}],"inLanguage":"de"},{"@type":"Organization","@id":"https:\/\/www.jatiproducts.com\/de\/#organization","name":"JATI GmbH","url":"https:\/\/www.jatiproducts.com\/de\/","logo":{"@type":"ImageObject","inLanguage":"de","@id":"https:\/\/www.jatiproducts.com\/de\/#\/schema\/logo\/image\/","url":"https:\/\/www.jatiproducts.com\/wp-content\/uploads\/site-logo.png","contentUrl":"https:\/\/www.jatiproducts.com\/wp-content\/uploads\/site-logo.png","width":696,"height":696,"caption":"JATI GmbH"},"image":{"@id":"https:\/\/www.jatiproducts.com\/de\/#\/schema\/logo\/image\/"},"sameAs":["https:\/\/www.facebook.com\/people\/JATI-diemitdempferd\/61555813963787\/","https:\/\/www.instagram.com\/jati_diemitdemschaum\/","https:\/\/www.youtube.com\/user\/JatiProducts","https:\/\/www.linkedin.com\/company\/jati-gmbh\/"]}]}},"_links":{"self":[{"href":"https:\/\/www.jatiproducts.com\/de\/wp-json\/wp\/v2\/pages\/5370","targetHints":{"allow":["GET"]}}],"collection":[{"href":"https:\/\/www.jatiproducts.com\/de\/wp-json\/wp\/v2\/pages"}],"about":[{"href":"https:\/\/www.jatiproducts.com\/de\/wp-json\/wp\/v2\/types\/page"}],"author":[{"embeddable":true,"href":"https:\/\/www.jatiproducts.com\/de\/wp-json\/wp\/v2\/users\/1"}],"replies":[{"embeddable":true,"href":"https:\/\/www.jatiproducts.com\/de\/wp-json\/wp\/v2\/comments?post=5370"}],"version-history":[{"count":0,"href":"https:\/\/www.jatiproducts.com\/de\/wp-json\/wp\/v2\/pages\/5370\/revisions"}],"wp:attachment":[{"href":"https:\/\/www.jatiproducts.com\/de\/wp-json\/wp\/v2\/media?parent=5370"}],"curies":[{"name":"wp","href":"https:\/\/api.w.org\/{rel}","templated":true}]}}