{"id":5602,"date":"2024-05-07T11:12:27","date_gmt":"2024-05-07T09:12:27","guid":{"rendered":"https:\/\/p684588.webspaceconfig.de\/jati-wp\/jatiproducts.com\/?page_id=5602"},"modified":"2025-02-21T11:05:34","modified_gmt":"2025-02-21T10:05:34","slug":"versandkosten","status":"publish","type":"page","link":"https:\/\/www.jatiproducts.com\/de\/versandkosten\/","title":{"rendered":"Versandkosten"},"content":{"rendered":"<div class=\"wpb-content-wrapper\"><p>[vc_row][vc_column][vc_column_text css=&#8220;&#8220;]<\/p>\n<div class=\"entry-content\">\n<h1 class=\"itkanzlei_first_headline\">Liefer- und Versandkosten<\/h1>\n<p>Wir berechnen nachfolgende Versandkosten. Der Versand bis 31,5 Kilogramm Paketgewicht erfolgt durch DHL. Bei gr\u00f6\u00dferen Mengen\/Gewichten und bei Gefahrgut beauftragen wir eine Spedition.<\/p>\n<p><b>Gewichtsstaffelung DHL:<\/b><\/p>\n<table class=\"tabledetails\" border=\"0\" width=\"100%\" cellspacing=\"0\" cellpadding=\"4\">\n<tbody>\n<tr class=\"headerrow\">\n<td class=\"left\">Staffelung<\/td>\n<td class=\"right\">Gesamtpreis<\/td>\n<\/tr>\n<tr class=\"contentrow1\">\n<td class=\"left\">bis 2 kg<\/td>\n<td class=\"right\"><span class=\"price\">5,95 EUR<\/span><\/td>\n<\/tr>\n<tr class=\"contentrow2\">\n<td class=\"left\">\u00fcber 2 bis 10 kg<\/td>\n<td class=\"right\"><span class=\"price\">8,95 EUR<\/span><\/td>\n<\/tr>\n<tr class=\"contentrow1\">\n<td class=\"left\">\u00fcber 10 bis 20 kg<\/td>\n<td class=\"right\"><span class=\"price\">11,90 EUR<\/span><\/td>\n<\/tr>\n<tr class=\"contentrow1\">\n<td class=\"left\">\u00fcber 20 bis 31,5 kg<\/td>\n<td class=\"right\"><span class=\"price\">15,90 EUR<\/span><\/td>\n<\/tr>\n<tr class=\"contentrow2\">\n<td class=\"left\">\u00fcber 31,5 kg<\/td>\n<td class=\"right\"><span class=\"price\">Versand mit Spedition<\/span><\/td>\n<\/tr>\n<\/tbody>\n<\/table>\n<p>(alle Preise zzgl. gesetzliche MwSt.)<\/p>\n<p>Die Versandkosten bei DHL beziehen sich auf das Gewicht eines einzelnen Paketes. Ob die gesamte Bestellung in einem Paket verpackt werden kann, richtet sich nach der Produktzusammenstellung. Eine Bestellung kann somit auch aus mehreren Paketen bestehen, f\u00fcr die dann jeweils die gewichtsabh\u00e4ngigen Versandkosten anfallen.<\/p>\n<p><b>Bei Lieferungen ins europ\u00e4ische Ausland<\/b>\u00a0werden die Versandkosten nach Aufwand berechnet.<\/p>\n<\/div>\n<p>[\/vc_column_text][\/vc_column][\/vc_row]<\/p>\n<\/div>","protected":false},"excerpt":{"rendered":"<p>[vc_row][vc_column][vc_column_text css=&#8220;&#8220;] Liefer- und Versandkosten Wir berechnen nachfolgende Versandkosten. Der Versand bis 31,5 Kilogramm Paketgewicht erfolgt durch DHL. Bei gr\u00f6\u00dferen Mengen\/Gewichten und bei Gefahrgut beauftragen wir eine Spedition. Gewichtsstaffelung DHL: Staffelung Gesamtpreis bis 2 kg 5,95 EUR \u00fcber 2 bis 10 kg 8,95 EUR \u00fcber 10 bis 20 kg 11,90 EUR \u00fcber 20 bis 31,5 [&#8230;]<\/p>\n<p><a class=\"btn btn-secondary understrap-read-more-link\" href=\"https:\/\/www.jatiproducts.com\/de\/versandkosten\/\">Weiterlesen&#8230;<\/a><\/p>\n","protected":false},"author":1,"featured_media":0,"parent":0,"menu_order":11,"comment_status":"closed","ping_status":"closed","template":"","meta":{"_acf_changed":false,"footnotes":""},"class_list":["post-5602","page","type-page","status-publish","hentry"],"acf":[],"yoast_head":"<!-- This site is optimized with the Yoast SEO plugin v27.2 - https:\/\/yoast.com\/product\/yoast-seo-wordpress\/ -->\n<title>Versandkosten - JATI GmbH<\/title>\n<meta name=\"robots\" content=\"index, follow, max-snippet:-1, max-image-preview:large, max-video-preview:-1\" \/>\n<link rel=\"canonical\" href=\"https:\/\/www.jatiproducts.com\/de\/versandkosten\/\" \/>\n<meta property=\"og:locale\" content=\"de_DE\" \/>\n<meta property=\"og:type\" content=\"article\" \/>\n<meta property=\"og:title\" content=\"Versandkosten - JATI GmbH\" \/>\n<meta property=\"og:description\" content=\"[vc_row][vc_column][vc_column_text css=&#8220;&#8220;] Liefer- und Versandkosten Wir berechnen nachfolgende Versandkosten. Der Versand bis 31,5 Kilogramm Paketgewicht erfolgt durch DHL. Bei gr\u00f6\u00dferen Mengen\/Gewichten und bei Gefahrgut beauftragen wir eine Spedition. Gewichtsstaffelung DHL: Staffelung Gesamtpreis bis 2 kg 5,95 EUR \u00fcber 2 bis 10 kg 8,95 EUR \u00fcber 10 bis 20 kg 11,90 EUR \u00fcber 20 bis 31,5 [...]Weiterlesen...\" \/>\n<meta property=\"og:url\" content=\"https:\/\/www.jatiproducts.com\/de\/versandkosten\/\" \/>\n<meta property=\"og:site_name\" content=\"JATI GmbH\" \/>\n<meta property=\"article:publisher\" content=\"https:\/\/www.facebook.com\/people\/JATI-diemitdempferd\/61555813963787\/\" \/>\n<meta property=\"article:modified_time\" content=\"2025-02-21T10:05:34+00:00\" \/>\n<meta name=\"twitter:card\" content=\"summary_large_image\" \/>\n<meta name=\"twitter:label1\" content=\"Gesch\u00e4tzte Lesezeit\" \/>\n\t<meta name=\"twitter:data1\" content=\"1\u00a0Minute\" \/>\n<script type=\"application\/ld+json\" class=\"yoast-schema-graph\">{\"@context\":\"https:\/\/schema.org\",\"@graph\":[{\"@type\":\"WebPage\",\"@id\":\"https:\/\/www.jatiproducts.com\/de\/versandkosten\/\",\"url\":\"https:\/\/www.jatiproducts.com\/de\/versandkosten\/\",\"name\":\"Versandkosten - JATI GmbH\",\"isPartOf\":{\"@id\":\"https:\/\/www.jatiproducts.com\/de\/#website\"},\"datePublished\":\"2024-05-07T09:12:27+00:00\",\"dateModified\":\"2025-02-21T10:05:34+00:00\",\"breadcrumb\":{\"@id\":\"https:\/\/www.jatiproducts.com\/de\/versandkosten\/#breadcrumb\"},\"inLanguage\":\"de\",\"potentialAction\":[{\"@type\":\"ReadAction\",\"target\":[\"https:\/\/www.jatiproducts.com\/de\/versandkosten\/\"]}]},{\"@type\":\"BreadcrumbList\",\"@id\":\"https:\/\/www.jatiproducts.com\/de\/versandkosten\/#breadcrumb\",\"itemListElement\":[{\"@type\":\"ListItem\",\"position\":1,\"name\":\"Startseite\",\"item\":\"https:\/\/www.jatiproducts.com\/de\/\"},{\"@type\":\"ListItem\",\"position\":2,\"name\":\"Versandkosten\"}]},{\"@type\":\"WebSite\",\"@id\":\"https:\/\/www.jatiproducts.com\/de\/#website\",\"url\":\"https:\/\/www.jatiproducts.com\/de\/\",\"name\":\"JATI GmbH\",\"description\":\"JATI GmbH\",\"publisher\":{\"@id\":\"https:\/\/www.jatiproducts.com\/de\/#organization\"},\"potentialAction\":[{\"@type\":\"SearchAction\",\"target\":{\"@type\":\"EntryPoint\",\"urlTemplate\":\"https:\/\/www.jatiproducts.com\/de\/?s={search_term_string}\"},\"query-input\":{\"@type\":\"PropertyValueSpecification\",\"valueRequired\":true,\"valueName\":\"search_term_string\"}}],\"inLanguage\":\"de\"},{\"@type\":\"Organization\",\"@id\":\"https:\/\/www.jatiproducts.com\/de\/#organization\",\"name\":\"JATI GmbH\",\"url\":\"https:\/\/www.jatiproducts.com\/de\/\",\"logo\":{\"@type\":\"ImageObject\",\"inLanguage\":\"de\",\"@id\":\"https:\/\/www.jatiproducts.com\/de\/#\/schema\/logo\/image\/\",\"url\":\"https:\/\/www.jatiproducts.com\/wp-content\/uploads\/site-logo.png\",\"contentUrl\":\"https:\/\/www.jatiproducts.com\/wp-content\/uploads\/site-logo.png\",\"width\":696,\"height\":696,\"caption\":\"JATI GmbH\"},\"image\":{\"@id\":\"https:\/\/www.jatiproducts.com\/de\/#\/schema\/logo\/image\/\"},\"sameAs\":[\"https:\/\/www.facebook.com\/people\/JATI-diemitdempferd\/61555813963787\/\",\"https:\/\/www.instagram.com\/jati_diemitdemschaum\/\",\"https:\/\/www.youtube.com\/user\/JatiProducts\",\"https:\/\/www.linkedin.com\/company\/jati-gmbh\/\"]}]}<\/script>\n<!-- \/ Yoast SEO plugin. -->","yoast_head_json":{"title":"Versandkosten - JATI GmbH","robots":{"index":"index","follow":"follow","max-snippet":"max-snippet:-1","max-image-preview":"max-image-preview:large","max-video-preview":"max-video-preview:-1"},"canonical":"https:\/\/www.jatiproducts.com\/de\/versandkosten\/","og_locale":"de_DE","og_type":"article","og_title":"Versandkosten - JATI GmbH","og_description":"[vc_row][vc_column][vc_column_text css=&#8220;&#8220;] Liefer- und Versandkosten Wir berechnen nachfolgende Versandkosten. Der Versand bis 31,5 Kilogramm Paketgewicht erfolgt durch DHL. Bei gr\u00f6\u00dferen Mengen\/Gewichten und bei Gefahrgut beauftragen wir eine Spedition. Gewichtsstaffelung DHL: Staffelung Gesamtpreis bis 2 kg 5,95 EUR \u00fcber 2 bis 10 kg 8,95 EUR \u00fcber 10 bis 20 kg 11,90 EUR \u00fcber 20 bis 31,5 [...]Weiterlesen...","og_url":"https:\/\/www.jatiproducts.com\/de\/versandkosten\/","og_site_name":"JATI GmbH","article_publisher":"https:\/\/www.facebook.com\/people\/JATI-diemitdempferd\/61555813963787\/","article_modified_time":"2025-02-21T10:05:34+00:00","twitter_card":"summary_large_image","twitter_misc":{"Gesch\u00e4tzte Lesezeit":"1\u00a0Minute"},"schema":{"@context":"https:\/\/schema.org","@graph":[{"@type":"WebPage","@id":"https:\/\/www.jatiproducts.com\/de\/versandkosten\/","url":"https:\/\/www.jatiproducts.com\/de\/versandkosten\/","name":"Versandkosten - JATI GmbH","isPartOf":{"@id":"https:\/\/www.jatiproducts.com\/de\/#website"},"datePublished":"2024-05-07T09:12:27+00:00","dateModified":"2025-02-21T10:05:34+00:00","breadcrumb":{"@id":"https:\/\/www.jatiproducts.com\/de\/versandkosten\/#breadcrumb"},"inLanguage":"de","potentialAction":[{"@type":"ReadAction","target":["https:\/\/www.jatiproducts.com\/de\/versandkosten\/"]}]},{"@type":"BreadcrumbList","@id":"https:\/\/www.jatiproducts.com\/de\/versandkosten\/#breadcrumb","itemListElement":[{"@type":"ListItem","position":1,"name":"Startseite","item":"https:\/\/www.jatiproducts.com\/de\/"},{"@type":"ListItem","position":2,"name":"Versandkosten"}]},{"@type":"WebSite","@id":"https:\/\/www.jatiproducts.com\/de\/#website","url":"https:\/\/www.jatiproducts.com\/de\/","name":"JATI GmbH","description":"JATI GmbH","publisher":{"@id":"https:\/\/www.jatiproducts.com\/de\/#organization"},"potentialAction":[{"@type":"SearchAction","target":{"@type":"EntryPoint","urlTemplate":"https:\/\/www.jatiproducts.com\/de\/?s={search_term_string}"},"query-input":{"@type":"PropertyValueSpecification","valueRequired":true,"valueName":"search_term_string"}}],"inLanguage":"de"},{"@type":"Organization","@id":"https:\/\/www.jatiproducts.com\/de\/#organization","name":"JATI GmbH","url":"https:\/\/www.jatiproducts.com\/de\/","logo":{"@type":"ImageObject","inLanguage":"de","@id":"https:\/\/www.jatiproducts.com\/de\/#\/schema\/logo\/image\/","url":"https:\/\/www.jatiproducts.com\/wp-content\/uploads\/site-logo.png","contentUrl":"https:\/\/www.jatiproducts.com\/wp-content\/uploads\/site-logo.png","width":696,"height":696,"caption":"JATI GmbH"},"image":{"@id":"https:\/\/www.jatiproducts.com\/de\/#\/schema\/logo\/image\/"},"sameAs":["https:\/\/www.facebook.com\/people\/JATI-diemitdempferd\/61555813963787\/","https:\/\/www.instagram.com\/jati_diemitdemschaum\/","https:\/\/www.youtube.com\/user\/JatiProducts","https:\/\/www.linkedin.com\/company\/jati-gmbh\/"]}]}},"_links":{"self":[{"href":"https:\/\/www.jatiproducts.com\/de\/wp-json\/wp\/v2\/pages\/5602","targetHints":{"allow":["GET"]}}],"collection":[{"href":"https:\/\/www.jatiproducts.com\/de\/wp-json\/wp\/v2\/pages"}],"about":[{"href":"https:\/\/www.jatiproducts.com\/de\/wp-json\/wp\/v2\/types\/page"}],"author":[{"embeddable":true,"href":"https:\/\/www.jatiproducts.com\/de\/wp-json\/wp\/v2\/users\/1"}],"replies":[{"embeddable":true,"href":"https:\/\/www.jatiproducts.com\/de\/wp-json\/wp\/v2\/comments?post=5602"}],"version-history":[{"count":2,"href":"https:\/\/www.jatiproducts.com\/de\/wp-json\/wp\/v2\/pages\/5602\/revisions"}],"predecessor-version":[{"id":6887,"href":"https:\/\/www.jatiproducts.com\/de\/wp-json\/wp\/v2\/pages\/5602\/revisions\/6887"}],"wp:attachment":[{"href":"https:\/\/www.jatiproducts.com\/de\/wp-json\/wp\/v2\/media?parent=5602"}],"curies":[{"name":"wp","href":"https:\/\/api.w.org\/{rel}","templated":true}]}}