{"id":6901,"date":"2025-02-25T13:14:18","date_gmt":"2025-02-25T12:14:18","guid":{"rendered":"https:\/\/www.jatiproducts.com\/?page_id=6901"},"modified":"2025-06-09T16:23:37","modified_gmt":"2025-06-09T14:23:37","slug":"barrierefreiheit","status":"publish","type":"page","link":"https:\/\/www.jatiproducts.com\/de\/barrierefreiheit\/","title":{"rendered":"Erkl\u00e4rung zur Barriere\u00adfreiheit"},"content":{"rendered":"<div class=\"wpb-content-wrapper\"><p>[vc_row][vc_column][vc_column_text css=&#8220;&#8220;]<\/p>\n<h1><strong>Erkl\u00e4rung zur Barriere\u00adfreiheit<\/strong><\/h1>\n<h3>Ma\u00dfnahmen zur Barriere\u00adfreiheit der Webseite<\/h3>\n<p>&nbsp;<\/p>\n<p><em>Stand: Februar 2025<\/em><\/p>\n<p>Unsere Webseite wurde orientiert an den internationalen Richtlinien der <strong><a role=\"link\" href=\"https:\/\/www.w3.org\/TR\/WCAG22\/\" target=\"_blank\" rel=\"noopener\">Web Content Accessibility Guidelines (WCAG 2.2)<\/a><\/strong> sowie dem <a role=\"link\" href=\"https:\/\/www.bmas.de\/DE\/Service\/Gesetze-und-Gesetzesvorhaben\/barrierefreiheitsstaerkungsgesetz.html\" target=\"_blank\" rel=\"noopener\"><strong>Barrierefreiheitsst\u00e4rkungsgesetz (BFSG)<\/strong><\/a> \u00fcberarbeitet.<\/p>\n<p>Darunter fallen neben technischer Anpassungen verschiedene Ma\u00dfnahmen:<\/p>\n<ul>\n<li>Verwendung von HTML-Tags und klarer Seitenstruktur<\/li>\n<li>Optimierung der Tastatursteuerung<\/li>\n<li>Einfaches und klares Design<\/li>\n<li>Verwenden von Alternativ-Texten f\u00fcr Bilder<\/li>\n<li>Barrierefreie Formulare<\/li>\n<li>Eingesetzte Kontraste orientieren sich an den Richtlinien der WCAG 2.2.<\/li>\n<li>Einbindung eines Tools, das Anpassungen in Bezug auf Kontraste, Schriftgr\u00f6\u00dfen etc. erm\u00f6glicht<\/li>\n<\/ul>\n<p>Falls Sie beim Besuch unserer Webseite auf Barrieren sto\u00dfen oder Verbesserungsvorschl\u00e4ge haben, z\u00f6gern Sie nicht uns per E-Mail zu kontaktieren:<\/p>\n<p><strong><a title=\"mailto:info@jati-group.com\" href=\"mailto:info@jati-group.com\">info@jati-group.com<\/a><\/strong><\/p>\n<p>&nbsp;<\/p>\n<hr>\n<p>&nbsp;<\/p>\n<h3>Hilfsmittel Barrierefreiheit<\/h3>\n<p>Falls Sie die Hilfemittel dauerhaft ausgeblendet haben, k\u00f6nnen Sie <strong><a id=\"show-acc-tool\" tabindex=\"0\" href=\"#\" aria-label=\"Hilfsmittel zur Barrierefreiheit anzeigen\">hier klicken<\/a><\/strong>, um das Men\u00fc wiederherstellen.<br \/>\nAlternativ k\u00f6nnen Sie mit der Tastenkombination <strong>ALT + 1<\/strong> das Men\u00fc \u00f6ffnen.<\/p>\n<p>&nbsp;<\/p>\n<hr>\n<p>&nbsp;<\/p>\n<h3 class=\" \">Programmiertechnische Umsetzung der Barrierefreiheit<br \/>\nnach BFSG auf dieser Website<\/h3>\n<p><strong>NJADA GmbH<\/strong><br \/>\nNot Just Another Digital Agency<br \/>\nFriede, Freude, Online-Sachen&nbsp;<img decoding=\"async\" class=\"emoji entered lazyloaded\" role=\"img\" src=\"https:\/\/s.w.org\/images\/core\/emoji\/14.0.0\/svg\/2764.svg\" alt=\"kleines rotes Herz\" data-lazy-src=\"https:\/\/s.w.org\/images\/core\/emoji\/14.0.0\/svg\/2764.svg\" data-ll-status=\"loaded\"><br \/>\nSchussenstra\u00dfe 1, 88212 Ravensburg<br \/>\n<a class=\"link-external\" title=\"Agentur f\u00fcr barrierefreie Websites nach BFSG\" href=\"https:\/\/www.njada.de\/barrierefreiheit\/\" target=\"_blank\" rel=\"noopener\"><strong>NJADA: Agentur f\u00fcr barrierefreie Websites<\/strong><\/a>[\/vc_column_text][\/vc_column][\/vc_row]<\/p>\n<\/div>","protected":false},"excerpt":{"rendered":"<p>[vc_row][vc_column][vc_column_text css=&#8220;&#8220;] Erkl\u00e4rung zur Barriere\u00adfreiheit Ma\u00dfnahmen zur Barriere\u00adfreiheit der Webseite &nbsp; Stand: Februar 2025 Unsere Webseite wurde orientiert an den internationalen Richtlinien der Web Content Accessibility Guidelines (WCAG 2.2) sowie dem Barrierefreiheitsst\u00e4rkungsgesetz (BFSG) \u00fcberarbeitet. Darunter fallen neben technischer Anpassungen verschiedene Ma\u00dfnahmen: Verwendung von HTML-Tags und klarer Seitenstruktur Optimierung der Tastatursteuerung Einfaches und klares Design Verwenden [&#8230;]<\/p>\n<p><a class=\"btn btn-secondary understrap-read-more-link\" href=\"https:\/\/www.jatiproducts.com\/de\/barrierefreiheit\/\">Weiterlesen&#8230;<\/a><\/p>\n","protected":false},"author":1490,"featured_media":0,"parent":0,"menu_order":114,"comment_status":"closed","ping_status":"closed","template":"","meta":{"_acf_changed":false,"footnotes":""},"class_list":["post-6901","page","type-page","status-publish","hentry"],"acf":[],"yoast_head":"<!-- This site is optimized with the Yoast SEO plugin v27.4 - https:\/\/yoast.com\/product\/yoast-seo-wordpress\/ -->\n<title>JATI GmbH - Erkl\u00e4rung zur Barriere\u00adfreiheit<\/title>\n<meta name=\"robots\" content=\"index, follow, max-snippet:-1, max-image-preview:large, max-video-preview:-1\" \/>\n<link rel=\"canonical\" href=\"https:\/\/www.jatiproducts.com\/de\/barrierefreiheit\/\" \/>\n<meta property=\"og:locale\" content=\"de_DE\" \/>\n<meta property=\"og:type\" content=\"article\" \/>\n<meta property=\"og:title\" content=\"JATI GmbH - Erkl\u00e4rung zur Barriere\u00adfreiheit\" \/>\n<meta property=\"og:description\" content=\"[vc_row][vc_column][vc_column_text css=&#8220;&#8220;] Erkl\u00e4rung zur Barriere\u00adfreiheit Ma\u00dfnahmen zur Barriere\u00adfreiheit der Webseite &nbsp; Stand: Februar 2025 Unsere Webseite wurde orientiert an den internationalen Richtlinien der Web Content Accessibility Guidelines (WCAG 2.2) sowie dem Barrierefreiheitsst\u00e4rkungsgesetz (BFSG) \u00fcberarbeitet. Darunter fallen neben technischer Anpassungen verschiedene Ma\u00dfnahmen: Verwendung von HTML-Tags und klarer Seitenstruktur Optimierung der Tastatursteuerung Einfaches und klares Design Verwenden [...]Weiterlesen...\" \/>\n<meta property=\"og:url\" content=\"https:\/\/www.jatiproducts.com\/de\/barrierefreiheit\/\" \/>\n<meta property=\"og:site_name\" content=\"JATI GmbH\" \/>\n<meta property=\"article:publisher\" content=\"https:\/\/www.facebook.com\/people\/JATI-diemitdempferd\/61555813963787\/\" \/>\n<meta property=\"article:modified_time\" content=\"2025-06-09T14:23:37+00:00\" \/>\n<meta property=\"og:image\" content=\"https:\/\/s.w.org\/images\/core\/emoji\/14.0.0\/svg\/2764.svg\" \/>\n<meta name=\"twitter:card\" content=\"summary_large_image\" \/>\n<meta name=\"twitter:label1\" content=\"Gesch\u00e4tzte Lesezeit\" \/>\n\t<meta name=\"twitter:data1\" content=\"2\u00a0Minuten\" \/>\n<script type=\"application\/ld+json\" class=\"yoast-schema-graph\">{\"@context\":\"https:\\\/\\\/schema.org\",\"@graph\":[{\"@type\":\"WebPage\",\"@id\":\"https:\\\/\\\/www.jatiproducts.com\\\/de\\\/barrierefreiheit\\\/\",\"url\":\"https:\\\/\\\/www.jatiproducts.com\\\/de\\\/barrierefreiheit\\\/\",\"name\":\"JATI GmbH - Erkl\u00e4rung zur Barriere\u00adfreiheit\",\"isPartOf\":{\"@id\":\"https:\\\/\\\/www.jatiproducts.com\\\/de\\\/#website\"},\"primaryImageOfPage\":{\"@id\":\"https:\\\/\\\/www.jatiproducts.com\\\/de\\\/barrierefreiheit\\\/#primaryimage\"},\"image\":{\"@id\":\"https:\\\/\\\/www.jatiproducts.com\\\/de\\\/barrierefreiheit\\\/#primaryimage\"},\"thumbnailUrl\":\"https:\\\/\\\/s.w.org\\\/images\\\/core\\\/emoji\\\/14.0.0\\\/svg\\\/2764.svg\",\"datePublished\":\"2025-02-25T12:14:18+00:00\",\"dateModified\":\"2025-06-09T14:23:37+00:00\",\"breadcrumb\":{\"@id\":\"https:\\\/\\\/www.jatiproducts.com\\\/de\\\/barrierefreiheit\\\/#breadcrumb\"},\"inLanguage\":\"de\",\"potentialAction\":[{\"@type\":\"ReadAction\",\"target\":[\"https:\\\/\\\/www.jatiproducts.com\\\/de\\\/barrierefreiheit\\\/\"]}]},{\"@type\":\"ImageObject\",\"inLanguage\":\"de\",\"@id\":\"https:\\\/\\\/www.jatiproducts.com\\\/de\\\/barrierefreiheit\\\/#primaryimage\",\"url\":\"https:\\\/\\\/s.w.org\\\/images\\\/core\\\/emoji\\\/14.0.0\\\/svg\\\/2764.svg\",\"contentUrl\":\"https:\\\/\\\/s.w.org\\\/images\\\/core\\\/emoji\\\/14.0.0\\\/svg\\\/2764.svg\"},{\"@type\":\"BreadcrumbList\",\"@id\":\"https:\\\/\\\/www.jatiproducts.com\\\/de\\\/barrierefreiheit\\\/#breadcrumb\",\"itemListElement\":[{\"@type\":\"ListItem\",\"position\":1,\"name\":\"Startseite\",\"item\":\"https:\\\/\\\/www.jatiproducts.com\\\/de\\\/\"},{\"@type\":\"ListItem\",\"position\":2,\"name\":\"Erkl\u00e4rung zur Barriere\u00adfreiheit\"}]},{\"@type\":\"WebSite\",\"@id\":\"https:\\\/\\\/www.jatiproducts.com\\\/de\\\/#website\",\"url\":\"https:\\\/\\\/www.jatiproducts.com\\\/de\\\/\",\"name\":\"JATI GmbH\",\"description\":\"JATI GmbH\",\"publisher\":{\"@id\":\"https:\\\/\\\/www.jatiproducts.com\\\/de\\\/#organization\"},\"potentialAction\":[{\"@type\":\"SearchAction\",\"target\":{\"@type\":\"EntryPoint\",\"urlTemplate\":\"https:\\\/\\\/www.jatiproducts.com\\\/de\\\/?s={search_term_string}\"},\"query-input\":{\"@type\":\"PropertyValueSpecification\",\"valueRequired\":true,\"valueName\":\"search_term_string\"}}],\"inLanguage\":\"de\"},{\"@type\":\"Organization\",\"@id\":\"https:\\\/\\\/www.jatiproducts.com\\\/de\\\/#organization\",\"name\":\"JATI GmbH\",\"url\":\"https:\\\/\\\/www.jatiproducts.com\\\/de\\\/\",\"logo\":{\"@type\":\"ImageObject\",\"inLanguage\":\"de\",\"@id\":\"https:\\\/\\\/www.jatiproducts.com\\\/de\\\/#\\\/schema\\\/logo\\\/image\\\/\",\"url\":\"https:\\\/\\\/www.jatiproducts.com\\\/wp-content\\\/uploads\\\/site-logo.png\",\"contentUrl\":\"https:\\\/\\\/www.jatiproducts.com\\\/wp-content\\\/uploads\\\/site-logo.png\",\"width\":696,\"height\":696,\"caption\":\"JATI GmbH\"},\"image\":{\"@id\":\"https:\\\/\\\/www.jatiproducts.com\\\/de\\\/#\\\/schema\\\/logo\\\/image\\\/\"},\"sameAs\":[\"https:\\\/\\\/www.facebook.com\\\/people\\\/JATI-diemitdempferd\\\/61555813963787\\\/\",\"https:\\\/\\\/www.instagram.com\\\/jati_diemitdemschaum\\\/\",\"https:\\\/\\\/www.youtube.com\\\/user\\\/JatiProducts\",\"https:\\\/\\\/www.linkedin.com\\\/company\\\/jati-gmbh\\\/\"]}]}<\/script>\n<!-- \/ Yoast SEO plugin. -->","yoast_head_json":{"title":"JATI GmbH - Erkl\u00e4rung zur Barriere\u00adfreiheit","robots":{"index":"index","follow":"follow","max-snippet":"max-snippet:-1","max-image-preview":"max-image-preview:large","max-video-preview":"max-video-preview:-1"},"canonical":"https:\/\/www.jatiproducts.com\/de\/barrierefreiheit\/","og_locale":"de_DE","og_type":"article","og_title":"JATI GmbH - Erkl\u00e4rung zur Barriere\u00adfreiheit","og_description":"[vc_row][vc_column][vc_column_text css=&#8220;&#8220;] Erkl\u00e4rung zur Barriere\u00adfreiheit Ma\u00dfnahmen zur Barriere\u00adfreiheit der Webseite &nbsp; Stand: Februar 2025 Unsere Webseite wurde orientiert an den internationalen Richtlinien der Web Content Accessibility Guidelines (WCAG 2.2) sowie dem Barrierefreiheitsst\u00e4rkungsgesetz (BFSG) \u00fcberarbeitet. Darunter fallen neben technischer Anpassungen verschiedene Ma\u00dfnahmen: Verwendung von HTML-Tags und klarer Seitenstruktur Optimierung der Tastatursteuerung Einfaches und klares Design Verwenden [...]Weiterlesen...","og_url":"https:\/\/www.jatiproducts.com\/de\/barrierefreiheit\/","og_site_name":"JATI GmbH","article_publisher":"https:\/\/www.facebook.com\/people\/JATI-diemitdempferd\/61555813963787\/","article_modified_time":"2025-06-09T14:23:37+00:00","og_image":[{"url":"https:\/\/s.w.org\/images\/core\/emoji\/14.0.0\/svg\/2764.svg","type":"","width":"","height":""}],"twitter_card":"summary_large_image","twitter_misc":{"Gesch\u00e4tzte Lesezeit":"2\u00a0Minuten"},"schema":{"@context":"https:\/\/schema.org","@graph":[{"@type":"WebPage","@id":"https:\/\/www.jatiproducts.com\/de\/barrierefreiheit\/","url":"https:\/\/www.jatiproducts.com\/de\/barrierefreiheit\/","name":"JATI GmbH - Erkl\u00e4rung zur Barriere\u00adfreiheit","isPartOf":{"@id":"https:\/\/www.jatiproducts.com\/de\/#website"},"primaryImageOfPage":{"@id":"https:\/\/www.jatiproducts.com\/de\/barrierefreiheit\/#primaryimage"},"image":{"@id":"https:\/\/www.jatiproducts.com\/de\/barrierefreiheit\/#primaryimage"},"thumbnailUrl":"https:\/\/s.w.org\/images\/core\/emoji\/14.0.0\/svg\/2764.svg","datePublished":"2025-02-25T12:14:18+00:00","dateModified":"2025-06-09T14:23:37+00:00","breadcrumb":{"@id":"https:\/\/www.jatiproducts.com\/de\/barrierefreiheit\/#breadcrumb"},"inLanguage":"de","potentialAction":[{"@type":"ReadAction","target":["https:\/\/www.jatiproducts.com\/de\/barrierefreiheit\/"]}]},{"@type":"ImageObject","inLanguage":"de","@id":"https:\/\/www.jatiproducts.com\/de\/barrierefreiheit\/#primaryimage","url":"https:\/\/s.w.org\/images\/core\/emoji\/14.0.0\/svg\/2764.svg","contentUrl":"https:\/\/s.w.org\/images\/core\/emoji\/14.0.0\/svg\/2764.svg"},{"@type":"BreadcrumbList","@id":"https:\/\/www.jatiproducts.com\/de\/barrierefreiheit\/#breadcrumb","itemListElement":[{"@type":"ListItem","position":1,"name":"Startseite","item":"https:\/\/www.jatiproducts.com\/de\/"},{"@type":"ListItem","position":2,"name":"Erkl\u00e4rung zur Barriere\u00adfreiheit"}]},{"@type":"WebSite","@id":"https:\/\/www.jatiproducts.com\/de\/#website","url":"https:\/\/www.jatiproducts.com\/de\/","name":"JATI GmbH","description":"JATI GmbH","publisher":{"@id":"https:\/\/www.jatiproducts.com\/de\/#organization"},"potentialAction":[{"@type":"SearchAction","target":{"@type":"EntryPoint","urlTemplate":"https:\/\/www.jatiproducts.com\/de\/?s={search_term_string}"},"query-input":{"@type":"PropertyValueSpecification","valueRequired":true,"valueName":"search_term_string"}}],"inLanguage":"de"},{"@type":"Organization","@id":"https:\/\/www.jatiproducts.com\/de\/#organization","name":"JATI GmbH","url":"https:\/\/www.jatiproducts.com\/de\/","logo":{"@type":"ImageObject","inLanguage":"de","@id":"https:\/\/www.jatiproducts.com\/de\/#\/schema\/logo\/image\/","url":"https:\/\/www.jatiproducts.com\/wp-content\/uploads\/site-logo.png","contentUrl":"https:\/\/www.jatiproducts.com\/wp-content\/uploads\/site-logo.png","width":696,"height":696,"caption":"JATI GmbH"},"image":{"@id":"https:\/\/www.jatiproducts.com\/de\/#\/schema\/logo\/image\/"},"sameAs":["https:\/\/www.facebook.com\/people\/JATI-diemitdempferd\/61555813963787\/","https:\/\/www.instagram.com\/jati_diemitdemschaum\/","https:\/\/www.youtube.com\/user\/JatiProducts","https:\/\/www.linkedin.com\/company\/jati-gmbh\/"]}]}},"_links":{"self":[{"href":"https:\/\/www.jatiproducts.com\/de\/wp-json\/wp\/v2\/pages\/6901","targetHints":{"allow":["GET"]}}],"collection":[{"href":"https:\/\/www.jatiproducts.com\/de\/wp-json\/wp\/v2\/pages"}],"about":[{"href":"https:\/\/www.jatiproducts.com\/de\/wp-json\/wp\/v2\/types\/page"}],"author":[{"embeddable":true,"href":"https:\/\/www.jatiproducts.com\/de\/wp-json\/wp\/v2\/users\/1490"}],"replies":[{"embeddable":true,"href":"https:\/\/www.jatiproducts.com\/de\/wp-json\/wp\/v2\/comments?post=6901"}],"version-history":[{"count":2,"href":"https:\/\/www.jatiproducts.com\/de\/wp-json\/wp\/v2\/pages\/6901\/revisions"}],"predecessor-version":[{"id":7262,"href":"https:\/\/www.jatiproducts.com\/de\/wp-json\/wp\/v2\/pages\/6901\/revisions\/7262"}],"wp:attachment":[{"href":"https:\/\/www.jatiproducts.com\/de\/wp-json\/wp\/v2\/media?parent=6901"}],"curies":[{"name":"wp","href":"https:\/\/api.w.org\/{rel}","templated":true}]}}