{"id":7,"date":"2019-07-22T12:27:36","date_gmt":"2019-07-22T10:27:36","guid":{"rendered":"https:\/\/p684588.webspaceconfig.de\/jati-wp\/jatiproducts.com\/?page_id=7"},"modified":"2025-06-09T16:28:28","modified_gmt":"2025-06-09T14:28:28","slug":"impressum","status":"publish","type":"page","link":"https:\/\/www.jatiproducts.com\/de\/impressum\/","title":{"rendered":"Impressum"},"content":{"rendered":"<div class=\"wpb-content-wrapper\"><p>[vc_row][vc_column][vc_column_text css=&#8220;&#8220;]<\/p>\n<h1>Impressum<\/h1>\n<p>&nbsp;<\/p>\n<p><strong>JATI GmbH<\/strong><br \/>\nHovekampstr. 18<br \/>\n48431 Rheine<\/p>\n<p><strong>Gesch\u00e4ftsf\u00fchrer:<\/strong><\/p>\n<p>Guido Beckmann<\/p>\n<p><strong>Niederlassung:<\/strong><\/p>\n<p>JATI GmbH<br \/>\nMerklinghauser Stra\u00dfe 8<br \/>\n59969 Hallenberg<\/p>\n<p><strong>Kontakt:<\/strong><\/p>\n<p>Telefon +49 2984 93493-0<br \/>\nTelefax +49 2984 93493-29<br \/>\nE-Mail: <a title=\"mailto:info@jati-group.com\" href=\"mailto:info@jati-group.com\">info@jati-group.com<\/a><\/p>\n<p><strong>Registereintrag:<\/strong><\/p>\n<p>Eintragung im Handelsregister.<br \/>\nRegistergericht: Amtsgericht Steinfurt<br \/>\nRegisternummer: HRB 12203<\/p>\n<p><strong>Umsatzsteuer-ID:<\/strong><\/p>\n<p>Umsatzsteuer-Identifikationsnummer gem\u00e4\u00df \u00a727 a Umsatzsteuergesetz: DE815791136<\/p>\n<div>\n<h3>Konzeption, Gestaltung und Programmierung:<\/h3>\n<p>Expect More Kommunikation GmbH<br \/>\nSalzbergener Stra\u00dfe 8\u201316<br \/>\n48431 Rheine<br \/>\n<a href=\"http:\/\/www.expectmore.de\" target=\"_blank\" rel=\"noopener noreferrer\">www.expectmore.de<\/a><\/p>\n<h3>Barrierefreiheit nach BFSG:<\/h3>\n<p>NJADA GmbH<br \/>\nSchussenstra\u00dfe 1<br \/>\n88212 Ravensburg<br \/>\n<a class=\"link-external\" title=\"Agentur f\u00fcr barrierefreie Websites nach BFSG\" href=\"https:\/\/www.njada.de\/barrierefreiheit\/\" target=\"_blank\" rel=\"noopener\"><strong>NJADA: Agentur f\u00fcr barrierefreie Websites<\/strong><\/a><\/p>\n<\/div>\n<h3>Online-Streitbeilegung gem\u00e4\u00df Art. 14 Abs. 1 ODRVO:<\/h3>\n<p>Die Europ\u00e4ische Kommission stellt eine Plattform zur Online-Streitbeilegung (OS) bereit, die Sie unter <a href=\"http:\/\/ec.europa.eu\/consumers\/odr\/\" target=\"_blank\" rel=\"noopener noreferrer\">http:\/\/ec.europa.eu\/consumers\/odr\/<\/a> finden.<\/p>\n<h3>Haftung f\u00fcr Inhalte<\/h3>\n<p>Als Diensteanbieter sind wir gem\u00e4\u00df \u00a7 7 Abs.1 TMG f\u00fcr eigene Inhalte auf diesen Seiten nach den allgemeinen Gesetzen verantwortlich. Nach \u00a7\u00a7 8 bis 10 TMG sind wir als Diensteanbieter jedoch nicht verpflichtet, \u00fcbermittelte oder gespeicherte fremde Informationen zu \u00fcberwachen oder nach Umst\u00e4nden zu forschen, die auf eine rechtswidrige T\u00e4tigkeit hinweisen. Verpflichtungen zur Entfernung oder Sperrung der Nutzung von Informationen nach den allgemeinen Gesetzen bleiben hiervon unber\u00fchrt. Eine diesbez\u00fcgliche Haftung ist jedoch erst ab dem Zeitpunkt der Kenntnis einer konkreten Rechtsverletzung m\u00f6glich. Bei Bekanntwerden von entsprechenden Rechtsverletzungen werden wir diese Inhalte umgehend entfernen.<\/p>\n<h3>Haftung f\u00fcr Links<\/h3>\n<p>Unser Angebot enth\u00e4lt Links zu externen Webseiten Dritter, auf deren Inhalte wir keinen Einfluss haben. Deshalb k\u00f6nnen wir f\u00fcr diese fremden Inhalte auch keine Gew\u00e4hr \u00fcbernehmen. F\u00fcr die Inhalte der verlinkten Seiten ist stets der jeweilige Anbieter oder Betreiber der Seiten verantwortlich. Die verlinkten Seiten wurden zum Zeitpunkt der Verlinkung auf m\u00f6gliche Rechtsverst\u00f6\u00dfe \u00fcberpr\u00fcft. Rechtswidrige Inhalte waren zum Zeitpunkt der Verlinkung nicht erkennbar. Eine permanente inhaltliche Kontrolle der verlinkten Seiten ist jedoch ohne konkrete Anhaltspunkte einer Rechtsverletzung nicht zumutbar. Bei Bekanntwerden von Rechtsverletzungen werden wir derartige Links umgehend entfernen.<\/p>\n<h3><span class=\"Apple-style-span\">Urheberrecht<\/span><\/h3>\n<p><span class=\"Apple-style-span\">Die durch die Seitenbetreiber erstellten Inhalte und Werke auf diesen Seiten unterliegen dem deutschen Urheberrecht. Beitr\u00e4ge Dritter sind als solche gekennzeichnet. Die Vervielf\u00e4ltigung, Bearbeitung, Verbreitung und jede Art der Verwertung au\u00dferhalb der Grenzen des Urheberrechtes bed\u00fcrfen der schriftlichen Zustimmung des jeweiligen Autors bzw. Erstellers. Downloads und Kopien dieser Seite sind nur f\u00fcr den privaten, nicht kommerziellen Gebrauch gestattet. Die Betreiber der Seiten sind bem\u00fcht, stets die Urheberrechte anderer zu beachten bzw. auf selbst erstellte sowie lizenzfreie Werke zur\u00fcckzugreifen.<\/span><\/p>\n<h3><span class=\"Apple-style-span\">Quellenangaben f\u00fcr verwendete Bilder und Grafiken<\/span><\/h3>\n<p>\u00a9 iStockphoto \/ borchee \u2013 <a href=\"http:\/\/istockphoto.com\/de\">www.istockphoto.com\/de<br \/>\n<\/a>(Home \u2013 So muss der perfekte Schimmel aussehen, https:\/\/www.jatiproducts.com\/de\/)<br \/>\n(Referenzen, https:\/\/www.jatiproducts.com\/de\/informationen\/referenzen\/)<br \/>\n(Standards, https:\/\/www.jatiproducts.com\/de\/informationen\/referenzen\/)<br \/>\n(FAQ, https:\/\/www.jatiproducts.com\/de\/informationen\/faq\/)<br \/>\n(Fachartikel, https:\/\/www.jatiproducts.com\/de\/informationen\/fachartikel\/)<br \/>\n(Videos, https:\/\/www.jatiproducts.com\/de\/service\/videos\/)<br \/>\n(Downloads, https:\/\/www.jatiproducts.com\/de\/service\/downloads\/)<br \/>\n(Kontakt, https:\/\/www.jatiproducts.com\/de\/kontakt\/)<br \/>\n(Newsletter, https:\/\/www.jatiproducts.com\/de\/service\/newsletter\/)<br \/>\n(Newsletter-Archiv, https:\/\/www.jatiproducts.com\/de\/newsletter-archiv\/)<br \/>\n(AGB, https:\/\/www.jatiproducts.com\/de\/agb\/)<br \/>\n(Impressum, https:\/\/www.jatiproducts.com\/de\/impressum\/)<br \/>\n(Datenschutzerkl\u00e4rung, https:\/\/www.jatiproducts.com\/de\/datenschutzerklaerung\/)<\/p>\n<p>\u00a9 iStockphoto \/ acceptfoto \u2013 <a href=\"http:\/\/istockphoto.com\/de\">www.istockphoto.com\/de<br \/>\n<\/a>(Unternehmen &#8211; Eine einzigartige Erfolgsgeschichte. Und das gleich zweimal, https:\/\/www.jatiproducts.com\/de\/unternehmen\/)<\/p>\n<p>\u00a9 iStockphoto \/ BlackJack3D \u2013 <a href=\"http:\/\/istockphoto.com\/de\">www.istockphoto.com\/de<br \/>\n<\/a>(Unternehmen &#8211; Historie, https:\/\/www.jatiproducts.com\/de\/unternehmen\/)<\/p>\n<p>\u00a9 iStockphoto \/ USO \u2013 <a href=\"http:\/\/istockphoto.com\/de\">www.istockphoto.com\/de<br \/>\n<\/a>(Produkte &#8211; \u00dcberzeugend auf ganzer Linie, https:\/\/www.jatiproducts.com\/de\/produkte\/)<\/p>\n<p>\u00a9 iStockphoto \/ mari_art \u2013 <a href=\"http:\/\/istockphoto.com\/de\">www.istockphoto.com\/de<br \/>\n<\/a>(Produkte &#8211; Starke Unterst\u00fctzung statt Schall und Rauch, https:\/\/www.jatiproducts.com\/de\/produkte\/)<a href=\"http:\/\/istockphoto.com\/de\"><br \/>\n<\/a>(Produkte\/Brandsanierung &#8211; Starke Unterst\u00fctzung statt Schall und Rauch, https:\/\/www.jatiproducts.com\/de\/brandsanierung\/)<\/p>\n<p>\u00a9 Shutterstock \/ studio2013 \u2013 <a href=\"https:\/\/www.shutterstock.com\/ \">www.shutterstock.com\/<\/a><br \/>\n(Produkte\/JATI SPE &#8211; Das letzte St\u00fcndlein f\u00fcr Schimmelpilze und Sporen, https:\/\/www.jatiproducts.com\/de\/produkte\/schimmelpilzentferner-jati-spe\/)<\/p>\n<p>\u00a9 iStockphoto \/ AndreyPopov \u2013 <a href=\"http:\/\/istockphoto.com\/de\">www.istockphoto.com\/de<br \/>\n<\/a>(Produkte\/JATI OFE &#8211; Wischt Sekund\u00e4rkontamination einfach eins aus, https:\/\/www.jatiproducts.com\/de\/produkte\/oberflaechenentkeimer-jati-ofe\/)<\/p>\n<p>\u00a9 iStockphoto \/ aniela Jovanovska-Hristovska \u2013 <a href=\"http:\/\/istockphoto.com\/de\">www.istockphoto.com\/de<br \/>\n<\/a>(Produkte\/JATI Protect &#8211; Damit sich in R\u00e4umen bewegen kann, was sich bewegen soll, https:\/\/www.jatiproducts.com\/de\/produkte\/maskierungsmittel-jati-protect\/)<\/p>\n<p>\u00a9 iStockphoto \/ LSOphoto \u2013 <a href=\"http:\/\/istockphoto.com\/de\">www.istockphoto.com\/de<br \/>\n<\/a>(Produkte\/JATI SV &#8211; Da gucken die Poren in die R\u00f6hre, https:\/\/www.jatiproducts.com\/de\/produkte\/sporenvernichter-jati-sv\/)<\/p>\n<p>\u00a9 Adobe Stock \/ Amnat \u2013 <a href=\"https:\/\/stock.adobe.com\/ \/\">https:\/\/stock.adobe.com<\/a><br \/>\n(Produkte\/JATI Nebelfluid &#8211; Schlechte Aussichten f\u00fcr Sporen, Keime, https:\/\/www.jatiproducts.com\/de\/produkte\/jati-nebelfluid)<\/p>\n<p>\u00a9 iStockphoto \/ PierreDesrosiers \u2013 <a href=\"http:\/\/istockphoto.com\/de\">www.istockphoto.com\/de<br \/>\n<\/a>(Produkte\/JATI DSS &#8211; Eine durch und durch durchdachte L\u00f6sung, https:\/\/www.jatiproducts.com\/de\/produkte\/dachstuhlschaum-jati-dss\/)<\/p>\n<p>\u00a9 iStockphoto \/ ljubaphoto \u2013 <a href=\"http:\/\/istockphoto.com\/de\">www.istockphoto.com\/de<br \/>\n<\/a>(Produkte\/JATI EDD &#8211; Es gibt viel zu entdecken. Au\u00dfer Sporen und Schimmelpilze, https:\/\/www.jatiproducts.com\/de\/produkte\/estrichdaemmspuelsystem-jati-edd\/)<\/p>\n<p>\u00a9 Shutterstock \/ Kichigin \u2013 <a href=\"https:\/\/www.shutterstock.com\/ \">www.shutterstock.com\/<\/a><br \/>\n(Produkte\/JATI HRS &#8211; Beeindruckend ist auch, was unterm Boden passiert, https:\/\/www.jatiproducts.com\/de\/produkte\/hohlraumschaum-jati-hrs\/)<\/p>\n<p>\u00a9 iStockphoto \/ south_agency \u2013 <a href=\"http:\/\/istockphoto.com\/de\">www.istockphoto.com\/de<br \/>\n<\/a>(Produkte\/JATI EDS Verfahren \u2013 Perfekt ausbalanciert, https:\/\/www.jatiproducts.com\/de\/eds-verfahren\/)<\/p>\n<p>\u00a9 iStockphoto \/ FatCamera \u2013 <a href=\"http:\/\/istockphoto.com\/de\">www.istockphoto.com\/de<br \/>\n<\/a>(Produkte\/Hohlraumschaumsystem JATI 2KDS \u2013 Ein beruhigendes Ergebnis auf Schritt und Tritt, https:\/\/www.jatiproducts.com\/de\/produkte\/hohlraumschaumsystem-jati-2kds\/)<\/p>\n<p>\u00a9 Shutterstock \/ ivgaphotographer \u2013 <a href=\"https:\/\/www.shutterstock.com\/ \">www.shutterstock.com\/<\/a><br \/>\n(Produkte\/Zubeh\u00f6r &#8211; Passt einfach fabelhaft, https:\/\/www.jatiproducts.com\/de\/produkte\/zubehoer\/)<\/p>\n<p>\u00a9 iStockphoto \/ baona \u2013 <a href=\"http:\/\/istockphoto.com\/de\">www.istockphoto.com\/de<br \/>\n<\/a>(Service\/Seminare \u2013 Schlau machen, damit es f\u00fcr Sporen und Schimmel richtig dumm l\u00e4uft, https:\/\/www.jatiproducts.com\/de\/service\/seminare\/)<\/p>\n<p>\u00a9 iStockphoto \/ Nokdue \u2013 <a href=\"http:\/\/istockphoto.com\/de\">www.istockphoto.com\/de<br \/>\n<\/a>(Service\/Taupunktrechner \u2013 Freudentr\u00e4nen statt Kondenswasser, https:\/\/www.jatiproducts.com\/de\/service\/taupunktrechner\/)<\/p>\n<p>\u00a9 iStockphoto \/ RyanJLane \u2013 <a href=\"http:\/\/istockphoto.com\/de\">www.istockphoto.com\/de<br \/>\n<\/a>(Service\/Glossar \u2013 Abklatschprobe? Kinderleicht erkl\u00e4rt, https:\/\/www.jatiproducts.com\/de\/service\/glossar\/)<\/p>\n<p>\u00a9 iStockphoto \/ Hans-Martens \u2013 <a href=\"http:\/\/istockphoto.com\/de\">www.istockphoto.com\/de<br \/>\n<\/a>(AGB &#8211; Alles im Blick. Auch das Kleingedruckte, https:\/\/www.jatiproducts.com\/de\/agb\/)[\/vc_column_text][\/vc_column][\/vc_row][vc_row][vc_column][vc_column_text]<div class=\"woocommerce woocommerce-gzd woocommerce-gzd-complaints-shortcode\">\n\t\t\t<h3>Alternative Streitbeilegung gem\u00e4\u00df Art. 14 Abs. 1 ODR-VO und \u00a7 36 VSBG:<\/h3>\n\t\nZur Teilnahme an einem Streitbeilegungsverfahren vor einer Verbraucherschlichtungsstelle sind wir nicht verpflichtet und nicht bereit.<\/div>[\/vc_column_text][\/vc_column][\/vc_row]<\/p>\n<\/div>","protected":false},"excerpt":{"rendered":"<p>[vc_row][vc_column][vc_column_text css=&#8220;&#8220;] Impressum &nbsp; JATI GmbH Hovekampstr. 18 48431 Rheine Gesch\u00e4ftsf\u00fchrer: Guido Beckmann Niederlassung: JATI GmbH Merklinghauser Stra\u00dfe 8 59969 Hallenberg Kontakt: Telefon +49 2984 93493-0 Telefax +49 2984 93493-29 E-Mail: info@jati-group.com Registereintrag: Eintragung im Handelsregister. Registergericht: Amtsgericht Steinfurt Registernummer: HRB 12203 Umsatzsteuer-ID: Umsatzsteuer-Identifikationsnummer gem\u00e4\u00df \u00a727 a Umsatzsteuergesetz: DE815791136 Konzeption, Gestaltung und Programmierung: Expect More [&#8230;]<\/p>\n<p><a class=\"btn btn-secondary understrap-read-more-link\" href=\"https:\/\/www.jatiproducts.com\/de\/impressum\/\">Weiterlesen&#8230;<\/a><\/p>\n","protected":false},"author":1,"featured_media":0,"parent":0,"menu_order":110,"comment_status":"closed","ping_status":"closed","template":"","meta":{"_acf_changed":false,"footnotes":""},"class_list":["post-7","page","type-page","status-publish","hentry"],"acf":[],"yoast_head":"<!-- This site is optimized with the Yoast SEO plugin v27.4 - https:\/\/yoast.com\/product\/yoast-seo-wordpress\/ -->\n<title>JATI GmbH - Impressum<\/title>\n<meta name=\"description\" content=\"Im Impressum der Website von JATI finden Sie alle wichtigen Angaben zu Haftung, Quellenangaben, Urheberrecht und mehr.\" \/>\n<meta name=\"robots\" content=\"index, follow, max-snippet:-1, max-image-preview:large, max-video-preview:-1\" \/>\n<link rel=\"canonical\" href=\"https:\/\/www.jatiproducts.com\/de\/impressum\/\" \/>\n<meta property=\"og:locale\" content=\"de_DE\" \/>\n<meta property=\"og:type\" content=\"article\" \/>\n<meta property=\"og:title\" content=\"JATI GmbH - Impressum\" \/>\n<meta property=\"og:description\" content=\"Im Impressum der Website von JATI finden Sie alle wichtigen Angaben zu Haftung, Quellenangaben, Urheberrecht und mehr.\" \/>\n<meta property=\"og:url\" content=\"https:\/\/www.jatiproducts.com\/de\/impressum\/\" \/>\n<meta property=\"og:site_name\" content=\"JATI GmbH\" \/>\n<meta property=\"article:publisher\" content=\"https:\/\/www.facebook.com\/people\/JATI-diemitdempferd\/61555813963787\/\" \/>\n<meta property=\"article:modified_time\" content=\"2025-06-09T14:28:28+00:00\" \/>\n<meta name=\"twitter:card\" content=\"summary_large_image\" \/>\n<meta name=\"twitter:label1\" content=\"Gesch\u00e4tzte Lesezeit\" \/>\n\t<meta name=\"twitter:data1\" content=\"4\u00a0Minuten\" \/>\n<script type=\"application\/ld+json\" class=\"yoast-schema-graph\">{\"@context\":\"https:\\\/\\\/schema.org\",\"@graph\":[{\"@type\":\"WebPage\",\"@id\":\"https:\\\/\\\/www.jatiproducts.com\\\/de\\\/impressum\\\/\",\"url\":\"https:\\\/\\\/www.jatiproducts.com\\\/de\\\/impressum\\\/\",\"name\":\"JATI GmbH - Impressum\",\"isPartOf\":{\"@id\":\"https:\\\/\\\/www.jatiproducts.com\\\/de\\\/#website\"},\"datePublished\":\"2019-07-22T10:27:36+00:00\",\"dateModified\":\"2025-06-09T14:28:28+00:00\",\"description\":\"Im Impressum der Website von JATI finden Sie alle wichtigen Angaben zu Haftung, Quellenangaben, Urheberrecht und mehr.\",\"breadcrumb\":{\"@id\":\"https:\\\/\\\/www.jatiproducts.com\\\/de\\\/impressum\\\/#breadcrumb\"},\"inLanguage\":\"de\",\"potentialAction\":[{\"@type\":\"ReadAction\",\"target\":[\"https:\\\/\\\/www.jatiproducts.com\\\/de\\\/impressum\\\/\"]}]},{\"@type\":\"BreadcrumbList\",\"@id\":\"https:\\\/\\\/www.jatiproducts.com\\\/de\\\/impressum\\\/#breadcrumb\",\"itemListElement\":[{\"@type\":\"ListItem\",\"position\":1,\"name\":\"Startseite\",\"item\":\"https:\\\/\\\/www.jatiproducts.com\\\/de\\\/\"},{\"@type\":\"ListItem\",\"position\":2,\"name\":\"Impressum\"}]},{\"@type\":\"WebSite\",\"@id\":\"https:\\\/\\\/www.jatiproducts.com\\\/de\\\/#website\",\"url\":\"https:\\\/\\\/www.jatiproducts.com\\\/de\\\/\",\"name\":\"JATI GmbH\",\"description\":\"JATI GmbH\",\"publisher\":{\"@id\":\"https:\\\/\\\/www.jatiproducts.com\\\/de\\\/#organization\"},\"potentialAction\":[{\"@type\":\"SearchAction\",\"target\":{\"@type\":\"EntryPoint\",\"urlTemplate\":\"https:\\\/\\\/www.jatiproducts.com\\\/de\\\/?s={search_term_string}\"},\"query-input\":{\"@type\":\"PropertyValueSpecification\",\"valueRequired\":true,\"valueName\":\"search_term_string\"}}],\"inLanguage\":\"de\"},{\"@type\":\"Organization\",\"@id\":\"https:\\\/\\\/www.jatiproducts.com\\\/de\\\/#organization\",\"name\":\"JATI GmbH\",\"url\":\"https:\\\/\\\/www.jatiproducts.com\\\/de\\\/\",\"logo\":{\"@type\":\"ImageObject\",\"inLanguage\":\"de\",\"@id\":\"https:\\\/\\\/www.jatiproducts.com\\\/de\\\/#\\\/schema\\\/logo\\\/image\\\/\",\"url\":\"https:\\\/\\\/www.jatiproducts.com\\\/wp-content\\\/uploads\\\/site-logo.png\",\"contentUrl\":\"https:\\\/\\\/www.jatiproducts.com\\\/wp-content\\\/uploads\\\/site-logo.png\",\"width\":696,\"height\":696,\"caption\":\"JATI GmbH\"},\"image\":{\"@id\":\"https:\\\/\\\/www.jatiproducts.com\\\/de\\\/#\\\/schema\\\/logo\\\/image\\\/\"},\"sameAs\":[\"https:\\\/\\\/www.facebook.com\\\/people\\\/JATI-diemitdempferd\\\/61555813963787\\\/\",\"https:\\\/\\\/www.instagram.com\\\/jati_diemitdemschaum\\\/\",\"https:\\\/\\\/www.youtube.com\\\/user\\\/JatiProducts\",\"https:\\\/\\\/www.linkedin.com\\\/company\\\/jati-gmbh\\\/\"]}]}<\/script>\n<!-- \/ Yoast SEO plugin. -->","yoast_head_json":{"title":"JATI GmbH - Impressum","description":"Im Impressum der Website von JATI finden Sie alle wichtigen Angaben zu Haftung, Quellenangaben, Urheberrecht und mehr.","robots":{"index":"index","follow":"follow","max-snippet":"max-snippet:-1","max-image-preview":"max-image-preview:large","max-video-preview":"max-video-preview:-1"},"canonical":"https:\/\/www.jatiproducts.com\/de\/impressum\/","og_locale":"de_DE","og_type":"article","og_title":"JATI GmbH - Impressum","og_description":"Im Impressum der Website von JATI finden Sie alle wichtigen Angaben zu Haftung, Quellenangaben, Urheberrecht und mehr.","og_url":"https:\/\/www.jatiproducts.com\/de\/impressum\/","og_site_name":"JATI GmbH","article_publisher":"https:\/\/www.facebook.com\/people\/JATI-diemitdempferd\/61555813963787\/","article_modified_time":"2025-06-09T14:28:28+00:00","twitter_card":"summary_large_image","twitter_misc":{"Gesch\u00e4tzte Lesezeit":"4\u00a0Minuten"},"schema":{"@context":"https:\/\/schema.org","@graph":[{"@type":"WebPage","@id":"https:\/\/www.jatiproducts.com\/de\/impressum\/","url":"https:\/\/www.jatiproducts.com\/de\/impressum\/","name":"JATI GmbH - Impressum","isPartOf":{"@id":"https:\/\/www.jatiproducts.com\/de\/#website"},"datePublished":"2019-07-22T10:27:36+00:00","dateModified":"2025-06-09T14:28:28+00:00","description":"Im Impressum der Website von JATI finden Sie alle wichtigen Angaben zu Haftung, Quellenangaben, Urheberrecht und mehr.","breadcrumb":{"@id":"https:\/\/www.jatiproducts.com\/de\/impressum\/#breadcrumb"},"inLanguage":"de","potentialAction":[{"@type":"ReadAction","target":["https:\/\/www.jatiproducts.com\/de\/impressum\/"]}]},{"@type":"BreadcrumbList","@id":"https:\/\/www.jatiproducts.com\/de\/impressum\/#breadcrumb","itemListElement":[{"@type":"ListItem","position":1,"name":"Startseite","item":"https:\/\/www.jatiproducts.com\/de\/"},{"@type":"ListItem","position":2,"name":"Impressum"}]},{"@type":"WebSite","@id":"https:\/\/www.jatiproducts.com\/de\/#website","url":"https:\/\/www.jatiproducts.com\/de\/","name":"JATI GmbH","description":"JATI GmbH","publisher":{"@id":"https:\/\/www.jatiproducts.com\/de\/#organization"},"potentialAction":[{"@type":"SearchAction","target":{"@type":"EntryPoint","urlTemplate":"https:\/\/www.jatiproducts.com\/de\/?s={search_term_string}"},"query-input":{"@type":"PropertyValueSpecification","valueRequired":true,"valueName":"search_term_string"}}],"inLanguage":"de"},{"@type":"Organization","@id":"https:\/\/www.jatiproducts.com\/de\/#organization","name":"JATI GmbH","url":"https:\/\/www.jatiproducts.com\/de\/","logo":{"@type":"ImageObject","inLanguage":"de","@id":"https:\/\/www.jatiproducts.com\/de\/#\/schema\/logo\/image\/","url":"https:\/\/www.jatiproducts.com\/wp-content\/uploads\/site-logo.png","contentUrl":"https:\/\/www.jatiproducts.com\/wp-content\/uploads\/site-logo.png","width":696,"height":696,"caption":"JATI GmbH"},"image":{"@id":"https:\/\/www.jatiproducts.com\/de\/#\/schema\/logo\/image\/"},"sameAs":["https:\/\/www.facebook.com\/people\/JATI-diemitdempferd\/61555813963787\/","https:\/\/www.instagram.com\/jati_diemitdemschaum\/","https:\/\/www.youtube.com\/user\/JatiProducts","https:\/\/www.linkedin.com\/company\/jati-gmbh\/"]}]}},"_links":{"self":[{"href":"https:\/\/www.jatiproducts.com\/de\/wp-json\/wp\/v2\/pages\/7","targetHints":{"allow":["GET"]}}],"collection":[{"href":"https:\/\/www.jatiproducts.com\/de\/wp-json\/wp\/v2\/pages"}],"about":[{"href":"https:\/\/www.jatiproducts.com\/de\/wp-json\/wp\/v2\/types\/page"}],"author":[{"embeddable":true,"href":"https:\/\/www.jatiproducts.com\/de\/wp-json\/wp\/v2\/users\/1"}],"replies":[{"embeddable":true,"href":"https:\/\/www.jatiproducts.com\/de\/wp-json\/wp\/v2\/comments?post=7"}],"version-history":[{"count":3,"href":"https:\/\/www.jatiproducts.com\/de\/wp-json\/wp\/v2\/pages\/7\/revisions"}],"predecessor-version":[{"id":7265,"href":"https:\/\/www.jatiproducts.com\/de\/wp-json\/wp\/v2\/pages\/7\/revisions\/7265"}],"wp:attachment":[{"href":"https:\/\/www.jatiproducts.com\/de\/wp-json\/wp\/v2\/media?parent=7"}],"curies":[{"name":"wp","href":"https:\/\/api.w.org\/{rel}","templated":true}]}}