{"id":5357,"date":"2024-04-26T13:37:21","date_gmt":"2024-04-26T11:37:21","guid":{"rendered":"https:\/\/p684588.webspaceconfig.de\/jati-wp\/jatiproducts.com\/de\/?post_type=product&#038;p=5357"},"modified":"2026-03-31T14:41:35","modified_gmt":"2026-03-31T12:41:35","slug":"schimmelentferner-jati-spe","status":"publish","type":"product","link":"https:\/\/www.jatiproducts.com\/de\/schimmelsanierung\/schimmelentferner-jati-spe\/","title":{"rendered":"Schimmelentferner JATI SPE"},"content":{"rendered":"<div class=\"wpb-content-wrapper\"><p>[vc_row][vc_column width=&#8220;2\/3&#8243;][vc_column_text]<\/p>\n<h1>Schimmelentferner JATI SPE<\/h1>\n<p><strong>Weil Oberfl\u00e4chen kein Grund f\u00fcr Schimmel sind \u2013 daf\u00fcr haben wir JATI SPE entwickelt. Das Produkt basiert auf Wasserstoffperoxid. Erg\u00e4nzt um die stabilisierende Eigenschaft von organischen Fruchts\u00e4uren ergibt sich insgesamt die besondere Wirkung dieses ebenso besonderen Schimmelentferners.<\/strong>[\/vc_column_text][vc_separator align=&#8220;align_left&#8220; css=&#8220;.vc_custom_1564415618920{margin-top: 50px !important;margin-bottom: 15px !important;}&#8220;][vc_row_inner][vc_column_inner width=&#8220;1\/2&#8243;][vc_column_text]<\/p>\n<h3>Die Anwendung:<\/h3>\n<h4>Sofort startklar f\u00fcr ein schnelles Ende.<\/h4>\n<p>JATI SPE ist gebrauchsfertig und wird im Spr\u00fchverfahren angewendet. Bei glatten Oberfl\u00e4chen kann JATI SPE auch als Wischdesinfektion eingesetzt werden. In der Regel reicht 1 Liter JATI SPE f\u00fcr ca. 10 m\u00b2. Bei starkem Pilzbefall oder bei saugenden Untergr\u00fcnden kann sich der Verbrauch erh\u00f6hen. Danach hat f\u00fcr Schimmelpilz das letzte St\u00fcndlein geschlagen. Denn bereits nach 60 Minuten Einwirkzeit kann der abget\u00f6tete Schimmelpilz mechanisch entfernt werden. Der Untergrund spielt dabei kaum eine Rolle. Ob fl\u00e4chig auf Materialien aller Art oder punktuell auf Einrichtungsgegenst\u00e4nden, JATI SPE wirkt so gut wie \u00fcberall:<\/p>\n<p><strong>Holz, Mauerwerk, Polster, Tapeten, Silikon, OSB-Platten, Kacheln, Teppiche, diffusionsoffener Holzwerkstoff, u. v. m.<\/strong>[\/vc_column_text][\/vc_column_inner][vc_column_inner width=&#8220;1\/2&#8243;][vc_column_text]<\/p>\n<h3>Die Einsatzbereiche:<\/h3>\n<h4>Hart zu Schimmelpilz auch in sensiblen Bereichen.<\/h4>\n<p>JATI SPE kann \u00fcberaus vielseitig eingesetzt werden. Selbst sensible Wohnbereiche wie Schlaf- oder Kinderzimmer sind nach der Behandlung sofort wieder begeh- und bewohnbar. Weitere Einsatzgebiete \u2013 sei es bei Gro\u00dfsanierungen oder in der kleinfl\u00e4chigen Anwendung zuhause \u2013 sind zum Beispiel:<\/p>\n<p><strong>Wohnzimmer, Dachgeschosse, K\u00fcchen, Sanit\u00e4rbereiche, Hotels &amp; Restaurants, Krankenh\u00e4user &amp; Pflegeeinrichtungen, Kellerr\u00e4ume (auch Weinkeller), Lebensmittel verarbeitende Industrie u. v. m.<\/strong>[\/vc_column_text][\/vc_column_inner][\/vc_row_inner][vc_separator align=&#8220;align_left&#8220; css=&#8220;.vc_custom_1564415669961{margin-top: 15px !important;margin-bottom: 50px !important;}&#8220;][vc_column_text]<\/p>\n<h3>Die Vorteile:<\/h3>\n<h4>Das Beste daran ist, dass vieles nicht drin ist.<\/h4>\n<h4>Sicherheit:<\/h4>\n<ul>\n<li>Ohne Chlor, Hypochlorit, Alkohole, Aldehyde, quart\u00e4re Ammoniumverbindungen<\/li>\n<li>Kein Gefahrstoff gem. CLP-VO<\/li>\n<li>Nicht brennbar<\/li>\n<li>Zerf\u00e4llt nach der Anwendung zu Wasser und Sauerstoff<\/li>\n<li>Nahezu geruchslos<\/li>\n<\/ul>\n<h4>Wirkung:<\/h4>\n<ul>\n<li>Zuverl\u00e4ssige Wirkung innerhalb von 60 Minuten<\/li>\n<li>T\u00f6tet Schimmelpilze und Sporen ab<\/li>\n<li>Wirksam auch gegen Bakterien nach EN 13697<\/li>\n<li>Verhindert schnellen Neubefall (schimmelhemmend)<\/li>\n<\/ul>\n<h4>Anwendung:<\/h4>\n<ul>\n<li>Sparsam (ca. 100 ml \/ m<sup>2<\/sup>)<\/li>\n<li>Schnelle Verarbeitung (3 bis 5 Minuten \/ 10 m<sup>2<\/sup>)<\/li>\n<li>Keine Folgebehandlungen n\u00f6tig<\/li>\n<li>Vermeidet Entsorgung von Tapeten, Bauschutt etc. als Sonderm\u00fcll<\/li>\n<\/ul>\n<p>[\/vc_column_text][vc_column_text]<\/p>\n<h4>Weitere Besonderheiten:<\/h4>\n<p>JATI SPE wirkt erwiesenerma\u00dfen zu 100 % auch gegen Staph. Aureus. Dar\u00fcber hinaus kann JATI SPE auch effektiv gegen Entercoccus Hirae und Pseudomonas Aeruginosa eingesetzt werden, die etwa auch bei Hochwassersch\u00e4den auftreten.[\/vc_column_text][vc_separator align=&#8220;align_left&#8220; css=&#8220;.vc_custom_1564419671488{margin-top: 50px !important;margin-bottom: 15px !important;}&#8220;][vc_row_inner][vc_column_inner width=&#8220;1\/2&#8243;][vc_column_text]<\/p>\n<h3>Registrierung<\/h3>\n<p>Schimmelentferner JATI SPE ist bei der Bundesanstalt f\u00fcr Arbeitsschutz und Arbeitsmedizin (BAuA) und bei dem Bundesinstitut f\u00fcr Risikobewertung (BfR) als verkehrsf\u00e4higes Biozid-Produkt in den Produktarten 2 und 4 gemeldet und registriert.<\/p>\n<p>Registrierungsnummer: N-85729[\/vc_column_text][\/vc_column_inner][vc_column_inner width=&#8220;1\/2&#8243;][vc_column_text]<\/p>\n<h3>Bauaufsichtliche Zulassung<\/h3>\n<p>Unsere Produkte sind bauaufsichtlich nicht zulassungspflichtig, da sie nicht als Bauprodukte anzusehen sind. Dies best\u00e4tigt auch das Deutsche Institut f\u00fcr Bautechnik.[\/vc_column_text][\/vc_column_inner][\/vc_row_inner][vc_row_inner][vc_column_inner width=&#8220;1\/2&#8243;][vc_column_text]<\/p>\n<h3>F\u00fcr Privatanwender:<\/h3>\n<p>Weitere Informationen und Bezugsm\u00f6glichkeiten finden Sie unter <a href=\"https:\/\/www.schimmelpilzentferner.de\" target=\"_blank\" rel=\"noopener noreferrer\">www.schimmelpilzentferner.de<\/a>[\/vc_column_text][\/vc_column_inner][vc_column_inner width=&#8220;1\/2&#8243;][\/vc_column_inner][\/vc_row_inner][\/vc_column][vc_column width=&#8220;1\/3&#8243;][single_product_to_cart][vc_row_inner el_class=&#8220;gray-container&#8220;][vc_column_inner][vc_column_text]<\/p>\n<h3>Datenbl\u00e4tter:<\/h3>\n<p>[\/vc_column_text][downloads filter=&#8220;singleproduct&#8220; product=&#8220;schimmelpilzentferner-jati-spe&#8220; downloadtype=&#8220;produktinformationen&#8220;][vc_separator color=&#8220;white&#8220; align=&#8220;align_left&#8220; css=&#8220;.vc_custom_1564418909005{margin-top: 35px !important;margin-bottom: 35px !important;}&#8220;][vc_column_text]<\/p>\n<h3>Checklisten:<\/h3>\n<p>Zur Pr\u00fcfung auf m\u00f6gliche L\u00f6sungsans\u00e4tze und zur Berechnung der Verbrauchsmengen.[\/vc_column_text][vc_btn title=&#8220;Zu den Checklisten&#8220; color=&#8220;default&#8220; css=&#8220;.vc_custom_1739883236225{margin-top: -15px !important;margin-bottom: 0px !important;}&#8220; link=&#8220;url:https%3A%2F%2Fwww.jatiproducts.com%2Fde%2Fservice%2Fdownloads%2F%23checklisten|title:Downloads&#8220;][vc_separator color=&#8220;white&#8220; align=&#8220;align_left&#8220; css=&#8220;.vc_custom_1564418932428{margin-top: 25px !important;margin-bottom: 25px !important;}&#8220;][vc_column_text]<\/p>\n<h3>Leistungsbeschreibungen:<\/h3>\n<p>Als Anregung f\u00fcr Ihren Ausschreibungstext.[\/vc_column_text][vc_btn title=&#8220;Leistungsbeschreibungen&#8220; color=&#8220;default&#8220; css=&#8220;.vc_custom_1739883270089{margin-top: -15px !important;margin-bottom: 0px !important;}&#8220; link=&#8220;url:https%3A%2F%2Fwww.jatiproducts.com%2Fde%2Fservice%2Fdownloads%2F%23leistungsbeschreibungen|title:Downloads&#8220;][\/vc_column_inner][\/vc_row_inner][vc_row_inner el_class=&#8220;gray-container&#8220;][vc_column_inner][vc_column_text]<\/p>\n<h3>Referenzen:<\/h3>\n<p><a href=\"https:\/\/www.jatiproducts.com\/de\/informationen\/referenzen\/#tiefgarage\" target=\"_blank\" rel=\"noopener\">Entdecken Sie hier JATI SPE in der Anwendung.<\/a>[\/vc_column_text][vc_separator color=&#8220;white&#8220; align=&#8220;align_left&#8220; css=&#8220;.vc_custom_1564418909005{margin-top: 35px !important;margin-bottom: 35px !important;}&#8220;][single_matching_product product_id=&#8220;5425&#8243; headline=&#8220;Dieses Produkt k\u00f6nnte auch interessant f\u00fcr Sie sein:&#8220;][vc_separator color=&#8220;white&#8220; align=&#8220;align_left&#8220; css=&#8220;.vc_custom_1564418932428{margin-top: 25px !important;margin-bottom: 25px !important;}&#8220;][vc_column_text]<\/p>\n<h3>Haben Sie Fragen zu JATI SPE?<\/h3>\n<p>Hier gibt es Antworten:<\/p>\n<h4 style=\"margin-top: -0.5rem;\"><a href=\"https:\/\/www.jatiproducts.com\/de\/kontakt\/\" target=\"_blank\" rel=\"noopener\">info@jati-group.com<\/a><\/h4>\n<p>+49 (0) 2984 \/ 93 4 93-0[\/vc_column_text][\/vc_column_inner][\/vc_row_inner][vc_row_inner disable_element=&#8220;yes&#8220; el_class=&#8220;gray-container&#8220;][vc_column_inner][vc_column_text]<\/p>\n<h3>Video:<\/h3>\n<p>[\/vc_column_text][vc_video link=&#8220;https:\/\/youtu.be\/pN7stcKkQt0&#8243;][vc_btn title=&#8220;weitere Videos&#8220; color=&#8220;default&#8220; css=&#8220;.vc_custom_1602507132892{margin-top: -15px !important;margin-bottom: 0px !important;}&#8220; link=&#8220;url:https%3A%2F%2Fp684588.webspaceconfig.de%2Fjati-wp%2Fjatiproducts.com%2Fde%2Fservice%2Fvideos%2F|||&#8220;][\/vc_column_inner][\/vc_row_inner][\/vc_column][\/vc_row]<\/p>\n<\/div>","protected":false},"excerpt":{"rendered":"<p>JATI SPE vernichtet Schimmelpilze, Schimmelpilzsporen und Bakterien. Es konserviert den Untergrund und verhindert den schnellen Neubefall. JATI SPE wirkt auch unterst\u00fctzend bei der mechanischen Entfernung des abget\u00f6teten Schimmelpilzes. [&#8230;]<\/p>\n<p><a class=\"btn btn-secondary understrap-read-more-link\" href=\"https:\/\/www.jatiproducts.com\/de\/schimmelsanierung\/schimmelentferner-jati-spe\/\">Weiterlesen&#8230;<\/a><\/p>\n","protected":false},"featured_media":575,"template":"","meta":{"_acf_changed":false,"footnotes":""},"product_brand":[],"product_cat":[120,94],"product_tag":[],"class_list":{"0":"post-5357","1":"product","2":"type-product","3":"status-publish","4":"has-post-thumbnail","6":"product_cat-oberflaechenschutz","7":"product_cat-schimmelsanierung","9":"first","10":"instock","11":"taxable","12":"shipping-taxable","13":"purchasable","14":"product-type-variable","15":"has-default-attributes"},"acf":[],"yoast_head":"<!-- This site is optimized with the Yoast SEO plugin v27.2 - https:\/\/yoast.com\/product\/yoast-seo-wordpress\/ -->\n<title>Schimmelentferner JATI SPE - JATI GmbH<\/title>\n<meta name=\"description\" content=\"Der Schimmelentferner JATI SPE t\u00f6tet Schimmelpilze und Sporen ab. Zuverl\u00e4ssig und wirksam. Er ist gebrauchsfertig und wird im Spr\u00fchverfahren angewendet.\" \/>\n<meta name=\"robots\" content=\"index, follow, max-snippet:-1, max-image-preview:large, max-video-preview:-1\" \/>\n<link rel=\"canonical\" href=\"https:\/\/www.jatiproducts.com\/de\/schimmelsanierung\/schimmelentferner-jati-spe\/\" \/>\n<meta property=\"og:locale\" content=\"de_DE\" \/>\n<meta property=\"og:type\" content=\"article\" \/>\n<meta property=\"og:title\" content=\"Schimmelentferner JATI SPE - JATI GmbH\" \/>\n<meta property=\"og:description\" content=\"Der Schimmelentferner JATI SPE t\u00f6tet Schimmelpilze und Sporen ab. Zuverl\u00e4ssig und wirksam. Er ist gebrauchsfertig und wird im Spr\u00fchverfahren angewendet.\" \/>\n<meta property=\"og:url\" content=\"https:\/\/www.jatiproducts.com\/de\/schimmelsanierung\/schimmelentferner-jati-spe\/\" \/>\n<meta property=\"og:site_name\" content=\"JATI GmbH\" \/>\n<meta property=\"article:publisher\" content=\"https:\/\/www.facebook.com\/people\/JATI-diemitdempferd\/61555813963787\/\" \/>\n<meta property=\"article:modified_time\" content=\"2026-03-31T12:41:35+00:00\" \/>\n<meta property=\"og:image\" content=\"https:\/\/www.jatiproducts.com\/wp-content\/uploads\/single_product_de_spe.png\" \/>\n\t<meta property=\"og:image:width\" content=\"1589\" \/>\n\t<meta property=\"og:image:height\" content=\"1765\" \/>\n\t<meta property=\"og:image:type\" content=\"image\/png\" \/>\n<meta name=\"twitter:card\" content=\"summary_large_image\" \/>\n<meta name=\"twitter:label1\" content=\"Gesch\u00e4tzte Lesezeit\" \/>\n\t<meta name=\"twitter:data1\" content=\"4\u00a0Minuten\" \/>\n<script type=\"application\/ld+json\" class=\"yoast-schema-graph\">{\"@context\":\"https:\/\/schema.org\",\"@graph\":[{\"@type\":\"WebPage\",\"@id\":\"https:\/\/www.jatiproducts.com\/de\/schimmelsanierung\/schimmelentferner-jati-spe\/\",\"url\":\"https:\/\/www.jatiproducts.com\/de\/schimmelsanierung\/schimmelentferner-jati-spe\/\",\"name\":\"Schimmelentferner JATI SPE - JATI GmbH\",\"isPartOf\":{\"@id\":\"https:\/\/www.jatiproducts.com\/de\/#website\"},\"primaryImageOfPage\":{\"@id\":\"https:\/\/www.jatiproducts.com\/de\/schimmelsanierung\/schimmelentferner-jati-spe\/#primaryimage\"},\"image\":{\"@id\":\"https:\/\/www.jatiproducts.com\/de\/schimmelsanierung\/schimmelentferner-jati-spe\/#primaryimage\"},\"thumbnailUrl\":\"https:\/\/www.jatiproducts.com\/wp-content\/uploads\/single_product_de_spe.png\",\"datePublished\":\"2024-04-26T11:37:21+00:00\",\"dateModified\":\"2026-03-31T12:41:35+00:00\",\"description\":\"Der Schimmelentferner JATI SPE t\u00f6tet Schimmelpilze und Sporen ab. Zuverl\u00e4ssig und wirksam. Er ist gebrauchsfertig und wird im Spr\u00fchverfahren angewendet.\",\"breadcrumb\":{\"@id\":\"https:\/\/www.jatiproducts.com\/de\/schimmelsanierung\/schimmelentferner-jati-spe\/#breadcrumb\"},\"inLanguage\":\"de\",\"potentialAction\":[{\"@type\":\"ReadAction\",\"target\":[\"https:\/\/www.jatiproducts.com\/de\/schimmelsanierung\/schimmelentferner-jati-spe\/\"]}]},{\"@type\":\"ImageObject\",\"inLanguage\":\"de\",\"@id\":\"https:\/\/www.jatiproducts.com\/de\/schimmelsanierung\/schimmelentferner-jati-spe\/#primaryimage\",\"url\":\"https:\/\/www.jatiproducts.com\/wp-content\/uploads\/single_product_de_spe.png\",\"contentUrl\":\"https:\/\/www.jatiproducts.com\/wp-content\/uploads\/single_product_de_spe.png\",\"width\":1589,\"height\":1765,\"caption\":\"Produktbild JATI SPE Schimmelpilzentferner\"},{\"@type\":\"BreadcrumbList\",\"@id\":\"https:\/\/www.jatiproducts.com\/de\/schimmelsanierung\/schimmelentferner-jati-spe\/#breadcrumb\",\"itemListElement\":[{\"@type\":\"ListItem\",\"position\":1,\"name\":\"Startseite\",\"item\":\"https:\/\/www.jatiproducts.com\/de\/\"},{\"@type\":\"ListItem\",\"position\":2,\"name\":\"Shop\",\"item\":\"https:\/\/www.jatiproducts.com\/de\/shop\/\"},{\"@type\":\"ListItem\",\"position\":3,\"name\":\"Schimmelentferner JATI SPE\"}]},{\"@type\":\"WebSite\",\"@id\":\"https:\/\/www.jatiproducts.com\/de\/#website\",\"url\":\"https:\/\/www.jatiproducts.com\/de\/\",\"name\":\"JATI GmbH\",\"description\":\"JATI GmbH\",\"publisher\":{\"@id\":\"https:\/\/www.jatiproducts.com\/de\/#organization\"},\"potentialAction\":[{\"@type\":\"SearchAction\",\"target\":{\"@type\":\"EntryPoint\",\"urlTemplate\":\"https:\/\/www.jatiproducts.com\/de\/?s={search_term_string}\"},\"query-input\":{\"@type\":\"PropertyValueSpecification\",\"valueRequired\":true,\"valueName\":\"search_term_string\"}}],\"inLanguage\":\"de\"},{\"@type\":\"Organization\",\"@id\":\"https:\/\/www.jatiproducts.com\/de\/#organization\",\"name\":\"JATI GmbH\",\"url\":\"https:\/\/www.jatiproducts.com\/de\/\",\"logo\":{\"@type\":\"ImageObject\",\"inLanguage\":\"de\",\"@id\":\"https:\/\/www.jatiproducts.com\/de\/#\/schema\/logo\/image\/\",\"url\":\"https:\/\/www.jatiproducts.com\/wp-content\/uploads\/site-logo.png\",\"contentUrl\":\"https:\/\/www.jatiproducts.com\/wp-content\/uploads\/site-logo.png\",\"width\":696,\"height\":696,\"caption\":\"JATI GmbH\"},\"image\":{\"@id\":\"https:\/\/www.jatiproducts.com\/de\/#\/schema\/logo\/image\/\"},\"sameAs\":[\"https:\/\/www.facebook.com\/people\/JATI-diemitdempferd\/61555813963787\/\",\"https:\/\/www.instagram.com\/jati_diemitdemschaum\/\",\"https:\/\/www.youtube.com\/user\/JatiProducts\",\"https:\/\/www.linkedin.com\/company\/jati-gmbh\/\"]}]}<\/script>\n<!-- \/ Yoast SEO plugin. -->","yoast_head_json":{"title":"Schimmelentferner JATI SPE - JATI GmbH","description":"Der Schimmelentferner JATI SPE t\u00f6tet Schimmelpilze und Sporen ab. Zuverl\u00e4ssig und wirksam. Er ist gebrauchsfertig und wird im Spr\u00fchverfahren angewendet.","robots":{"index":"index","follow":"follow","max-snippet":"max-snippet:-1","max-image-preview":"max-image-preview:large","max-video-preview":"max-video-preview:-1"},"canonical":"https:\/\/www.jatiproducts.com\/de\/schimmelsanierung\/schimmelentferner-jati-spe\/","og_locale":"de_DE","og_type":"article","og_title":"Schimmelentferner JATI SPE - JATI GmbH","og_description":"Der Schimmelentferner JATI SPE t\u00f6tet Schimmelpilze und Sporen ab. Zuverl\u00e4ssig und wirksam. Er ist gebrauchsfertig und wird im Spr\u00fchverfahren angewendet.","og_url":"https:\/\/www.jatiproducts.com\/de\/schimmelsanierung\/schimmelentferner-jati-spe\/","og_site_name":"JATI GmbH","article_publisher":"https:\/\/www.facebook.com\/people\/JATI-diemitdempferd\/61555813963787\/","article_modified_time":"2026-03-31T12:41:35+00:00","og_image":[{"width":1589,"height":1765,"url":"https:\/\/www.jatiproducts.com\/wp-content\/uploads\/single_product_de_spe.png","type":"image\/png"}],"twitter_card":"summary_large_image","twitter_misc":{"Gesch\u00e4tzte Lesezeit":"4\u00a0Minuten"},"schema":{"@context":"https:\/\/schema.org","@graph":[{"@type":"WebPage","@id":"https:\/\/www.jatiproducts.com\/de\/schimmelsanierung\/schimmelentferner-jati-spe\/","url":"https:\/\/www.jatiproducts.com\/de\/schimmelsanierung\/schimmelentferner-jati-spe\/","name":"Schimmelentferner JATI SPE - JATI GmbH","isPartOf":{"@id":"https:\/\/www.jatiproducts.com\/de\/#website"},"primaryImageOfPage":{"@id":"https:\/\/www.jatiproducts.com\/de\/schimmelsanierung\/schimmelentferner-jati-spe\/#primaryimage"},"image":{"@id":"https:\/\/www.jatiproducts.com\/de\/schimmelsanierung\/schimmelentferner-jati-spe\/#primaryimage"},"thumbnailUrl":"https:\/\/www.jatiproducts.com\/wp-content\/uploads\/single_product_de_spe.png","datePublished":"2024-04-26T11:37:21+00:00","dateModified":"2026-03-31T12:41:35+00:00","description":"Der Schimmelentferner JATI SPE t\u00f6tet Schimmelpilze und Sporen ab. Zuverl\u00e4ssig und wirksam. Er ist gebrauchsfertig und wird im Spr\u00fchverfahren angewendet.","breadcrumb":{"@id":"https:\/\/www.jatiproducts.com\/de\/schimmelsanierung\/schimmelentferner-jati-spe\/#breadcrumb"},"inLanguage":"de","potentialAction":[{"@type":"ReadAction","target":["https:\/\/www.jatiproducts.com\/de\/schimmelsanierung\/schimmelentferner-jati-spe\/"]}]},{"@type":"ImageObject","inLanguage":"de","@id":"https:\/\/www.jatiproducts.com\/de\/schimmelsanierung\/schimmelentferner-jati-spe\/#primaryimage","url":"https:\/\/www.jatiproducts.com\/wp-content\/uploads\/single_product_de_spe.png","contentUrl":"https:\/\/www.jatiproducts.com\/wp-content\/uploads\/single_product_de_spe.png","width":1589,"height":1765,"caption":"Produktbild JATI SPE Schimmelpilzentferner"},{"@type":"BreadcrumbList","@id":"https:\/\/www.jatiproducts.com\/de\/schimmelsanierung\/schimmelentferner-jati-spe\/#breadcrumb","itemListElement":[{"@type":"ListItem","position":1,"name":"Startseite","item":"https:\/\/www.jatiproducts.com\/de\/"},{"@type":"ListItem","position":2,"name":"Shop","item":"https:\/\/www.jatiproducts.com\/de\/shop\/"},{"@type":"ListItem","position":3,"name":"Schimmelentferner JATI SPE"}]},{"@type":"WebSite","@id":"https:\/\/www.jatiproducts.com\/de\/#website","url":"https:\/\/www.jatiproducts.com\/de\/","name":"JATI GmbH","description":"JATI GmbH","publisher":{"@id":"https:\/\/www.jatiproducts.com\/de\/#organization"},"potentialAction":[{"@type":"SearchAction","target":{"@type":"EntryPoint","urlTemplate":"https:\/\/www.jatiproducts.com\/de\/?s={search_term_string}"},"query-input":{"@type":"PropertyValueSpecification","valueRequired":true,"valueName":"search_term_string"}}],"inLanguage":"de"},{"@type":"Organization","@id":"https:\/\/www.jatiproducts.com\/de\/#organization","name":"JATI GmbH","url":"https:\/\/www.jatiproducts.com\/de\/","logo":{"@type":"ImageObject","inLanguage":"de","@id":"https:\/\/www.jatiproducts.com\/de\/#\/schema\/logo\/image\/","url":"https:\/\/www.jatiproducts.com\/wp-content\/uploads\/site-logo.png","contentUrl":"https:\/\/www.jatiproducts.com\/wp-content\/uploads\/site-logo.png","width":696,"height":696,"caption":"JATI GmbH"},"image":{"@id":"https:\/\/www.jatiproducts.com\/de\/#\/schema\/logo\/image\/"},"sameAs":["https:\/\/www.facebook.com\/people\/JATI-diemitdempferd\/61555813963787\/","https:\/\/www.instagram.com\/jati_diemitdemschaum\/","https:\/\/www.youtube.com\/user\/JatiProducts","https:\/\/www.linkedin.com\/company\/jati-gmbh\/"]}]}},"_links":{"self":[{"href":"https:\/\/www.jatiproducts.com\/de\/wp-json\/wp\/v2\/product\/5357","targetHints":{"allow":["GET"]}}],"collection":[{"href":"https:\/\/www.jatiproducts.com\/de\/wp-json\/wp\/v2\/product"}],"about":[{"href":"https:\/\/www.jatiproducts.com\/de\/wp-json\/wp\/v2\/types\/product"}],"version-history":[{"count":2,"href":"https:\/\/www.jatiproducts.com\/de\/wp-json\/wp\/v2\/product\/5357\/revisions"}],"predecessor-version":[{"id":6881,"href":"https:\/\/www.jatiproducts.com\/de\/wp-json\/wp\/v2\/product\/5357\/revisions\/6881"}],"wp:featuredmedia":[{"embeddable":true,"href":"https:\/\/www.jatiproducts.com\/de\/wp-json\/wp\/v2\/media\/575"}],"wp:attachment":[{"href":"https:\/\/www.jatiproducts.com\/de\/wp-json\/wp\/v2\/media?parent=5357"}],"wp:term":[{"taxonomy":"product_brand","embeddable":true,"href":"https:\/\/www.jatiproducts.com\/de\/wp-json\/wp\/v2\/product_brand?post=5357"},{"taxonomy":"product_cat","embeddable":true,"href":"https:\/\/www.jatiproducts.com\/de\/wp-json\/wp\/v2\/product_cat?post=5357"},{"taxonomy":"product_tag","embeddable":true,"href":"https:\/\/www.jatiproducts.com\/de\/wp-json\/wp\/v2\/product_tag?post=5357"}],"curies":[{"name":"wp","href":"https:\/\/api.w.org\/{rel}","templated":true}]}}