{"id":5414,"date":"2024-05-03T13:59:38","date_gmt":"2024-05-03T11:59:38","guid":{"rendered":"https:\/\/p684588.webspaceconfig.de\/jati-wp\/jatiproducts.com\/de\/?post_type=product&#038;p=5414"},"modified":"2026-03-31T13:51:40","modified_gmt":"2026-03-31T11:51:40","slug":"druckspeicher-spruehgeraet-clean-matic-5-p","status":"publish","type":"product","link":"https:\/\/www.jatiproducts.com\/de\/schimmelsanierung\/druckspeicher-spruehgeraet-clean-matic-5-p\/","title":{"rendered":"Druckspeicher-Spr\u00fchger\u00e4t CLEAN-MATIC 5 P"},"content":{"rendered":"<div class=\"wpb-content-wrapper\"><p>[vc_row][vc_column width=&#8220;2\/3&#8243;][vc_column_text css=&#8220;&#8220;]<\/p>\n<h1>Druckspeicher-Spr\u00fchger\u00e4t<br \/>\nCLEAN-MATIC 5 P<\/h1>\n<p>Das Druckspeicher-Spr\u00fchger\u00e4t CLEAN-MATIC 5 P hat einen bruchfesten Kunststoffbeh\u00e4lter f\u00fcr 5 Liter Inhalt. Die chemisch best\u00e4ndigen Viton-Dichtungen erlauben den Einsatz verschiedenster Chemikalien und Konzentrationen. Das 2,5 Liter Druckpolster erm\u00f6glicht 4 bar Arbeitsdruck und sorgt f\u00fcr eine maximale Spr\u00fchdauer zwischen den Pumpvorg\u00e4ngen. Mit der leichtl\u00e4ufigen und f\u00f6rderstarken Handpumpe ist das Aufpumpen kraftschonend. Zus\u00e4tzlich l\u00e4sst sich auch Druckluft \u00fcber ein integriertes Ventil zuf\u00fchren. Durch die gro\u00dfe Einf\u00fcll\u00f6ffnung mit integriertem Trichter l\u00e4sst sich das Ger\u00e4t gut bef\u00fcllen und auch reinigen.[\/vc_column_text][vc_row_inner][vc_column_inner width=&#8220;1\/2&#8243;][vc_column_text]<\/p>\n<h3>Weitere Ausstattung<\/h3>\n<ul>\n<li>50 cm Edelstahlspr\u00fchrohr mit 1,5 m Druckschlauch.<\/li>\n<li>Handventil mit Ventilstange aus Edelstahl.<\/li>\n<li>Sehr gute Standfestigkeit.<\/li>\n<li>Komfortabler Tragegurt.<\/li>\n<li>Handgriff mit integrierter Spr\u00fchrohrhalterung.<\/li>\n<li>CE-gepr\u00fcft.<\/li>\n<li>Optimale Anpassung durch Zubeh\u00f6r m\u00f6glich.<\/li>\n<\/ul>\n<p>[\/vc_column_text][\/vc_column_inner][vc_column_inner el_class=&#8220;gray-container&#8220; width=&#8220;1\/2&#8243;][vc_column_text css=&#8220;&#8220;]<\/p>\n<h3>Dokumente<\/h3>\n<p>[\/vc_column_text][downloads filter=&#8220;singleproduct&#8220; product=&#8220;clean-matic-5-p&#8220; downloadtype=&#8220;bedienungsanleitungen&#8220;][\/vc_column_inner][\/vc_row_inner][\/vc_column][vc_column width=&#8220;1\/3&#8243;][single_product_to_cart][\/vc_column][\/vc_row]<\/p>\n<\/div>","protected":false},"excerpt":{"rendered":"<p>Das Druckspeicher-Spr\u00fchger\u00e4t CLEAN-MATIC 5 P hat einen bruchfesten Kunststoffbeh\u00e4lter f\u00fcr 5 Liter Inhalt. Das 2,5 Liter Druckpolster erm\u00f6glicht 4 bar Arbeitsdruck f\u00fcr maximale Spr\u00fchdauer zwischen den Pumpvorg\u00e4ngen. Kraftschonendes Aufpumpen dank leichtl\u00e4ufiger und f\u00f6rderstarker Handpumpe. [&#8230;]<\/p>\n<p><a class=\"btn btn-secondary understrap-read-more-link\" href=\"https:\/\/www.jatiproducts.com\/de\/schimmelsanierung\/druckspeicher-spruehgeraet-clean-matic-5-p\/\">Weiterlesen&#8230;<\/a><\/p>\n","protected":false},"featured_media":6904,"template":"","meta":{"_acf_changed":false,"footnotes":""},"product_brand":[],"product_cat":[94,131,119],"product_tag":[],"class_list":{"0":"post-5414","1":"product","2":"type-product","3":"status-publish","4":"has-post-thumbnail","6":"product_cat-schimmelsanierung","7":"product_cat-spruehbehaelter","8":"product_cat-zubehoer","10":"first","11":"instock","12":"taxable","13":"shipping-taxable","14":"purchasable","15":"product-type-simple"},"acf":[],"yoast_head":"<!-- This site is optimized with the Yoast SEO plugin v27.2 - https:\/\/yoast.com\/product\/yoast-seo-wordpress\/ -->\n<title>Druckspeicher-Spr\u00fchger\u00e4t CLEAN-MATIC 5 P - JATI GmbH<\/title>\n<meta name=\"description\" content=\"Robustes 5L Druckspeicher-Spr\u00fchger\u00e4t mit Viton-Dichtungen, 4 bar Arbeitsdruck, ergonomischer Handpumpe und gro\u00dfer Einf\u00fcll\u00f6ffnung.\" \/>\n<meta name=\"robots\" content=\"index, follow, max-snippet:-1, max-image-preview:large, max-video-preview:-1\" \/>\n<link rel=\"canonical\" href=\"https:\/\/www.jatiproducts.com\/de\/schimmelsanierung\/druckspeicher-spruehgeraet-clean-matic-5-p\/\" \/>\n<meta property=\"og:locale\" content=\"de_DE\" \/>\n<meta property=\"og:type\" content=\"article\" \/>\n<meta property=\"og:title\" content=\"Druckspeicher-Spr\u00fchger\u00e4t CLEAN-MATIC 5 P - JATI GmbH\" \/>\n<meta property=\"og:description\" content=\"Robustes 5L Druckspeicher-Spr\u00fchger\u00e4t mit Viton-Dichtungen, 4 bar Arbeitsdruck, ergonomischer Handpumpe und gro\u00dfer Einf\u00fcll\u00f6ffnung.\" \/>\n<meta property=\"og:url\" content=\"https:\/\/www.jatiproducts.com\/de\/schimmelsanierung\/druckspeicher-spruehgeraet-clean-matic-5-p\/\" \/>\n<meta property=\"og:site_name\" content=\"JATI GmbH\" \/>\n<meta property=\"article:publisher\" content=\"https:\/\/www.facebook.com\/people\/JATI-diemitdempferd\/61555813963787\/\" \/>\n<meta property=\"article:modified_time\" content=\"2026-03-31T11:51:40+00:00\" \/>\n<meta property=\"og:image\" content=\"https:\/\/www.jatiproducts.com\/wp-content\/uploads\/Clean-Matik-5P-1.jpg\" \/>\n\t<meta property=\"og:image:width\" content=\"344\" \/>\n\t<meta property=\"og:image:height\" content=\"684\" \/>\n\t<meta property=\"og:image:type\" content=\"image\/jpeg\" \/>\n<meta name=\"twitter:card\" content=\"summary_large_image\" \/>\n<meta name=\"twitter:label1\" content=\"Gesch\u00e4tzte Lesezeit\" \/>\n\t<meta name=\"twitter:data1\" content=\"1\u00a0Minute\" \/>\n<script type=\"application\/ld+json\" class=\"yoast-schema-graph\">{\"@context\":\"https:\/\/schema.org\",\"@graph\":[{\"@type\":\"WebPage\",\"@id\":\"https:\/\/www.jatiproducts.com\/de\/schimmelsanierung\/druckspeicher-spruehgeraet-clean-matic-5-p\/\",\"url\":\"https:\/\/www.jatiproducts.com\/de\/schimmelsanierung\/druckspeicher-spruehgeraet-clean-matic-5-p\/\",\"name\":\"Druckspeicher-Spr\u00fchger\u00e4t CLEAN-MATIC 5 P - JATI GmbH\",\"isPartOf\":{\"@id\":\"https:\/\/www.jatiproducts.com\/de\/#website\"},\"primaryImageOfPage\":{\"@id\":\"https:\/\/www.jatiproducts.com\/de\/schimmelsanierung\/druckspeicher-spruehgeraet-clean-matic-5-p\/#primaryimage\"},\"image\":{\"@id\":\"https:\/\/www.jatiproducts.com\/de\/schimmelsanierung\/druckspeicher-spruehgeraet-clean-matic-5-p\/#primaryimage\"},\"thumbnailUrl\":\"https:\/\/www.jatiproducts.com\/wp-content\/uploads\/Clean-Matik-5P-1.jpg\",\"datePublished\":\"2024-05-03T11:59:38+00:00\",\"dateModified\":\"2026-03-31T11:51:40+00:00\",\"description\":\"Robustes 5L Druckspeicher-Spr\u00fchger\u00e4t mit Viton-Dichtungen, 4 bar Arbeitsdruck, ergonomischer Handpumpe und gro\u00dfer Einf\u00fcll\u00f6ffnung.\",\"breadcrumb\":{\"@id\":\"https:\/\/www.jatiproducts.com\/de\/schimmelsanierung\/druckspeicher-spruehgeraet-clean-matic-5-p\/#breadcrumb\"},\"inLanguage\":\"de\",\"potentialAction\":[{\"@type\":\"ReadAction\",\"target\":[\"https:\/\/www.jatiproducts.com\/de\/schimmelsanierung\/druckspeicher-spruehgeraet-clean-matic-5-p\/\"]}]},{\"@type\":\"ImageObject\",\"inLanguage\":\"de\",\"@id\":\"https:\/\/www.jatiproducts.com\/de\/schimmelsanierung\/druckspeicher-spruehgeraet-clean-matic-5-p\/#primaryimage\",\"url\":\"https:\/\/www.jatiproducts.com\/wp-content\/uploads\/Clean-Matik-5P-1.jpg\",\"contentUrl\":\"https:\/\/www.jatiproducts.com\/wp-content\/uploads\/Clean-Matik-5P-1.jpg\",\"width\":344,\"height\":684},{\"@type\":\"BreadcrumbList\",\"@id\":\"https:\/\/www.jatiproducts.com\/de\/schimmelsanierung\/druckspeicher-spruehgeraet-clean-matic-5-p\/#breadcrumb\",\"itemListElement\":[{\"@type\":\"ListItem\",\"position\":1,\"name\":\"Startseite\",\"item\":\"https:\/\/www.jatiproducts.com\/de\/\"},{\"@type\":\"ListItem\",\"position\":2,\"name\":\"Shop\",\"item\":\"https:\/\/www.jatiproducts.com\/de\/shop\/\"},{\"@type\":\"ListItem\",\"position\":3,\"name\":\"Druckspeicher-Spr\u00fchger\u00e4t CLEAN-MATIC 5 P\"}]},{\"@type\":\"WebSite\",\"@id\":\"https:\/\/www.jatiproducts.com\/de\/#website\",\"url\":\"https:\/\/www.jatiproducts.com\/de\/\",\"name\":\"JATI GmbH\",\"description\":\"JATI GmbH\",\"publisher\":{\"@id\":\"https:\/\/www.jatiproducts.com\/de\/#organization\"},\"potentialAction\":[{\"@type\":\"SearchAction\",\"target\":{\"@type\":\"EntryPoint\",\"urlTemplate\":\"https:\/\/www.jatiproducts.com\/de\/?s={search_term_string}\"},\"query-input\":{\"@type\":\"PropertyValueSpecification\",\"valueRequired\":true,\"valueName\":\"search_term_string\"}}],\"inLanguage\":\"de\"},{\"@type\":\"Organization\",\"@id\":\"https:\/\/www.jatiproducts.com\/de\/#organization\",\"name\":\"JATI GmbH\",\"url\":\"https:\/\/www.jatiproducts.com\/de\/\",\"logo\":{\"@type\":\"ImageObject\",\"inLanguage\":\"de\",\"@id\":\"https:\/\/www.jatiproducts.com\/de\/#\/schema\/logo\/image\/\",\"url\":\"https:\/\/www.jatiproducts.com\/wp-content\/uploads\/site-logo.png\",\"contentUrl\":\"https:\/\/www.jatiproducts.com\/wp-content\/uploads\/site-logo.png\",\"width\":696,\"height\":696,\"caption\":\"JATI GmbH\"},\"image\":{\"@id\":\"https:\/\/www.jatiproducts.com\/de\/#\/schema\/logo\/image\/\"},\"sameAs\":[\"https:\/\/www.facebook.com\/people\/JATI-diemitdempferd\/61555813963787\/\",\"https:\/\/www.instagram.com\/jati_diemitdemschaum\/\",\"https:\/\/www.youtube.com\/user\/JatiProducts\",\"https:\/\/www.linkedin.com\/company\/jati-gmbh\/\"]}]}<\/script>\n<!-- \/ Yoast SEO plugin. -->","yoast_head_json":{"title":"Druckspeicher-Spr\u00fchger\u00e4t CLEAN-MATIC 5 P - JATI GmbH","description":"Robustes 5L Druckspeicher-Spr\u00fchger\u00e4t mit Viton-Dichtungen, 4 bar Arbeitsdruck, ergonomischer Handpumpe und gro\u00dfer Einf\u00fcll\u00f6ffnung.","robots":{"index":"index","follow":"follow","max-snippet":"max-snippet:-1","max-image-preview":"max-image-preview:large","max-video-preview":"max-video-preview:-1"},"canonical":"https:\/\/www.jatiproducts.com\/de\/schimmelsanierung\/druckspeicher-spruehgeraet-clean-matic-5-p\/","og_locale":"de_DE","og_type":"article","og_title":"Druckspeicher-Spr\u00fchger\u00e4t CLEAN-MATIC 5 P - JATI GmbH","og_description":"Robustes 5L Druckspeicher-Spr\u00fchger\u00e4t mit Viton-Dichtungen, 4 bar Arbeitsdruck, ergonomischer Handpumpe und gro\u00dfer Einf\u00fcll\u00f6ffnung.","og_url":"https:\/\/www.jatiproducts.com\/de\/schimmelsanierung\/druckspeicher-spruehgeraet-clean-matic-5-p\/","og_site_name":"JATI GmbH","article_publisher":"https:\/\/www.facebook.com\/people\/JATI-diemitdempferd\/61555813963787\/","article_modified_time":"2026-03-31T11:51:40+00:00","og_image":[{"width":344,"height":684,"url":"https:\/\/www.jatiproducts.com\/wp-content\/uploads\/Clean-Matik-5P-1.jpg","type":"image\/jpeg"}],"twitter_card":"summary_large_image","twitter_misc":{"Gesch\u00e4tzte Lesezeit":"1\u00a0Minute"},"schema":{"@context":"https:\/\/schema.org","@graph":[{"@type":"WebPage","@id":"https:\/\/www.jatiproducts.com\/de\/schimmelsanierung\/druckspeicher-spruehgeraet-clean-matic-5-p\/","url":"https:\/\/www.jatiproducts.com\/de\/schimmelsanierung\/druckspeicher-spruehgeraet-clean-matic-5-p\/","name":"Druckspeicher-Spr\u00fchger\u00e4t CLEAN-MATIC 5 P - JATI GmbH","isPartOf":{"@id":"https:\/\/www.jatiproducts.com\/de\/#website"},"primaryImageOfPage":{"@id":"https:\/\/www.jatiproducts.com\/de\/schimmelsanierung\/druckspeicher-spruehgeraet-clean-matic-5-p\/#primaryimage"},"image":{"@id":"https:\/\/www.jatiproducts.com\/de\/schimmelsanierung\/druckspeicher-spruehgeraet-clean-matic-5-p\/#primaryimage"},"thumbnailUrl":"https:\/\/www.jatiproducts.com\/wp-content\/uploads\/Clean-Matik-5P-1.jpg","datePublished":"2024-05-03T11:59:38+00:00","dateModified":"2026-03-31T11:51:40+00:00","description":"Robustes 5L Druckspeicher-Spr\u00fchger\u00e4t mit Viton-Dichtungen, 4 bar Arbeitsdruck, ergonomischer Handpumpe und gro\u00dfer Einf\u00fcll\u00f6ffnung.","breadcrumb":{"@id":"https:\/\/www.jatiproducts.com\/de\/schimmelsanierung\/druckspeicher-spruehgeraet-clean-matic-5-p\/#breadcrumb"},"inLanguage":"de","potentialAction":[{"@type":"ReadAction","target":["https:\/\/www.jatiproducts.com\/de\/schimmelsanierung\/druckspeicher-spruehgeraet-clean-matic-5-p\/"]}]},{"@type":"ImageObject","inLanguage":"de","@id":"https:\/\/www.jatiproducts.com\/de\/schimmelsanierung\/druckspeicher-spruehgeraet-clean-matic-5-p\/#primaryimage","url":"https:\/\/www.jatiproducts.com\/wp-content\/uploads\/Clean-Matik-5P-1.jpg","contentUrl":"https:\/\/www.jatiproducts.com\/wp-content\/uploads\/Clean-Matik-5P-1.jpg","width":344,"height":684},{"@type":"BreadcrumbList","@id":"https:\/\/www.jatiproducts.com\/de\/schimmelsanierung\/druckspeicher-spruehgeraet-clean-matic-5-p\/#breadcrumb","itemListElement":[{"@type":"ListItem","position":1,"name":"Startseite","item":"https:\/\/www.jatiproducts.com\/de\/"},{"@type":"ListItem","position":2,"name":"Shop","item":"https:\/\/www.jatiproducts.com\/de\/shop\/"},{"@type":"ListItem","position":3,"name":"Druckspeicher-Spr\u00fchger\u00e4t CLEAN-MATIC 5 P"}]},{"@type":"WebSite","@id":"https:\/\/www.jatiproducts.com\/de\/#website","url":"https:\/\/www.jatiproducts.com\/de\/","name":"JATI GmbH","description":"JATI GmbH","publisher":{"@id":"https:\/\/www.jatiproducts.com\/de\/#organization"},"potentialAction":[{"@type":"SearchAction","target":{"@type":"EntryPoint","urlTemplate":"https:\/\/www.jatiproducts.com\/de\/?s={search_term_string}"},"query-input":{"@type":"PropertyValueSpecification","valueRequired":true,"valueName":"search_term_string"}}],"inLanguage":"de"},{"@type":"Organization","@id":"https:\/\/www.jatiproducts.com\/de\/#organization","name":"JATI GmbH","url":"https:\/\/www.jatiproducts.com\/de\/","logo":{"@type":"ImageObject","inLanguage":"de","@id":"https:\/\/www.jatiproducts.com\/de\/#\/schema\/logo\/image\/","url":"https:\/\/www.jatiproducts.com\/wp-content\/uploads\/site-logo.png","contentUrl":"https:\/\/www.jatiproducts.com\/wp-content\/uploads\/site-logo.png","width":696,"height":696,"caption":"JATI GmbH"},"image":{"@id":"https:\/\/www.jatiproducts.com\/de\/#\/schema\/logo\/image\/"},"sameAs":["https:\/\/www.facebook.com\/people\/JATI-diemitdempferd\/61555813963787\/","https:\/\/www.instagram.com\/jati_diemitdemschaum\/","https:\/\/www.youtube.com\/user\/JatiProducts","https:\/\/www.linkedin.com\/company\/jati-gmbh\/"]}]}},"_links":{"self":[{"href":"https:\/\/www.jatiproducts.com\/de\/wp-json\/wp\/v2\/product\/5414","targetHints":{"allow":["GET"]}}],"collection":[{"href":"https:\/\/www.jatiproducts.com\/de\/wp-json\/wp\/v2\/product"}],"about":[{"href":"https:\/\/www.jatiproducts.com\/de\/wp-json\/wp\/v2\/types\/product"}],"version-history":[{"count":5,"href":"https:\/\/www.jatiproducts.com\/de\/wp-json\/wp\/v2\/product\/5414\/revisions"}],"predecessor-version":[{"id":7947,"href":"https:\/\/www.jatiproducts.com\/de\/wp-json\/wp\/v2\/product\/5414\/revisions\/7947"}],"wp:featuredmedia":[{"embeddable":true,"href":"https:\/\/www.jatiproducts.com\/de\/wp-json\/wp\/v2\/media\/6904"}],"wp:attachment":[{"href":"https:\/\/www.jatiproducts.com\/de\/wp-json\/wp\/v2\/media?parent=5414"}],"wp:term":[{"taxonomy":"product_brand","embeddable":true,"href":"https:\/\/www.jatiproducts.com\/de\/wp-json\/wp\/v2\/product_brand?post=5414"},{"taxonomy":"product_cat","embeddable":true,"href":"https:\/\/www.jatiproducts.com\/de\/wp-json\/wp\/v2\/product_cat?post=5414"},{"taxonomy":"product_tag","embeddable":true,"href":"https:\/\/www.jatiproducts.com\/de\/wp-json\/wp\/v2\/product_tag?post=5414"}],"curies":[{"name":"wp","href":"https:\/\/api.w.org\/{rel}","templated":true}]}}