{"id":5419,"date":"2024-05-03T14:41:58","date_gmt":"2024-05-03T12:41:58","guid":{"rendered":"https:\/\/p684588.webspaceconfig.de\/jati-wp\/jatiproducts.com\/de\/?post_type=product&#038;p=5419"},"modified":"2026-03-31T14:40:41","modified_gmt":"2026-03-31T12:40:41","slug":"oberflaechenentkeimer-jati-ofe","status":"publish","type":"product","link":"https:\/\/www.jatiproducts.com\/de\/schimmelsanierung\/oberflaechenentkeimer-jati-ofe\/","title":{"rendered":"Oberfl\u00e4chenentkeimer JATI OFE"},"content":{"rendered":"<div class=\"wpb-content-wrapper\"><p>[vc_row][vc_column width=&#8220;2\/3&#8243;][vc_column_text]<\/p>\n<h1>Oberfl\u00e4chenentkeimer JATI OFE<\/h1>\n<p><strong>Es kommt vor, dass sich w\u00e4hrend einer Schimmelsanierung Sporen von befallenen Oberfl\u00e4chen l\u00f6sen, in die Raumluft gehen und so die umgebenden Bereiche belasten. In diesem Fall spricht man von Sekund\u00e4rkontaminationen. Der Oberfl\u00e4chenentkeimer ist niedrig konzentriert und doch hoch effektiv, so dass er alle Keime restlos abt\u00f6tet.<\/strong><\/p>\n<p><strong>Sie k\u00f6nnen JATI OFE auf Beton, Putz und vielen anderen Oberfl\u00e4chen einsetzen. Die biozide Wirksamkeit basiert dabei auf Aktivsauerstoff. Sch\u00f6ner Nebeneffekt: Der Aktivsauerstoff zersetzt sich bei der Anwendung zu Wasser und Sauerstoff. So kann JATI OFE selbst in sensiblen Bereichen \u2013 wie Kinder- oder Schlafzimmer \u2013 eingesetzt werden.<\/strong>[\/vc_column_text][vc_separator align=&#8220;align_left&#8220; css=&#8220;.vc_custom_1564415618920{margin-top: 50px !important;margin-bottom: 15px !important;}&#8220;][vc_row_inner][vc_column_inner width=&#8220;1\/2&#8243;][vc_column_text]<\/p>\n<h3>Die Anwendung:<\/h3>\n<h4>Spr\u00fchen oder wischen und immer freuen.<\/h4>\n<p>Der Oberfl\u00e4chenentkeimer JATI OFE kann im Spr\u00fch- oder im Wischverfahren (bei glatten Fl\u00e4chen) angewendet werden. Die Verbrauchsmenge liegt bei ca. 100 ml \/ m\u00b2, bei stark saugenden Untergr\u00fcnden h\u00f6her. Wegen der geringen Wirkstoffmengen von weniger als 2,5 % Wasserstoffperoxid ist JATI OFE einfach zu verarbeiten. Wir empfehlen eine Einwirkzeit von 30 Minuten. Geeignete Oberfl\u00e4chen sind zum Beispiel:<\/p>\n<p><strong>Putz, Beton, Holz, Fliesen, u. v. m.<\/strong>[\/vc_column_text][\/vc_column_inner][vc_column_inner width=&#8220;1\/2&#8243;][vc_column_text]<\/p>\n<h3>Die Einsatzbereiche:<\/h3>\n<h4>Macht Kinderzimmer nicht ordentlich, aber rein.<\/h4>\n<p><strong>Wohnr\u00e4ume, gewerbliche R\u00e4ume, sensible Bereiche wie Schlaf- und Kinderzimmer, K\u00fcchen, Lebensmittel verarbeitende Betriebe, u. v. m.<\/strong>[\/vc_column_text][\/vc_column_inner][\/vc_row_inner][vc_separator align=&#8220;align_left&#8220; css=&#8220;.vc_custom_1564415669961{margin-top: 15px !important;margin-bottom: 50px !important;}&#8220;][vc_column_text]<\/p>\n<h3>Die Vorteile:<\/h3>\n<h4>Keine zweite Chance f\u00fcr Sporen und Bakterien.<\/h4>\n<ul>\n<li>Inaktiviert die Keimf\u00e4higkeit von Sporen<\/li>\n<li>Ohne Chlor, Alkohole, Aldehyde, quart\u00e4re Ammoniumverbindungen<\/li>\n<li>JATI OFE ist kein Gefahrstoff gem. CLP-VO<\/li>\n<li>Einfach in der Anwendung<\/li>\n<li>Wirkt auch gegen coliforme Keime<\/li>\n<\/ul>\n<p>[\/vc_column_text][vc_separator align=&#8220;align_left&#8220; css=&#8220;.vc_custom_1564419671488{margin-top: 50px !important;margin-bottom: 15px !important;}&#8220;][vc_row_inner][vc_column_inner width=&#8220;1\/2&#8243;][vc_column_text]<\/p>\n<h3>Registrierung<\/h3>\n<p>Oberfl\u00e4chenentkeimer JATI OFE ist bei der Bundesanstalt f\u00fcr Arbeitsschutz und Arbeitsmedizin (BAuA) und bei dem Bundesinstitut f\u00fcr Risikobewertung (BfR) als verkehrsf\u00e4higes Biozid-Produkt in den Produktarten 2 und 4 gemeldet und registriert.<\/p>\n<p>Registrierungsnummer: N-85732[\/vc_column_text][\/vc_column_inner][vc_column_inner width=&#8220;1\/2&#8243;][vc_column_text]<\/p>\n<h3>Bauaufsichtliche Zulassung<\/h3>\n<p>Unsere Produkte sind bauaufsichtlich nicht zulassungspflichtig, da sie nicht als Bauprodukte anzusehen sind. Dies best\u00e4tigt auch das Deutsche Institut f\u00fcr Bautechnik.[\/vc_column_text][\/vc_column_inner][\/vc_row_inner][\/vc_column][vc_column width=&#8220;1\/3&#8243;][single_product_to_cart][vc_row_inner el_class=&#8220;gray-container&#8220;][vc_column_inner][vc_column_text]<\/p>\n<h3>Datenbl\u00e4tter:<\/h3>\n<p>[\/vc_column_text][downloads filter=&#8220;singleproduct&#8220; product=&#8220;oberflaechenentkeimer-jati-ofe&#8220; downloadtype=&#8220;produktinformationen&#8220;][vc_separator color=&#8220;white&#8220; align=&#8220;align_left&#8220; css=&#8220;.vc_custom_1564418909005{margin-top: 35px !important;margin-bottom: 35px !important;}&#8220;][vc_column_text]<\/p>\n<h3>Checklisten:<\/h3>\n<p>Zur Pr\u00fcfung auf m\u00f6gliche L\u00f6sungsans\u00e4tze und zur Berechnung der Verbrauchsmengen.[\/vc_column_text][vc_btn title=&#8220;Zu den Checklisten&#8220; color=&#8220;default&#8220; css=&#8220;.vc_custom_1739883109218{margin-top: -15px !important;margin-bottom: 0px !important;}&#8220; link=&#8220;url:https%3A%2F%2Fwww.jatiproducts.com%2Fde%2Fservice%2Fdownloads%2F%23checklisten|title:Downloads&#8220;][vc_separator color=&#8220;white&#8220; align=&#8220;align_left&#8220; css=&#8220;.vc_custom_1564418932428{margin-top: 25px !important;margin-bottom: 25px !important;}&#8220;][vc_column_text]<\/p>\n<h3>Leistungsbeschreibungen:<\/h3>\n<p>Als Anregung f\u00fcr Ihren Ausschreibungstext.[\/vc_column_text][vc_btn title=&#8220;Leistungsbeschreibungen&#8220; color=&#8220;default&#8220; css=&#8220;.vc_custom_1739883126252{margin-top: -15px !important;margin-bottom: 0px !important;}&#8220; link=&#8220;url:https%3A%2F%2Fwww.jatiproducts.com%2Fde%2Fservice%2Fdownloads%2F%23leistungsbeschreibungen|title:Downloads&#8220;][\/vc_column_inner][\/vc_row_inner][vc_row_inner el_class=&#8220;gray-container&#8220;][vc_column_inner][single_matching_product product_id=&#8220;5423&#8243; headline=&#8220;Dieses Produkt k\u00f6nnte auch interessant f\u00fcr Sie sein:&#8220;][vc_separator color=&#8220;white&#8220; align=&#8220;align_left&#8220; css=&#8220;.vc_custom_1564418932428{margin-top: 25px !important;margin-bottom: 25px !important;}&#8220;][vc_column_text]<\/p>\n<h3>Haben Sie Fragen zu JATI OFE?<\/h3>\n<p>Hier gibt es Antworten:<\/p>\n<h4 style=\"margin-top: -0.5rem;\"><a href=\"https:\/\/www.jatiproducts.com\/de\/kontakt\/\" target=\"_blank\" rel=\"noopener\">info@jati-group.com<\/a><\/h4>\n<p>+49 (0) 2984 \/ 93 4 93-0[\/vc_column_text][\/vc_column_inner][\/vc_row_inner][\/vc_column][\/vc_row]<\/p>\n<\/div>","protected":false},"excerpt":{"rendered":"<p>JATI OFE t\u00f6tet Schimmelpilzsporen und Bakterien auf belasteten Oberfl\u00e4chen (Putz, Beton, Fliesen, Holz \u2026) ab, zum Beispiel nach Sekund\u00e4rkontaminationen. Mit der besonderen Wirkung von Aktivsauerstoff. Auch f\u00fcr sensible Bereich, wie Schlaf- oder Kinderzimmer etc. [&#8230;]<\/p>\n<p><a class=\"btn btn-secondary understrap-read-more-link\" href=\"https:\/\/www.jatiproducts.com\/de\/schimmelsanierung\/oberflaechenentkeimer-jati-ofe\/\">Weiterlesen&#8230;<\/a><\/p>\n","protected":false},"featured_media":571,"template":"","meta":{"_acf_changed":false,"footnotes":""},"product_brand":[],"product_cat":[120,94],"product_tag":[],"class_list":{"0":"post-5419","1":"product","2":"type-product","3":"status-publish","4":"has-post-thumbnail","6":"product_cat-oberflaechenschutz","7":"product_cat-schimmelsanierung","9":"first","10":"instock","11":"taxable","12":"shipping-taxable","13":"purchasable","14":"product-type-variable","15":"has-default-attributes"},"acf":[],"yoast_head":"<!-- This site is optimized with the Yoast SEO plugin v27.4 - https:\/\/yoast.com\/product\/yoast-seo-wordpress\/ -->\n<title>Oberfl\u00e4chenentkeimer JATI OFE - JATI GmbH<\/title>\n<meta name=\"description\" content=\"JATI OFE ist auf nahezu allen Oberfl\u00e4chen einsetzbar: Beton, Putz, in sensiblen Bereichen wie Schlaf- oder Kinderzimmer u.v.m\" \/>\n<meta name=\"robots\" content=\"index, follow, max-snippet:-1, max-image-preview:large, max-video-preview:-1\" \/>\n<link rel=\"canonical\" href=\"https:\/\/www.jatiproducts.com\/de\/schimmelsanierung\/oberflaechenentkeimer-jati-ofe\/\" \/>\n<meta property=\"og:locale\" content=\"de_DE\" \/>\n<meta property=\"og:type\" content=\"article\" \/>\n<meta property=\"og:title\" content=\"Oberfl\u00e4chenentkeimer JATI OFE - JATI GmbH\" \/>\n<meta property=\"og:description\" content=\"JATI OFE ist auf nahezu allen Oberfl\u00e4chen einsetzbar: Beton, Putz, in sensiblen Bereichen wie Schlaf- oder Kinderzimmer u.v.m\" \/>\n<meta property=\"og:url\" content=\"https:\/\/www.jatiproducts.com\/de\/schimmelsanierung\/oberflaechenentkeimer-jati-ofe\/\" \/>\n<meta property=\"og:site_name\" content=\"JATI GmbH\" \/>\n<meta property=\"article:publisher\" content=\"https:\/\/www.facebook.com\/people\/JATI-diemitdempferd\/61555813963787\/\" \/>\n<meta property=\"article:modified_time\" content=\"2026-03-31T12:40:41+00:00\" \/>\n<meta property=\"og:image\" content=\"https:\/\/www.jatiproducts.com\/wp-content\/uploads\/single_product_de_ofe.png\" \/>\n\t<meta property=\"og:image:width\" content=\"1589\" \/>\n\t<meta property=\"og:image:height\" content=\"1765\" \/>\n\t<meta property=\"og:image:type\" content=\"image\/png\" \/>\n<meta name=\"twitter:card\" content=\"summary_large_image\" \/>\n<meta name=\"twitter:label1\" content=\"Gesch\u00e4tzte Lesezeit\" \/>\n\t<meta name=\"twitter:data1\" content=\"3\u00a0Minuten\" \/>\n<script type=\"application\/ld+json\" class=\"yoast-schema-graph\">{\"@context\":\"https:\\\/\\\/schema.org\",\"@graph\":[{\"@type\":\"WebPage\",\"@id\":\"https:\\\/\\\/www.jatiproducts.com\\\/de\\\/schimmelsanierung\\\/oberflaechenentkeimer-jati-ofe\\\/\",\"url\":\"https:\\\/\\\/www.jatiproducts.com\\\/de\\\/schimmelsanierung\\\/oberflaechenentkeimer-jati-ofe\\\/\",\"name\":\"Oberfl\u00e4chenentkeimer JATI OFE - JATI GmbH\",\"isPartOf\":{\"@id\":\"https:\\\/\\\/www.jatiproducts.com\\\/de\\\/#website\"},\"primaryImageOfPage\":{\"@id\":\"https:\\\/\\\/www.jatiproducts.com\\\/de\\\/schimmelsanierung\\\/oberflaechenentkeimer-jati-ofe\\\/#primaryimage\"},\"image\":{\"@id\":\"https:\\\/\\\/www.jatiproducts.com\\\/de\\\/schimmelsanierung\\\/oberflaechenentkeimer-jati-ofe\\\/#primaryimage\"},\"thumbnailUrl\":\"https:\\\/\\\/www.jatiproducts.com\\\/wp-content\\\/uploads\\\/single_product_de_ofe.png\",\"datePublished\":\"2024-05-03T12:41:58+00:00\",\"dateModified\":\"2026-03-31T12:40:41+00:00\",\"description\":\"JATI OFE ist auf nahezu allen Oberfl\u00e4chen einsetzbar: Beton, Putz, in sensiblen Bereichen wie Schlaf- oder Kinderzimmer u.v.m\",\"breadcrumb\":{\"@id\":\"https:\\\/\\\/www.jatiproducts.com\\\/de\\\/schimmelsanierung\\\/oberflaechenentkeimer-jati-ofe\\\/#breadcrumb\"},\"inLanguage\":\"de\",\"potentialAction\":[{\"@type\":\"ReadAction\",\"target\":[\"https:\\\/\\\/www.jatiproducts.com\\\/de\\\/schimmelsanierung\\\/oberflaechenentkeimer-jati-ofe\\\/\"]}]},{\"@type\":\"ImageObject\",\"inLanguage\":\"de\",\"@id\":\"https:\\\/\\\/www.jatiproducts.com\\\/de\\\/schimmelsanierung\\\/oberflaechenentkeimer-jati-ofe\\\/#primaryimage\",\"url\":\"https:\\\/\\\/www.jatiproducts.com\\\/wp-content\\\/uploads\\\/single_product_de_ofe.png\",\"contentUrl\":\"https:\\\/\\\/www.jatiproducts.com\\\/wp-content\\\/uploads\\\/single_product_de_ofe.png\",\"width\":1589,\"height\":1765,\"caption\":\"Produktbild JATI OFE Oberfl\u00e4chenentkeimer\"},{\"@type\":\"BreadcrumbList\",\"@id\":\"https:\\\/\\\/www.jatiproducts.com\\\/de\\\/schimmelsanierung\\\/oberflaechenentkeimer-jati-ofe\\\/#breadcrumb\",\"itemListElement\":[{\"@type\":\"ListItem\",\"position\":1,\"name\":\"Startseite\",\"item\":\"https:\\\/\\\/www.jatiproducts.com\\\/de\\\/\"},{\"@type\":\"ListItem\",\"position\":2,\"name\":\"Shop\",\"item\":\"https:\\\/\\\/www.jatiproducts.com\\\/de\\\/shop\\\/\"},{\"@type\":\"ListItem\",\"position\":3,\"name\":\"Oberfl\u00e4chenentkeimer JATI OFE\"}]},{\"@type\":\"WebSite\",\"@id\":\"https:\\\/\\\/www.jatiproducts.com\\\/de\\\/#website\",\"url\":\"https:\\\/\\\/www.jatiproducts.com\\\/de\\\/\",\"name\":\"JATI GmbH\",\"description\":\"JATI GmbH\",\"publisher\":{\"@id\":\"https:\\\/\\\/www.jatiproducts.com\\\/de\\\/#organization\"},\"potentialAction\":[{\"@type\":\"SearchAction\",\"target\":{\"@type\":\"EntryPoint\",\"urlTemplate\":\"https:\\\/\\\/www.jatiproducts.com\\\/de\\\/?s={search_term_string}\"},\"query-input\":{\"@type\":\"PropertyValueSpecification\",\"valueRequired\":true,\"valueName\":\"search_term_string\"}}],\"inLanguage\":\"de\"},{\"@type\":\"Organization\",\"@id\":\"https:\\\/\\\/www.jatiproducts.com\\\/de\\\/#organization\",\"name\":\"JATI GmbH\",\"url\":\"https:\\\/\\\/www.jatiproducts.com\\\/de\\\/\",\"logo\":{\"@type\":\"ImageObject\",\"inLanguage\":\"de\",\"@id\":\"https:\\\/\\\/www.jatiproducts.com\\\/de\\\/#\\\/schema\\\/logo\\\/image\\\/\",\"url\":\"https:\\\/\\\/www.jatiproducts.com\\\/wp-content\\\/uploads\\\/site-logo.png\",\"contentUrl\":\"https:\\\/\\\/www.jatiproducts.com\\\/wp-content\\\/uploads\\\/site-logo.png\",\"width\":696,\"height\":696,\"caption\":\"JATI GmbH\"},\"image\":{\"@id\":\"https:\\\/\\\/www.jatiproducts.com\\\/de\\\/#\\\/schema\\\/logo\\\/image\\\/\"},\"sameAs\":[\"https:\\\/\\\/www.facebook.com\\\/people\\\/JATI-diemitdempferd\\\/61555813963787\\\/\",\"https:\\\/\\\/www.instagram.com\\\/jati_diemitdemschaum\\\/\",\"https:\\\/\\\/www.youtube.com\\\/user\\\/JatiProducts\",\"https:\\\/\\\/www.linkedin.com\\\/company\\\/jati-gmbh\\\/\"]}]}<\/script>\n<!-- \/ Yoast SEO plugin. -->","yoast_head_json":{"title":"Oberfl\u00e4chenentkeimer JATI OFE - JATI GmbH","description":"JATI OFE ist auf nahezu allen Oberfl\u00e4chen einsetzbar: Beton, Putz, in sensiblen Bereichen wie Schlaf- oder Kinderzimmer u.v.m","robots":{"index":"index","follow":"follow","max-snippet":"max-snippet:-1","max-image-preview":"max-image-preview:large","max-video-preview":"max-video-preview:-1"},"canonical":"https:\/\/www.jatiproducts.com\/de\/schimmelsanierung\/oberflaechenentkeimer-jati-ofe\/","og_locale":"de_DE","og_type":"article","og_title":"Oberfl\u00e4chenentkeimer JATI OFE - JATI GmbH","og_description":"JATI OFE ist auf nahezu allen Oberfl\u00e4chen einsetzbar: Beton, Putz, in sensiblen Bereichen wie Schlaf- oder Kinderzimmer u.v.m","og_url":"https:\/\/www.jatiproducts.com\/de\/schimmelsanierung\/oberflaechenentkeimer-jati-ofe\/","og_site_name":"JATI GmbH","article_publisher":"https:\/\/www.facebook.com\/people\/JATI-diemitdempferd\/61555813963787\/","article_modified_time":"2026-03-31T12:40:41+00:00","og_image":[{"width":1589,"height":1765,"url":"https:\/\/www.jatiproducts.com\/wp-content\/uploads\/single_product_de_ofe.png","type":"image\/png"}],"twitter_card":"summary_large_image","twitter_misc":{"Gesch\u00e4tzte Lesezeit":"3\u00a0Minuten"},"schema":{"@context":"https:\/\/schema.org","@graph":[{"@type":"WebPage","@id":"https:\/\/www.jatiproducts.com\/de\/schimmelsanierung\/oberflaechenentkeimer-jati-ofe\/","url":"https:\/\/www.jatiproducts.com\/de\/schimmelsanierung\/oberflaechenentkeimer-jati-ofe\/","name":"Oberfl\u00e4chenentkeimer JATI OFE - JATI GmbH","isPartOf":{"@id":"https:\/\/www.jatiproducts.com\/de\/#website"},"primaryImageOfPage":{"@id":"https:\/\/www.jatiproducts.com\/de\/schimmelsanierung\/oberflaechenentkeimer-jati-ofe\/#primaryimage"},"image":{"@id":"https:\/\/www.jatiproducts.com\/de\/schimmelsanierung\/oberflaechenentkeimer-jati-ofe\/#primaryimage"},"thumbnailUrl":"https:\/\/www.jatiproducts.com\/wp-content\/uploads\/single_product_de_ofe.png","datePublished":"2024-05-03T12:41:58+00:00","dateModified":"2026-03-31T12:40:41+00:00","description":"JATI OFE ist auf nahezu allen Oberfl\u00e4chen einsetzbar: Beton, Putz, in sensiblen Bereichen wie Schlaf- oder Kinderzimmer u.v.m","breadcrumb":{"@id":"https:\/\/www.jatiproducts.com\/de\/schimmelsanierung\/oberflaechenentkeimer-jati-ofe\/#breadcrumb"},"inLanguage":"de","potentialAction":[{"@type":"ReadAction","target":["https:\/\/www.jatiproducts.com\/de\/schimmelsanierung\/oberflaechenentkeimer-jati-ofe\/"]}]},{"@type":"ImageObject","inLanguage":"de","@id":"https:\/\/www.jatiproducts.com\/de\/schimmelsanierung\/oberflaechenentkeimer-jati-ofe\/#primaryimage","url":"https:\/\/www.jatiproducts.com\/wp-content\/uploads\/single_product_de_ofe.png","contentUrl":"https:\/\/www.jatiproducts.com\/wp-content\/uploads\/single_product_de_ofe.png","width":1589,"height":1765,"caption":"Produktbild JATI OFE Oberfl\u00e4chenentkeimer"},{"@type":"BreadcrumbList","@id":"https:\/\/www.jatiproducts.com\/de\/schimmelsanierung\/oberflaechenentkeimer-jati-ofe\/#breadcrumb","itemListElement":[{"@type":"ListItem","position":1,"name":"Startseite","item":"https:\/\/www.jatiproducts.com\/de\/"},{"@type":"ListItem","position":2,"name":"Shop","item":"https:\/\/www.jatiproducts.com\/de\/shop\/"},{"@type":"ListItem","position":3,"name":"Oberfl\u00e4chenentkeimer JATI OFE"}]},{"@type":"WebSite","@id":"https:\/\/www.jatiproducts.com\/de\/#website","url":"https:\/\/www.jatiproducts.com\/de\/","name":"JATI GmbH","description":"JATI GmbH","publisher":{"@id":"https:\/\/www.jatiproducts.com\/de\/#organization"},"potentialAction":[{"@type":"SearchAction","target":{"@type":"EntryPoint","urlTemplate":"https:\/\/www.jatiproducts.com\/de\/?s={search_term_string}"},"query-input":{"@type":"PropertyValueSpecification","valueRequired":true,"valueName":"search_term_string"}}],"inLanguage":"de"},{"@type":"Organization","@id":"https:\/\/www.jatiproducts.com\/de\/#organization","name":"JATI GmbH","url":"https:\/\/www.jatiproducts.com\/de\/","logo":{"@type":"ImageObject","inLanguage":"de","@id":"https:\/\/www.jatiproducts.com\/de\/#\/schema\/logo\/image\/","url":"https:\/\/www.jatiproducts.com\/wp-content\/uploads\/site-logo.png","contentUrl":"https:\/\/www.jatiproducts.com\/wp-content\/uploads\/site-logo.png","width":696,"height":696,"caption":"JATI GmbH"},"image":{"@id":"https:\/\/www.jatiproducts.com\/de\/#\/schema\/logo\/image\/"},"sameAs":["https:\/\/www.facebook.com\/people\/JATI-diemitdempferd\/61555813963787\/","https:\/\/www.instagram.com\/jati_diemitdemschaum\/","https:\/\/www.youtube.com\/user\/JatiProducts","https:\/\/www.linkedin.com\/company\/jati-gmbh\/"]}]}},"_links":{"self":[{"href":"https:\/\/www.jatiproducts.com\/de\/wp-json\/wp\/v2\/product\/5419","targetHints":{"allow":["GET"]}}],"collection":[{"href":"https:\/\/www.jatiproducts.com\/de\/wp-json\/wp\/v2\/product"}],"about":[{"href":"https:\/\/www.jatiproducts.com\/de\/wp-json\/wp\/v2\/types\/product"}],"version-history":[{"count":1,"href":"https:\/\/www.jatiproducts.com\/de\/wp-json\/wp\/v2\/product\/5419\/revisions"}],"predecessor-version":[{"id":6720,"href":"https:\/\/www.jatiproducts.com\/de\/wp-json\/wp\/v2\/product\/5419\/revisions\/6720"}],"wp:featuredmedia":[{"embeddable":true,"href":"https:\/\/www.jatiproducts.com\/de\/wp-json\/wp\/v2\/media\/571"}],"wp:attachment":[{"href":"https:\/\/www.jatiproducts.com\/de\/wp-json\/wp\/v2\/media?parent=5419"}],"wp:term":[{"taxonomy":"product_brand","embeddable":true,"href":"https:\/\/www.jatiproducts.com\/de\/wp-json\/wp\/v2\/product_brand?post=5419"},{"taxonomy":"product_cat","embeddable":true,"href":"https:\/\/www.jatiproducts.com\/de\/wp-json\/wp\/v2\/product_cat?post=5419"},{"taxonomy":"product_tag","embeddable":true,"href":"https:\/\/www.jatiproducts.com\/de\/wp-json\/wp\/v2\/product_tag?post=5419"}],"curies":[{"name":"wp","href":"https:\/\/api.w.org\/{rel}","templated":true}]}}