{"id":5425,"date":"2024-05-03T14:58:07","date_gmt":"2024-05-03T12:58:07","guid":{"rendered":"https:\/\/p684588.webspaceconfig.de\/jati-wp\/jatiproducts.com\/de\/?post_type=product&#038;p=5425"},"modified":"2026-03-31T14:40:13","modified_gmt":"2026-03-31T12:40:13","slug":"sporenvernichter-jati-sv","status":"publish","type":"product","link":"https:\/\/www.jatiproducts.com\/de\/schimmelsanierung\/sporenvernichter-jati-sv\/","title":{"rendered":"Sporenvernichter JATI SV"},"content":{"rendered":"<div class=\"wpb-content-wrapper\"><p>[vc_row][vc_column width=&#8220;2\/3&#8243;][vc_column_text]<\/p>\n<h1>Sporenvernichter JATI SV<\/h1>\n<p><strong>Schimmelsporen in der Luft sind ma\u00dfgeblich daf\u00fcr verantwortlich, dass sich ein unbehandelter Schimmelpilz weiter in Innenr\u00e4umen ausbreiten kann. In befallenen R\u00e4umen sind Schimmelsporen also immer pr\u00e4sent. Was viele nicht wissen: Da sich w\u00e4hrend einer Schimmelsanierung weitere Schimmelsporen von den behandelten Fl\u00e4chen l\u00f6sen, kann die Konzentration von Schimmelsporen in der Luft noch einmal deutlich zunehmen.<br \/>\n<\/strong><\/p>\n<p><strong>Ob Wohnraum, Industriekomplex, Gewerbebetriebe oder \u00f6ffentliche Einrichtungen \u2013 der Sporenvernichter JATI SV t\u00f6tet explizit Schimmelsporen ab, die sich in der Raumluft befinden. Die Wirkung basiert auf Wasserstoffperoxid und der zus\u00e4tzlichen, stabilisierenden Eigenschaft von organischen Fruchts\u00e4uren. Das Ergebnis: Eine Schimmelspore, die in der Luft bereits ihr Ende hat, findet auf Oberfl\u00e4chen keinen neuen Anfang.<\/strong>[\/vc_column_text][vc_separator align=&#8220;align_left&#8220; css=&#8220;.vc_custom_1564415618920{margin-top: 50px !important;margin-bottom: 15px !important;}&#8220;][vc_row_inner][vc_column_inner width=&#8220;1\/2&#8243;][vc_column_text]<\/p>\n<h3>Die Anwendung:<\/h3>\n<h4>Klare Sache dank Vernebelung.<\/h4>\n<p>JATI SV kommt per Vernebelung zur Anwendung. Ob Kaltvernebelung bei kleineren R\u00e4umen mit einer Deckenh\u00f6he bis 4 m oder Warmvernebelung bei hohen und gro\u00dfen R\u00e4umen, wie etwa Lagerhallen oder Stallungen \u2013 wir empfehlen in jedem Fall, die Arbeiten von einem Fachsanierer durchf\u00fchren zu lassen.[\/vc_column_text][\/vc_column_inner][vc_column_inner width=&#8220;1\/2&#8243;][vc_column_text]<\/p>\n<h3>Die Einsatzbereiche:<\/h3>\n<h4>Selbst in Luftsch\u00e4chten geht Schimmelsporen die Luft aus.<\/h4>\n<p><strong>Wohnungen, Industriekomplexe, gewerbliche R\u00e4ume, \u00f6ffentliche Einrichtungen, schwer zug\u00e4ngliche Bereiche (Hohlr\u00e4ume, Luftsch\u00e4chte &#8230;)<\/strong>[\/vc_column_text][\/vc_column_inner][\/vc_row_inner][vc_separator align=&#8220;align_left&#8220; css=&#8220;.vc_custom_1564415669961{margin-top: 15px !important;margin-bottom: 50px !important;}&#8220;][vc_column_text]<\/p>\n<h3>Die Vorteile:<\/h3>\n<h4>H\u00f6chst sparsam selbst bei starkem Befall.<\/h4>\n<ul>\n<li>Ohne Chlor, Hypochlorit, Alkohole, Aldehyde, quart\u00e4re Ammoniumverbindungen<\/li>\n<li>Zuverl\u00e4ssige Abt\u00f6tung von Sporen selbst bei h\u00f6chster Konzentration innerhalb von 2 Stunden<\/li>\n<li>Sehr sparsam (3 ml\/m\u00b3 Raumluft) ohne Wirkungsverlust<\/li>\n<li>Gr\u00fcndliche L\u00fcftung im Anschluss gen\u00fcgt, um R\u00e4ume wieder nutzbar zu machen<\/li>\n<\/ul>\n<p>[\/vc_column_text][vc_column_text]<\/p>\n<h4>Weitere Besonderheiten:<\/h4>\n<p>JATI SV ist die ideale Erg\u00e4nzung zum Schimmelentferner JATI SPE. Die Kombination reduziert die Gefahr eines erneuten Schimmelbefalls deutlich, da alle Schimmelsporen konsequent \u2013 auf Fl\u00e4chen und in der Luft \u2013 abget\u00f6tet werden.[\/vc_column_text][vc_separator align=&#8220;align_left&#8220; css=&#8220;.vc_custom_1564419671488{margin-top: 50px !important;margin-bottom: 15px !important;}&#8220;][vc_row_inner][vc_column_inner width=&#8220;1\/2&#8243;][vc_column_text]<\/p>\n<h3>Registrierung<\/h3>\n<p>Sporenvernichter JATI SV ist bei der Bundesanstalt f\u00fcr Arbeitsschutz und Arbeitsmedizin (BAuA) und bei dem Bundesinstitut f\u00fcr Risikobewertung (BfR) als verkehrsf\u00e4higes Biozid-Produkt in den Produktarten 2 und 4 gemeldet und registriert.<\/p>\n<p>Registrierungsnummer: N-85733[\/vc_column_text][\/vc_column_inner][vc_column_inner width=&#8220;1\/2&#8243;][vc_column_text]<\/p>\n<h3>Bauaufsichtliche Zulassung<\/h3>\n<p>Unsere Produkte sind bauaufsichtlich nicht zulassungspflichtig, da sie nicht als Bauprodukte anzusehen sind. Dies best\u00e4tigt auch das Deutsche Institut f\u00fcr Bautechnik.[\/vc_column_text][\/vc_column_inner][\/vc_row_inner][\/vc_column][vc_column width=&#8220;1\/3&#8243;][single_product_to_cart][vc_row_inner el_class=&#8220;gray-container&#8220;][vc_column_inner][vc_column_text]<\/p>\n<h3>Datenbl\u00e4tter:<\/h3>\n<p>[\/vc_column_text][downloads filter=&#8220;singleproduct&#8220; product=&#8220;sporenvernichter-jati-sv&#8220; downloadtype=&#8220;produktinformationen&#8220;][vc_separator color=&#8220;white&#8220; align=&#8220;align_left&#8220; css=&#8220;.vc_custom_1564418909005{margin-top: 35px !important;margin-bottom: 35px !important;}&#8220;][vc_column_text]<\/p>\n<h3>Checklisten:<\/h3>\n<p>Zur Pr\u00fcfung auf m\u00f6gliche L\u00f6sungsans\u00e4tze und zur Berechnung der Verbrauchsmengen.[\/vc_column_text][vc_btn title=&#8220;Zu den Checklisten&#8220; color=&#8220;default&#8220; css=&#8220;.vc_custom_1739883521074{margin-top: -15px !important;margin-bottom: 0px !important;}&#8220; link=&#8220;url:https%3A%2F%2Fwww.jatiproducts.com%2Fde%2Fservice%2Fdownloads%2F%23checklisten|title:Downloads&#8220;][vc_separator color=&#8220;white&#8220; align=&#8220;align_left&#8220; css=&#8220;.vc_custom_1564418932428{margin-top: 25px !important;margin-bottom: 25px !important;}&#8220;][vc_column_text]<\/p>\n<h3>Leistungsbeschreibungen:<\/h3>\n<p>Als Anregung f\u00fcr Ihren Ausschreibungstext.[\/vc_column_text][vc_btn title=&#8220;Leistungsbeschreibungen&#8220; color=&#8220;default&#8220; css=&#8220;.vc_custom_1739883538494{margin-top: -15px !important;margin-bottom: 0px !important;}&#8220; link=&#8220;url:https%3A%2F%2Fwww.jatiproducts.com%2Fde%2Fservice%2Fdownloads%2F%23leistungsbeschreibungen|title:Downloads&#8220;][\/vc_column_inner][\/vc_row_inner][vc_row_inner el_class=&#8220;gray-container&#8220;][vc_column_inner][vc_column_text]<\/p>\n<h3>Referenzen:<\/h3>\n<p><a href=\"https:\/\/www.jatiproducts.com\/de\/informationen\/referenzen\/#buerogebaeude\" target=\"_blank\" rel=\"noopener\">Entdecken Sie hier JATI SV in der Anwendung.<\/a>[\/vc_column_text][vc_separator color=&#8220;white&#8220; align=&#8220;align_left&#8220; css=&#8220;.vc_custom_1564418909005{margin-top: 35px !important;margin-bottom: 35px !important;}&#8220;][single_matching_product product_id=&#8220;5357&#8243; headline=&#8220;Dieses Produkt k\u00f6nnte auch interessant f\u00fcr Sie sein:&#8220;][vc_separator color=&#8220;white&#8220; align=&#8220;align_left&#8220; css=&#8220;.vc_custom_1564418932428{margin-top: 25px !important;margin-bottom: 25px !important;}&#8220;][vc_column_text]<\/p>\n<h3>Haben Sie Fragen zu JATI SV?<\/h3>\n<p>Hier gibt es Antworten:<\/p>\n<h4 style=\"margin-top: -0.5rem;\"><a href=\"https:\/\/www.jatiproducts.com\/de\/kontakt\/\" target=\"_blank\" rel=\"noopener\">info@jati-group.com<\/a><\/h4>\n<p>+49 (0) 2984 \/ 93 4 93-0[\/vc_column_text][\/vc_column_inner][\/vc_row_inner][vc_row_inner disable_element=&#8220;yes&#8220; el_class=&#8220;gray-container&#8220;][vc_column_inner][vc_column_text]<\/p>\n<h3>Video:<\/h3>\n<p>[\/vc_column_text][vc_video link=&#8220;https:\/\/www.youtube.com\/watch?v=sohDo8Ymk9I&#8220;][vc_btn title=&#8220;weitere Videos&#8220; color=&#8220;default&#8220; css=&#8220;.vc_custom_1602507516872{margin-top: -15px !important;margin-bottom: 0px !important;}&#8220; link=&#8220;url:https%3A%2F%2Fp684588.webspaceconfig.de%2Fjati-wp%2Fjatiproducts.com%2Fde%2Fservice%2Fvideos%2F|||&#8220;][\/vc_column_inner][\/vc_row_inner][\/vc_column][\/vc_row]<\/p>\n<\/div>","protected":false},"excerpt":{"rendered":"<p>Der Sporenvernichter JATI SV eignet sich hervorragend f\u00fcr den professionellen Einsatz in allen R\u00e4umen, die hohe Konzentrationen an Schimmelpilzsporen aufweisen. Alle sich in der Raumluft befindlichen Sporen werden abget\u00f6tet. F\u00fcr Kalt- und Hei\u00dffoggerger\u00e4te. [&#8230;]<\/p>\n<p><a class=\"btn btn-secondary understrap-read-more-link\" href=\"https:\/\/www.jatiproducts.com\/de\/schimmelsanierung\/sporenvernichter-jati-sv\/\">Weiterlesen&#8230;<\/a><\/p>\n","protected":false},"featured_media":577,"template":"","meta":{"_acf_changed":false,"footnotes":""},"product_brand":[],"product_cat":[121,94],"product_tag":[],"class_list":{"0":"post-5425","1":"product","2":"type-product","3":"status-publish","4":"has-post-thumbnail","6":"product_cat-raumluft","7":"product_cat-schimmelsanierung","9":"first","10":"instock","11":"taxable","12":"shipping-taxable","13":"purchasable","14":"product-type-variable","15":"has-default-attributes"},"acf":[],"yoast_head":"<!-- This site is optimized with the Yoast SEO plugin v27.2 - https:\/\/yoast.com\/product\/yoast-seo-wordpress\/ -->\n<title>Sporenvernichter JATI SV - JATI GmbH<\/title>\n<meta name=\"description\" content=\"JATI SV t\u00f6tet Schimmelsporen, die sich in der Raumluft befinden. Die Wirkung basiert auf Wasserstoffperoxid und stabilisierenden Fruchts\u00e4uren.\" \/>\n<meta name=\"robots\" content=\"index, follow, max-snippet:-1, max-image-preview:large, max-video-preview:-1\" \/>\n<link rel=\"canonical\" href=\"https:\/\/www.jatiproducts.com\/de\/schimmelsanierung\/sporenvernichter-jati-sv\/\" \/>\n<meta property=\"og:locale\" content=\"de_DE\" \/>\n<meta property=\"og:type\" content=\"article\" \/>\n<meta property=\"og:title\" content=\"Sporenvernichter JATI SV - JATI GmbH\" \/>\n<meta property=\"og:description\" content=\"JATI SV t\u00f6tet Schimmelsporen, die sich in der Raumluft befinden. Die Wirkung basiert auf Wasserstoffperoxid und stabilisierenden Fruchts\u00e4uren.\" \/>\n<meta property=\"og:url\" content=\"https:\/\/www.jatiproducts.com\/de\/schimmelsanierung\/sporenvernichter-jati-sv\/\" \/>\n<meta property=\"og:site_name\" content=\"JATI GmbH\" \/>\n<meta property=\"article:publisher\" content=\"https:\/\/www.facebook.com\/people\/JATI-diemitdempferd\/61555813963787\/\" \/>\n<meta property=\"article:modified_time\" content=\"2026-03-31T12:40:13+00:00\" \/>\n<meta property=\"og:image\" content=\"https:\/\/www.jatiproducts.com\/wp-content\/uploads\/single_product_de_sv.png\" \/>\n\t<meta property=\"og:image:width\" content=\"1589\" \/>\n\t<meta property=\"og:image:height\" content=\"1765\" \/>\n\t<meta property=\"og:image:type\" content=\"image\/png\" \/>\n<meta name=\"twitter:card\" content=\"summary_large_image\" \/>\n<meta name=\"twitter:label1\" content=\"Gesch\u00e4tzte Lesezeit\" \/>\n\t<meta name=\"twitter:data1\" content=\"3\u00a0Minuten\" \/>\n<script type=\"application\/ld+json\" class=\"yoast-schema-graph\">{\"@context\":\"https:\/\/schema.org\",\"@graph\":[{\"@type\":\"WebPage\",\"@id\":\"https:\/\/www.jatiproducts.com\/de\/schimmelsanierung\/sporenvernichter-jati-sv\/\",\"url\":\"https:\/\/www.jatiproducts.com\/de\/schimmelsanierung\/sporenvernichter-jati-sv\/\",\"name\":\"Sporenvernichter JATI SV - JATI GmbH\",\"isPartOf\":{\"@id\":\"https:\/\/www.jatiproducts.com\/de\/#website\"},\"primaryImageOfPage\":{\"@id\":\"https:\/\/www.jatiproducts.com\/de\/schimmelsanierung\/sporenvernichter-jati-sv\/#primaryimage\"},\"image\":{\"@id\":\"https:\/\/www.jatiproducts.com\/de\/schimmelsanierung\/sporenvernichter-jati-sv\/#primaryimage\"},\"thumbnailUrl\":\"https:\/\/www.jatiproducts.com\/wp-content\/uploads\/single_product_de_sv.png\",\"datePublished\":\"2024-05-03T12:58:07+00:00\",\"dateModified\":\"2026-03-31T12:40:13+00:00\",\"description\":\"JATI SV t\u00f6tet Schimmelsporen, die sich in der Raumluft befinden. Die Wirkung basiert auf Wasserstoffperoxid und stabilisierenden Fruchts\u00e4uren.\",\"breadcrumb\":{\"@id\":\"https:\/\/www.jatiproducts.com\/de\/schimmelsanierung\/sporenvernichter-jati-sv\/#breadcrumb\"},\"inLanguage\":\"de\",\"potentialAction\":[{\"@type\":\"ReadAction\",\"target\":[\"https:\/\/www.jatiproducts.com\/de\/schimmelsanierung\/sporenvernichter-jati-sv\/\"]}]},{\"@type\":\"ImageObject\",\"inLanguage\":\"de\",\"@id\":\"https:\/\/www.jatiproducts.com\/de\/schimmelsanierung\/sporenvernichter-jati-sv\/#primaryimage\",\"url\":\"https:\/\/www.jatiproducts.com\/wp-content\/uploads\/single_product_de_sv.png\",\"contentUrl\":\"https:\/\/www.jatiproducts.com\/wp-content\/uploads\/single_product_de_sv.png\",\"width\":1589,\"height\":1765,\"caption\":\"Produktbild JATI SV Sporenvernichter\"},{\"@type\":\"BreadcrumbList\",\"@id\":\"https:\/\/www.jatiproducts.com\/de\/schimmelsanierung\/sporenvernichter-jati-sv\/#breadcrumb\",\"itemListElement\":[{\"@type\":\"ListItem\",\"position\":1,\"name\":\"Startseite\",\"item\":\"https:\/\/www.jatiproducts.com\/de\/\"},{\"@type\":\"ListItem\",\"position\":2,\"name\":\"Shop\",\"item\":\"https:\/\/www.jatiproducts.com\/de\/shop\/\"},{\"@type\":\"ListItem\",\"position\":3,\"name\":\"Sporenvernichter JATI SV\"}]},{\"@type\":\"WebSite\",\"@id\":\"https:\/\/www.jatiproducts.com\/de\/#website\",\"url\":\"https:\/\/www.jatiproducts.com\/de\/\",\"name\":\"JATI GmbH\",\"description\":\"JATI GmbH\",\"publisher\":{\"@id\":\"https:\/\/www.jatiproducts.com\/de\/#organization\"},\"potentialAction\":[{\"@type\":\"SearchAction\",\"target\":{\"@type\":\"EntryPoint\",\"urlTemplate\":\"https:\/\/www.jatiproducts.com\/de\/?s={search_term_string}\"},\"query-input\":{\"@type\":\"PropertyValueSpecification\",\"valueRequired\":true,\"valueName\":\"search_term_string\"}}],\"inLanguage\":\"de\"},{\"@type\":\"Organization\",\"@id\":\"https:\/\/www.jatiproducts.com\/de\/#organization\",\"name\":\"JATI GmbH\",\"url\":\"https:\/\/www.jatiproducts.com\/de\/\",\"logo\":{\"@type\":\"ImageObject\",\"inLanguage\":\"de\",\"@id\":\"https:\/\/www.jatiproducts.com\/de\/#\/schema\/logo\/image\/\",\"url\":\"https:\/\/www.jatiproducts.com\/wp-content\/uploads\/site-logo.png\",\"contentUrl\":\"https:\/\/www.jatiproducts.com\/wp-content\/uploads\/site-logo.png\",\"width\":696,\"height\":696,\"caption\":\"JATI GmbH\"},\"image\":{\"@id\":\"https:\/\/www.jatiproducts.com\/de\/#\/schema\/logo\/image\/\"},\"sameAs\":[\"https:\/\/www.facebook.com\/people\/JATI-diemitdempferd\/61555813963787\/\",\"https:\/\/www.instagram.com\/jati_diemitdemschaum\/\",\"https:\/\/www.youtube.com\/user\/JatiProducts\",\"https:\/\/www.linkedin.com\/company\/jati-gmbh\/\"]}]}<\/script>\n<!-- \/ Yoast SEO plugin. -->","yoast_head_json":{"title":"Sporenvernichter JATI SV - JATI GmbH","description":"JATI SV t\u00f6tet Schimmelsporen, die sich in der Raumluft befinden. Die Wirkung basiert auf Wasserstoffperoxid und stabilisierenden Fruchts\u00e4uren.","robots":{"index":"index","follow":"follow","max-snippet":"max-snippet:-1","max-image-preview":"max-image-preview:large","max-video-preview":"max-video-preview:-1"},"canonical":"https:\/\/www.jatiproducts.com\/de\/schimmelsanierung\/sporenvernichter-jati-sv\/","og_locale":"de_DE","og_type":"article","og_title":"Sporenvernichter JATI SV - JATI GmbH","og_description":"JATI SV t\u00f6tet Schimmelsporen, die sich in der Raumluft befinden. Die Wirkung basiert auf Wasserstoffperoxid und stabilisierenden Fruchts\u00e4uren.","og_url":"https:\/\/www.jatiproducts.com\/de\/schimmelsanierung\/sporenvernichter-jati-sv\/","og_site_name":"JATI GmbH","article_publisher":"https:\/\/www.facebook.com\/people\/JATI-diemitdempferd\/61555813963787\/","article_modified_time":"2026-03-31T12:40:13+00:00","og_image":[{"width":1589,"height":1765,"url":"https:\/\/www.jatiproducts.com\/wp-content\/uploads\/single_product_de_sv.png","type":"image\/png"}],"twitter_card":"summary_large_image","twitter_misc":{"Gesch\u00e4tzte Lesezeit":"3\u00a0Minuten"},"schema":{"@context":"https:\/\/schema.org","@graph":[{"@type":"WebPage","@id":"https:\/\/www.jatiproducts.com\/de\/schimmelsanierung\/sporenvernichter-jati-sv\/","url":"https:\/\/www.jatiproducts.com\/de\/schimmelsanierung\/sporenvernichter-jati-sv\/","name":"Sporenvernichter JATI SV - JATI GmbH","isPartOf":{"@id":"https:\/\/www.jatiproducts.com\/de\/#website"},"primaryImageOfPage":{"@id":"https:\/\/www.jatiproducts.com\/de\/schimmelsanierung\/sporenvernichter-jati-sv\/#primaryimage"},"image":{"@id":"https:\/\/www.jatiproducts.com\/de\/schimmelsanierung\/sporenvernichter-jati-sv\/#primaryimage"},"thumbnailUrl":"https:\/\/www.jatiproducts.com\/wp-content\/uploads\/single_product_de_sv.png","datePublished":"2024-05-03T12:58:07+00:00","dateModified":"2026-03-31T12:40:13+00:00","description":"JATI SV t\u00f6tet Schimmelsporen, die sich in der Raumluft befinden. Die Wirkung basiert auf Wasserstoffperoxid und stabilisierenden Fruchts\u00e4uren.","breadcrumb":{"@id":"https:\/\/www.jatiproducts.com\/de\/schimmelsanierung\/sporenvernichter-jati-sv\/#breadcrumb"},"inLanguage":"de","potentialAction":[{"@type":"ReadAction","target":["https:\/\/www.jatiproducts.com\/de\/schimmelsanierung\/sporenvernichter-jati-sv\/"]}]},{"@type":"ImageObject","inLanguage":"de","@id":"https:\/\/www.jatiproducts.com\/de\/schimmelsanierung\/sporenvernichter-jati-sv\/#primaryimage","url":"https:\/\/www.jatiproducts.com\/wp-content\/uploads\/single_product_de_sv.png","contentUrl":"https:\/\/www.jatiproducts.com\/wp-content\/uploads\/single_product_de_sv.png","width":1589,"height":1765,"caption":"Produktbild JATI SV Sporenvernichter"},{"@type":"BreadcrumbList","@id":"https:\/\/www.jatiproducts.com\/de\/schimmelsanierung\/sporenvernichter-jati-sv\/#breadcrumb","itemListElement":[{"@type":"ListItem","position":1,"name":"Startseite","item":"https:\/\/www.jatiproducts.com\/de\/"},{"@type":"ListItem","position":2,"name":"Shop","item":"https:\/\/www.jatiproducts.com\/de\/shop\/"},{"@type":"ListItem","position":3,"name":"Sporenvernichter JATI SV"}]},{"@type":"WebSite","@id":"https:\/\/www.jatiproducts.com\/de\/#website","url":"https:\/\/www.jatiproducts.com\/de\/","name":"JATI GmbH","description":"JATI GmbH","publisher":{"@id":"https:\/\/www.jatiproducts.com\/de\/#organization"},"potentialAction":[{"@type":"SearchAction","target":{"@type":"EntryPoint","urlTemplate":"https:\/\/www.jatiproducts.com\/de\/?s={search_term_string}"},"query-input":{"@type":"PropertyValueSpecification","valueRequired":true,"valueName":"search_term_string"}}],"inLanguage":"de"},{"@type":"Organization","@id":"https:\/\/www.jatiproducts.com\/de\/#organization","name":"JATI GmbH","url":"https:\/\/www.jatiproducts.com\/de\/","logo":{"@type":"ImageObject","inLanguage":"de","@id":"https:\/\/www.jatiproducts.com\/de\/#\/schema\/logo\/image\/","url":"https:\/\/www.jatiproducts.com\/wp-content\/uploads\/site-logo.png","contentUrl":"https:\/\/www.jatiproducts.com\/wp-content\/uploads\/site-logo.png","width":696,"height":696,"caption":"JATI GmbH"},"image":{"@id":"https:\/\/www.jatiproducts.com\/de\/#\/schema\/logo\/image\/"},"sameAs":["https:\/\/www.facebook.com\/people\/JATI-diemitdempferd\/61555813963787\/","https:\/\/www.instagram.com\/jati_diemitdemschaum\/","https:\/\/www.youtube.com\/user\/JatiProducts","https:\/\/www.linkedin.com\/company\/jati-gmbh\/"]}]}},"_links":{"self":[{"href":"https:\/\/www.jatiproducts.com\/de\/wp-json\/wp\/v2\/product\/5425","targetHints":{"allow":["GET"]}}],"collection":[{"href":"https:\/\/www.jatiproducts.com\/de\/wp-json\/wp\/v2\/product"}],"about":[{"href":"https:\/\/www.jatiproducts.com\/de\/wp-json\/wp\/v2\/types\/product"}],"version-history":[{"count":1,"href":"https:\/\/www.jatiproducts.com\/de\/wp-json\/wp\/v2\/product\/5425\/revisions"}],"predecessor-version":[{"id":6724,"href":"https:\/\/www.jatiproducts.com\/de\/wp-json\/wp\/v2\/product\/5425\/revisions\/6724"}],"wp:featuredmedia":[{"embeddable":true,"href":"https:\/\/www.jatiproducts.com\/de\/wp-json\/wp\/v2\/media\/577"}],"wp:attachment":[{"href":"https:\/\/www.jatiproducts.com\/de\/wp-json\/wp\/v2\/media?parent=5425"}],"wp:term":[{"taxonomy":"product_brand","embeddable":true,"href":"https:\/\/www.jatiproducts.com\/de\/wp-json\/wp\/v2\/product_brand?post=5425"},{"taxonomy":"product_cat","embeddable":true,"href":"https:\/\/www.jatiproducts.com\/de\/wp-json\/wp\/v2\/product_cat?post=5425"},{"taxonomy":"product_tag","embeddable":true,"href":"https:\/\/www.jatiproducts.com\/de\/wp-json\/wp\/v2\/product_tag?post=5425"}],"curies":[{"name":"wp","href":"https:\/\/api.w.org\/{rel}","templated":true}]}}