{"id":5436,"date":"2024-05-03T16:05:17","date_gmt":"2024-05-03T14:05:17","guid":{"rendered":"https:\/\/p684588.webspaceconfig.de\/jati-wp\/jatiproducts.com\/de\/?post_type=product&#038;p=5436"},"modified":"2026-03-31T14:39:15","modified_gmt":"2026-03-31T12:39:15","slug":"hohlraumschaumsystem-jati-2kds","status":"publish","type":"product","link":"https:\/\/www.jatiproducts.com\/de\/schimmelsanierung\/hohlraumschaumsystem-jati-2kds\/","title":{"rendered":"Hohlraumschaumsystem JATI 2KDS"},"content":{"rendered":"<div class=\"wpb-content-wrapper\"><p>[vc_row][vc_column width=&#8220;2\/3&#8243;][vc_column_text]<\/p>\n<h1>Hohlraumschaumsystem JATI 2KDS<\/h1>\n<p><strong>Das Hohlraumschaumsystem JATI 2KDS ist ein Desinfektionssystem auf Basis von Aktivsauerstoff und besteht aus zwei Komponenten: Dem 2K-Desinfektionsschaum und dem Schaumstabilisator. JATI 2KDS kommt bei Wassersch\u00e4den aller Art vor allem da zum Einsatz, wo zum Beispiel das Estrichd\u00e4mmsp\u00fclsystem JATI EDD aus baulichen Gr\u00fcnden nicht eingesetzt werden kann.<\/strong><\/p>\n<p><strong>Das k\u00f6nnen D\u00e4mmschichten unterm Estrich sein, aber auch belastete Randfugen oder Geschossdecken. Der dort eingebrachte Schaum ist zun\u00e4chst oberfl\u00e4chenaktiv und kollabiert dann selbstt\u00e4tig. Mit dem Schaum verschwinden auch Schimmelpilze, Schimmelsporen, Bakterien und coliforme Keime, da sie allesamt h\u00f6chst zuverl\u00e4ssig abget\u00f6tet werden.<br \/>\n<\/strong>[\/vc_column_text][vc_separator align=&#8220;align_left&#8220; css=&#8220;.vc_custom_1564415618920{margin-top: 50px !important;margin-bottom: 15px !important;}&#8220;][vc_row_inner][vc_column_inner width=&#8220;1\/2&#8243;][vc_column_text]<\/p>\n<h3>Die Anwendung:<\/h3>\n<h4>Von 1 auf 80 in null Komma nichts.<\/h4>\n<p>Das Hohlraumschaumsystem 2KDS ist \u00fcberaus effektiv in der Wirkung und mindestens so effizient im Verbrauch: Aus 1 Liter der konzentrierten Mischung lassen sich im Handumdrehen \u2013 je nach gew\u00fcnschter Konsistenz \u2013 bis zu 80 Liter hochwirksamer Desinfektionsschaum herstellen. Die fertige Mischung JATI 2KDS wird dann mit Hilfe eines Schaumger\u00e4tes (z.B. INDU-MATIC 20 M von JATI) in die betroffenen Hohlr\u00e4ume gepresst. Die Einwirkzeit liegt bei 30 Minuten.[\/vc_column_text][\/vc_column_inner][vc_column_inner width=&#8220;1\/2&#8243;][vc_column_text]<\/p>\n<h3>Die Einsatzbereiche:<\/h3>\n<h4>Wirkt auch da, wo man nichts sieht.<\/h4>\n<p><strong>Hohlr\u00e4ume (Schwingb\u00f6den, Sch\u00e4chte &#8230;), D\u00e4mmschichten unterm Estrich, Randfugen, Geschossdecken, u. v. m.<\/strong>[\/vc_column_text][\/vc_column_inner][\/vc_row_inner][vc_separator align=&#8220;align_left&#8220; css=&#8220;.vc_custom_1564415669961{margin-top: 15px !important;margin-bottom: 50px !important;}&#8220;][vc_column_text]<\/p>\n<h3>Die Vorteile:<\/h3>\n<h4>Alles dufte, auch wenn man nichts riecht.<\/h4>\n<ul>\n<li>T\u00f6tet Schimmelpilze, Schimmelsporen, Bakterien und coliforme Keime effektiv ab<\/li>\n<li>Ohne Chlor, Hypochlorit, Alkohole, Aldehyde, quart\u00e4re Ammoniumverbindungen<\/li>\n<li>Reduziert auch Ger\u00fcche<\/li>\n<li>Gew\u00fcnschter Schaum (Flie\u00dfverhalten, Standzeit) kann individuell eingestellt werden<\/li>\n<\/ul>\n<p>[\/vc_column_text][vc_separator align=&#8220;align_left&#8220; css=&#8220;.vc_custom_1564419671488{margin-top: 50px !important;margin-bottom: 15px !important;}&#8220;][vc_row_inner][vc_column_inner width=&#8220;1\/2&#8243;][vc_column_text]<\/p>\n<h3>Registrierung<\/h3>\n<p>Registrierungsnummer: N-73733[\/vc_column_text][\/vc_column_inner][vc_column_inner width=&#8220;1\/2&#8243;][vc_column_text]<\/p>\n<h3>Bauaufsichtliche Zulassung<\/h3>\n<p>Unsere Produkte sind bauaufsichtlich nicht zulassungspflichtig, da sie nicht als Bauprodukte anzusehen sind. Dies best\u00e4tigt auch das Deutsche Institut f\u00fcr Bautechnik.[\/vc_column_text][\/vc_column_inner][\/vc_row_inner][\/vc_column][vc_column width=&#8220;1\/3&#8243;][single_product_to_cart][vc_row_inner el_class=&#8220;gray-container&#8220;][vc_column_inner][vc_column_text]<\/p>\n<h3>Datenbl\u00e4tter:<\/h3>\n<p>[\/vc_column_text][downloads filter=&#8220;singleproduct&#8220; product=&#8220;hohlraumschaumsystem-jati-2kds&#8220; downloadtype=&#8220;produktinformationen&#8220;][vc_separator color=&#8220;white&#8220; align=&#8220;align_left&#8220; css=&#8220;.vc_custom_1564418909005{margin-top: 35px !important;margin-bottom: 35px !important;}&#8220;][vc_column_text]<\/p>\n<h3>Checklisten:<\/h3>\n<p>Zur Pr\u00fcfung auf m\u00f6gliche L\u00f6sungsans\u00e4tze und zur Berechnung der Verbrauchsmengen.[\/vc_column_text][vc_btn title=&#8220;Zu den Checklisten&#8220; color=&#8220;default&#8220; css=&#8220;.vc_custom_1739883875923{margin-top: -15px !important;margin-bottom: 0px !important;}&#8220; link=&#8220;url:https%3A%2F%2Fwww.jatiproducts.com%2Fde%2Fservice%2Fdownloads%2F%23checklisten|title:Downloads&#8220;][vc_separator color=&#8220;white&#8220; align=&#8220;align_left&#8220; css=&#8220;.vc_custom_1564418932428{margin-top: 25px !important;margin-bottom: 25px !important;}&#8220;][vc_column_text]<\/p>\n<h3>Leistungsbeschreibungen:<\/h3>\n<p>Als Anregung f\u00fcr Ihren Ausschreibungstext.[\/vc_column_text][vc_btn title=&#8220;Leistungsbeschreibungen&#8220; color=&#8220;default&#8220; css=&#8220;.vc_custom_1739883893409{margin-top: -15px !important;margin-bottom: 0px !important;}&#8220; link=&#8220;url:https%3A%2F%2Fwww.jatiproducts.com%2Fde%2Fservice%2Fdownloads%2F%23leistungsbeschreibungen|title:Downloads&#8220;][\/vc_column_inner][\/vc_row_inner][vc_row_inner el_class=&#8220;gray-container&#8220;][vc_column_inner][vc_column_text]<\/p>\n<h3>Referenzen:<\/h3>\n<p><a href=\"https:\/\/www.jatiproducts.com\/de\/informationen\/referenzen\/#seniorenheim\" target=\"_blank\" rel=\"noopener\">Entdecken Sie hier JATI 2KDS in der Anwendung.<\/a>[\/vc_column_text][vc_separator color=&#8220;white&#8220; align=&#8220;align_left&#8220; css=&#8220;.vc_custom_1564418909005{margin-top: 35px !important;margin-bottom: 35px !important;}&#8220;][single_matching_product product_id=&#8220;5489&#8243; headline=&#8220;Dieses Produkt k\u00f6nnte auch interessant f\u00fcr Sie sein:&#8220;][vc_separator color=&#8220;white&#8220; align=&#8220;align_left&#8220; css=&#8220;.vc_custom_1564418932428{margin-top: 25px !important;margin-bottom: 25px !important;}&#8220;][vc_column_text]<\/p>\n<h3>Haben Sie Fragen zu JATI 2KDS?<\/h3>\n<p>Hier gibt es Antworten:<\/p>\n<h4 style=\"margin-top: -0.5rem;\"><a href=\"https:\/\/www.jatiproducts.com\/de\/kontakt\/\" target=\"_blank\" rel=\"noopener\">info@jati-group.com<\/a><\/h4>\n<p>+49 (0) 2984 \/ 93 4 93-0[\/vc_column_text][\/vc_column_inner][\/vc_row_inner][vc_row_inner disable_element=&#8220;yes&#8220; el_class=&#8220;gray-container&#8220;][vc_column_inner][vc_column_text]<\/p>\n<h3>Video:<\/h3>\n<p>[\/vc_column_text][vc_video link=&#8220;https:\/\/youtu.be\/jRZoFWDHYVg&#8220;][vc_btn title=&#8220;weitere Videos&#8220; color=&#8220;default&#8220; css=&#8220;.vc_custom_1602507913117{margin-top: -15px !important;margin-bottom: 0px !important;}&#8220; link=&#8220;url:https%3A%2F%2Fp684588.webspaceconfig.de%2Fjati-wp%2Fjatiproducts.com%2Fde%2Fservice%2Fvideos%2F|||&#8220;][\/vc_column_inner][\/vc_row_inner][\/vc_column][\/vc_row]<\/p>\n<\/div>","protected":false},"excerpt":{"rendered":"<p>JATI 2KDS wird bei Wassersch\u00e4den aller Art verwendet, wo etwa das Estrichd\u00e4mmsp\u00fclsystem JATI EDD aus baulichen Gr\u00fcnden nicht eingesetzt werden kann. Der eingebrachte Schaum ist zun\u00e4chst oberfl\u00e4chenaktiv und kollabiert dann selbstt\u00e4tig. Gegen Schimmelpilze, Schimmelsporen, Bakterien etc. [&#8230;]<\/p>\n<p><a class=\"btn btn-secondary understrap-read-more-link\" href=\"https:\/\/www.jatiproducts.com\/de\/schimmelsanierung\/hohlraumschaumsystem-jati-2kds\/\">Weiterlesen&#8230;<\/a><\/p>\n","protected":false},"featured_media":3705,"template":"","meta":{"_acf_changed":false,"footnotes":""},"product_brand":[],"product_cat":[94,122],"product_tag":[],"class_list":{"0":"post-5436","1":"product","2":"type-product","3":"status-publish","4":"has-post-thumbnail","6":"product_cat-schimmelsanierung","7":"product_cat-spezialanwendungen","9":"first","10":"instock","11":"taxable","12":"shipping-taxable","13":"purchasable","14":"product-type-variable","15":"has-default-attributes"},"acf":[],"yoast_head":"<!-- This site is optimized with the Yoast SEO plugin v27.2 - https:\/\/yoast.com\/product\/yoast-seo-wordpress\/ -->\n<title>JATI 2 DKS - Desinfektion von Hohlr\u00e4umen - JATI GmbH<\/title>\n<meta name=\"description\" content=\"JATI 2KDS kommt bei Wassersch\u00e4den da zum Einsatz, wo das Estrichd\u00e4mmsp\u00fclsystem JATI EDD aus baulichen Gr\u00fcnden nicht eingesetzt werden kann.\" \/>\n<meta name=\"robots\" content=\"index, follow, max-snippet:-1, max-image-preview:large, max-video-preview:-1\" \/>\n<link rel=\"canonical\" href=\"https:\/\/www.jatiproducts.com\/de\/schimmelsanierung\/hohlraumschaumsystem-jati-2kds\/\" \/>\n<meta property=\"og:locale\" content=\"de_DE\" \/>\n<meta property=\"og:type\" content=\"article\" \/>\n<meta property=\"og:title\" content=\"JATI 2 DKS - Desinfektion von Hohlr\u00e4umen - JATI GmbH\" \/>\n<meta property=\"og:description\" content=\"JATI 2KDS kommt bei Wassersch\u00e4den da zum Einsatz, wo das Estrichd\u00e4mmsp\u00fclsystem JATI EDD aus baulichen Gr\u00fcnden nicht eingesetzt werden kann.\" \/>\n<meta property=\"og:url\" content=\"https:\/\/www.jatiproducts.com\/de\/schimmelsanierung\/hohlraumschaumsystem-jati-2kds\/\" \/>\n<meta property=\"og:site_name\" content=\"JATI GmbH\" \/>\n<meta property=\"article:publisher\" content=\"https:\/\/www.facebook.com\/people\/JATI-diemitdempferd\/61555813963787\/\" \/>\n<meta property=\"article:modified_time\" content=\"2026-03-31T12:39:15+00:00\" \/>\n<meta property=\"og:image\" content=\"https:\/\/www.jatiproducts.com\/wp-content\/uploads\/combined_product_de_2kds_blau-1.png\" \/>\n\t<meta property=\"og:image:width\" content=\"1294\" \/>\n\t<meta property=\"og:image:height\" content=\"923\" \/>\n\t<meta property=\"og:image:type\" content=\"image\/png\" \/>\n<meta name=\"twitter:card\" content=\"summary_large_image\" \/>\n<meta name=\"twitter:label1\" content=\"Gesch\u00e4tzte Lesezeit\" \/>\n\t<meta name=\"twitter:data1\" content=\"3\u00a0Minuten\" \/>\n<script type=\"application\/ld+json\" class=\"yoast-schema-graph\">{\"@context\":\"https:\/\/schema.org\",\"@graph\":[{\"@type\":\"WebPage\",\"@id\":\"https:\/\/www.jatiproducts.com\/de\/schimmelsanierung\/hohlraumschaumsystem-jati-2kds\/\",\"url\":\"https:\/\/www.jatiproducts.com\/de\/schimmelsanierung\/hohlraumschaumsystem-jati-2kds\/\",\"name\":\"JATI 2 DKS - Desinfektion von Hohlr\u00e4umen - JATI GmbH\",\"isPartOf\":{\"@id\":\"https:\/\/www.jatiproducts.com\/de\/#website\"},\"primaryImageOfPage\":{\"@id\":\"https:\/\/www.jatiproducts.com\/de\/schimmelsanierung\/hohlraumschaumsystem-jati-2kds\/#primaryimage\"},\"image\":{\"@id\":\"https:\/\/www.jatiproducts.com\/de\/schimmelsanierung\/hohlraumschaumsystem-jati-2kds\/#primaryimage\"},\"thumbnailUrl\":\"https:\/\/www.jatiproducts.com\/wp-content\/uploads\/combined_product_de_2kds_blau-1.png\",\"datePublished\":\"2024-05-03T14:05:17+00:00\",\"dateModified\":\"2026-03-31T12:39:15+00:00\",\"description\":\"JATI 2KDS kommt bei Wassersch\u00e4den da zum Einsatz, wo das Estrichd\u00e4mmsp\u00fclsystem JATI EDD aus baulichen Gr\u00fcnden nicht eingesetzt werden kann.\",\"breadcrumb\":{\"@id\":\"https:\/\/www.jatiproducts.com\/de\/schimmelsanierung\/hohlraumschaumsystem-jati-2kds\/#breadcrumb\"},\"inLanguage\":\"de\",\"potentialAction\":[{\"@type\":\"ReadAction\",\"target\":[\"https:\/\/www.jatiproducts.com\/de\/schimmelsanierung\/hohlraumschaumsystem-jati-2kds\/\"]}]},{\"@type\":\"ImageObject\",\"inLanguage\":\"de\",\"@id\":\"https:\/\/www.jatiproducts.com\/de\/schimmelsanierung\/hohlraumschaumsystem-jati-2kds\/#primaryimage\",\"url\":\"https:\/\/www.jatiproducts.com\/wp-content\/uploads\/combined_product_de_2kds_blau-1.png\",\"contentUrl\":\"https:\/\/www.jatiproducts.com\/wp-content\/uploads\/combined_product_de_2kds_blau-1.png\",\"width\":1294,\"height\":923,\"caption\":\"Produktbild JATI 2KDS Hohlraumschaumsystem. Fl\u00e4chendesinfektionsmittel zu Behandlung von Wassersch\u00e4den\"},{\"@type\":\"BreadcrumbList\",\"@id\":\"https:\/\/www.jatiproducts.com\/de\/schimmelsanierung\/hohlraumschaumsystem-jati-2kds\/#breadcrumb\",\"itemListElement\":[{\"@type\":\"ListItem\",\"position\":1,\"name\":\"Startseite\",\"item\":\"https:\/\/www.jatiproducts.com\/de\/\"},{\"@type\":\"ListItem\",\"position\":2,\"name\":\"Shop\",\"item\":\"https:\/\/www.jatiproducts.com\/de\/shop\/\"},{\"@type\":\"ListItem\",\"position\":3,\"name\":\"Hohlraumschaumsystem JATI 2KDS\"}]},{\"@type\":\"WebSite\",\"@id\":\"https:\/\/www.jatiproducts.com\/de\/#website\",\"url\":\"https:\/\/www.jatiproducts.com\/de\/\",\"name\":\"JATI GmbH\",\"description\":\"JATI GmbH\",\"publisher\":{\"@id\":\"https:\/\/www.jatiproducts.com\/de\/#organization\"},\"potentialAction\":[{\"@type\":\"SearchAction\",\"target\":{\"@type\":\"EntryPoint\",\"urlTemplate\":\"https:\/\/www.jatiproducts.com\/de\/?s={search_term_string}\"},\"query-input\":{\"@type\":\"PropertyValueSpecification\",\"valueRequired\":true,\"valueName\":\"search_term_string\"}}],\"inLanguage\":\"de\"},{\"@type\":\"Organization\",\"@id\":\"https:\/\/www.jatiproducts.com\/de\/#organization\",\"name\":\"JATI GmbH\",\"url\":\"https:\/\/www.jatiproducts.com\/de\/\",\"logo\":{\"@type\":\"ImageObject\",\"inLanguage\":\"de\",\"@id\":\"https:\/\/www.jatiproducts.com\/de\/#\/schema\/logo\/image\/\",\"url\":\"https:\/\/www.jatiproducts.com\/wp-content\/uploads\/site-logo.png\",\"contentUrl\":\"https:\/\/www.jatiproducts.com\/wp-content\/uploads\/site-logo.png\",\"width\":696,\"height\":696,\"caption\":\"JATI GmbH\"},\"image\":{\"@id\":\"https:\/\/www.jatiproducts.com\/de\/#\/schema\/logo\/image\/\"},\"sameAs\":[\"https:\/\/www.facebook.com\/people\/JATI-diemitdempferd\/61555813963787\/\",\"https:\/\/www.instagram.com\/jati_diemitdemschaum\/\",\"https:\/\/www.youtube.com\/user\/JatiProducts\",\"https:\/\/www.linkedin.com\/company\/jati-gmbh\/\"]}]}<\/script>\n<!-- \/ Yoast SEO plugin. -->","yoast_head_json":{"title":"JATI 2 DKS - Desinfektion von Hohlr\u00e4umen - JATI GmbH","description":"JATI 2KDS kommt bei Wassersch\u00e4den da zum Einsatz, wo das Estrichd\u00e4mmsp\u00fclsystem JATI EDD aus baulichen Gr\u00fcnden nicht eingesetzt werden kann.","robots":{"index":"index","follow":"follow","max-snippet":"max-snippet:-1","max-image-preview":"max-image-preview:large","max-video-preview":"max-video-preview:-1"},"canonical":"https:\/\/www.jatiproducts.com\/de\/schimmelsanierung\/hohlraumschaumsystem-jati-2kds\/","og_locale":"de_DE","og_type":"article","og_title":"JATI 2 DKS - Desinfektion von Hohlr\u00e4umen - JATI GmbH","og_description":"JATI 2KDS kommt bei Wassersch\u00e4den da zum Einsatz, wo das Estrichd\u00e4mmsp\u00fclsystem JATI EDD aus baulichen Gr\u00fcnden nicht eingesetzt werden kann.","og_url":"https:\/\/www.jatiproducts.com\/de\/schimmelsanierung\/hohlraumschaumsystem-jati-2kds\/","og_site_name":"JATI GmbH","article_publisher":"https:\/\/www.facebook.com\/people\/JATI-diemitdempferd\/61555813963787\/","article_modified_time":"2026-03-31T12:39:15+00:00","og_image":[{"width":1294,"height":923,"url":"https:\/\/www.jatiproducts.com\/wp-content\/uploads\/combined_product_de_2kds_blau-1.png","type":"image\/png"}],"twitter_card":"summary_large_image","twitter_misc":{"Gesch\u00e4tzte Lesezeit":"3\u00a0Minuten"},"schema":{"@context":"https:\/\/schema.org","@graph":[{"@type":"WebPage","@id":"https:\/\/www.jatiproducts.com\/de\/schimmelsanierung\/hohlraumschaumsystem-jati-2kds\/","url":"https:\/\/www.jatiproducts.com\/de\/schimmelsanierung\/hohlraumschaumsystem-jati-2kds\/","name":"JATI 2 DKS - Desinfektion von Hohlr\u00e4umen - JATI GmbH","isPartOf":{"@id":"https:\/\/www.jatiproducts.com\/de\/#website"},"primaryImageOfPage":{"@id":"https:\/\/www.jatiproducts.com\/de\/schimmelsanierung\/hohlraumschaumsystem-jati-2kds\/#primaryimage"},"image":{"@id":"https:\/\/www.jatiproducts.com\/de\/schimmelsanierung\/hohlraumschaumsystem-jati-2kds\/#primaryimage"},"thumbnailUrl":"https:\/\/www.jatiproducts.com\/wp-content\/uploads\/combined_product_de_2kds_blau-1.png","datePublished":"2024-05-03T14:05:17+00:00","dateModified":"2026-03-31T12:39:15+00:00","description":"JATI 2KDS kommt bei Wassersch\u00e4den da zum Einsatz, wo das Estrichd\u00e4mmsp\u00fclsystem JATI EDD aus baulichen Gr\u00fcnden nicht eingesetzt werden kann.","breadcrumb":{"@id":"https:\/\/www.jatiproducts.com\/de\/schimmelsanierung\/hohlraumschaumsystem-jati-2kds\/#breadcrumb"},"inLanguage":"de","potentialAction":[{"@type":"ReadAction","target":["https:\/\/www.jatiproducts.com\/de\/schimmelsanierung\/hohlraumschaumsystem-jati-2kds\/"]}]},{"@type":"ImageObject","inLanguage":"de","@id":"https:\/\/www.jatiproducts.com\/de\/schimmelsanierung\/hohlraumschaumsystem-jati-2kds\/#primaryimage","url":"https:\/\/www.jatiproducts.com\/wp-content\/uploads\/combined_product_de_2kds_blau-1.png","contentUrl":"https:\/\/www.jatiproducts.com\/wp-content\/uploads\/combined_product_de_2kds_blau-1.png","width":1294,"height":923,"caption":"Produktbild JATI 2KDS Hohlraumschaumsystem. Fl\u00e4chendesinfektionsmittel zu Behandlung von Wassersch\u00e4den"},{"@type":"BreadcrumbList","@id":"https:\/\/www.jatiproducts.com\/de\/schimmelsanierung\/hohlraumschaumsystem-jati-2kds\/#breadcrumb","itemListElement":[{"@type":"ListItem","position":1,"name":"Startseite","item":"https:\/\/www.jatiproducts.com\/de\/"},{"@type":"ListItem","position":2,"name":"Shop","item":"https:\/\/www.jatiproducts.com\/de\/shop\/"},{"@type":"ListItem","position":3,"name":"Hohlraumschaumsystem JATI 2KDS"}]},{"@type":"WebSite","@id":"https:\/\/www.jatiproducts.com\/de\/#website","url":"https:\/\/www.jatiproducts.com\/de\/","name":"JATI GmbH","description":"JATI GmbH","publisher":{"@id":"https:\/\/www.jatiproducts.com\/de\/#organization"},"potentialAction":[{"@type":"SearchAction","target":{"@type":"EntryPoint","urlTemplate":"https:\/\/www.jatiproducts.com\/de\/?s={search_term_string}"},"query-input":{"@type":"PropertyValueSpecification","valueRequired":true,"valueName":"search_term_string"}}],"inLanguage":"de"},{"@type":"Organization","@id":"https:\/\/www.jatiproducts.com\/de\/#organization","name":"JATI GmbH","url":"https:\/\/www.jatiproducts.com\/de\/","logo":{"@type":"ImageObject","inLanguage":"de","@id":"https:\/\/www.jatiproducts.com\/de\/#\/schema\/logo\/image\/","url":"https:\/\/www.jatiproducts.com\/wp-content\/uploads\/site-logo.png","contentUrl":"https:\/\/www.jatiproducts.com\/wp-content\/uploads\/site-logo.png","width":696,"height":696,"caption":"JATI GmbH"},"image":{"@id":"https:\/\/www.jatiproducts.com\/de\/#\/schema\/logo\/image\/"},"sameAs":["https:\/\/www.facebook.com\/people\/JATI-diemitdempferd\/61555813963787\/","https:\/\/www.instagram.com\/jati_diemitdemschaum\/","https:\/\/www.youtube.com\/user\/JatiProducts","https:\/\/www.linkedin.com\/company\/jati-gmbh\/"]}]}},"_links":{"self":[{"href":"https:\/\/www.jatiproducts.com\/de\/wp-json\/wp\/v2\/product\/5436","targetHints":{"allow":["GET"]}}],"collection":[{"href":"https:\/\/www.jatiproducts.com\/de\/wp-json\/wp\/v2\/product"}],"about":[{"href":"https:\/\/www.jatiproducts.com\/de\/wp-json\/wp\/v2\/types\/product"}],"version-history":[{"count":1,"href":"https:\/\/www.jatiproducts.com\/de\/wp-json\/wp\/v2\/product\/5436\/revisions"}],"predecessor-version":[{"id":6728,"href":"https:\/\/www.jatiproducts.com\/de\/wp-json\/wp\/v2\/product\/5436\/revisions\/6728"}],"wp:featuredmedia":[{"embeddable":true,"href":"https:\/\/www.jatiproducts.com\/de\/wp-json\/wp\/v2\/media\/3705"}],"wp:attachment":[{"href":"https:\/\/www.jatiproducts.com\/de\/wp-json\/wp\/v2\/media?parent=5436"}],"wp:term":[{"taxonomy":"product_brand","embeddable":true,"href":"https:\/\/www.jatiproducts.com\/de\/wp-json\/wp\/v2\/product_brand?post=5436"},{"taxonomy":"product_cat","embeddable":true,"href":"https:\/\/www.jatiproducts.com\/de\/wp-json\/wp\/v2\/product_cat?post=5436"},{"taxonomy":"product_tag","embeddable":true,"href":"https:\/\/www.jatiproducts.com\/de\/wp-json\/wp\/v2\/product_tag?post=5436"}],"curies":[{"name":"wp","href":"https:\/\/api.w.org\/{rel}","templated":true}]}}