{"id":5438,"date":"2024-05-03T16:10:38","date_gmt":"2024-05-03T14:10:38","guid":{"rendered":"https:\/\/p684588.webspaceconfig.de\/jati-wp\/jatiproducts.com\/de\/?post_type=product&#038;p=5438"},"modified":"2026-03-31T14:37:56","modified_gmt":"2026-03-31T12:37:56","slug":"hohlraumschaum-jati-hrs","status":"publish","type":"product","link":"https:\/\/www.jatiproducts.com\/de\/schimmelsanierung\/hohlraumschaum-jati-hrs\/","title":{"rendered":"Hohlraumschaum JATI HRS"},"content":{"rendered":"<div class=\"wpb-content-wrapper\"><p>[vc_row][vc_column width=&#8220;2\/3&#8243;][vc_column_text]<\/p>\n<h1>Hohlraumschaum JATI HRS<\/h1>\n<p><strong>Willkommen auf dem Boden der Tatsachen: Mit JATI HRS erwartet Sie ein Hohlraumschaum, der auf Basis von Wasserstoffperoxid zur Desinfektion nach Wassersch\u00e4den aller Art eingesetzt werden kann. Mit seiner fungiziden, sporiziden und bakteriziden Wirkung t\u00f6tet JATI HRS Schimmelpilze, Schimmelsporen, Bakterien und coliforme Keime ab.<br \/>\n<\/strong><\/p>\n<p><strong>Und das \u2013 dank ohne viel Rumgehampel bei der Anwendung \u2013 besonders schnell und effektiv. Denn f\u00fcr die fertige L\u00f6sung m\u00fcssen lediglich drei Teile Wasser mit einem Teil JATI HRS angemischt werden. In der Anwendung entsteht ein stark expandierender Schaum, dem Schimmelpilze, Schimmelsporen, Bakterien und Keime nichts entgegenzusetzen haben.<br \/>\n<\/strong>[\/vc_column_text][vc_separator align=&#8220;align_left&#8220; css=&#8220;.vc_custom_1564415618920{margin-top: 50px !important;margin-bottom: 15px !important;}&#8220;][vc_row_inner][vc_column_inner width=&#8220;1\/2&#8243;][vc_column_text]<\/p>\n<h3>Die Anwendung:<\/h3>\n<h4>Weil es so flexibel ist, m\u00fcssen Sie sich nicht verbiegen.<\/h4>\n<p>Der stark expandierende Schaum von JATI HRS findet seinen Weg fast von allein. Achten Sie bitte dennoch darauf, dass sich der Schaum bestm\u00f6glich in allen Hohlr\u00e4umen verteilen kann, um eine Benetzung aller Oberfl\u00e4chen zu erzielen. Eine fertige Mischung sollte aus 3 Teilen Wasser und 1 Teil JATI HRS bestehen. Diese wird dann vor der technischen Trocknung mit Hilfe eines Schaumger\u00e4tes (z.B. INDUMATIC 20 M von JATI) in die entsprechenden Hohlr\u00e4ume eingebracht. Die Einwirkzeit liegt bei 30 Minuten.[\/vc_column_text][\/vc_column_inner][vc_column_inner width=&#8220;1\/2&#8243;][vc_column_text]<\/p>\n<h3>Die Einsatzbereiche:<\/h3>\n<h4>Kreuz und quer auf einer Linie mit Ihren Anforderungen.<\/h4>\n<p>Vertikale und horizontale Hohlr\u00e4ume, unter Schwingb\u00f6den, in Sch\u00e4chten, D\u00e4mmschichten, Geschossdecken, Randfugen, u.v.m.[\/vc_column_text][\/vc_column_inner][\/vc_row_inner][vc_separator align=&#8220;align_left&#8220; css=&#8220;.vc_custom_1564415669961{margin-top: 15px !important;margin-bottom: 50px !important;}&#8220;][vc_column_text]<\/p>\n<h3>Die Vorteile:<\/h3>\n<h4>Farblos, geruchlos, endlos gut.<\/h4>\n<ul>\n<li>Einfache Handhabung (Anmischen mit Wasser gen\u00fcgt)<\/li>\n<li>Ohne Chlor, Hypochlorit, Alkohole, Aldehyde, quart\u00e4re Ammoniumverbindungen<\/li>\n<li>Reduziert Ger\u00fcche, ist selbst aber nahezu geruchlos (ohne Peressigs\u00e4ure)<\/li>\n<li>Stabilisiertes Schaumsystem<\/li>\n<\/ul>\n<p>[\/vc_column_text][vc_separator align=&#8220;align_left&#8220; css=&#8220;.vc_custom_1564415669961{margin-top: 15px !important;margin-bottom: 50px !important;}&#8220;][vc_row_inner][vc_column_inner width=&#8220;2\/3&#8243;][vc_column_text]<\/p>\n<h3>JATI HR FIX als optimale Erg\u00e4nzung<\/h3>\n<p>JATI HR FIX wird als abschlie\u00dfender Behandlungsschritt nach der Desinfektion von Schimmelpilzen in Estrichd\u00e4mmschichten und Hohlr\u00e4umen eingesetzt, um die Kontamination der Umgebung mit Biomasse zu vermeiden. Eventuell noch vorhandene Toxine und Allergene aus den abget\u00f6teten Schimmelpilzen k\u00f6nnen so die Umgebung nicht belasten. JATI HR FIX haftet hervorragend auf allen Oberfl\u00e4chen. Das Produkt wird im Verh\u00e4ltnis 1:3 mit sauberem Leitungswasser zu einer Gebrauchsl\u00f6sung angemischt und nach der Desinfektion in die Estrichd\u00e4mmschicht bzw. den Hohlraum eingebracht.[\/vc_column_text][\/vc_column_inner][vc_column_inner width=&#8220;1\/3&#8243;][vc_column_text]<img decoding=\"async\" class=\"alignnone size-full wp-image-3533\" src=\"https:\/\/www.jatiproducts.com\/wp-content\/uploads\/hrfix.png\" alt=\"\" width=\"1625\" height=\"2000\" \/>[\/vc_column_text][\/vc_column_inner][\/vc_row_inner][vc_separator align=&#8220;align_left&#8220; css=&#8220;.vc_custom_1564419671488{margin-top: 50px !important;margin-bottom: 15px !important;}&#8220;][vc_row_inner][vc_column_inner width=&#8220;1\/2&#8243;][vc_column_text]<\/p>\n<h3>Registrierung<\/h3>\n<p>Registrierungsnummer: N-85934[\/vc_column_text][\/vc_column_inner][vc_column_inner width=&#8220;1\/2&#8243;][vc_column_text]<\/p>\n<h3>Bauaufsichtliche Zulassung<\/h3>\n<p>Unsere Produkte sind bauaufsichtlich nicht zulassungspflichtig, da sie nicht als Bauprodukte anzusehen sind. Dies best\u00e4tigt auch das Deutsche Institut f\u00fcr Bautechnik.[\/vc_column_text][\/vc_column_inner][\/vc_row_inner][\/vc_column][vc_column width=&#8220;1\/3&#8243;][single_product_to_cart][vc_row_inner el_class=&#8220;gray-container&#8220;][vc_column_inner][vc_column_text]<\/p>\n<h3>Datenbl\u00e4tter:<\/h3>\n<p>[\/vc_column_text][downloads filter=&#8220;singleproduct&#8220; product=&#8220;jati-hrs&#8220; downloadtype=&#8220;produktinformationen&#8220;][\/vc_column_inner][\/vc_row_inner][vc_row_inner el_class=&#8220;gray-container&#8220;][vc_column_inner][single_matching_product product_id=&#8220;5489&#8243; headline=&#8220;Dieses Produkt k\u00f6nnte auch interessant f\u00fcr Sie sein:&#8220;][vc_separator color=&#8220;white&#8220; align=&#8220;align_left&#8220;][vc_column_text]<\/p>\n<h3>Haben Sie Fragen zu JATI HRS + JATI HR FIX?<\/h3>\n<p>Hier gibt es Antworten:<\/p>\n<h4 style=\"margin-top: -0.5rem;\"><a href=\"https:\/\/www.jatiproducts.com\/de\/kontakt\/\" target=\"_blank\" rel=\"noopener\">info@jati-group.com<\/a><\/h4>\n<p>+49 (0) 2984 \/ 93 4 93-0[\/vc_column_text][\/vc_column_inner][\/vc_row_inner][\/vc_column][\/vc_row]<\/p>\n<\/div>","protected":false},"excerpt":{"rendered":"<p>Der Hohlraumschaum JATI HRS ist ein Konzentrat auf Basis von Wasserstoffperoxid. Der stark expandierende Desinfektionsschaum l\u00e4sst sich hervorragend in Hohlr\u00e4ume einbringen, verteilt sich sehr gut und kann somit s\u00e4mtliche Oberfl\u00e4chen benetzen. [&#8230;]<\/p>\n<p><a class=\"btn btn-secondary understrap-read-more-link\" href=\"https:\/\/www.jatiproducts.com\/de\/schimmelsanierung\/hohlraumschaum-jati-hrs\/\">Weiterlesen&#8230;<\/a><\/p>\n","protected":false},"featured_media":3533,"template":"","meta":{"_acf_changed":false,"footnotes":""},"product_brand":[],"product_cat":[94,122],"product_tag":[],"class_list":{"0":"post-5438","1":"product","2":"type-product","3":"status-publish","4":"has-post-thumbnail","6":"product_cat-schimmelsanierung","7":"product_cat-spezialanwendungen","9":"first","10":"instock","11":"taxable","12":"shipping-taxable","13":"purchasable","14":"product-type-variable","15":"has-default-attributes"},"acf":[],"yoast_head":"<!-- This site is optimized with the Yoast SEO plugin v27.4 - https:\/\/yoast.com\/product\/yoast-seo-wordpress\/ -->\n<title>JATI HRS Hohlraumschaum zur Desinfektion von Wassersch\u00e4den- JATI GmbH<\/title>\n<meta name=\"description\" content=\"Auf Basis von JATI HRS werden Schimmelpilze, Bakterien und coliforme Keime abget\u00f6tet. Einfache Handhabung. Ohne Chlor. Reduziert Ger\u00fcche.\" \/>\n<meta name=\"robots\" content=\"index, follow, max-snippet:-1, max-image-preview:large, max-video-preview:-1\" \/>\n<link rel=\"canonical\" href=\"https:\/\/www.jatiproducts.com\/de\/schimmelsanierung\/hohlraumschaum-jati-hrs\/\" \/>\n<meta property=\"og:locale\" content=\"de_DE\" \/>\n<meta property=\"og:type\" content=\"article\" \/>\n<meta property=\"og:title\" content=\"JATI HRS Hohlraumschaum zur Desinfektion von Wassersch\u00e4den- JATI GmbH\" \/>\n<meta property=\"og:description\" content=\"Auf Basis von JATI HRS werden Schimmelpilze, Bakterien und coliforme Keime abget\u00f6tet. Einfache Handhabung. Ohne Chlor. Reduziert Ger\u00fcche.\" \/>\n<meta property=\"og:url\" content=\"https:\/\/www.jatiproducts.com\/de\/schimmelsanierung\/hohlraumschaum-jati-hrs\/\" \/>\n<meta property=\"og:site_name\" content=\"JATI GmbH\" \/>\n<meta property=\"article:publisher\" content=\"https:\/\/www.facebook.com\/people\/JATI-diemitdempferd\/61555813963787\/\" \/>\n<meta property=\"article:modified_time\" content=\"2026-03-31T12:37:56+00:00\" \/>\n<meta property=\"og:image\" content=\"https:\/\/www.jatiproducts.com\/wp-content\/uploads\/single_product_de_hrs.png\" \/>\n\t<meta property=\"og:image:width\" content=\"1625\" \/>\n\t<meta property=\"og:image:height\" content=\"2000\" \/>\n\t<meta property=\"og:image:type\" content=\"image\/png\" \/>\n<meta name=\"twitter:card\" content=\"summary_large_image\" \/>\n<meta name=\"twitter:label1\" content=\"Gesch\u00e4tzte Lesezeit\" \/>\n\t<meta name=\"twitter:data1\" content=\"3\u00a0Minuten\" \/>\n<script type=\"application\/ld+json\" class=\"yoast-schema-graph\">{\"@context\":\"https:\\\/\\\/schema.org\",\"@graph\":[{\"@type\":\"WebPage\",\"@id\":\"https:\\\/\\\/www.jatiproducts.com\\\/de\\\/schimmelsanierung\\\/hohlraumschaum-jati-hrs\\\/\",\"url\":\"https:\\\/\\\/www.jatiproducts.com\\\/de\\\/schimmelsanierung\\\/hohlraumschaum-jati-hrs\\\/\",\"name\":\"JATI HRS Hohlraumschaum zur Desinfektion von Wassersch\u00e4den- JATI GmbH\",\"isPartOf\":{\"@id\":\"https:\\\/\\\/www.jatiproducts.com\\\/de\\\/#website\"},\"primaryImageOfPage\":{\"@id\":\"https:\\\/\\\/www.jatiproducts.com\\\/de\\\/schimmelsanierung\\\/hohlraumschaum-jati-hrs\\\/#primaryimage\"},\"image\":{\"@id\":\"https:\\\/\\\/www.jatiproducts.com\\\/de\\\/schimmelsanierung\\\/hohlraumschaum-jati-hrs\\\/#primaryimage\"},\"thumbnailUrl\":\"https:\\\/\\\/www.jatiproducts.com\\\/wp-content\\\/uploads\\\/single_product_de_hrs.png\",\"datePublished\":\"2024-05-03T14:10:38+00:00\",\"dateModified\":\"2026-03-31T12:37:56+00:00\",\"description\":\"Auf Basis von JATI HRS werden Schimmelpilze, Bakterien und coliforme Keime abget\u00f6tet. Einfache Handhabung. Ohne Chlor. Reduziert Ger\u00fcche.\",\"breadcrumb\":{\"@id\":\"https:\\\/\\\/www.jatiproducts.com\\\/de\\\/schimmelsanierung\\\/hohlraumschaum-jati-hrs\\\/#breadcrumb\"},\"inLanguage\":\"de\",\"potentialAction\":[{\"@type\":\"ReadAction\",\"target\":[\"https:\\\/\\\/www.jatiproducts.com\\\/de\\\/schimmelsanierung\\\/hohlraumschaum-jati-hrs\\\/\"]}]},{\"@type\":\"ImageObject\",\"inLanguage\":\"de\",\"@id\":\"https:\\\/\\\/www.jatiproducts.com\\\/de\\\/schimmelsanierung\\\/hohlraumschaum-jati-hrs\\\/#primaryimage\",\"url\":\"https:\\\/\\\/www.jatiproducts.com\\\/wp-content\\\/uploads\\\/single_product_de_hrs.png\",\"contentUrl\":\"https:\\\/\\\/www.jatiproducts.com\\\/wp-content\\\/uploads\\\/single_product_de_hrs.png\",\"width\":1625,\"height\":2000,\"caption\":\"Produktbild JATI HRS Hohlraumschaum, Desinfektionsmittel zur Behandlung nach Wassersch\u00e4den\"},{\"@type\":\"BreadcrumbList\",\"@id\":\"https:\\\/\\\/www.jatiproducts.com\\\/de\\\/schimmelsanierung\\\/hohlraumschaum-jati-hrs\\\/#breadcrumb\",\"itemListElement\":[{\"@type\":\"ListItem\",\"position\":1,\"name\":\"Startseite\",\"item\":\"https:\\\/\\\/www.jatiproducts.com\\\/de\\\/\"},{\"@type\":\"ListItem\",\"position\":2,\"name\":\"Shop\",\"item\":\"https:\\\/\\\/www.jatiproducts.com\\\/de\\\/shop\\\/\"},{\"@type\":\"ListItem\",\"position\":3,\"name\":\"Hohlraumschaum JATI HRS\"}]},{\"@type\":\"WebSite\",\"@id\":\"https:\\\/\\\/www.jatiproducts.com\\\/de\\\/#website\",\"url\":\"https:\\\/\\\/www.jatiproducts.com\\\/de\\\/\",\"name\":\"JATI GmbH\",\"description\":\"JATI GmbH\",\"publisher\":{\"@id\":\"https:\\\/\\\/www.jatiproducts.com\\\/de\\\/#organization\"},\"potentialAction\":[{\"@type\":\"SearchAction\",\"target\":{\"@type\":\"EntryPoint\",\"urlTemplate\":\"https:\\\/\\\/www.jatiproducts.com\\\/de\\\/?s={search_term_string}\"},\"query-input\":{\"@type\":\"PropertyValueSpecification\",\"valueRequired\":true,\"valueName\":\"search_term_string\"}}],\"inLanguage\":\"de\"},{\"@type\":\"Organization\",\"@id\":\"https:\\\/\\\/www.jatiproducts.com\\\/de\\\/#organization\",\"name\":\"JATI GmbH\",\"url\":\"https:\\\/\\\/www.jatiproducts.com\\\/de\\\/\",\"logo\":{\"@type\":\"ImageObject\",\"inLanguage\":\"de\",\"@id\":\"https:\\\/\\\/www.jatiproducts.com\\\/de\\\/#\\\/schema\\\/logo\\\/image\\\/\",\"url\":\"https:\\\/\\\/www.jatiproducts.com\\\/wp-content\\\/uploads\\\/site-logo.png\",\"contentUrl\":\"https:\\\/\\\/www.jatiproducts.com\\\/wp-content\\\/uploads\\\/site-logo.png\",\"width\":696,\"height\":696,\"caption\":\"JATI GmbH\"},\"image\":{\"@id\":\"https:\\\/\\\/www.jatiproducts.com\\\/de\\\/#\\\/schema\\\/logo\\\/image\\\/\"},\"sameAs\":[\"https:\\\/\\\/www.facebook.com\\\/people\\\/JATI-diemitdempferd\\\/61555813963787\\\/\",\"https:\\\/\\\/www.instagram.com\\\/jati_diemitdemschaum\\\/\",\"https:\\\/\\\/www.youtube.com\\\/user\\\/JatiProducts\",\"https:\\\/\\\/www.linkedin.com\\\/company\\\/jati-gmbh\\\/\"]}]}<\/script>\n<!-- \/ Yoast SEO plugin. -->","yoast_head_json":{"title":"JATI HRS Hohlraumschaum zur Desinfektion von Wassersch\u00e4den- JATI GmbH","description":"Auf Basis von JATI HRS werden Schimmelpilze, Bakterien und coliforme Keime abget\u00f6tet. Einfache Handhabung. Ohne Chlor. Reduziert Ger\u00fcche.","robots":{"index":"index","follow":"follow","max-snippet":"max-snippet:-1","max-image-preview":"max-image-preview:large","max-video-preview":"max-video-preview:-1"},"canonical":"https:\/\/www.jatiproducts.com\/de\/schimmelsanierung\/hohlraumschaum-jati-hrs\/","og_locale":"de_DE","og_type":"article","og_title":"JATI HRS Hohlraumschaum zur Desinfektion von Wassersch\u00e4den- JATI GmbH","og_description":"Auf Basis von JATI HRS werden Schimmelpilze, Bakterien und coliforme Keime abget\u00f6tet. Einfache Handhabung. Ohne Chlor. Reduziert Ger\u00fcche.","og_url":"https:\/\/www.jatiproducts.com\/de\/schimmelsanierung\/hohlraumschaum-jati-hrs\/","og_site_name":"JATI GmbH","article_publisher":"https:\/\/www.facebook.com\/people\/JATI-diemitdempferd\/61555813963787\/","article_modified_time":"2026-03-31T12:37:56+00:00","og_image":[{"width":1625,"height":2000,"url":"https:\/\/www.jatiproducts.com\/wp-content\/uploads\/single_product_de_hrs.png","type":"image\/png"}],"twitter_card":"summary_large_image","twitter_misc":{"Gesch\u00e4tzte Lesezeit":"3\u00a0Minuten"},"schema":{"@context":"https:\/\/schema.org","@graph":[{"@type":"WebPage","@id":"https:\/\/www.jatiproducts.com\/de\/schimmelsanierung\/hohlraumschaum-jati-hrs\/","url":"https:\/\/www.jatiproducts.com\/de\/schimmelsanierung\/hohlraumschaum-jati-hrs\/","name":"JATI HRS Hohlraumschaum zur Desinfektion von Wassersch\u00e4den- JATI GmbH","isPartOf":{"@id":"https:\/\/www.jatiproducts.com\/de\/#website"},"primaryImageOfPage":{"@id":"https:\/\/www.jatiproducts.com\/de\/schimmelsanierung\/hohlraumschaum-jati-hrs\/#primaryimage"},"image":{"@id":"https:\/\/www.jatiproducts.com\/de\/schimmelsanierung\/hohlraumschaum-jati-hrs\/#primaryimage"},"thumbnailUrl":"https:\/\/www.jatiproducts.com\/wp-content\/uploads\/single_product_de_hrs.png","datePublished":"2024-05-03T14:10:38+00:00","dateModified":"2026-03-31T12:37:56+00:00","description":"Auf Basis von JATI HRS werden Schimmelpilze, Bakterien und coliforme Keime abget\u00f6tet. Einfache Handhabung. Ohne Chlor. Reduziert Ger\u00fcche.","breadcrumb":{"@id":"https:\/\/www.jatiproducts.com\/de\/schimmelsanierung\/hohlraumschaum-jati-hrs\/#breadcrumb"},"inLanguage":"de","potentialAction":[{"@type":"ReadAction","target":["https:\/\/www.jatiproducts.com\/de\/schimmelsanierung\/hohlraumschaum-jati-hrs\/"]}]},{"@type":"ImageObject","inLanguage":"de","@id":"https:\/\/www.jatiproducts.com\/de\/schimmelsanierung\/hohlraumschaum-jati-hrs\/#primaryimage","url":"https:\/\/www.jatiproducts.com\/wp-content\/uploads\/single_product_de_hrs.png","contentUrl":"https:\/\/www.jatiproducts.com\/wp-content\/uploads\/single_product_de_hrs.png","width":1625,"height":2000,"caption":"Produktbild JATI HRS Hohlraumschaum, Desinfektionsmittel zur Behandlung nach Wassersch\u00e4den"},{"@type":"BreadcrumbList","@id":"https:\/\/www.jatiproducts.com\/de\/schimmelsanierung\/hohlraumschaum-jati-hrs\/#breadcrumb","itemListElement":[{"@type":"ListItem","position":1,"name":"Startseite","item":"https:\/\/www.jatiproducts.com\/de\/"},{"@type":"ListItem","position":2,"name":"Shop","item":"https:\/\/www.jatiproducts.com\/de\/shop\/"},{"@type":"ListItem","position":3,"name":"Hohlraumschaum JATI HRS"}]},{"@type":"WebSite","@id":"https:\/\/www.jatiproducts.com\/de\/#website","url":"https:\/\/www.jatiproducts.com\/de\/","name":"JATI GmbH","description":"JATI GmbH","publisher":{"@id":"https:\/\/www.jatiproducts.com\/de\/#organization"},"potentialAction":[{"@type":"SearchAction","target":{"@type":"EntryPoint","urlTemplate":"https:\/\/www.jatiproducts.com\/de\/?s={search_term_string}"},"query-input":{"@type":"PropertyValueSpecification","valueRequired":true,"valueName":"search_term_string"}}],"inLanguage":"de"},{"@type":"Organization","@id":"https:\/\/www.jatiproducts.com\/de\/#organization","name":"JATI GmbH","url":"https:\/\/www.jatiproducts.com\/de\/","logo":{"@type":"ImageObject","inLanguage":"de","@id":"https:\/\/www.jatiproducts.com\/de\/#\/schema\/logo\/image\/","url":"https:\/\/www.jatiproducts.com\/wp-content\/uploads\/site-logo.png","contentUrl":"https:\/\/www.jatiproducts.com\/wp-content\/uploads\/site-logo.png","width":696,"height":696,"caption":"JATI GmbH"},"image":{"@id":"https:\/\/www.jatiproducts.com\/de\/#\/schema\/logo\/image\/"},"sameAs":["https:\/\/www.facebook.com\/people\/JATI-diemitdempferd\/61555813963787\/","https:\/\/www.instagram.com\/jati_diemitdemschaum\/","https:\/\/www.youtube.com\/user\/JatiProducts","https:\/\/www.linkedin.com\/company\/jati-gmbh\/"]}]}},"_links":{"self":[{"href":"https:\/\/www.jatiproducts.com\/de\/wp-json\/wp\/v2\/product\/5438","targetHints":{"allow":["GET"]}}],"collection":[{"href":"https:\/\/www.jatiproducts.com\/de\/wp-json\/wp\/v2\/product"}],"about":[{"href":"https:\/\/www.jatiproducts.com\/de\/wp-json\/wp\/v2\/types\/product"}],"version-history":[{"count":0,"href":"https:\/\/www.jatiproducts.com\/de\/wp-json\/wp\/v2\/product\/5438\/revisions"}],"wp:featuredmedia":[{"embeddable":true,"href":"https:\/\/www.jatiproducts.com\/de\/wp-json\/wp\/v2\/media\/3533"}],"wp:attachment":[{"href":"https:\/\/www.jatiproducts.com\/de\/wp-json\/wp\/v2\/media?parent=5438"}],"wp:term":[{"taxonomy":"product_brand","embeddable":true,"href":"https:\/\/www.jatiproducts.com\/de\/wp-json\/wp\/v2\/product_brand?post=5438"},{"taxonomy":"product_cat","embeddable":true,"href":"https:\/\/www.jatiproducts.com\/de\/wp-json\/wp\/v2\/product_cat?post=5438"},{"taxonomy":"product_tag","embeddable":true,"href":"https:\/\/www.jatiproducts.com\/de\/wp-json\/wp\/v2\/product_tag?post=5438"}],"curies":[{"name":"wp","href":"https:\/\/api.w.org\/{rel}","templated":true}]}}