{"id":5442,"date":"2024-05-03T16:27:11","date_gmt":"2024-05-03T14:27:11","guid":{"rendered":"https:\/\/p684588.webspaceconfig.de\/jati-wp\/jatiproducts.com\/de\/?post_type=product&#038;p=5442"},"modified":"2026-03-31T14:34:58","modified_gmt":"2026-03-31T12:34:58","slug":"eds-verfahren","status":"publish","type":"product","link":"https:\/\/www.jatiproducts.com\/de\/schimmelsanierung\/eds-verfahren\/","title":{"rendered":"JATI EDS-Verfahren"},"content":{"rendered":"<div class=\"wpb-content-wrapper\"><p>[vc_row][vc_column width=&#8220;2\/3&#8243;][vc_column_text]<\/p>\n<h1>Die erste zerst\u00f6rungsfreie Estrichd\u00e4mmsanierung: Das JATI EDS-Verfahren<\/h1>\n<p>[\/vc_column_text][vc_column_text]Drei Schritte und doch einzigartig: Das JATI EDS-Verfahren ist das erste seiner Art und wurde gezielt f\u00fcr die zerst\u00f6rungsfreie Schimmelsanierung von Estrichd\u00e4mmsystemen entwickelt. Das zum Patent angemeldete Verfahren basiert auf drei hocheffizienten L\u00f6sungen zur Reinigung (JATI ED RS), Desinfektion (JATI EDD H+) und Fixierung (JATI ED FIX), die perfekt aufeinander abgestimmt sind.<\/p>\n<p>Im Vergleich zum klassischen R\u00fcck- und Neubau nach vielen Wassersch\u00e4den k\u00f6nnen mit dem JATI EDS-Verfahren die Kosten um bis zu 75% reduziert werden. Da kein Estrich entfernt oder neu verlegt werden muss, ist das JATI EDS-Verfahren auch deutlich schneller in der Durchf\u00fchrung und erm\u00f6glicht so eine ebenso schnelle Wiedernutzung. Ein entscheidender Vorteil zum Beispiel bei gewerblich genutzten R\u00e4umen, in Kantinen von Wohnheimen oder anderen sensiblen Bereichen, in denen Ausfallzeiten kaum tolerierbar sind.<\/p>\n<p>Kurzum: Das JATI EDS-Verfahren ist Leistung auf die Spitze getrieben in Bezug auf Kosten, Zeit und Wiedernutzung.[\/vc_column_text][vc_separator align=&#8220;align_left&#8220; css=&#8220;.vc_custom_1564415618920{margin-top: 50px !important;margin-bottom: 15px !important;}&#8220;][vc_column_text]<\/p>\n<h3>Welche Vorteile bietet das JATI EDS-Verfahren gegen\u00fcber dem R\u00fcck- und Neubau der Estrichd\u00e4mmung?<\/h3>\n<p>[\/vc_column_text][vc_row_inner][vc_column_inner width=&#8220;1\/2&#8243;][vc_column_text]<\/p>\n<h4>Deutliche Zeitersparnis:<\/h4>\n<p>Klare Reduzierung von Ausfallzeiten aufgrund einer deutlich schnelleren Durchf\u00fchrung. So ist beim JATI EDS-Verfahren zum Beispiel keine Estrichentfernung und Neuverlegung notwendig.[\/vc_column_text][\/vc_column_inner][vc_column_inner width=&#8220;1\/2&#8243;][vc_column_text]<\/p>\n<h4>Deutliche Kostenersparnis:<\/h4>\n<p>Es fallen bis zu 75% weniger Kosten im Vergleich zu einer baulichen Sanierung an. Entsorgungskosten f\u00fcr den alten Estrich und die D\u00e4mmschicht &#8211; wie beim R\u00fcckbau &#8211; entstehen gar nicht erst.[\/vc_column_text][\/vc_column_inner][\/vc_row_inner][vc_row_inner][vc_column_inner width=&#8220;1\/2&#8243;][vc_column_text]<\/p>\n<h4>Schnellere Wiedernutzung:<\/h4>\n<p>Bauliche Ma\u00dfnahmen sind nicht erforderlich. Dadurch verringern sich die Ausfallzeiten durch die Sanierung erheblich, was zum Beispiel in gewerblichen R\u00e4umen Produktionsausf\u00e4lle minimieren kann.[\/vc_column_text][\/vc_column_inner][vc_column_inner width=&#8220;1\/2&#8243;][vc_column_text]<\/p>\n<h4>Einfache Entsorgung:<\/h4>\n<p>Alle Anwendungsl\u00f6sungen k\u00f6nnen nach ihrer Nutzung \u00fcber die Kanalisation entsorgt werden. JATI EDD H+ etwa zerf\u00e4llt nach seiner Wirkung in die \u00f6kologisch unbedenklichen Abbauprodukte Sauerstoff und Wasser.[\/vc_column_text][\/vc_column_inner][\/vc_row_inner][vc_row_inner][vc_column_inner width=&#8220;1\/2&#8243;][vc_column_text]<\/p>\n<h4>Nahezu r\u00fcckstandslose Sanierung:<\/h4>\n<p>Anorganische und organische R\u00fcckst\u00e4nde (Biomasse) werden fast vollst\u00e4ndig entfernt und der Hygienestandard so deutlich verbessert.[\/vc_column_text][\/vc_column_inner][vc_column_inner][\/vc_column_inner][\/vc_row_inner][vc_separator align=&#8220;align_left&#8220; css=&#8220;.vc_custom_1564415669961{margin-top: 15px !important;margin-bottom: 50px !important;}&#8220;][vc_column_text]<\/p>\n<h3>Wie wird eine Sanierungsma\u00dfnahme im JATI EDS-Verfahren durchgef\u00fchrt?<\/h3>\n<p>[\/vc_column_text][vc_empty_space height=&#8220;30px&#8220;][vc_column_text]<strong>Grunds\u00e4tzlich kann das JATI EDS-Verfahren \u00fcberall da zum Einsatz kommen, wo eine Abschottung bzw. Einschalung der zu sanierenden Estrichd\u00e4mmung m\u00f6glich ist. Ist dies gegeben, sehen die Arbeitsschritte und Einwirkzeiten wie folgt aus:<\/strong><\/p>\n<ol>\n<li>Zun\u00e4chst wird ein Raster von Kernlochbohrungen durchgef\u00fchrt. Die Bohrungen werden in einem Abstand von ca. 2,5 Meter platziert und haben jeweils einen Durchmesser von ca. 5 cm.<\/li>\n<li>Die Reinigungsl\u00f6sung JATI ED RS wird als 10%ige Anwendungsl\u00f6sung \u00fcber die Kernbohrungen in das Estrichd\u00e4mmsystem eingebracht. F\u00fcllh\u00f6he: Oberkante Kernbohr\u00f6ffnung. Mindestens 60 Minuten Einwirkzeit.<\/li>\n<li>Die Reinigungsl\u00f6sung wird abgepumpt. Danach wird das Estrichd\u00e4mmsystem mit klarem Wasser gesp\u00fclt und erneut abgepumpt.<\/li>\n<li>Die Desinfektionsl\u00f6sung JATI EDD H+ wird als 10%ige Anwendungsl\u00f6sung \u00fcber die Kernbohrungen in das Estrichd\u00e4mmsystem eingebracht. F\u00fcllh\u00f6he: Oberkante Kernbohr\u00f6ffnung. Mindestens 60 Minuten Einwirkzeit.<\/li>\n<li>Die Desinfektionsl\u00f6sung wird abgepumpt. Danach wird die Fixierl\u00f6sung JATI ED FIX als 10%ige Anwendungsl\u00f6sung \u00fcber die Kernbohrungen in das Estrichd\u00e4mmsystem eingebracht. F\u00fcllh\u00f6he: Oberkante Kernbohr\u00f6ffnung. Mindestens 120 Minuten Einwirkzeit.<\/li>\n<li>Die Fixierl\u00f6sung wird abgepumpt. Danach kann die Trocknungsma\u00dfnahme beginnen.<\/li>\n<\/ol>\n<p>[\/vc_column_text][\/vc_column][vc_column width=&#8220;1\/3&#8243;][single_product_to_cart][vc_row_inner el_class=&#8220;gray-container&#8220;][vc_column_inner][vc_column_text css=&#8220;&#8220;]<\/p>\n<h3>Komponenten des<br \/>\nJATI EDS-Verfahrens<\/h3>\n<ul>\n<li>Zur Reinigung: JATI ED RS<\/li>\n<li>Zur Desinfektion: JATI EDD H+<\/li>\n<li>Zur Fixierung: JATI ED FIX<\/li>\n<\/ul>\n<p>[\/vc_column_text][\/vc_column_inner][\/vc_row_inner][vc_row_inner el_class=&#8220;gray-container&#8220;][vc_column_inner][vc_column_text]<\/p>\n<h3>Datenbl\u00e4tter:<\/h3>\n<p>[\/vc_column_text][downloads filter=&#8220;singleproduct&#8220; product=&#8220;jati-ed-rs&#8220; downloadtype=&#8220;produktinformationen&#8220;][downloads filter=&#8220;singleproduct&#8220; product=&#8220;jati-edd-h&#8220; downloadtype=&#8220;produktinformationen&#8220;][downloads filter=&#8220;singleproduct&#8220; product=&#8220;jati-ed-fix&#8220; downloadtype=&#8220;produktinformationen&#8220;][downloads filter=&#8220;singleproduct&#8220; product=&#8220;jati-eds-verfahren&#8220; downloadtype=&#8220;produktinformationen&#8220;][\/vc_column_inner][\/vc_row_inner][vc_row_inner el_class=&#8220;gray-container&#8220;][vc_column_inner][single_matching_product product_id=&#8220;5434&#8243; headline=&#8220;Dieses Produkt k\u00f6nnte auch interessant f\u00fcr Sie sein:&#8220;][vc_separator color=&#8220;white&#8220; align=&#8220;align_left&#8220;][vc_column_text]<\/p>\n<h3>Haben Sie Fragen zum JATI EDS-Verfahren?<\/h3>\n<p>Hier gibt es Antworten:<\/p>\n<h4 style=\"margin-top: -0.5rem;\"><a href=\"https:\/\/www.jatiproducts.com\/de\/kontakt\/\" target=\"_blank\" rel=\"noopener\">info@jati-group.com<\/a><\/h4>\n<p>+49 (0) 2984 \/ 93 4 93-0[\/vc_column_text][\/vc_column_inner][\/vc_row_inner][\/vc_column][\/vc_row]<\/p>\n<\/div>","protected":false},"excerpt":{"rendered":"<p>Das JATI EDS-Verfahren wurde gezielt f\u00fcr die zerst\u00f6rungsfreie Schimmelsanierung von Estrichd\u00e4mmsystemen entwickelt. Im Vergleich zum klassischen R\u00fcck- und Neubau nach vielen Wassersch\u00e4den k\u00f6nnen mit dem JATI EDS-Verfahren die Kosten um bis zu 75% reduziert werden. [&#8230;]<\/p>\n<p><a class=\"btn btn-secondary understrap-read-more-link\" href=\"https:\/\/www.jatiproducts.com\/de\/schimmelsanierung\/eds-verfahren\/\">Weiterlesen&#8230;<\/a><\/p>\n","protected":false},"featured_media":5943,"template":"","meta":{"_acf_changed":false,"footnotes":""},"product_brand":[],"product_cat":[94,122],"product_tag":[],"class_list":{"0":"post-5442","1":"product","2":"type-product","3":"status-publish","4":"has-post-thumbnail","6":"product_cat-schimmelsanierung","7":"product_cat-spezialanwendungen","9":"first","10":"instock","11":"taxable","12":"shipping-taxable","13":"purchasable","14":"product-type-variable","15":"has-default-attributes"},"acf":[],"yoast_head":"<!-- This site is optimized with the Yoast SEO plugin v27.2 - https:\/\/yoast.com\/product\/yoast-seo-wordpress\/ -->\n<title>Schimmel-Estrichd\u00e4mmsanierung mit dem JATI EDS Verfahren - JATI GmbH<\/title>\n<meta name=\"description\" content=\"Drei Schritte und doch einzigartig: Das JATI EDS-Verfahren wurde gezielt f\u00fcr die zerst\u00f6rungsfreie Sanierung von Estrichd\u00e4mmsystemen entwickelt.\" \/>\n<meta name=\"robots\" content=\"index, follow, max-snippet:-1, max-image-preview:large, max-video-preview:-1\" \/>\n<link rel=\"canonical\" href=\"https:\/\/www.jatiproducts.com\/de\/schimmelsanierung\/eds-verfahren\/\" \/>\n<meta property=\"og:locale\" content=\"de_DE\" \/>\n<meta property=\"og:type\" content=\"article\" \/>\n<meta property=\"og:title\" content=\"Schimmel-Estrichd\u00e4mmsanierung mit dem JATI EDS Verfahren - JATI GmbH\" \/>\n<meta property=\"og:description\" content=\"Drei Schritte und doch einzigartig: Das JATI EDS-Verfahren wurde gezielt f\u00fcr die zerst\u00f6rungsfreie Sanierung von Estrichd\u00e4mmsystemen entwickelt.\" \/>\n<meta property=\"og:url\" content=\"https:\/\/www.jatiproducts.com\/de\/schimmelsanierung\/eds-verfahren\/\" \/>\n<meta property=\"og:site_name\" content=\"JATI GmbH\" \/>\n<meta property=\"article:publisher\" content=\"https:\/\/www.facebook.com\/people\/JATI-diemitdempferd\/61555813963787\/\" \/>\n<meta property=\"article:modified_time\" content=\"2026-03-31T12:34:58+00:00\" \/>\n<meta property=\"og:image\" content=\"https:\/\/www.jatiproducts.com\/wp-content\/uploads\/JATI-EDS-Verfahren-1024x888.png\" \/>\n\t<meta property=\"og:image:width\" content=\"1024\" \/>\n\t<meta property=\"og:image:height\" content=\"888\" \/>\n\t<meta property=\"og:image:type\" content=\"image\/png\" \/>\n<meta name=\"twitter:card\" content=\"summary_large_image\" \/>\n<meta name=\"twitter:label1\" content=\"Gesch\u00e4tzte Lesezeit\" \/>\n\t<meta name=\"twitter:data1\" content=\"4\u00a0Minuten\" \/>\n<script type=\"application\/ld+json\" class=\"yoast-schema-graph\">{\"@context\":\"https:\/\/schema.org\",\"@graph\":[{\"@type\":\"WebPage\",\"@id\":\"https:\/\/www.jatiproducts.com\/de\/schimmelsanierung\/eds-verfahren\/\",\"url\":\"https:\/\/www.jatiproducts.com\/de\/schimmelsanierung\/eds-verfahren\/\",\"name\":\"Schimmel-Estrichd\u00e4mmsanierung mit dem JATI EDS Verfahren - JATI GmbH\",\"isPartOf\":{\"@id\":\"https:\/\/www.jatiproducts.com\/de\/#website\"},\"primaryImageOfPage\":{\"@id\":\"https:\/\/www.jatiproducts.com\/de\/schimmelsanierung\/eds-verfahren\/#primaryimage\"},\"image\":{\"@id\":\"https:\/\/www.jatiproducts.com\/de\/schimmelsanierung\/eds-verfahren\/#primaryimage\"},\"thumbnailUrl\":\"https:\/\/www.jatiproducts.com\/wp-content\/uploads\/JATI-EDS-Verfahren.png\",\"datePublished\":\"2024-05-03T14:27:11+00:00\",\"dateModified\":\"2026-03-31T12:34:58+00:00\",\"description\":\"Drei Schritte und doch einzigartig: Das JATI EDS-Verfahren wurde gezielt f\u00fcr die zerst\u00f6rungsfreie Sanierung von Estrichd\u00e4mmsystemen entwickelt.\",\"breadcrumb\":{\"@id\":\"https:\/\/www.jatiproducts.com\/de\/schimmelsanierung\/eds-verfahren\/#breadcrumb\"},\"inLanguage\":\"de\",\"potentialAction\":[{\"@type\":\"ReadAction\",\"target\":[\"https:\/\/www.jatiproducts.com\/de\/schimmelsanierung\/eds-verfahren\/\"]}]},{\"@type\":\"ImageObject\",\"inLanguage\":\"de\",\"@id\":\"https:\/\/www.jatiproducts.com\/de\/schimmelsanierung\/eds-verfahren\/#primaryimage\",\"url\":\"https:\/\/www.jatiproducts.com\/wp-content\/uploads\/JATI-EDS-Verfahren.png\",\"contentUrl\":\"https:\/\/www.jatiproducts.com\/wp-content\/uploads\/JATI-EDS-Verfahren.png\",\"width\":2048,\"height\":1776,\"caption\":\"Produktpalette JATI Maskierungsmittel, Estrichd\u00e4mmdesinfektion und Estrichd\u00e4mmsp\u00fchlung\"},{\"@type\":\"BreadcrumbList\",\"@id\":\"https:\/\/www.jatiproducts.com\/de\/schimmelsanierung\/eds-verfahren\/#breadcrumb\",\"itemListElement\":[{\"@type\":\"ListItem\",\"position\":1,\"name\":\"Startseite\",\"item\":\"https:\/\/www.jatiproducts.com\/de\/\"},{\"@type\":\"ListItem\",\"position\":2,\"name\":\"Shop\",\"item\":\"https:\/\/www.jatiproducts.com\/de\/shop\/\"},{\"@type\":\"ListItem\",\"position\":3,\"name\":\"JATI EDS-Verfahren\"}]},{\"@type\":\"WebSite\",\"@id\":\"https:\/\/www.jatiproducts.com\/de\/#website\",\"url\":\"https:\/\/www.jatiproducts.com\/de\/\",\"name\":\"JATI GmbH\",\"description\":\"JATI GmbH\",\"publisher\":{\"@id\":\"https:\/\/www.jatiproducts.com\/de\/#organization\"},\"potentialAction\":[{\"@type\":\"SearchAction\",\"target\":{\"@type\":\"EntryPoint\",\"urlTemplate\":\"https:\/\/www.jatiproducts.com\/de\/?s={search_term_string}\"},\"query-input\":{\"@type\":\"PropertyValueSpecification\",\"valueRequired\":true,\"valueName\":\"search_term_string\"}}],\"inLanguage\":\"de\"},{\"@type\":\"Organization\",\"@id\":\"https:\/\/www.jatiproducts.com\/de\/#organization\",\"name\":\"JATI GmbH\",\"url\":\"https:\/\/www.jatiproducts.com\/de\/\",\"logo\":{\"@type\":\"ImageObject\",\"inLanguage\":\"de\",\"@id\":\"https:\/\/www.jatiproducts.com\/de\/#\/schema\/logo\/image\/\",\"url\":\"https:\/\/www.jatiproducts.com\/wp-content\/uploads\/site-logo.png\",\"contentUrl\":\"https:\/\/www.jatiproducts.com\/wp-content\/uploads\/site-logo.png\",\"width\":696,\"height\":696,\"caption\":\"JATI GmbH\"},\"image\":{\"@id\":\"https:\/\/www.jatiproducts.com\/de\/#\/schema\/logo\/image\/\"},\"sameAs\":[\"https:\/\/www.facebook.com\/people\/JATI-diemitdempferd\/61555813963787\/\",\"https:\/\/www.instagram.com\/jati_diemitdemschaum\/\",\"https:\/\/www.youtube.com\/user\/JatiProducts\",\"https:\/\/www.linkedin.com\/company\/jati-gmbh\/\"]}]}<\/script>\n<!-- \/ Yoast SEO plugin. -->","yoast_head_json":{"title":"Schimmel-Estrichd\u00e4mmsanierung mit dem JATI EDS Verfahren - JATI GmbH","description":"Drei Schritte und doch einzigartig: Das JATI EDS-Verfahren wurde gezielt f\u00fcr die zerst\u00f6rungsfreie Sanierung von Estrichd\u00e4mmsystemen entwickelt.","robots":{"index":"index","follow":"follow","max-snippet":"max-snippet:-1","max-image-preview":"max-image-preview:large","max-video-preview":"max-video-preview:-1"},"canonical":"https:\/\/www.jatiproducts.com\/de\/schimmelsanierung\/eds-verfahren\/","og_locale":"de_DE","og_type":"article","og_title":"Schimmel-Estrichd\u00e4mmsanierung mit dem JATI EDS Verfahren - JATI GmbH","og_description":"Drei Schritte und doch einzigartig: Das JATI EDS-Verfahren wurde gezielt f\u00fcr die zerst\u00f6rungsfreie Sanierung von Estrichd\u00e4mmsystemen entwickelt.","og_url":"https:\/\/www.jatiproducts.com\/de\/schimmelsanierung\/eds-verfahren\/","og_site_name":"JATI GmbH","article_publisher":"https:\/\/www.facebook.com\/people\/JATI-diemitdempferd\/61555813963787\/","article_modified_time":"2026-03-31T12:34:58+00:00","og_image":[{"width":1024,"height":888,"url":"https:\/\/www.jatiproducts.com\/wp-content\/uploads\/JATI-EDS-Verfahren-1024x888.png","type":"image\/png"}],"twitter_card":"summary_large_image","twitter_misc":{"Gesch\u00e4tzte Lesezeit":"4\u00a0Minuten"},"schema":{"@context":"https:\/\/schema.org","@graph":[{"@type":"WebPage","@id":"https:\/\/www.jatiproducts.com\/de\/schimmelsanierung\/eds-verfahren\/","url":"https:\/\/www.jatiproducts.com\/de\/schimmelsanierung\/eds-verfahren\/","name":"Schimmel-Estrichd\u00e4mmsanierung mit dem JATI EDS Verfahren - JATI GmbH","isPartOf":{"@id":"https:\/\/www.jatiproducts.com\/de\/#website"},"primaryImageOfPage":{"@id":"https:\/\/www.jatiproducts.com\/de\/schimmelsanierung\/eds-verfahren\/#primaryimage"},"image":{"@id":"https:\/\/www.jatiproducts.com\/de\/schimmelsanierung\/eds-verfahren\/#primaryimage"},"thumbnailUrl":"https:\/\/www.jatiproducts.com\/wp-content\/uploads\/JATI-EDS-Verfahren.png","datePublished":"2024-05-03T14:27:11+00:00","dateModified":"2026-03-31T12:34:58+00:00","description":"Drei Schritte und doch einzigartig: Das JATI EDS-Verfahren wurde gezielt f\u00fcr die zerst\u00f6rungsfreie Sanierung von Estrichd\u00e4mmsystemen entwickelt.","breadcrumb":{"@id":"https:\/\/www.jatiproducts.com\/de\/schimmelsanierung\/eds-verfahren\/#breadcrumb"},"inLanguage":"de","potentialAction":[{"@type":"ReadAction","target":["https:\/\/www.jatiproducts.com\/de\/schimmelsanierung\/eds-verfahren\/"]}]},{"@type":"ImageObject","inLanguage":"de","@id":"https:\/\/www.jatiproducts.com\/de\/schimmelsanierung\/eds-verfahren\/#primaryimage","url":"https:\/\/www.jatiproducts.com\/wp-content\/uploads\/JATI-EDS-Verfahren.png","contentUrl":"https:\/\/www.jatiproducts.com\/wp-content\/uploads\/JATI-EDS-Verfahren.png","width":2048,"height":1776,"caption":"Produktpalette JATI Maskierungsmittel, Estrichd\u00e4mmdesinfektion und Estrichd\u00e4mmsp\u00fchlung"},{"@type":"BreadcrumbList","@id":"https:\/\/www.jatiproducts.com\/de\/schimmelsanierung\/eds-verfahren\/#breadcrumb","itemListElement":[{"@type":"ListItem","position":1,"name":"Startseite","item":"https:\/\/www.jatiproducts.com\/de\/"},{"@type":"ListItem","position":2,"name":"Shop","item":"https:\/\/www.jatiproducts.com\/de\/shop\/"},{"@type":"ListItem","position":3,"name":"JATI EDS-Verfahren"}]},{"@type":"WebSite","@id":"https:\/\/www.jatiproducts.com\/de\/#website","url":"https:\/\/www.jatiproducts.com\/de\/","name":"JATI GmbH","description":"JATI GmbH","publisher":{"@id":"https:\/\/www.jatiproducts.com\/de\/#organization"},"potentialAction":[{"@type":"SearchAction","target":{"@type":"EntryPoint","urlTemplate":"https:\/\/www.jatiproducts.com\/de\/?s={search_term_string}"},"query-input":{"@type":"PropertyValueSpecification","valueRequired":true,"valueName":"search_term_string"}}],"inLanguage":"de"},{"@type":"Organization","@id":"https:\/\/www.jatiproducts.com\/de\/#organization","name":"JATI GmbH","url":"https:\/\/www.jatiproducts.com\/de\/","logo":{"@type":"ImageObject","inLanguage":"de","@id":"https:\/\/www.jatiproducts.com\/de\/#\/schema\/logo\/image\/","url":"https:\/\/www.jatiproducts.com\/wp-content\/uploads\/site-logo.png","contentUrl":"https:\/\/www.jatiproducts.com\/wp-content\/uploads\/site-logo.png","width":696,"height":696,"caption":"JATI GmbH"},"image":{"@id":"https:\/\/www.jatiproducts.com\/de\/#\/schema\/logo\/image\/"},"sameAs":["https:\/\/www.facebook.com\/people\/JATI-diemitdempferd\/61555813963787\/","https:\/\/www.instagram.com\/jati_diemitdemschaum\/","https:\/\/www.youtube.com\/user\/JatiProducts","https:\/\/www.linkedin.com\/company\/jati-gmbh\/"]}]}},"_links":{"self":[{"href":"https:\/\/www.jatiproducts.com\/de\/wp-json\/wp\/v2\/product\/5442","targetHints":{"allow":["GET"]}}],"collection":[{"href":"https:\/\/www.jatiproducts.com\/de\/wp-json\/wp\/v2\/product"}],"about":[{"href":"https:\/\/www.jatiproducts.com\/de\/wp-json\/wp\/v2\/types\/product"}],"version-history":[{"count":0,"href":"https:\/\/www.jatiproducts.com\/de\/wp-json\/wp\/v2\/product\/5442\/revisions"}],"wp:featuredmedia":[{"embeddable":true,"href":"https:\/\/www.jatiproducts.com\/de\/wp-json\/wp\/v2\/media\/5943"}],"wp:attachment":[{"href":"https:\/\/www.jatiproducts.com\/de\/wp-json\/wp\/v2\/media?parent=5442"}],"wp:term":[{"taxonomy":"product_brand","embeddable":true,"href":"https:\/\/www.jatiproducts.com\/de\/wp-json\/wp\/v2\/product_brand?post=5442"},{"taxonomy":"product_cat","embeddable":true,"href":"https:\/\/www.jatiproducts.com\/de\/wp-json\/wp\/v2\/product_cat?post=5442"},{"taxonomy":"product_tag","embeddable":true,"href":"https:\/\/www.jatiproducts.com\/de\/wp-json\/wp\/v2\/product_tag?post=5442"}],"curies":[{"name":"wp","href":"https:\/\/api.w.org\/{rel}","templated":true}]}}