{"id":5473,"date":"2024-05-03T17:21:36","date_gmt":"2024-05-03T15:21:36","guid":{"rendered":"https:\/\/p684588.webspaceconfig.de\/jati-wp\/jatiproducts.com\/de\/?post_type=product&#038;p=5473"},"modified":"2026-03-31T13:50:50","modified_gmt":"2026-03-31T11:50:50","slug":"packer-zur-injektion-kunststoff","status":"publish","type":"product","link":"https:\/\/www.jatiproducts.com\/de\/schimmelsanierung\/packer-zur-injektion-kunststoff\/","title":{"rendered":"Packer zur Injektion (Kunststoff)"},"content":{"rendered":"<div class=\"wpb-content-wrapper\"><p>[vc_row][vc_column width=&#8220;2\/3&#8243;][vc_column_text css=&#8220;&#8220;]<\/p>\n<h1>Packer zur Injektion (Kunststoff)<\/h1>\n<p>Packer werden in Bohrungen in der Oberfl\u00e4che eingesetzt. Zur Injektion von JATI ESTRICHD\u00c4MM-DESINFEKTION und JATI 2K-DESINFEKTIONS-SCHAUM, \u00d8 12 mm, 60 mm lang.<\/p>\n<p>VPE 100 St\u00fcck[\/vc_column_text][\/vc_column][vc_column width=&#8220;1\/3&#8243;][single_product_to_cart][\/vc_column][\/vc_row]<\/p>\n<\/div>","protected":false},"excerpt":{"rendered":"<p>Packer werden in Bohrungen in der Oberfl\u00e4che eingesetzt. Zur Injektion von Estrichd\u00e4mmsp\u00fclsystem JATI EDD und Hohlraumschaumsystem JATI 2KDS. Durchmesser: 12 mm. L\u00e4nge: 60 mm. Verpackungseinheit: 100 St\u00fcck. [&#8230;]<\/p>\n<p><a class=\"btn btn-secondary understrap-read-more-link\" href=\"https:\/\/www.jatiproducts.com\/de\/schimmelsanierung\/packer-zur-injektion-kunststoff\/\">Weiterlesen&#8230;<\/a><\/p>\n","protected":false},"featured_media":5474,"template":"","meta":{"_acf_changed":false,"footnotes":""},"product_brand":[],"product_cat":[133,134,94,119],"product_tag":[],"class_list":{"0":"post-5473","1":"product","2":"type-product","3":"status-publish","4":"has-post-thumbnail","6":"product_cat-pumpen-estrichdaemmspuelsystem","7":"product_cat-schaumgeraete-auflistung","8":"product_cat-schimmelsanierung","9":"product_cat-zubehoer","11":"first","12":"instock","13":"taxable","14":"shipping-taxable","15":"purchasable","16":"product-type-simple"},"acf":[],"yoast_head":"<!-- This site is optimized with the Yoast SEO plugin v27.2 - https:\/\/yoast.com\/product\/yoast-seo-wordpress\/ -->\n<title>Packer zur Injektion (Kunststoff) - JATI GmbH<\/title>\n<meta name=\"description\" content=\"Packer zur Injektion (Kunststoff): F\u00fcr Bohrungen, \u00d8 12 mm, 60 mm lang. Zur Injektion von JATI Estrichd\u00e4mm-Desinfektion und 2K-Desinfektionsschaum.\" \/>\n<meta name=\"robots\" content=\"index, follow, max-snippet:-1, max-image-preview:large, max-video-preview:-1\" \/>\n<link rel=\"canonical\" href=\"https:\/\/www.jatiproducts.com\/de\/schimmelsanierung\/packer-zur-injektion-kunststoff\/\" \/>\n<meta property=\"og:locale\" content=\"de_DE\" \/>\n<meta property=\"og:type\" content=\"article\" \/>\n<meta property=\"og:title\" content=\"Packer zur Injektion (Kunststoff) - JATI GmbH\" \/>\n<meta property=\"og:description\" content=\"Packer zur Injektion (Kunststoff): F\u00fcr Bohrungen, \u00d8 12 mm, 60 mm lang. Zur Injektion von JATI Estrichd\u00e4mm-Desinfektion und 2K-Desinfektionsschaum.\" \/>\n<meta property=\"og:url\" content=\"https:\/\/www.jatiproducts.com\/de\/schimmelsanierung\/packer-zur-injektion-kunststoff\/\" \/>\n<meta property=\"og:site_name\" content=\"JATI GmbH\" \/>\n<meta property=\"article:publisher\" content=\"https:\/\/www.facebook.com\/people\/JATI-diemitdempferd\/61555813963787\/\" \/>\n<meta property=\"article:modified_time\" content=\"2026-03-31T11:50:50+00:00\" \/>\n<meta property=\"og:image\" content=\"https:\/\/www.jatiproducts.com\/wp-content\/uploads\/18_0.jpg\" \/>\n\t<meta property=\"og:image:width\" content=\"260\" \/>\n\t<meta property=\"og:image:height\" content=\"234\" \/>\n\t<meta property=\"og:image:type\" content=\"image\/jpeg\" \/>\n<meta name=\"twitter:card\" content=\"summary_large_image\" \/>\n<meta name=\"twitter:label1\" content=\"Gesch\u00e4tzte Lesezeit\" \/>\n\t<meta name=\"twitter:data1\" content=\"1\u00a0Minute\" \/>\n<script type=\"application\/ld+json\" class=\"yoast-schema-graph\">{\"@context\":\"https:\/\/schema.org\",\"@graph\":[{\"@type\":\"WebPage\",\"@id\":\"https:\/\/www.jatiproducts.com\/de\/schimmelsanierung\/packer-zur-injektion-kunststoff\/\",\"url\":\"https:\/\/www.jatiproducts.com\/de\/schimmelsanierung\/packer-zur-injektion-kunststoff\/\",\"name\":\"Packer zur Injektion (Kunststoff) - JATI GmbH\",\"isPartOf\":{\"@id\":\"https:\/\/www.jatiproducts.com\/de\/#website\"},\"primaryImageOfPage\":{\"@id\":\"https:\/\/www.jatiproducts.com\/de\/schimmelsanierung\/packer-zur-injektion-kunststoff\/#primaryimage\"},\"image\":{\"@id\":\"https:\/\/www.jatiproducts.com\/de\/schimmelsanierung\/packer-zur-injektion-kunststoff\/#primaryimage\"},\"thumbnailUrl\":\"https:\/\/www.jatiproducts.com\/wp-content\/uploads\/18_0.jpg\",\"datePublished\":\"2024-05-03T15:21:36+00:00\",\"dateModified\":\"2026-03-31T11:50:50+00:00\",\"description\":\"Packer zur Injektion (Kunststoff): F\u00fcr Bohrungen, \u00d8 12 mm, 60 mm lang. Zur Injektion von JATI Estrichd\u00e4mm-Desinfektion und 2K-Desinfektionsschaum.\",\"breadcrumb\":{\"@id\":\"https:\/\/www.jatiproducts.com\/de\/schimmelsanierung\/packer-zur-injektion-kunststoff\/#breadcrumb\"},\"inLanguage\":\"de\",\"potentialAction\":[{\"@type\":\"ReadAction\",\"target\":[\"https:\/\/www.jatiproducts.com\/de\/schimmelsanierung\/packer-zur-injektion-kunststoff\/\"]}]},{\"@type\":\"ImageObject\",\"inLanguage\":\"de\",\"@id\":\"https:\/\/www.jatiproducts.com\/de\/schimmelsanierung\/packer-zur-injektion-kunststoff\/#primaryimage\",\"url\":\"https:\/\/www.jatiproducts.com\/wp-content\/uploads\/18_0.jpg\",\"contentUrl\":\"https:\/\/www.jatiproducts.com\/wp-content\/uploads\/18_0.jpg\",\"width\":260,\"height\":234,\"caption\":\"Produktbild JATI Kunststoff Packer zur Injektion\"},{\"@type\":\"BreadcrumbList\",\"@id\":\"https:\/\/www.jatiproducts.com\/de\/schimmelsanierung\/packer-zur-injektion-kunststoff\/#breadcrumb\",\"itemListElement\":[{\"@type\":\"ListItem\",\"position\":1,\"name\":\"Startseite\",\"item\":\"https:\/\/www.jatiproducts.com\/de\/\"},{\"@type\":\"ListItem\",\"position\":2,\"name\":\"Shop\",\"item\":\"https:\/\/www.jatiproducts.com\/de\/shop\/\"},{\"@type\":\"ListItem\",\"position\":3,\"name\":\"Packer zur Injektion (Kunststoff)\"}]},{\"@type\":\"WebSite\",\"@id\":\"https:\/\/www.jatiproducts.com\/de\/#website\",\"url\":\"https:\/\/www.jatiproducts.com\/de\/\",\"name\":\"JATI GmbH\",\"description\":\"JATI GmbH\",\"publisher\":{\"@id\":\"https:\/\/www.jatiproducts.com\/de\/#organization\"},\"potentialAction\":[{\"@type\":\"SearchAction\",\"target\":{\"@type\":\"EntryPoint\",\"urlTemplate\":\"https:\/\/www.jatiproducts.com\/de\/?s={search_term_string}\"},\"query-input\":{\"@type\":\"PropertyValueSpecification\",\"valueRequired\":true,\"valueName\":\"search_term_string\"}}],\"inLanguage\":\"de\"},{\"@type\":\"Organization\",\"@id\":\"https:\/\/www.jatiproducts.com\/de\/#organization\",\"name\":\"JATI GmbH\",\"url\":\"https:\/\/www.jatiproducts.com\/de\/\",\"logo\":{\"@type\":\"ImageObject\",\"inLanguage\":\"de\",\"@id\":\"https:\/\/www.jatiproducts.com\/de\/#\/schema\/logo\/image\/\",\"url\":\"https:\/\/www.jatiproducts.com\/wp-content\/uploads\/site-logo.png\",\"contentUrl\":\"https:\/\/www.jatiproducts.com\/wp-content\/uploads\/site-logo.png\",\"width\":696,\"height\":696,\"caption\":\"JATI GmbH\"},\"image\":{\"@id\":\"https:\/\/www.jatiproducts.com\/de\/#\/schema\/logo\/image\/\"},\"sameAs\":[\"https:\/\/www.facebook.com\/people\/JATI-diemitdempferd\/61555813963787\/\",\"https:\/\/www.instagram.com\/jati_diemitdemschaum\/\",\"https:\/\/www.youtube.com\/user\/JatiProducts\",\"https:\/\/www.linkedin.com\/company\/jati-gmbh\/\"]}]}<\/script>\n<!-- \/ Yoast SEO plugin. -->","yoast_head_json":{"title":"Packer zur Injektion (Kunststoff) - JATI GmbH","description":"Packer zur Injektion (Kunststoff): F\u00fcr Bohrungen, \u00d8 12 mm, 60 mm lang. Zur Injektion von JATI Estrichd\u00e4mm-Desinfektion und 2K-Desinfektionsschaum.","robots":{"index":"index","follow":"follow","max-snippet":"max-snippet:-1","max-image-preview":"max-image-preview:large","max-video-preview":"max-video-preview:-1"},"canonical":"https:\/\/www.jatiproducts.com\/de\/schimmelsanierung\/packer-zur-injektion-kunststoff\/","og_locale":"de_DE","og_type":"article","og_title":"Packer zur Injektion (Kunststoff) - JATI GmbH","og_description":"Packer zur Injektion (Kunststoff): F\u00fcr Bohrungen, \u00d8 12 mm, 60 mm lang. Zur Injektion von JATI Estrichd\u00e4mm-Desinfektion und 2K-Desinfektionsschaum.","og_url":"https:\/\/www.jatiproducts.com\/de\/schimmelsanierung\/packer-zur-injektion-kunststoff\/","og_site_name":"JATI GmbH","article_publisher":"https:\/\/www.facebook.com\/people\/JATI-diemitdempferd\/61555813963787\/","article_modified_time":"2026-03-31T11:50:50+00:00","og_image":[{"width":260,"height":234,"url":"https:\/\/www.jatiproducts.com\/wp-content\/uploads\/18_0.jpg","type":"image\/jpeg"}],"twitter_card":"summary_large_image","twitter_misc":{"Gesch\u00e4tzte Lesezeit":"1\u00a0Minute"},"schema":{"@context":"https:\/\/schema.org","@graph":[{"@type":"WebPage","@id":"https:\/\/www.jatiproducts.com\/de\/schimmelsanierung\/packer-zur-injektion-kunststoff\/","url":"https:\/\/www.jatiproducts.com\/de\/schimmelsanierung\/packer-zur-injektion-kunststoff\/","name":"Packer zur Injektion (Kunststoff) - JATI GmbH","isPartOf":{"@id":"https:\/\/www.jatiproducts.com\/de\/#website"},"primaryImageOfPage":{"@id":"https:\/\/www.jatiproducts.com\/de\/schimmelsanierung\/packer-zur-injektion-kunststoff\/#primaryimage"},"image":{"@id":"https:\/\/www.jatiproducts.com\/de\/schimmelsanierung\/packer-zur-injektion-kunststoff\/#primaryimage"},"thumbnailUrl":"https:\/\/www.jatiproducts.com\/wp-content\/uploads\/18_0.jpg","datePublished":"2024-05-03T15:21:36+00:00","dateModified":"2026-03-31T11:50:50+00:00","description":"Packer zur Injektion (Kunststoff): F\u00fcr Bohrungen, \u00d8 12 mm, 60 mm lang. Zur Injektion von JATI Estrichd\u00e4mm-Desinfektion und 2K-Desinfektionsschaum.","breadcrumb":{"@id":"https:\/\/www.jatiproducts.com\/de\/schimmelsanierung\/packer-zur-injektion-kunststoff\/#breadcrumb"},"inLanguage":"de","potentialAction":[{"@type":"ReadAction","target":["https:\/\/www.jatiproducts.com\/de\/schimmelsanierung\/packer-zur-injektion-kunststoff\/"]}]},{"@type":"ImageObject","inLanguage":"de","@id":"https:\/\/www.jatiproducts.com\/de\/schimmelsanierung\/packer-zur-injektion-kunststoff\/#primaryimage","url":"https:\/\/www.jatiproducts.com\/wp-content\/uploads\/18_0.jpg","contentUrl":"https:\/\/www.jatiproducts.com\/wp-content\/uploads\/18_0.jpg","width":260,"height":234,"caption":"Produktbild JATI Kunststoff Packer zur Injektion"},{"@type":"BreadcrumbList","@id":"https:\/\/www.jatiproducts.com\/de\/schimmelsanierung\/packer-zur-injektion-kunststoff\/#breadcrumb","itemListElement":[{"@type":"ListItem","position":1,"name":"Startseite","item":"https:\/\/www.jatiproducts.com\/de\/"},{"@type":"ListItem","position":2,"name":"Shop","item":"https:\/\/www.jatiproducts.com\/de\/shop\/"},{"@type":"ListItem","position":3,"name":"Packer zur Injektion (Kunststoff)"}]},{"@type":"WebSite","@id":"https:\/\/www.jatiproducts.com\/de\/#website","url":"https:\/\/www.jatiproducts.com\/de\/","name":"JATI GmbH","description":"JATI GmbH","publisher":{"@id":"https:\/\/www.jatiproducts.com\/de\/#organization"},"potentialAction":[{"@type":"SearchAction","target":{"@type":"EntryPoint","urlTemplate":"https:\/\/www.jatiproducts.com\/de\/?s={search_term_string}"},"query-input":{"@type":"PropertyValueSpecification","valueRequired":true,"valueName":"search_term_string"}}],"inLanguage":"de"},{"@type":"Organization","@id":"https:\/\/www.jatiproducts.com\/de\/#organization","name":"JATI GmbH","url":"https:\/\/www.jatiproducts.com\/de\/","logo":{"@type":"ImageObject","inLanguage":"de","@id":"https:\/\/www.jatiproducts.com\/de\/#\/schema\/logo\/image\/","url":"https:\/\/www.jatiproducts.com\/wp-content\/uploads\/site-logo.png","contentUrl":"https:\/\/www.jatiproducts.com\/wp-content\/uploads\/site-logo.png","width":696,"height":696,"caption":"JATI GmbH"},"image":{"@id":"https:\/\/www.jatiproducts.com\/de\/#\/schema\/logo\/image\/"},"sameAs":["https:\/\/www.facebook.com\/people\/JATI-diemitdempferd\/61555813963787\/","https:\/\/www.instagram.com\/jati_diemitdemschaum\/","https:\/\/www.youtube.com\/user\/JatiProducts","https:\/\/www.linkedin.com\/company\/jati-gmbh\/"]}]}},"_links":{"self":[{"href":"https:\/\/www.jatiproducts.com\/de\/wp-json\/wp\/v2\/product\/5473","targetHints":{"allow":["GET"]}}],"collection":[{"href":"https:\/\/www.jatiproducts.com\/de\/wp-json\/wp\/v2\/product"}],"about":[{"href":"https:\/\/www.jatiproducts.com\/de\/wp-json\/wp\/v2\/types\/product"}],"version-history":[{"count":0,"href":"https:\/\/www.jatiproducts.com\/de\/wp-json\/wp\/v2\/product\/5473\/revisions"}],"wp:featuredmedia":[{"embeddable":true,"href":"https:\/\/www.jatiproducts.com\/de\/wp-json\/wp\/v2\/media\/5474"}],"wp:attachment":[{"href":"https:\/\/www.jatiproducts.com\/de\/wp-json\/wp\/v2\/media?parent=5473"}],"wp:term":[{"taxonomy":"product_brand","embeddable":true,"href":"https:\/\/www.jatiproducts.com\/de\/wp-json\/wp\/v2\/product_brand?post=5473"},{"taxonomy":"product_cat","embeddable":true,"href":"https:\/\/www.jatiproducts.com\/de\/wp-json\/wp\/v2\/product_cat?post=5473"},{"taxonomy":"product_tag","embeddable":true,"href":"https:\/\/www.jatiproducts.com\/de\/wp-json\/wp\/v2\/product_tag?post=5473"}],"curies":[{"name":"wp","href":"https:\/\/api.w.org\/{rel}","templated":true}]}}