{"id":5488,"date":"2024-05-03T17:35:59","date_gmt":"2024-05-03T15:35:59","guid":{"rendered":"https:\/\/p684588.webspaceconfig.de\/jati-wp\/jatiproducts.com\/de\/?post_type=product&#038;p=5488"},"modified":"2026-03-31T13:50:20","modified_gmt":"2026-03-31T11:50:20","slug":"schaumgeraet-foam-matic-5-p","status":"publish","type":"product","link":"https:\/\/www.jatiproducts.com\/de\/schimmelsanierung\/schaumgeraet-foam-matic-5-p\/","title":{"rendered":"Schaumger\u00e4t FOAM-MATIC 5 P"},"content":{"rendered":"<div class=\"wpb-content-wrapper\"><p>[vc_row][vc_column width=&#8220;2\/3&#8243;][vc_column_text css=&#8220;&#8220;]<\/p>\n<h1>Schaumger\u00e4t FOAM-MATIC 5 P<\/h1>\n<p>Dank gro\u00dfem Druckspeichervolumen und Handpumpe kann unabh\u00e4ngig von einem Druckluftanschluss schnell und mobil gesch\u00e4umt werden.<\/p>\n<ul>\n<li>Bruchfester und robuster Kunststoffbeh\u00e4lter mit 5 Liter F\u00fcllinhalt, 2.5 l Druckpolster und 4 bar Druckspeicher \/ Arbeitsdruck<\/li>\n<li>Druckpolster und 4 bar Druckspeicher \/ Arbeitsdruck<\/li>\n<li>speziell kurzes Schaumrohr<\/li>\n<li>Schaumrohr-Verl\u00e4ngerung 50 cm (Optional)<\/li>\n<li>hochwertige und f\u00f6rderstarke Handpumpe mit Zweihandgriff<\/li>\n<li>Ausf\u00fchrung mit Edelstahlkolbenstange und Manschettenf\u00fchrung<\/li>\n<li>integriertes Pneuventil<\/li>\n<li>chemisch best\u00e4ndige Viton Dichtungen<\/li>\n<li>\u00dcberdruckventil<\/li>\n<li>verst\u00e4rkter, am Beh\u00e4lterkopf befestigter 1,5 m Druckschlauch<\/li>\n<li>gro\u00dfe Einf\u00fcll\u00f6ffnung mit integriertem Trichter<\/li>\n<\/ul>\n<p>[\/vc_column_text][vc_row_inner content_placement=&#8220;top&#8220;][vc_column_inner el_class=&#8220;gray-container&#8220; width=&#8220;1\/2&#8243;][vc_column_text css=&#8220;&#8220;]<\/p>\n<h3>Dokumente<\/h3>\n<p>[\/vc_column_text][downloads filter=&#8220;singleproduct&#8220; product=&#8220;foam-matic-5-p&#8220; downloadtype=&#8220;bedienungsanleitungen&#8220;][\/vc_column_inner][vc_column_inner width=&#8220;1\/2&#8243;][single_matching_product product_id=&#8220;5552&#8243; use_gray_container=&#8220;true&#8220; headline=&#8220;Optionale Erweiterung&#8220;][\/vc_column_inner][\/vc_row_inner][\/vc_column][vc_column width=&#8220;1\/3&#8243;][single_product_to_cart][\/vc_column][\/vc_row]<\/p>\n<\/div>","protected":false},"excerpt":{"rendered":"<p>Schaumger\u00e4t mit bruchfestem und robustem Kunststoffbeh\u00e4lter. Dank gro\u00dfem Druckspeichervolumen und Handpumpe kann unabh\u00e4ngig von einem Druckluftanschluss schnell und mobil gesch\u00e4umt werden. Chemisch best\u00e4ndige Viton-Dichtungen. \u00dcberdruckventil. F\u00fcllmenge: 5 Liter. [&#8230;]<\/p>\n<p><a class=\"btn btn-secondary understrap-read-more-link\" href=\"https:\/\/www.jatiproducts.com\/de\/schimmelsanierung\/schaumgeraet-foam-matic-5-p\/\">Weiterlesen&#8230;<\/a><\/p>\n","protected":false},"featured_media":910,"template":"","meta":{"_acf_changed":false,"footnotes":""},"product_brand":[],"product_cat":[134,94,119],"product_tag":[],"class_list":{"0":"post-5488","1":"product","2":"type-product","3":"status-publish","4":"has-post-thumbnail","6":"product_cat-schaumgeraete-auflistung","7":"product_cat-schimmelsanierung","8":"product_cat-zubehoer","10":"first","11":"instock","12":"taxable","13":"shipping-taxable","14":"purchasable","15":"product-type-simple"},"acf":[],"yoast_head":"<!-- This site is optimized with the Yoast SEO plugin v27.2 - https:\/\/yoast.com\/product\/yoast-seo-wordpress\/ -->\n<title>Schaumger\u00e4t FOAM-MATIC 5 P - JATI GmbH<\/title>\n<meta name=\"description\" content=\"Mobiles Schaumger\u00e4t mit 5L Volumen, 4 bar Arbeitsdruck und robuster Handpumpe. Enth\u00e4lt Edelstahlkolbenstange, Viton-Dichtungen, \u00dcberdruckventil.\" \/>\n<meta name=\"robots\" content=\"index, follow, max-snippet:-1, max-image-preview:large, max-video-preview:-1\" \/>\n<link rel=\"canonical\" href=\"https:\/\/www.jatiproducts.com\/de\/schimmelsanierung\/schaumgeraet-foam-matic-5-p\/\" \/>\n<meta property=\"og:locale\" content=\"de_DE\" \/>\n<meta property=\"og:type\" content=\"article\" \/>\n<meta property=\"og:title\" content=\"Schaumger\u00e4t FOAM-MATIC 5 P - JATI GmbH\" \/>\n<meta property=\"og:description\" content=\"Mobiles Schaumger\u00e4t mit 5L Volumen, 4 bar Arbeitsdruck und robuster Handpumpe. Enth\u00e4lt Edelstahlkolbenstange, Viton-Dichtungen, \u00dcberdruckventil.\" \/>\n<meta property=\"og:url\" content=\"https:\/\/www.jatiproducts.com\/de\/schimmelsanierung\/schaumgeraet-foam-matic-5-p\/\" \/>\n<meta property=\"og:site_name\" content=\"JATI GmbH\" \/>\n<meta property=\"article:publisher\" content=\"https:\/\/www.facebook.com\/people\/JATI-diemitdempferd\/61555813963787\/\" \/>\n<meta property=\"article:modified_time\" content=\"2026-03-31T11:50:20+00:00\" \/>\n<meta property=\"og:image\" content=\"https:\/\/www.jatiproducts.com\/wp-content\/uploads\/foammatic_5p.jpg\" \/>\n\t<meta property=\"og:image:width\" content=\"300\" \/>\n\t<meta property=\"og:image:height\" content=\"357\" \/>\n\t<meta property=\"og:image:type\" content=\"image\/jpeg\" \/>\n<meta name=\"twitter:card\" content=\"summary_large_image\" \/>\n<meta name=\"twitter:label1\" content=\"Gesch\u00e4tzte Lesezeit\" \/>\n\t<meta name=\"twitter:data1\" content=\"1\u00a0Minute\" \/>\n<script type=\"application\/ld+json\" class=\"yoast-schema-graph\">{\"@context\":\"https:\/\/schema.org\",\"@graph\":[{\"@type\":\"WebPage\",\"@id\":\"https:\/\/www.jatiproducts.com\/de\/schimmelsanierung\/schaumgeraet-foam-matic-5-p\/\",\"url\":\"https:\/\/www.jatiproducts.com\/de\/schimmelsanierung\/schaumgeraet-foam-matic-5-p\/\",\"name\":\"Schaumger\u00e4t FOAM-MATIC 5 P - JATI GmbH\",\"isPartOf\":{\"@id\":\"https:\/\/www.jatiproducts.com\/de\/#website\"},\"primaryImageOfPage\":{\"@id\":\"https:\/\/www.jatiproducts.com\/de\/schimmelsanierung\/schaumgeraet-foam-matic-5-p\/#primaryimage\"},\"image\":{\"@id\":\"https:\/\/www.jatiproducts.com\/de\/schimmelsanierung\/schaumgeraet-foam-matic-5-p\/#primaryimage\"},\"thumbnailUrl\":\"https:\/\/www.jatiproducts.com\/wp-content\/uploads\/foammatic_5p.jpg\",\"datePublished\":\"2024-05-03T15:35:59+00:00\",\"dateModified\":\"2026-03-31T11:50:20+00:00\",\"description\":\"Mobiles Schaumger\u00e4t mit 5L Volumen, 4 bar Arbeitsdruck und robuster Handpumpe. Enth\u00e4lt Edelstahlkolbenstange, Viton-Dichtungen, \u00dcberdruckventil.\",\"breadcrumb\":{\"@id\":\"https:\/\/www.jatiproducts.com\/de\/schimmelsanierung\/schaumgeraet-foam-matic-5-p\/#breadcrumb\"},\"inLanguage\":\"de\",\"potentialAction\":[{\"@type\":\"ReadAction\",\"target\":[\"https:\/\/www.jatiproducts.com\/de\/schimmelsanierung\/schaumgeraet-foam-matic-5-p\/\"]}]},{\"@type\":\"ImageObject\",\"inLanguage\":\"de\",\"@id\":\"https:\/\/www.jatiproducts.com\/de\/schimmelsanierung\/schaumgeraet-foam-matic-5-p\/#primaryimage\",\"url\":\"https:\/\/www.jatiproducts.com\/wp-content\/uploads\/foammatic_5p.jpg\",\"contentUrl\":\"https:\/\/www.jatiproducts.com\/wp-content\/uploads\/foammatic_5p.jpg\",\"width\":300,\"height\":357,\"caption\":\"Produktbild JATI Foamatic 5P\"},{\"@type\":\"BreadcrumbList\",\"@id\":\"https:\/\/www.jatiproducts.com\/de\/schimmelsanierung\/schaumgeraet-foam-matic-5-p\/#breadcrumb\",\"itemListElement\":[{\"@type\":\"ListItem\",\"position\":1,\"name\":\"Startseite\",\"item\":\"https:\/\/www.jatiproducts.com\/de\/\"},{\"@type\":\"ListItem\",\"position\":2,\"name\":\"Shop\",\"item\":\"https:\/\/www.jatiproducts.com\/de\/shop\/\"},{\"@type\":\"ListItem\",\"position\":3,\"name\":\"Schaumger\u00e4t FOAM-MATIC 5 P\"}]},{\"@type\":\"WebSite\",\"@id\":\"https:\/\/www.jatiproducts.com\/de\/#website\",\"url\":\"https:\/\/www.jatiproducts.com\/de\/\",\"name\":\"JATI GmbH\",\"description\":\"JATI GmbH\",\"publisher\":{\"@id\":\"https:\/\/www.jatiproducts.com\/de\/#organization\"},\"potentialAction\":[{\"@type\":\"SearchAction\",\"target\":{\"@type\":\"EntryPoint\",\"urlTemplate\":\"https:\/\/www.jatiproducts.com\/de\/?s={search_term_string}\"},\"query-input\":{\"@type\":\"PropertyValueSpecification\",\"valueRequired\":true,\"valueName\":\"search_term_string\"}}],\"inLanguage\":\"de\"},{\"@type\":\"Organization\",\"@id\":\"https:\/\/www.jatiproducts.com\/de\/#organization\",\"name\":\"JATI GmbH\",\"url\":\"https:\/\/www.jatiproducts.com\/de\/\",\"logo\":{\"@type\":\"ImageObject\",\"inLanguage\":\"de\",\"@id\":\"https:\/\/www.jatiproducts.com\/de\/#\/schema\/logo\/image\/\",\"url\":\"https:\/\/www.jatiproducts.com\/wp-content\/uploads\/site-logo.png\",\"contentUrl\":\"https:\/\/www.jatiproducts.com\/wp-content\/uploads\/site-logo.png\",\"width\":696,\"height\":696,\"caption\":\"JATI GmbH\"},\"image\":{\"@id\":\"https:\/\/www.jatiproducts.com\/de\/#\/schema\/logo\/image\/\"},\"sameAs\":[\"https:\/\/www.facebook.com\/people\/JATI-diemitdempferd\/61555813963787\/\",\"https:\/\/www.instagram.com\/jati_diemitdemschaum\/\",\"https:\/\/www.youtube.com\/user\/JatiProducts\",\"https:\/\/www.linkedin.com\/company\/jati-gmbh\/\"]}]}<\/script>\n<!-- \/ Yoast SEO plugin. -->","yoast_head_json":{"title":"Schaumger\u00e4t FOAM-MATIC 5 P - JATI GmbH","description":"Mobiles Schaumger\u00e4t mit 5L Volumen, 4 bar Arbeitsdruck und robuster Handpumpe. Enth\u00e4lt Edelstahlkolbenstange, Viton-Dichtungen, \u00dcberdruckventil.","robots":{"index":"index","follow":"follow","max-snippet":"max-snippet:-1","max-image-preview":"max-image-preview:large","max-video-preview":"max-video-preview:-1"},"canonical":"https:\/\/www.jatiproducts.com\/de\/schimmelsanierung\/schaumgeraet-foam-matic-5-p\/","og_locale":"de_DE","og_type":"article","og_title":"Schaumger\u00e4t FOAM-MATIC 5 P - JATI GmbH","og_description":"Mobiles Schaumger\u00e4t mit 5L Volumen, 4 bar Arbeitsdruck und robuster Handpumpe. Enth\u00e4lt Edelstahlkolbenstange, Viton-Dichtungen, \u00dcberdruckventil.","og_url":"https:\/\/www.jatiproducts.com\/de\/schimmelsanierung\/schaumgeraet-foam-matic-5-p\/","og_site_name":"JATI GmbH","article_publisher":"https:\/\/www.facebook.com\/people\/JATI-diemitdempferd\/61555813963787\/","article_modified_time":"2026-03-31T11:50:20+00:00","og_image":[{"width":300,"height":357,"url":"https:\/\/www.jatiproducts.com\/wp-content\/uploads\/foammatic_5p.jpg","type":"image\/jpeg"}],"twitter_card":"summary_large_image","twitter_misc":{"Gesch\u00e4tzte Lesezeit":"1\u00a0Minute"},"schema":{"@context":"https:\/\/schema.org","@graph":[{"@type":"WebPage","@id":"https:\/\/www.jatiproducts.com\/de\/schimmelsanierung\/schaumgeraet-foam-matic-5-p\/","url":"https:\/\/www.jatiproducts.com\/de\/schimmelsanierung\/schaumgeraet-foam-matic-5-p\/","name":"Schaumger\u00e4t FOAM-MATIC 5 P - JATI GmbH","isPartOf":{"@id":"https:\/\/www.jatiproducts.com\/de\/#website"},"primaryImageOfPage":{"@id":"https:\/\/www.jatiproducts.com\/de\/schimmelsanierung\/schaumgeraet-foam-matic-5-p\/#primaryimage"},"image":{"@id":"https:\/\/www.jatiproducts.com\/de\/schimmelsanierung\/schaumgeraet-foam-matic-5-p\/#primaryimage"},"thumbnailUrl":"https:\/\/www.jatiproducts.com\/wp-content\/uploads\/foammatic_5p.jpg","datePublished":"2024-05-03T15:35:59+00:00","dateModified":"2026-03-31T11:50:20+00:00","description":"Mobiles Schaumger\u00e4t mit 5L Volumen, 4 bar Arbeitsdruck und robuster Handpumpe. Enth\u00e4lt Edelstahlkolbenstange, Viton-Dichtungen, \u00dcberdruckventil.","breadcrumb":{"@id":"https:\/\/www.jatiproducts.com\/de\/schimmelsanierung\/schaumgeraet-foam-matic-5-p\/#breadcrumb"},"inLanguage":"de","potentialAction":[{"@type":"ReadAction","target":["https:\/\/www.jatiproducts.com\/de\/schimmelsanierung\/schaumgeraet-foam-matic-5-p\/"]}]},{"@type":"ImageObject","inLanguage":"de","@id":"https:\/\/www.jatiproducts.com\/de\/schimmelsanierung\/schaumgeraet-foam-matic-5-p\/#primaryimage","url":"https:\/\/www.jatiproducts.com\/wp-content\/uploads\/foammatic_5p.jpg","contentUrl":"https:\/\/www.jatiproducts.com\/wp-content\/uploads\/foammatic_5p.jpg","width":300,"height":357,"caption":"Produktbild JATI Foamatic 5P"},{"@type":"BreadcrumbList","@id":"https:\/\/www.jatiproducts.com\/de\/schimmelsanierung\/schaumgeraet-foam-matic-5-p\/#breadcrumb","itemListElement":[{"@type":"ListItem","position":1,"name":"Startseite","item":"https:\/\/www.jatiproducts.com\/de\/"},{"@type":"ListItem","position":2,"name":"Shop","item":"https:\/\/www.jatiproducts.com\/de\/shop\/"},{"@type":"ListItem","position":3,"name":"Schaumger\u00e4t FOAM-MATIC 5 P"}]},{"@type":"WebSite","@id":"https:\/\/www.jatiproducts.com\/de\/#website","url":"https:\/\/www.jatiproducts.com\/de\/","name":"JATI GmbH","description":"JATI GmbH","publisher":{"@id":"https:\/\/www.jatiproducts.com\/de\/#organization"},"potentialAction":[{"@type":"SearchAction","target":{"@type":"EntryPoint","urlTemplate":"https:\/\/www.jatiproducts.com\/de\/?s={search_term_string}"},"query-input":{"@type":"PropertyValueSpecification","valueRequired":true,"valueName":"search_term_string"}}],"inLanguage":"de"},{"@type":"Organization","@id":"https:\/\/www.jatiproducts.com\/de\/#organization","name":"JATI GmbH","url":"https:\/\/www.jatiproducts.com\/de\/","logo":{"@type":"ImageObject","inLanguage":"de","@id":"https:\/\/www.jatiproducts.com\/de\/#\/schema\/logo\/image\/","url":"https:\/\/www.jatiproducts.com\/wp-content\/uploads\/site-logo.png","contentUrl":"https:\/\/www.jatiproducts.com\/wp-content\/uploads\/site-logo.png","width":696,"height":696,"caption":"JATI GmbH"},"image":{"@id":"https:\/\/www.jatiproducts.com\/de\/#\/schema\/logo\/image\/"},"sameAs":["https:\/\/www.facebook.com\/people\/JATI-diemitdempferd\/61555813963787\/","https:\/\/www.instagram.com\/jati_diemitdemschaum\/","https:\/\/www.youtube.com\/user\/JatiProducts","https:\/\/www.linkedin.com\/company\/jati-gmbh\/"]}]}},"_links":{"self":[{"href":"https:\/\/www.jatiproducts.com\/de\/wp-json\/wp\/v2\/product\/5488","targetHints":{"allow":["GET"]}}],"collection":[{"href":"https:\/\/www.jatiproducts.com\/de\/wp-json\/wp\/v2\/product"}],"about":[{"href":"https:\/\/www.jatiproducts.com\/de\/wp-json\/wp\/v2\/types\/product"}],"version-history":[{"count":2,"href":"https:\/\/www.jatiproducts.com\/de\/wp-json\/wp\/v2\/product\/5488\/revisions"}],"predecessor-version":[{"id":7946,"href":"https:\/\/www.jatiproducts.com\/de\/wp-json\/wp\/v2\/product\/5488\/revisions\/7946"}],"wp:featuredmedia":[{"embeddable":true,"href":"https:\/\/www.jatiproducts.com\/de\/wp-json\/wp\/v2\/media\/910"}],"wp:attachment":[{"href":"https:\/\/www.jatiproducts.com\/de\/wp-json\/wp\/v2\/media?parent=5488"}],"wp:term":[{"taxonomy":"product_brand","embeddable":true,"href":"https:\/\/www.jatiproducts.com\/de\/wp-json\/wp\/v2\/product_brand?post=5488"},{"taxonomy":"product_cat","embeddable":true,"href":"https:\/\/www.jatiproducts.com\/de\/wp-json\/wp\/v2\/product_cat?post=5488"},{"taxonomy":"product_tag","embeddable":true,"href":"https:\/\/www.jatiproducts.com\/de\/wp-json\/wp\/v2\/product_tag?post=5488"}],"curies":[{"name":"wp","href":"https:\/\/api.w.org\/{rel}","templated":true}]}}