{"id":5491,"date":"2024-05-03T17:50:00","date_gmt":"2024-05-03T15:50:00","guid":{"rendered":"https:\/\/p684588.webspaceconfig.de\/jati-wp\/jatiproducts.com\/de\/?post_type=product&#038;p=5491"},"modified":"2026-03-31T13:49:46","modified_gmt":"2026-03-31T11:49:46","slug":"schaumgeraet-indu-matic-50-m","status":"publish","type":"product","link":"https:\/\/www.jatiproducts.com\/de\/schimmelsanierung\/schaumgeraet-indu-matic-50-m\/","title":{"rendered":"Schaumger\u00e4t INDU-MATIC 50 M"},"content":{"rendered":"<div class=\"wpb-content-wrapper\"><p>[vc_row][vc_column width=&#8220;2\/3&#8243;][vc_column_text css=&#8220;&#8220;]<\/p>\n<h1>Schaumger\u00e4t INDU-MATIC 50 M<\/h1>\n<p>Mobiles Schaumger\u00e4t aus rostfreiem Edelstahl, gut geeignet zum Sch\u00e4umen von mit Schimmelpilzen, Schimmelsporen, Bakterien belasteten Hohlr\u00e4umen. Mit einer F\u00fcllung k\u00f6nnen ca. 2000 Liter Schaum erzeugt werden.<\/p>\n<ul>\n<li>Beh\u00e4lter aus rostfreiem Edelstahl, F\u00fcllvolumen 50 Liter<\/li>\n<li>Gro\u00dfe Einf\u00fcll\u00f6ffnung mit Schnellverschluss<\/li>\n<li>Robuste Mischeinheit f\u00fcr einstellbare Schaumqualit\u00e4t von fl\u00fcssig bis trocken<\/li>\n<li>Druckregelventil und Pressluftanschluss mit Schnellkupplung<\/li>\n<li>Robustes Handventil mit integriertem Filtersieb<\/li>\n<li>Handliches Spr\u00fchrohr 45 cm aus Edelstahl<\/li>\n<li>Schlauchleitung 6 m f\u00fcr gro\u00dfen Einsatzradius<\/li>\n<li>Umr\u00fcstbar von Sch\u00e4umen auf Spr\u00fchen<\/li>\n<li>Inkl. Edelstahl-Handwagen<\/li>\n<li>\u00dcberdruckventil &#8211; auch f\u00fcr schnelle Entl\u00fcftung<\/li>\n<li>Manometer<\/li>\n<li>CE- und T\u00dcV-gepr\u00fcft<\/li>\n<\/ul>\n<p>[\/vc_column_text][vc_row_inner][vc_column_inner width=&#8220;1\/2&#8243;][vc_column_text]<\/p>\n<h3>Technische Daten<\/h3>\n<p>Baumaterial: Edelstahl<br \/>\nDichtungen: Viton<br \/>\nSchlauchleitung: PVC, 6 m<br \/>\nHandventil: Kunststoff\/Edelstahl<br \/>\nD\u00fcsentyp: Flachstrahld\u00fcse<br \/>\nLeergewicht: 14 kg<br \/>\nAbmessungen: H\u00f6he 52 cm, Durchmesser 41 cm<br \/>\nBeh\u00e4ltervolumen: 50 Liter<br \/>\nMaximaler F\u00fcllinhalt: 45 Liter<br \/>\nMaximaler Betriebsdruck: 6 bar<br \/>\nOptimaler Betriebsdruck: 4 &#8211; 5,5 bar<br \/>\nBetriebstemperatur: 5 &#8211; 50 \u00b0C[\/vc_column_text][\/vc_column_inner][vc_column_inner el_class=&#8220;gray-container&#8220; width=&#8220;1\/2&#8243;][vc_column_text]<\/p>\n<h3>Bedienungsanleitung<\/h3>\n<p>[\/vc_column_text][downloads filter=&#8220;singleproduct&#8220; product=&#8220;indu-matic-50-m&#8220; downloadtype=&#8220;bedienungsanleitungen&#8220;][\/vc_column_inner][\/vc_row_inner][\/vc_column][vc_column width=&#8220;1\/3&#8243;][single_product_to_cart][\/vc_column][\/vc_row]<\/p>\n<\/div>","protected":false},"excerpt":{"rendered":"<p>Mobiles Schaumger\u00e4t aus rostfreiem Edelstahl, gut geeignet zum Sch\u00e4umen von mit Schimmelpilzen, Sporen, Bakterien belasteten Hohlr\u00e4umen. F\u00fcllvolumen: 50 Liter. Mit einer F\u00fcllung k\u00f6nnen ca. 2000 Liter Schaum erzeugt werden. Inklusive Handwagen und Schlauch (6 m). [&#8230;]<\/p>\n<p><a class=\"btn btn-secondary understrap-read-more-link\" href=\"https:\/\/www.jatiproducts.com\/de\/schimmelsanierung\/schaumgeraet-indu-matic-50-m\/\">Weiterlesen&#8230;<\/a><\/p>\n","protected":false},"featured_media":914,"template":"","meta":{"_acf_changed":false,"footnotes":""},"product_brand":[],"product_cat":[134,94,119],"product_tag":[],"class_list":{"0":"post-5491","1":"product","2":"type-product","3":"status-publish","4":"has-post-thumbnail","6":"product_cat-schaumgeraete-auflistung","7":"product_cat-schimmelsanierung","8":"product_cat-zubehoer","10":"first","11":"outofstock","12":"taxable","13":"shipping-taxable","14":"purchasable","15":"product-type-simple"},"acf":[],"yoast_head":"<!-- This site is optimized with the Yoast SEO plugin v27.4 - https:\/\/yoast.com\/product\/yoast-seo-wordpress\/ -->\n<title>Schaumger\u00e4t INDU-MATIC 50 M - JATI GmbH<\/title>\n<meta name=\"description\" content=\"Mobiles Schaumger\u00e4t aus Edelstahl mit 50L Volumen. Erzeugt 2000L Schaum, einstellbare Schaumqualit\u00e4t, Druckregelventil, 6m Schlauch, Edelstahl-Handwagen\" \/>\n<meta name=\"robots\" content=\"index, follow, max-snippet:-1, max-image-preview:large, max-video-preview:-1\" \/>\n<link rel=\"canonical\" href=\"https:\/\/www.jatiproducts.com\/de\/schimmelsanierung\/schaumgeraet-indu-matic-50-m\/\" \/>\n<meta property=\"og:locale\" content=\"de_DE\" \/>\n<meta property=\"og:type\" content=\"article\" \/>\n<meta property=\"og:title\" content=\"Schaumger\u00e4t INDU-MATIC 50 M - JATI GmbH\" \/>\n<meta property=\"og:description\" content=\"Mobiles Schaumger\u00e4t aus Edelstahl mit 50L Volumen. Erzeugt 2000L Schaum, einstellbare Schaumqualit\u00e4t, Druckregelventil, 6m Schlauch, Edelstahl-Handwagen\" \/>\n<meta property=\"og:url\" content=\"https:\/\/www.jatiproducts.com\/de\/schimmelsanierung\/schaumgeraet-indu-matic-50-m\/\" \/>\n<meta property=\"og:site_name\" content=\"JATI GmbH\" \/>\n<meta property=\"article:publisher\" content=\"https:\/\/www.facebook.com\/people\/JATI-diemitdempferd\/61555813963787\/\" \/>\n<meta property=\"article:modified_time\" content=\"2026-03-31T11:49:46+00:00\" \/>\n<meta property=\"og:image\" content=\"https:\/\/www.jatiproducts.com\/wp-content\/uploads\/indumatic_50_m.jpg\" \/>\n\t<meta property=\"og:image:width\" content=\"300\" \/>\n\t<meta property=\"og:image:height\" content=\"357\" \/>\n\t<meta property=\"og:image:type\" content=\"image\/jpeg\" \/>\n<meta name=\"twitter:card\" content=\"summary_large_image\" \/>\n<meta name=\"twitter:label1\" content=\"Gesch\u00e4tzte Lesezeit\" \/>\n\t<meta name=\"twitter:data1\" content=\"2\u00a0Minuten\" \/>\n<script type=\"application\/ld+json\" class=\"yoast-schema-graph\">{\"@context\":\"https:\\\/\\\/schema.org\",\"@graph\":[{\"@type\":\"WebPage\",\"@id\":\"https:\\\/\\\/www.jatiproducts.com\\\/de\\\/schimmelsanierung\\\/schaumgeraet-indu-matic-50-m\\\/\",\"url\":\"https:\\\/\\\/www.jatiproducts.com\\\/de\\\/schimmelsanierung\\\/schaumgeraet-indu-matic-50-m\\\/\",\"name\":\"Schaumger\u00e4t INDU-MATIC 50 M - JATI GmbH\",\"isPartOf\":{\"@id\":\"https:\\\/\\\/www.jatiproducts.com\\\/de\\\/#website\"},\"primaryImageOfPage\":{\"@id\":\"https:\\\/\\\/www.jatiproducts.com\\\/de\\\/schimmelsanierung\\\/schaumgeraet-indu-matic-50-m\\\/#primaryimage\"},\"image\":{\"@id\":\"https:\\\/\\\/www.jatiproducts.com\\\/de\\\/schimmelsanierung\\\/schaumgeraet-indu-matic-50-m\\\/#primaryimage\"},\"thumbnailUrl\":\"https:\\\/\\\/www.jatiproducts.com\\\/wp-content\\\/uploads\\\/indumatic_50_m.jpg\",\"datePublished\":\"2024-05-03T15:50:00+00:00\",\"dateModified\":\"2026-03-31T11:49:46+00:00\",\"description\":\"Mobiles Schaumger\u00e4t aus Edelstahl mit 50L Volumen. Erzeugt 2000L Schaum, einstellbare Schaumqualit\u00e4t, Druckregelventil, 6m Schlauch, Edelstahl-Handwagen\",\"breadcrumb\":{\"@id\":\"https:\\\/\\\/www.jatiproducts.com\\\/de\\\/schimmelsanierung\\\/schaumgeraet-indu-matic-50-m\\\/#breadcrumb\"},\"inLanguage\":\"de\",\"potentialAction\":[{\"@type\":\"ReadAction\",\"target\":[\"https:\\\/\\\/www.jatiproducts.com\\\/de\\\/schimmelsanierung\\\/schaumgeraet-indu-matic-50-m\\\/\"]}]},{\"@type\":\"ImageObject\",\"inLanguage\":\"de\",\"@id\":\"https:\\\/\\\/www.jatiproducts.com\\\/de\\\/schimmelsanierung\\\/schaumgeraet-indu-matic-50-m\\\/#primaryimage\",\"url\":\"https:\\\/\\\/www.jatiproducts.com\\\/wp-content\\\/uploads\\\/indumatic_50_m.jpg\",\"contentUrl\":\"https:\\\/\\\/www.jatiproducts.com\\\/wp-content\\\/uploads\\\/indumatic_50_m.jpg\",\"width\":300,\"height\":357,\"caption\":\"Produktbild JATI Indu-Matic 50 M\"},{\"@type\":\"BreadcrumbList\",\"@id\":\"https:\\\/\\\/www.jatiproducts.com\\\/de\\\/schimmelsanierung\\\/schaumgeraet-indu-matic-50-m\\\/#breadcrumb\",\"itemListElement\":[{\"@type\":\"ListItem\",\"position\":1,\"name\":\"Startseite\",\"item\":\"https:\\\/\\\/www.jatiproducts.com\\\/de\\\/\"},{\"@type\":\"ListItem\",\"position\":2,\"name\":\"Shop\",\"item\":\"https:\\\/\\\/www.jatiproducts.com\\\/de\\\/shop\\\/\"},{\"@type\":\"ListItem\",\"position\":3,\"name\":\"Schaumger\u00e4t INDU-MATIC 50 M\"}]},{\"@type\":\"WebSite\",\"@id\":\"https:\\\/\\\/www.jatiproducts.com\\\/de\\\/#website\",\"url\":\"https:\\\/\\\/www.jatiproducts.com\\\/de\\\/\",\"name\":\"JATI GmbH\",\"description\":\"JATI GmbH\",\"publisher\":{\"@id\":\"https:\\\/\\\/www.jatiproducts.com\\\/de\\\/#organization\"},\"potentialAction\":[{\"@type\":\"SearchAction\",\"target\":{\"@type\":\"EntryPoint\",\"urlTemplate\":\"https:\\\/\\\/www.jatiproducts.com\\\/de\\\/?s={search_term_string}\"},\"query-input\":{\"@type\":\"PropertyValueSpecification\",\"valueRequired\":true,\"valueName\":\"search_term_string\"}}],\"inLanguage\":\"de\"},{\"@type\":\"Organization\",\"@id\":\"https:\\\/\\\/www.jatiproducts.com\\\/de\\\/#organization\",\"name\":\"JATI GmbH\",\"url\":\"https:\\\/\\\/www.jatiproducts.com\\\/de\\\/\",\"logo\":{\"@type\":\"ImageObject\",\"inLanguage\":\"de\",\"@id\":\"https:\\\/\\\/www.jatiproducts.com\\\/de\\\/#\\\/schema\\\/logo\\\/image\\\/\",\"url\":\"https:\\\/\\\/www.jatiproducts.com\\\/wp-content\\\/uploads\\\/site-logo.png\",\"contentUrl\":\"https:\\\/\\\/www.jatiproducts.com\\\/wp-content\\\/uploads\\\/site-logo.png\",\"width\":696,\"height\":696,\"caption\":\"JATI GmbH\"},\"image\":{\"@id\":\"https:\\\/\\\/www.jatiproducts.com\\\/de\\\/#\\\/schema\\\/logo\\\/image\\\/\"},\"sameAs\":[\"https:\\\/\\\/www.facebook.com\\\/people\\\/JATI-diemitdempferd\\\/61555813963787\\\/\",\"https:\\\/\\\/www.instagram.com\\\/jati_diemitdemschaum\\\/\",\"https:\\\/\\\/www.youtube.com\\\/user\\\/JatiProducts\",\"https:\\\/\\\/www.linkedin.com\\\/company\\\/jati-gmbh\\\/\"]}]}<\/script>\n<!-- \/ Yoast SEO plugin. -->","yoast_head_json":{"title":"Schaumger\u00e4t INDU-MATIC 50 M - JATI GmbH","description":"Mobiles Schaumger\u00e4t aus Edelstahl mit 50L Volumen. Erzeugt 2000L Schaum, einstellbare Schaumqualit\u00e4t, Druckregelventil, 6m Schlauch, Edelstahl-Handwagen","robots":{"index":"index","follow":"follow","max-snippet":"max-snippet:-1","max-image-preview":"max-image-preview:large","max-video-preview":"max-video-preview:-1"},"canonical":"https:\/\/www.jatiproducts.com\/de\/schimmelsanierung\/schaumgeraet-indu-matic-50-m\/","og_locale":"de_DE","og_type":"article","og_title":"Schaumger\u00e4t INDU-MATIC 50 M - JATI GmbH","og_description":"Mobiles Schaumger\u00e4t aus Edelstahl mit 50L Volumen. Erzeugt 2000L Schaum, einstellbare Schaumqualit\u00e4t, Druckregelventil, 6m Schlauch, Edelstahl-Handwagen","og_url":"https:\/\/www.jatiproducts.com\/de\/schimmelsanierung\/schaumgeraet-indu-matic-50-m\/","og_site_name":"JATI GmbH","article_publisher":"https:\/\/www.facebook.com\/people\/JATI-diemitdempferd\/61555813963787\/","article_modified_time":"2026-03-31T11:49:46+00:00","og_image":[{"width":300,"height":357,"url":"https:\/\/www.jatiproducts.com\/wp-content\/uploads\/indumatic_50_m.jpg","type":"image\/jpeg"}],"twitter_card":"summary_large_image","twitter_misc":{"Gesch\u00e4tzte Lesezeit":"2\u00a0Minuten"},"schema":{"@context":"https:\/\/schema.org","@graph":[{"@type":"WebPage","@id":"https:\/\/www.jatiproducts.com\/de\/schimmelsanierung\/schaumgeraet-indu-matic-50-m\/","url":"https:\/\/www.jatiproducts.com\/de\/schimmelsanierung\/schaumgeraet-indu-matic-50-m\/","name":"Schaumger\u00e4t INDU-MATIC 50 M - JATI GmbH","isPartOf":{"@id":"https:\/\/www.jatiproducts.com\/de\/#website"},"primaryImageOfPage":{"@id":"https:\/\/www.jatiproducts.com\/de\/schimmelsanierung\/schaumgeraet-indu-matic-50-m\/#primaryimage"},"image":{"@id":"https:\/\/www.jatiproducts.com\/de\/schimmelsanierung\/schaumgeraet-indu-matic-50-m\/#primaryimage"},"thumbnailUrl":"https:\/\/www.jatiproducts.com\/wp-content\/uploads\/indumatic_50_m.jpg","datePublished":"2024-05-03T15:50:00+00:00","dateModified":"2026-03-31T11:49:46+00:00","description":"Mobiles Schaumger\u00e4t aus Edelstahl mit 50L Volumen. Erzeugt 2000L Schaum, einstellbare Schaumqualit\u00e4t, Druckregelventil, 6m Schlauch, Edelstahl-Handwagen","breadcrumb":{"@id":"https:\/\/www.jatiproducts.com\/de\/schimmelsanierung\/schaumgeraet-indu-matic-50-m\/#breadcrumb"},"inLanguage":"de","potentialAction":[{"@type":"ReadAction","target":["https:\/\/www.jatiproducts.com\/de\/schimmelsanierung\/schaumgeraet-indu-matic-50-m\/"]}]},{"@type":"ImageObject","inLanguage":"de","@id":"https:\/\/www.jatiproducts.com\/de\/schimmelsanierung\/schaumgeraet-indu-matic-50-m\/#primaryimage","url":"https:\/\/www.jatiproducts.com\/wp-content\/uploads\/indumatic_50_m.jpg","contentUrl":"https:\/\/www.jatiproducts.com\/wp-content\/uploads\/indumatic_50_m.jpg","width":300,"height":357,"caption":"Produktbild JATI Indu-Matic 50 M"},{"@type":"BreadcrumbList","@id":"https:\/\/www.jatiproducts.com\/de\/schimmelsanierung\/schaumgeraet-indu-matic-50-m\/#breadcrumb","itemListElement":[{"@type":"ListItem","position":1,"name":"Startseite","item":"https:\/\/www.jatiproducts.com\/de\/"},{"@type":"ListItem","position":2,"name":"Shop","item":"https:\/\/www.jatiproducts.com\/de\/shop\/"},{"@type":"ListItem","position":3,"name":"Schaumger\u00e4t INDU-MATIC 50 M"}]},{"@type":"WebSite","@id":"https:\/\/www.jatiproducts.com\/de\/#website","url":"https:\/\/www.jatiproducts.com\/de\/","name":"JATI GmbH","description":"JATI GmbH","publisher":{"@id":"https:\/\/www.jatiproducts.com\/de\/#organization"},"potentialAction":[{"@type":"SearchAction","target":{"@type":"EntryPoint","urlTemplate":"https:\/\/www.jatiproducts.com\/de\/?s={search_term_string}"},"query-input":{"@type":"PropertyValueSpecification","valueRequired":true,"valueName":"search_term_string"}}],"inLanguage":"de"},{"@type":"Organization","@id":"https:\/\/www.jatiproducts.com\/de\/#organization","name":"JATI GmbH","url":"https:\/\/www.jatiproducts.com\/de\/","logo":{"@type":"ImageObject","inLanguage":"de","@id":"https:\/\/www.jatiproducts.com\/de\/#\/schema\/logo\/image\/","url":"https:\/\/www.jatiproducts.com\/wp-content\/uploads\/site-logo.png","contentUrl":"https:\/\/www.jatiproducts.com\/wp-content\/uploads\/site-logo.png","width":696,"height":696,"caption":"JATI GmbH"},"image":{"@id":"https:\/\/www.jatiproducts.com\/de\/#\/schema\/logo\/image\/"},"sameAs":["https:\/\/www.facebook.com\/people\/JATI-diemitdempferd\/61555813963787\/","https:\/\/www.instagram.com\/jati_diemitdemschaum\/","https:\/\/www.youtube.com\/user\/JatiProducts","https:\/\/www.linkedin.com\/company\/jati-gmbh\/"]}]}},"_links":{"self":[{"href":"https:\/\/www.jatiproducts.com\/de\/wp-json\/wp\/v2\/product\/5491","targetHints":{"allow":["GET"]}}],"collection":[{"href":"https:\/\/www.jatiproducts.com\/de\/wp-json\/wp\/v2\/product"}],"about":[{"href":"https:\/\/www.jatiproducts.com\/de\/wp-json\/wp\/v2\/types\/product"}],"version-history":[{"count":1,"href":"https:\/\/www.jatiproducts.com\/de\/wp-json\/wp\/v2\/product\/5491\/revisions"}],"predecessor-version":[{"id":7869,"href":"https:\/\/www.jatiproducts.com\/de\/wp-json\/wp\/v2\/product\/5491\/revisions\/7869"}],"wp:featuredmedia":[{"embeddable":true,"href":"https:\/\/www.jatiproducts.com\/de\/wp-json\/wp\/v2\/media\/914"}],"wp:attachment":[{"href":"https:\/\/www.jatiproducts.com\/de\/wp-json\/wp\/v2\/media?parent=5491"}],"wp:term":[{"taxonomy":"product_brand","embeddable":true,"href":"https:\/\/www.jatiproducts.com\/de\/wp-json\/wp\/v2\/product_brand?post=5491"},{"taxonomy":"product_cat","embeddable":true,"href":"https:\/\/www.jatiproducts.com\/de\/wp-json\/wp\/v2\/product_cat?post=5491"},{"taxonomy":"product_tag","embeddable":true,"href":"https:\/\/www.jatiproducts.com\/de\/wp-json\/wp\/v2\/product_tag?post=5491"}],"curies":[{"name":"wp","href":"https:\/\/api.w.org\/{rel}","templated":true}]}}