{"id":5509,"date":"2024-05-05T09:37:56","date_gmt":"2024-05-05T07:37:56","guid":{"rendered":"https:\/\/p684588.webspaceconfig.de\/jati-wp\/jatiproducts.com\/de\/?post_type=product&#038;p=5509"},"modified":"2026-03-31T13:48:47","modified_gmt":"2026-03-31T11:48:47","slug":"jati-mikroborsten-schwamm","status":"publish","type":"product","link":"https:\/\/www.jatiproducts.com\/de\/schimmelsanierung\/jati-mikroborsten-schwamm\/","title":{"rendered":"JATI Mikroborsten-Schwamm"},"content":{"rendered":"<div class=\"wpb-content-wrapper\"><p>[vc_row][vc_column width=&#8220;2\/3&#8243;][vc_column_text css=&#8220;&#8220;]<\/p>\n<h1>JATI Mikroborsten-Schwamm<\/h1>\n<p>Verschiedene abget\u00f6tete Pilzarten l\u00f6sen sich nur schwer vom Untergrund.<br \/>\nF\u00fcr diesen Fall wurde der JATI Mikroborsten-Schwamm entwickelt.<\/p>\n<p>Schwamm anfeuchten, befallene Stellen abreiben, aussp\u00fclen. Fertig.<\/p>\n<p>Hervorragend f\u00fcr Silikon- und Zementfugen im Sanit\u00e4rbereich, aber auch zur gro\u00dffl\u00e4chigen Beseitigung von abget\u00f6tetem Schimmelpilz auf empfindlicheren Oberfl\u00e4chen.<\/p>\n<p>Ma\u00dfe: 16 x 10,5 x 2 cm<\/p>\n<p>waschbar bis 60 \u00b0C[\/vc_column_text][\/vc_column][vc_column width=&#8220;1\/3&#8243;][single_product_to_cart][\/vc_column][\/vc_row]<\/p>\n<\/div>","protected":false},"excerpt":{"rendered":"<p>Der JATI Mikroborsten-Schwamm wurde speziell f\u00fcr verschiedene abget\u00f6tet Pilzarten entwickelt, die sich ansonsten nur schwer vom Untergrund l\u00f6sen lassen. Hervorragend f\u00fcr Silikon- und Sanit\u00e4rfugen im Sanit\u00e4rbereich, aber auch zum Einsatz auf empfindlichen Oberfl\u00e4chen. Waschbar bis 60\u00b0C. [&#8230;]<\/p>\n<p><a class=\"btn btn-secondary understrap-read-more-link\" href=\"https:\/\/www.jatiproducts.com\/de\/schimmelsanierung\/jati-mikroborsten-schwamm\/\">Weiterlesen&#8230;<\/a><\/p>\n","protected":false},"featured_media":5510,"template":"","meta":{"_acf_changed":false,"footnotes":""},"product_brand":[],"product_cat":[136,94,119],"product_tag":[],"class_list":{"0":"post-5509","1":"product","2":"type-product","3":"status-publish","4":"has-post-thumbnail","6":"product_cat-reinigungszubehoer","7":"product_cat-schimmelsanierung","8":"product_cat-zubehoer","10":"first","11":"instock","12":"taxable","13":"shipping-taxable","14":"purchasable","15":"product-type-simple"},"acf":[],"yoast_head":"<!-- This site is optimized with the Yoast SEO plugin v27.2 - https:\/\/yoast.com\/product\/yoast-seo-wordpress\/ -->\n<title>JATI Mikroborsten-Schwamm - JATI GmbH<\/title>\n<meta name=\"description\" content=\"JATI Mikroborsten-Schwamm: Entfernt abget\u00f6tete Pilze von Silikon- und Zementfugen. Ideal f\u00fcr empfindliche Oberfl\u00e4chen. Ma\u00dfe: 16 x 10,5 x 2 cm.\" \/>\n<meta name=\"robots\" content=\"index, follow, max-snippet:-1, max-image-preview:large, max-video-preview:-1\" \/>\n<link rel=\"canonical\" href=\"https:\/\/www.jatiproducts.com\/de\/schimmelsanierung\/jati-mikroborsten-schwamm\/\" \/>\n<meta property=\"og:locale\" content=\"de_DE\" \/>\n<meta property=\"og:type\" content=\"article\" \/>\n<meta property=\"og:title\" content=\"JATI Mikroborsten-Schwamm - JATI GmbH\" \/>\n<meta property=\"og:description\" content=\"JATI Mikroborsten-Schwamm: Entfernt abget\u00f6tete Pilze von Silikon- und Zementfugen. Ideal f\u00fcr empfindliche Oberfl\u00e4chen. Ma\u00dfe: 16 x 10,5 x 2 cm.\" \/>\n<meta property=\"og:url\" content=\"https:\/\/www.jatiproducts.com\/de\/schimmelsanierung\/jati-mikroborsten-schwamm\/\" \/>\n<meta property=\"og:site_name\" content=\"JATI GmbH\" \/>\n<meta property=\"article:publisher\" content=\"https:\/\/www.facebook.com\/people\/JATI-diemitdempferd\/61555813963787\/\" \/>\n<meta property=\"article:modified_time\" content=\"2026-03-31T11:48:47+00:00\" \/>\n<meta property=\"og:image\" content=\"https:\/\/www.jatiproducts.com\/wp-content\/uploads\/10_0.jpg\" \/>\n\t<meta property=\"og:image:width\" content=\"260\" \/>\n\t<meta property=\"og:image:height\" content=\"220\" \/>\n\t<meta property=\"og:image:type\" content=\"image\/jpeg\" \/>\n<meta name=\"twitter:card\" content=\"summary_large_image\" \/>\n<meta name=\"twitter:label1\" content=\"Gesch\u00e4tzte Lesezeit\" \/>\n\t<meta name=\"twitter:data1\" content=\"1\u00a0Minute\" \/>\n<script type=\"application\/ld+json\" class=\"yoast-schema-graph\">{\"@context\":\"https:\/\/schema.org\",\"@graph\":[{\"@type\":\"WebPage\",\"@id\":\"https:\/\/www.jatiproducts.com\/de\/schimmelsanierung\/jati-mikroborsten-schwamm\/\",\"url\":\"https:\/\/www.jatiproducts.com\/de\/schimmelsanierung\/jati-mikroborsten-schwamm\/\",\"name\":\"JATI Mikroborsten-Schwamm - JATI GmbH\",\"isPartOf\":{\"@id\":\"https:\/\/www.jatiproducts.com\/de\/#website\"},\"primaryImageOfPage\":{\"@id\":\"https:\/\/www.jatiproducts.com\/de\/schimmelsanierung\/jati-mikroborsten-schwamm\/#primaryimage\"},\"image\":{\"@id\":\"https:\/\/www.jatiproducts.com\/de\/schimmelsanierung\/jati-mikroborsten-schwamm\/#primaryimage\"},\"thumbnailUrl\":\"https:\/\/www.jatiproducts.com\/wp-content\/uploads\/10_0.jpg\",\"datePublished\":\"2024-05-05T07:37:56+00:00\",\"dateModified\":\"2026-03-31T11:48:47+00:00\",\"description\":\"JATI Mikroborsten-Schwamm: Entfernt abget\u00f6tete Pilze von Silikon- und Zementfugen. Ideal f\u00fcr empfindliche Oberfl\u00e4chen. Ma\u00dfe: 16 x 10,5 x 2 cm.\",\"breadcrumb\":{\"@id\":\"https:\/\/www.jatiproducts.com\/de\/schimmelsanierung\/jati-mikroborsten-schwamm\/#breadcrumb\"},\"inLanguage\":\"de\",\"potentialAction\":[{\"@type\":\"ReadAction\",\"target\":[\"https:\/\/www.jatiproducts.com\/de\/schimmelsanierung\/jati-mikroborsten-schwamm\/\"]}]},{\"@type\":\"ImageObject\",\"inLanguage\":\"de\",\"@id\":\"https:\/\/www.jatiproducts.com\/de\/schimmelsanierung\/jati-mikroborsten-schwamm\/#primaryimage\",\"url\":\"https:\/\/www.jatiproducts.com\/wp-content\/uploads\/10_0.jpg\",\"contentUrl\":\"https:\/\/www.jatiproducts.com\/wp-content\/uploads\/10_0.jpg\",\"width\":260,\"height\":220,\"caption\":\"Produktbild JATI Mikroborsten Schwamm\"},{\"@type\":\"BreadcrumbList\",\"@id\":\"https:\/\/www.jatiproducts.com\/de\/schimmelsanierung\/jati-mikroborsten-schwamm\/#breadcrumb\",\"itemListElement\":[{\"@type\":\"ListItem\",\"position\":1,\"name\":\"Startseite\",\"item\":\"https:\/\/www.jatiproducts.com\/de\/\"},{\"@type\":\"ListItem\",\"position\":2,\"name\":\"Shop\",\"item\":\"https:\/\/www.jatiproducts.com\/de\/shop\/\"},{\"@type\":\"ListItem\",\"position\":3,\"name\":\"JATI Mikroborsten-Schwamm\"}]},{\"@type\":\"WebSite\",\"@id\":\"https:\/\/www.jatiproducts.com\/de\/#website\",\"url\":\"https:\/\/www.jatiproducts.com\/de\/\",\"name\":\"JATI GmbH\",\"description\":\"JATI GmbH\",\"publisher\":{\"@id\":\"https:\/\/www.jatiproducts.com\/de\/#organization\"},\"potentialAction\":[{\"@type\":\"SearchAction\",\"target\":{\"@type\":\"EntryPoint\",\"urlTemplate\":\"https:\/\/www.jatiproducts.com\/de\/?s={search_term_string}\"},\"query-input\":{\"@type\":\"PropertyValueSpecification\",\"valueRequired\":true,\"valueName\":\"search_term_string\"}}],\"inLanguage\":\"de\"},{\"@type\":\"Organization\",\"@id\":\"https:\/\/www.jatiproducts.com\/de\/#organization\",\"name\":\"JATI GmbH\",\"url\":\"https:\/\/www.jatiproducts.com\/de\/\",\"logo\":{\"@type\":\"ImageObject\",\"inLanguage\":\"de\",\"@id\":\"https:\/\/www.jatiproducts.com\/de\/#\/schema\/logo\/image\/\",\"url\":\"https:\/\/www.jatiproducts.com\/wp-content\/uploads\/site-logo.png\",\"contentUrl\":\"https:\/\/www.jatiproducts.com\/wp-content\/uploads\/site-logo.png\",\"width\":696,\"height\":696,\"caption\":\"JATI GmbH\"},\"image\":{\"@id\":\"https:\/\/www.jatiproducts.com\/de\/#\/schema\/logo\/image\/\"},\"sameAs\":[\"https:\/\/www.facebook.com\/people\/JATI-diemitdempferd\/61555813963787\/\",\"https:\/\/www.instagram.com\/jati_diemitdemschaum\/\",\"https:\/\/www.youtube.com\/user\/JatiProducts\",\"https:\/\/www.linkedin.com\/company\/jati-gmbh\/\"]}]}<\/script>\n<!-- \/ Yoast SEO plugin. -->","yoast_head_json":{"title":"JATI Mikroborsten-Schwamm - JATI GmbH","description":"JATI Mikroborsten-Schwamm: Entfernt abget\u00f6tete Pilze von Silikon- und Zementfugen. Ideal f\u00fcr empfindliche Oberfl\u00e4chen. Ma\u00dfe: 16 x 10,5 x 2 cm.","robots":{"index":"index","follow":"follow","max-snippet":"max-snippet:-1","max-image-preview":"max-image-preview:large","max-video-preview":"max-video-preview:-1"},"canonical":"https:\/\/www.jatiproducts.com\/de\/schimmelsanierung\/jati-mikroborsten-schwamm\/","og_locale":"de_DE","og_type":"article","og_title":"JATI Mikroborsten-Schwamm - JATI GmbH","og_description":"JATI Mikroborsten-Schwamm: Entfernt abget\u00f6tete Pilze von Silikon- und Zementfugen. Ideal f\u00fcr empfindliche Oberfl\u00e4chen. Ma\u00dfe: 16 x 10,5 x 2 cm.","og_url":"https:\/\/www.jatiproducts.com\/de\/schimmelsanierung\/jati-mikroborsten-schwamm\/","og_site_name":"JATI GmbH","article_publisher":"https:\/\/www.facebook.com\/people\/JATI-diemitdempferd\/61555813963787\/","article_modified_time":"2026-03-31T11:48:47+00:00","og_image":[{"width":260,"height":220,"url":"https:\/\/www.jatiproducts.com\/wp-content\/uploads\/10_0.jpg","type":"image\/jpeg"}],"twitter_card":"summary_large_image","twitter_misc":{"Gesch\u00e4tzte Lesezeit":"1\u00a0Minute"},"schema":{"@context":"https:\/\/schema.org","@graph":[{"@type":"WebPage","@id":"https:\/\/www.jatiproducts.com\/de\/schimmelsanierung\/jati-mikroborsten-schwamm\/","url":"https:\/\/www.jatiproducts.com\/de\/schimmelsanierung\/jati-mikroborsten-schwamm\/","name":"JATI Mikroborsten-Schwamm - JATI GmbH","isPartOf":{"@id":"https:\/\/www.jatiproducts.com\/de\/#website"},"primaryImageOfPage":{"@id":"https:\/\/www.jatiproducts.com\/de\/schimmelsanierung\/jati-mikroborsten-schwamm\/#primaryimage"},"image":{"@id":"https:\/\/www.jatiproducts.com\/de\/schimmelsanierung\/jati-mikroborsten-schwamm\/#primaryimage"},"thumbnailUrl":"https:\/\/www.jatiproducts.com\/wp-content\/uploads\/10_0.jpg","datePublished":"2024-05-05T07:37:56+00:00","dateModified":"2026-03-31T11:48:47+00:00","description":"JATI Mikroborsten-Schwamm: Entfernt abget\u00f6tete Pilze von Silikon- und Zementfugen. Ideal f\u00fcr empfindliche Oberfl\u00e4chen. Ma\u00dfe: 16 x 10,5 x 2 cm.","breadcrumb":{"@id":"https:\/\/www.jatiproducts.com\/de\/schimmelsanierung\/jati-mikroborsten-schwamm\/#breadcrumb"},"inLanguage":"de","potentialAction":[{"@type":"ReadAction","target":["https:\/\/www.jatiproducts.com\/de\/schimmelsanierung\/jati-mikroborsten-schwamm\/"]}]},{"@type":"ImageObject","inLanguage":"de","@id":"https:\/\/www.jatiproducts.com\/de\/schimmelsanierung\/jati-mikroborsten-schwamm\/#primaryimage","url":"https:\/\/www.jatiproducts.com\/wp-content\/uploads\/10_0.jpg","contentUrl":"https:\/\/www.jatiproducts.com\/wp-content\/uploads\/10_0.jpg","width":260,"height":220,"caption":"Produktbild JATI Mikroborsten Schwamm"},{"@type":"BreadcrumbList","@id":"https:\/\/www.jatiproducts.com\/de\/schimmelsanierung\/jati-mikroborsten-schwamm\/#breadcrumb","itemListElement":[{"@type":"ListItem","position":1,"name":"Startseite","item":"https:\/\/www.jatiproducts.com\/de\/"},{"@type":"ListItem","position":2,"name":"Shop","item":"https:\/\/www.jatiproducts.com\/de\/shop\/"},{"@type":"ListItem","position":3,"name":"JATI Mikroborsten-Schwamm"}]},{"@type":"WebSite","@id":"https:\/\/www.jatiproducts.com\/de\/#website","url":"https:\/\/www.jatiproducts.com\/de\/","name":"JATI GmbH","description":"JATI GmbH","publisher":{"@id":"https:\/\/www.jatiproducts.com\/de\/#organization"},"potentialAction":[{"@type":"SearchAction","target":{"@type":"EntryPoint","urlTemplate":"https:\/\/www.jatiproducts.com\/de\/?s={search_term_string}"},"query-input":{"@type":"PropertyValueSpecification","valueRequired":true,"valueName":"search_term_string"}}],"inLanguage":"de"},{"@type":"Organization","@id":"https:\/\/www.jatiproducts.com\/de\/#organization","name":"JATI GmbH","url":"https:\/\/www.jatiproducts.com\/de\/","logo":{"@type":"ImageObject","inLanguage":"de","@id":"https:\/\/www.jatiproducts.com\/de\/#\/schema\/logo\/image\/","url":"https:\/\/www.jatiproducts.com\/wp-content\/uploads\/site-logo.png","contentUrl":"https:\/\/www.jatiproducts.com\/wp-content\/uploads\/site-logo.png","width":696,"height":696,"caption":"JATI GmbH"},"image":{"@id":"https:\/\/www.jatiproducts.com\/de\/#\/schema\/logo\/image\/"},"sameAs":["https:\/\/www.facebook.com\/people\/JATI-diemitdempferd\/61555813963787\/","https:\/\/www.instagram.com\/jati_diemitdemschaum\/","https:\/\/www.youtube.com\/user\/JatiProducts","https:\/\/www.linkedin.com\/company\/jati-gmbh\/"]}]}},"_links":{"self":[{"href":"https:\/\/www.jatiproducts.com\/de\/wp-json\/wp\/v2\/product\/5509","targetHints":{"allow":["GET"]}}],"collection":[{"href":"https:\/\/www.jatiproducts.com\/de\/wp-json\/wp\/v2\/product"}],"about":[{"href":"https:\/\/www.jatiproducts.com\/de\/wp-json\/wp\/v2\/types\/product"}],"version-history":[{"count":0,"href":"https:\/\/www.jatiproducts.com\/de\/wp-json\/wp\/v2\/product\/5509\/revisions"}],"wp:featuredmedia":[{"embeddable":true,"href":"https:\/\/www.jatiproducts.com\/de\/wp-json\/wp\/v2\/media\/5510"}],"wp:attachment":[{"href":"https:\/\/www.jatiproducts.com\/de\/wp-json\/wp\/v2\/media?parent=5509"}],"wp:term":[{"taxonomy":"product_brand","embeddable":true,"href":"https:\/\/www.jatiproducts.com\/de\/wp-json\/wp\/v2\/product_brand?post=5509"},{"taxonomy":"product_cat","embeddable":true,"href":"https:\/\/www.jatiproducts.com\/de\/wp-json\/wp\/v2\/product_cat?post=5509"},{"taxonomy":"product_tag","embeddable":true,"href":"https:\/\/www.jatiproducts.com\/de\/wp-json\/wp\/v2\/product_tag?post=5509"}],"curies":[{"name":"wp","href":"https:\/\/api.w.org\/{rel}","templated":true}]}}