{"id":5512,"date":"2024-05-05T09:41:19","date_gmt":"2024-05-05T07:41:19","guid":{"rendered":"https:\/\/p684588.webspaceconfig.de\/jati-wp\/jatiproducts.com\/de\/?post_type=product&#038;p=5512"},"modified":"2026-03-31T13:48:25","modified_gmt":"2026-03-31T11:48:25","slug":"jati-mikroborstenpad","status":"publish","type":"product","link":"https:\/\/www.jatiproducts.com\/de\/schimmelsanierung\/jati-mikroborstenpad\/","title":{"rendered":"JATI Mikroborstenpad"},"content":{"rendered":"<div class=\"wpb-content-wrapper\"><p>[vc_row][vc_column width=&#8220;2\/3&#8243;][vc_column_text css=&#8220;&#8220;]<\/p>\n<h1>JATI Mikroborstenpad<\/h1>\n<p>Das JATI Mikroborstenpad eignet sich hervorragend zum Entfernen von abget\u00f6tetem Schimmelpilz. Die spezielle Mikroborstenstruktur entfernt den abget\u00f6teten Schimmelpilz und s\u00e4ubert gleichzeitig die Oberfl\u00e4che. Das Jati Mikroborstenpad setzt sich nicht mit Schimmelpilz-Biomasse zu und kann leicht ausgesp\u00fclt werden. Zur optimalen Handhabung empfiehlt sich der Jati Handpadhalter oder der Jati Padhalter mit Stielaufnahme.[\/vc_column_text][\/vc_column][vc_column width=&#8220;1\/3&#8243;][single_product_to_cart][\/vc_column][\/vc_row]<\/p>\n<\/div>","protected":false},"excerpt":{"rendered":"<p>Die spezielle Mikroborstenstruktur entfernt abget\u00f6teten Schimmelpilz und s\u00e4ubert zugleich die Oberfl\u00e4che. Das JATI Mikroborsten-Pad setzt sich nicht mit Schimmelpilz-Biomasse zu und ist leicht aussp\u00fclbar. Kompatibel mit JATI Handpadhalter und JATI Padhalter mit Stielaufnahme. [&#8230;]<\/p>\n<p><a class=\"btn btn-secondary understrap-read-more-link\" href=\"https:\/\/www.jatiproducts.com\/de\/schimmelsanierung\/jati-mikroborstenpad\/\">Weiterlesen&#8230;<\/a><\/p>\n","protected":false},"featured_media":5513,"template":"","meta":{"_acf_changed":false,"footnotes":""},"product_brand":[],"product_cat":[136,94,119],"product_tag":[],"class_list":{"0":"post-5512","1":"product","2":"type-product","3":"status-publish","4":"has-post-thumbnail","6":"product_cat-reinigungszubehoer","7":"product_cat-schimmelsanierung","8":"product_cat-zubehoer","10":"first","11":"instock","12":"taxable","13":"shipping-taxable","14":"purchasable","15":"product-type-simple"},"acf":[],"yoast_head":"<!-- This site is optimized with the Yoast SEO plugin v27.2 - https:\/\/yoast.com\/product\/yoast-seo-wordpress\/ -->\n<title>JATI Mikroborstenpad - JATI GmbH<\/title>\n<meta name=\"description\" content=\"Ideal zur Entfernung von abget\u00f6tetem Schimmelpilz. Mikroborstenstruktur reinigt effektiv und verstopft nicht. Kompatibel mit Jati Handpadhalter.\" \/>\n<meta name=\"robots\" content=\"index, follow, max-snippet:-1, max-image-preview:large, max-video-preview:-1\" \/>\n<link rel=\"canonical\" href=\"https:\/\/www.jatiproducts.com\/de\/schimmelsanierung\/jati-mikroborstenpad\/\" \/>\n<meta property=\"og:locale\" content=\"de_DE\" \/>\n<meta property=\"og:type\" content=\"article\" \/>\n<meta property=\"og:title\" content=\"JATI Mikroborstenpad - JATI GmbH\" \/>\n<meta property=\"og:description\" content=\"Ideal zur Entfernung von abget\u00f6tetem Schimmelpilz. Mikroborstenstruktur reinigt effektiv und verstopft nicht. Kompatibel mit Jati Handpadhalter.\" \/>\n<meta property=\"og:url\" content=\"https:\/\/www.jatiproducts.com\/de\/schimmelsanierung\/jati-mikroborstenpad\/\" \/>\n<meta property=\"og:site_name\" content=\"JATI GmbH\" \/>\n<meta property=\"article:publisher\" content=\"https:\/\/www.facebook.com\/people\/JATI-diemitdempferd\/61555813963787\/\" \/>\n<meta property=\"article:modified_time\" content=\"2026-03-31T11:48:25+00:00\" \/>\n<meta property=\"og:image\" content=\"https:\/\/www.jatiproducts.com\/wp-content\/uploads\/37_0.jpg\" \/>\n\t<meta property=\"og:image:width\" content=\"260\" \/>\n\t<meta property=\"og:image:height\" content=\"220\" \/>\n\t<meta property=\"og:image:type\" content=\"image\/jpeg\" \/>\n<meta name=\"twitter:card\" content=\"summary_large_image\" \/>\n<meta name=\"twitter:label1\" content=\"Gesch\u00e4tzte Lesezeit\" \/>\n\t<meta name=\"twitter:data1\" content=\"1\u00a0Minute\" \/>\n<script type=\"application\/ld+json\" class=\"yoast-schema-graph\">{\"@context\":\"https:\/\/schema.org\",\"@graph\":[{\"@type\":\"WebPage\",\"@id\":\"https:\/\/www.jatiproducts.com\/de\/schimmelsanierung\/jati-mikroborstenpad\/\",\"url\":\"https:\/\/www.jatiproducts.com\/de\/schimmelsanierung\/jati-mikroborstenpad\/\",\"name\":\"JATI Mikroborstenpad - JATI GmbH\",\"isPartOf\":{\"@id\":\"https:\/\/www.jatiproducts.com\/de\/#website\"},\"primaryImageOfPage\":{\"@id\":\"https:\/\/www.jatiproducts.com\/de\/schimmelsanierung\/jati-mikroborstenpad\/#primaryimage\"},\"image\":{\"@id\":\"https:\/\/www.jatiproducts.com\/de\/schimmelsanierung\/jati-mikroborstenpad\/#primaryimage\"},\"thumbnailUrl\":\"https:\/\/www.jatiproducts.com\/wp-content\/uploads\/37_0.jpg\",\"datePublished\":\"2024-05-05T07:41:19+00:00\",\"dateModified\":\"2026-03-31T11:48:25+00:00\",\"description\":\"Ideal zur Entfernung von abget\u00f6tetem Schimmelpilz. Mikroborstenstruktur reinigt effektiv und verstopft nicht. Kompatibel mit Jati Handpadhalter.\",\"breadcrumb\":{\"@id\":\"https:\/\/www.jatiproducts.com\/de\/schimmelsanierung\/jati-mikroborstenpad\/#breadcrumb\"},\"inLanguage\":\"de\",\"potentialAction\":[{\"@type\":\"ReadAction\",\"target\":[\"https:\/\/www.jatiproducts.com\/de\/schimmelsanierung\/jati-mikroborstenpad\/\"]}]},{\"@type\":\"ImageObject\",\"inLanguage\":\"de\",\"@id\":\"https:\/\/www.jatiproducts.com\/de\/schimmelsanierung\/jati-mikroborstenpad\/#primaryimage\",\"url\":\"https:\/\/www.jatiproducts.com\/wp-content\/uploads\/37_0.jpg\",\"contentUrl\":\"https:\/\/www.jatiproducts.com\/wp-content\/uploads\/37_0.jpg\",\"width\":260,\"height\":220,\"caption\":\"Produktbild JATI Mikroborstenpad\"},{\"@type\":\"BreadcrumbList\",\"@id\":\"https:\/\/www.jatiproducts.com\/de\/schimmelsanierung\/jati-mikroborstenpad\/#breadcrumb\",\"itemListElement\":[{\"@type\":\"ListItem\",\"position\":1,\"name\":\"Startseite\",\"item\":\"https:\/\/www.jatiproducts.com\/de\/\"},{\"@type\":\"ListItem\",\"position\":2,\"name\":\"Shop\",\"item\":\"https:\/\/www.jatiproducts.com\/de\/shop\/\"},{\"@type\":\"ListItem\",\"position\":3,\"name\":\"JATI Mikroborstenpad\"}]},{\"@type\":\"WebSite\",\"@id\":\"https:\/\/www.jatiproducts.com\/de\/#website\",\"url\":\"https:\/\/www.jatiproducts.com\/de\/\",\"name\":\"JATI GmbH\",\"description\":\"JATI GmbH\",\"publisher\":{\"@id\":\"https:\/\/www.jatiproducts.com\/de\/#organization\"},\"potentialAction\":[{\"@type\":\"SearchAction\",\"target\":{\"@type\":\"EntryPoint\",\"urlTemplate\":\"https:\/\/www.jatiproducts.com\/de\/?s={search_term_string}\"},\"query-input\":{\"@type\":\"PropertyValueSpecification\",\"valueRequired\":true,\"valueName\":\"search_term_string\"}}],\"inLanguage\":\"de\"},{\"@type\":\"Organization\",\"@id\":\"https:\/\/www.jatiproducts.com\/de\/#organization\",\"name\":\"JATI GmbH\",\"url\":\"https:\/\/www.jatiproducts.com\/de\/\",\"logo\":{\"@type\":\"ImageObject\",\"inLanguage\":\"de\",\"@id\":\"https:\/\/www.jatiproducts.com\/de\/#\/schema\/logo\/image\/\",\"url\":\"https:\/\/www.jatiproducts.com\/wp-content\/uploads\/site-logo.png\",\"contentUrl\":\"https:\/\/www.jatiproducts.com\/wp-content\/uploads\/site-logo.png\",\"width\":696,\"height\":696,\"caption\":\"JATI GmbH\"},\"image\":{\"@id\":\"https:\/\/www.jatiproducts.com\/de\/#\/schema\/logo\/image\/\"},\"sameAs\":[\"https:\/\/www.facebook.com\/people\/JATI-diemitdempferd\/61555813963787\/\",\"https:\/\/www.instagram.com\/jati_diemitdemschaum\/\",\"https:\/\/www.youtube.com\/user\/JatiProducts\",\"https:\/\/www.linkedin.com\/company\/jati-gmbh\/\"]}]}<\/script>\n<!-- \/ Yoast SEO plugin. -->","yoast_head_json":{"title":"JATI Mikroborstenpad - JATI GmbH","description":"Ideal zur Entfernung von abget\u00f6tetem Schimmelpilz. Mikroborstenstruktur reinigt effektiv und verstopft nicht. Kompatibel mit Jati Handpadhalter.","robots":{"index":"index","follow":"follow","max-snippet":"max-snippet:-1","max-image-preview":"max-image-preview:large","max-video-preview":"max-video-preview:-1"},"canonical":"https:\/\/www.jatiproducts.com\/de\/schimmelsanierung\/jati-mikroborstenpad\/","og_locale":"de_DE","og_type":"article","og_title":"JATI Mikroborstenpad - JATI GmbH","og_description":"Ideal zur Entfernung von abget\u00f6tetem Schimmelpilz. Mikroborstenstruktur reinigt effektiv und verstopft nicht. Kompatibel mit Jati Handpadhalter.","og_url":"https:\/\/www.jatiproducts.com\/de\/schimmelsanierung\/jati-mikroborstenpad\/","og_site_name":"JATI GmbH","article_publisher":"https:\/\/www.facebook.com\/people\/JATI-diemitdempferd\/61555813963787\/","article_modified_time":"2026-03-31T11:48:25+00:00","og_image":[{"width":260,"height":220,"url":"https:\/\/www.jatiproducts.com\/wp-content\/uploads\/37_0.jpg","type":"image\/jpeg"}],"twitter_card":"summary_large_image","twitter_misc":{"Gesch\u00e4tzte Lesezeit":"1\u00a0Minute"},"schema":{"@context":"https:\/\/schema.org","@graph":[{"@type":"WebPage","@id":"https:\/\/www.jatiproducts.com\/de\/schimmelsanierung\/jati-mikroborstenpad\/","url":"https:\/\/www.jatiproducts.com\/de\/schimmelsanierung\/jati-mikroborstenpad\/","name":"JATI Mikroborstenpad - JATI GmbH","isPartOf":{"@id":"https:\/\/www.jatiproducts.com\/de\/#website"},"primaryImageOfPage":{"@id":"https:\/\/www.jatiproducts.com\/de\/schimmelsanierung\/jati-mikroborstenpad\/#primaryimage"},"image":{"@id":"https:\/\/www.jatiproducts.com\/de\/schimmelsanierung\/jati-mikroborstenpad\/#primaryimage"},"thumbnailUrl":"https:\/\/www.jatiproducts.com\/wp-content\/uploads\/37_0.jpg","datePublished":"2024-05-05T07:41:19+00:00","dateModified":"2026-03-31T11:48:25+00:00","description":"Ideal zur Entfernung von abget\u00f6tetem Schimmelpilz. Mikroborstenstruktur reinigt effektiv und verstopft nicht. Kompatibel mit Jati Handpadhalter.","breadcrumb":{"@id":"https:\/\/www.jatiproducts.com\/de\/schimmelsanierung\/jati-mikroborstenpad\/#breadcrumb"},"inLanguage":"de","potentialAction":[{"@type":"ReadAction","target":["https:\/\/www.jatiproducts.com\/de\/schimmelsanierung\/jati-mikroborstenpad\/"]}]},{"@type":"ImageObject","inLanguage":"de","@id":"https:\/\/www.jatiproducts.com\/de\/schimmelsanierung\/jati-mikroborstenpad\/#primaryimage","url":"https:\/\/www.jatiproducts.com\/wp-content\/uploads\/37_0.jpg","contentUrl":"https:\/\/www.jatiproducts.com\/wp-content\/uploads\/37_0.jpg","width":260,"height":220,"caption":"Produktbild JATI Mikroborstenpad"},{"@type":"BreadcrumbList","@id":"https:\/\/www.jatiproducts.com\/de\/schimmelsanierung\/jati-mikroborstenpad\/#breadcrumb","itemListElement":[{"@type":"ListItem","position":1,"name":"Startseite","item":"https:\/\/www.jatiproducts.com\/de\/"},{"@type":"ListItem","position":2,"name":"Shop","item":"https:\/\/www.jatiproducts.com\/de\/shop\/"},{"@type":"ListItem","position":3,"name":"JATI Mikroborstenpad"}]},{"@type":"WebSite","@id":"https:\/\/www.jatiproducts.com\/de\/#website","url":"https:\/\/www.jatiproducts.com\/de\/","name":"JATI GmbH","description":"JATI GmbH","publisher":{"@id":"https:\/\/www.jatiproducts.com\/de\/#organization"},"potentialAction":[{"@type":"SearchAction","target":{"@type":"EntryPoint","urlTemplate":"https:\/\/www.jatiproducts.com\/de\/?s={search_term_string}"},"query-input":{"@type":"PropertyValueSpecification","valueRequired":true,"valueName":"search_term_string"}}],"inLanguage":"de"},{"@type":"Organization","@id":"https:\/\/www.jatiproducts.com\/de\/#organization","name":"JATI GmbH","url":"https:\/\/www.jatiproducts.com\/de\/","logo":{"@type":"ImageObject","inLanguage":"de","@id":"https:\/\/www.jatiproducts.com\/de\/#\/schema\/logo\/image\/","url":"https:\/\/www.jatiproducts.com\/wp-content\/uploads\/site-logo.png","contentUrl":"https:\/\/www.jatiproducts.com\/wp-content\/uploads\/site-logo.png","width":696,"height":696,"caption":"JATI GmbH"},"image":{"@id":"https:\/\/www.jatiproducts.com\/de\/#\/schema\/logo\/image\/"},"sameAs":["https:\/\/www.facebook.com\/people\/JATI-diemitdempferd\/61555813963787\/","https:\/\/www.instagram.com\/jati_diemitdemschaum\/","https:\/\/www.youtube.com\/user\/JatiProducts","https:\/\/www.linkedin.com\/company\/jati-gmbh\/"]}]}},"_links":{"self":[{"href":"https:\/\/www.jatiproducts.com\/de\/wp-json\/wp\/v2\/product\/5512","targetHints":{"allow":["GET"]}}],"collection":[{"href":"https:\/\/www.jatiproducts.com\/de\/wp-json\/wp\/v2\/product"}],"about":[{"href":"https:\/\/www.jatiproducts.com\/de\/wp-json\/wp\/v2\/types\/product"}],"version-history":[{"count":0,"href":"https:\/\/www.jatiproducts.com\/de\/wp-json\/wp\/v2\/product\/5512\/revisions"}],"wp:featuredmedia":[{"embeddable":true,"href":"https:\/\/www.jatiproducts.com\/de\/wp-json\/wp\/v2\/media\/5513"}],"wp:attachment":[{"href":"https:\/\/www.jatiproducts.com\/de\/wp-json\/wp\/v2\/media?parent=5512"}],"wp:term":[{"taxonomy":"product_brand","embeddable":true,"href":"https:\/\/www.jatiproducts.com\/de\/wp-json\/wp\/v2\/product_brand?post=5512"},{"taxonomy":"product_cat","embeddable":true,"href":"https:\/\/www.jatiproducts.com\/de\/wp-json\/wp\/v2\/product_cat?post=5512"},{"taxonomy":"product_tag","embeddable":true,"href":"https:\/\/www.jatiproducts.com\/de\/wp-json\/wp\/v2\/product_tag?post=5512"}],"curies":[{"name":"wp","href":"https:\/\/api.w.org\/{rel}","templated":true}]}}