{"id":5537,"date":"2024-05-06T07:32:44","date_gmt":"2024-05-06T05:32:44","guid":{"rendered":"https:\/\/p684588.webspaceconfig.de\/jati-wp\/jatiproducts.com\/de\/?post_type=product&#038;p=5537"},"modified":"2026-03-31T13:47:27","modified_gmt":"2026-03-31T11:47:27","slug":"jati-randfugenraeumer","status":"publish","type":"product","link":"https:\/\/www.jatiproducts.com\/de\/schimmelsanierung\/jati-randfugenraeumer\/","title":{"rendered":"JATI RandfugenR\u00e4umer"},"content":{"rendered":"<div class=\"wpb-content-wrapper\"><p>[vc_row][vc_column width=&#8220;2\/3&#8243;][vc_column_text css=&#8220;&#8220;]<\/p>\n<h1>JATI RandfugenR\u00e4umer<\/h1>\n<p>Durch den JATI RandfugenR\u00e4umer entfallen Arbeiten auf den Knien oder in der Hocke. Mit dem h\u00f6henverstellbaren Griff kann er auf die eigenen Bed\u00fcrfnisse eingestellt werden, dies sowohl f\u00fcr Rechts- als auch f\u00fcr Linksh\u00e4nder. \u2022 Edelstahl 4 mm stark und seitlich flexibel \u2022 Mit h\u00f6henverstellbarem Griff, rechts und links einsetzbar \u2022 L\u00e4nge 1170 mm[\/vc_column_text][vc_row_inner][vc_column_inner width=&#8220;1\/2&#8243;][vc_column_text]<\/p>\n<h3>Hintergrund<\/h3>\n<p>Bei der Schimmelsanierung sollten auch die Randfugen nicht au\u00dfer Acht gelassen werden. H\u00e4ufig weisen sie starke Belastungen durch Schimmelpilze und Bakterien auf. Daher sollten auch die hier vorhandenen Keime abget\u00f6tet und die Randfuge zus\u00e4tzlich einer angemessenen Feinreinigung unterzogen werden. Staubbelastungen, Schmutz, organisches Material, Flusen, Schimmelpilze, Bakterien, Milben und selbst noch R\u00fcckst\u00e4nde aus der Zeit des Fu\u00dfbodenaufbaus tragen zu einer hohen Belastung bei. Ein Absaugen mit Flusenb\u00fcrste bringt zumeist nicht die erforderliche Beseitigung von Schmutz und Staubpartikeln. Zudem kann jahrelanges Einbringen von Feuchtigkeit durch Wischwasser in den Randfugenbereich m\u00f6glicherweise Schimmelwachstum beg\u00fcnstigt haben.[\/vc_column_text][\/vc_column_inner][vc_column_inner width=&#8220;1\/2&#8243;][vc_column_text css=&#8220;&#8220;]<img decoding=\"async\" class=\"alignnone size-full wp-image-927\" src=\"https:\/\/www.jatiproducts.com\/wp-content\/uploads\/randfuge.jpg\" alt=\"\" width=\"750\" height=\"430\" srcset=\"https:\/\/www.jatiproducts.com\/wp-content\/uploads\/randfuge.jpg 750w, https:\/\/www.jatiproducts.com\/wp-content\/uploads\/randfuge-300x172.jpg 300w, https:\/\/www.jatiproducts.com\/wp-content\/uploads\/randfuge-600x344.jpg 600w\" sizes=\"(max-width: 750px) 100vw, 750px\" \/>[\/vc_column_text][\/vc_column_inner][\/vc_row_inner][\/vc_column][vc_column width=&#8220;1\/3&#8243; css=&#8220;.vc_custom_1564484015718{padding-top: 35px !important;}&#8220;][single_product_to_cart][\/vc_column][\/vc_row]<\/p>\n<\/div>","protected":false},"excerpt":{"rendered":"<p>Mit dem JATI Randfugen-R\u00e4umer aus Edelstahl lassen sich die Randfugen-D\u00e4mmstreifen entfernen. Der Griff ist h\u00f6henverstellbar. L\u00e4nge: 1170 mm. [&#8230;]<\/p>\n<p><a class=\"btn btn-secondary understrap-read-more-link\" href=\"https:\/\/www.jatiproducts.com\/de\/schimmelsanierung\/jati-randfugenraeumer\/\">Weiterlesen&#8230;<\/a><\/p>\n","protected":false},"featured_media":5538,"template":"","meta":{"_acf_changed":false,"footnotes":""},"product_brand":[],"product_cat":[135,94,119],"product_tag":[],"class_list":{"0":"post-5537","1":"product","2":"type-product","3":"status-publish","4":"has-post-thumbnail","6":"product_cat-randfugen-intensivreinigung","7":"product_cat-schimmelsanierung","8":"product_cat-zubehoer","10":"first","11":"instock","12":"taxable","13":"shipping-taxable","14":"purchasable","15":"product-type-simple"},"acf":[],"yoast_head":"<!-- This site is optimized with the Yoast SEO plugin v27.4 - https:\/\/yoast.com\/product\/yoast-seo-wordpress\/ -->\n<title>JATI RandfugenR\u00e4umer - JATI GmbH<\/title>\n<meta name=\"description\" content=\"JATI RandfugenR\u00e4umer: H\u00f6henverstellbarer Griff f\u00fcr ergonomisches Arbeiten ohne Knien. Edelstahl, flexibel, f\u00fcr Rechts- und Linksh\u00e4nder. L\u00e4nge 1170 mm.\" \/>\n<meta name=\"robots\" content=\"index, follow, max-snippet:-1, max-image-preview:large, max-video-preview:-1\" \/>\n<link rel=\"canonical\" href=\"https:\/\/www.jatiproducts.com\/de\/schimmelsanierung\/jati-randfugenraeumer\/\" \/>\n<meta property=\"og:locale\" content=\"de_DE\" \/>\n<meta property=\"og:type\" content=\"article\" \/>\n<meta property=\"og:title\" content=\"JATI RandfugenR\u00e4umer - JATI GmbH\" \/>\n<meta property=\"og:description\" content=\"JATI RandfugenR\u00e4umer: H\u00f6henverstellbarer Griff f\u00fcr ergonomisches Arbeiten ohne Knien. Edelstahl, flexibel, f\u00fcr Rechts- und Linksh\u00e4nder. L\u00e4nge 1170 mm.\" \/>\n<meta property=\"og:url\" content=\"https:\/\/www.jatiproducts.com\/de\/schimmelsanierung\/jati-randfugenraeumer\/\" \/>\n<meta property=\"og:site_name\" content=\"JATI GmbH\" \/>\n<meta property=\"article:publisher\" content=\"https:\/\/www.facebook.com\/people\/JATI-diemitdempferd\/61555813963787\/\" \/>\n<meta property=\"article:modified_time\" content=\"2026-03-31T11:47:27+00:00\" \/>\n<meta property=\"og:image\" content=\"https:\/\/www.jatiproducts.com\/wp-content\/uploads\/48_0.jpg\" \/>\n\t<meta property=\"og:image:width\" content=\"260\" \/>\n\t<meta property=\"og:image:height\" content=\"392\" \/>\n\t<meta property=\"og:image:type\" content=\"image\/jpeg\" \/>\n<meta name=\"twitter:card\" content=\"summary_large_image\" \/>\n<meta name=\"twitter:label1\" content=\"Gesch\u00e4tzte Lesezeit\" \/>\n\t<meta name=\"twitter:data1\" content=\"2\u00a0Minuten\" \/>\n<script type=\"application\/ld+json\" class=\"yoast-schema-graph\">{\"@context\":\"https:\\\/\\\/schema.org\",\"@graph\":[{\"@type\":\"WebPage\",\"@id\":\"https:\\\/\\\/www.jatiproducts.com\\\/de\\\/schimmelsanierung\\\/jati-randfugenraeumer\\\/\",\"url\":\"https:\\\/\\\/www.jatiproducts.com\\\/de\\\/schimmelsanierung\\\/jati-randfugenraeumer\\\/\",\"name\":\"JATI RandfugenR\u00e4umer - JATI GmbH\",\"isPartOf\":{\"@id\":\"https:\\\/\\\/www.jatiproducts.com\\\/de\\\/#website\"},\"primaryImageOfPage\":{\"@id\":\"https:\\\/\\\/www.jatiproducts.com\\\/de\\\/schimmelsanierung\\\/jati-randfugenraeumer\\\/#primaryimage\"},\"image\":{\"@id\":\"https:\\\/\\\/www.jatiproducts.com\\\/de\\\/schimmelsanierung\\\/jati-randfugenraeumer\\\/#primaryimage\"},\"thumbnailUrl\":\"https:\\\/\\\/www.jatiproducts.com\\\/wp-content\\\/uploads\\\/48_0.jpg\",\"datePublished\":\"2024-05-06T05:32:44+00:00\",\"dateModified\":\"2026-03-31T11:47:27+00:00\",\"description\":\"JATI RandfugenR\u00e4umer: H\u00f6henverstellbarer Griff f\u00fcr ergonomisches Arbeiten ohne Knien. Edelstahl, flexibel, f\u00fcr Rechts- und Linksh\u00e4nder. L\u00e4nge 1170 mm.\",\"breadcrumb\":{\"@id\":\"https:\\\/\\\/www.jatiproducts.com\\\/de\\\/schimmelsanierung\\\/jati-randfugenraeumer\\\/#breadcrumb\"},\"inLanguage\":\"de\",\"potentialAction\":[{\"@type\":\"ReadAction\",\"target\":[\"https:\\\/\\\/www.jatiproducts.com\\\/de\\\/schimmelsanierung\\\/jati-randfugenraeumer\\\/\"]}]},{\"@type\":\"ImageObject\",\"inLanguage\":\"de\",\"@id\":\"https:\\\/\\\/www.jatiproducts.com\\\/de\\\/schimmelsanierung\\\/jati-randfugenraeumer\\\/#primaryimage\",\"url\":\"https:\\\/\\\/www.jatiproducts.com\\\/wp-content\\\/uploads\\\/48_0.jpg\",\"contentUrl\":\"https:\\\/\\\/www.jatiproducts.com\\\/wp-content\\\/uploads\\\/48_0.jpg\",\"width\":260,\"height\":392,\"caption\":\"Produktbild Jati Randfugenr\u00e4umer\"},{\"@type\":\"BreadcrumbList\",\"@id\":\"https:\\\/\\\/www.jatiproducts.com\\\/de\\\/schimmelsanierung\\\/jati-randfugenraeumer\\\/#breadcrumb\",\"itemListElement\":[{\"@type\":\"ListItem\",\"position\":1,\"name\":\"Startseite\",\"item\":\"https:\\\/\\\/www.jatiproducts.com\\\/de\\\/\"},{\"@type\":\"ListItem\",\"position\":2,\"name\":\"Shop\",\"item\":\"https:\\\/\\\/www.jatiproducts.com\\\/de\\\/shop\\\/\"},{\"@type\":\"ListItem\",\"position\":3,\"name\":\"JATI RandfugenR\u00e4umer\"}]},{\"@type\":\"WebSite\",\"@id\":\"https:\\\/\\\/www.jatiproducts.com\\\/de\\\/#website\",\"url\":\"https:\\\/\\\/www.jatiproducts.com\\\/de\\\/\",\"name\":\"JATI GmbH\",\"description\":\"JATI GmbH\",\"publisher\":{\"@id\":\"https:\\\/\\\/www.jatiproducts.com\\\/de\\\/#organization\"},\"potentialAction\":[{\"@type\":\"SearchAction\",\"target\":{\"@type\":\"EntryPoint\",\"urlTemplate\":\"https:\\\/\\\/www.jatiproducts.com\\\/de\\\/?s={search_term_string}\"},\"query-input\":{\"@type\":\"PropertyValueSpecification\",\"valueRequired\":true,\"valueName\":\"search_term_string\"}}],\"inLanguage\":\"de\"},{\"@type\":\"Organization\",\"@id\":\"https:\\\/\\\/www.jatiproducts.com\\\/de\\\/#organization\",\"name\":\"JATI GmbH\",\"url\":\"https:\\\/\\\/www.jatiproducts.com\\\/de\\\/\",\"logo\":{\"@type\":\"ImageObject\",\"inLanguage\":\"de\",\"@id\":\"https:\\\/\\\/www.jatiproducts.com\\\/de\\\/#\\\/schema\\\/logo\\\/image\\\/\",\"url\":\"https:\\\/\\\/www.jatiproducts.com\\\/wp-content\\\/uploads\\\/site-logo.png\",\"contentUrl\":\"https:\\\/\\\/www.jatiproducts.com\\\/wp-content\\\/uploads\\\/site-logo.png\",\"width\":696,\"height\":696,\"caption\":\"JATI GmbH\"},\"image\":{\"@id\":\"https:\\\/\\\/www.jatiproducts.com\\\/de\\\/#\\\/schema\\\/logo\\\/image\\\/\"},\"sameAs\":[\"https:\\\/\\\/www.facebook.com\\\/people\\\/JATI-diemitdempferd\\\/61555813963787\\\/\",\"https:\\\/\\\/www.instagram.com\\\/jati_diemitdemschaum\\\/\",\"https:\\\/\\\/www.youtube.com\\\/user\\\/JatiProducts\",\"https:\\\/\\\/www.linkedin.com\\\/company\\\/jati-gmbh\\\/\"]}]}<\/script>\n<!-- \/ Yoast SEO plugin. -->","yoast_head_json":{"title":"JATI RandfugenR\u00e4umer - JATI GmbH","description":"JATI RandfugenR\u00e4umer: H\u00f6henverstellbarer Griff f\u00fcr ergonomisches Arbeiten ohne Knien. Edelstahl, flexibel, f\u00fcr Rechts- und Linksh\u00e4nder. L\u00e4nge 1170 mm.","robots":{"index":"index","follow":"follow","max-snippet":"max-snippet:-1","max-image-preview":"max-image-preview:large","max-video-preview":"max-video-preview:-1"},"canonical":"https:\/\/www.jatiproducts.com\/de\/schimmelsanierung\/jati-randfugenraeumer\/","og_locale":"de_DE","og_type":"article","og_title":"JATI RandfugenR\u00e4umer - JATI GmbH","og_description":"JATI RandfugenR\u00e4umer: H\u00f6henverstellbarer Griff f\u00fcr ergonomisches Arbeiten ohne Knien. Edelstahl, flexibel, f\u00fcr Rechts- und Linksh\u00e4nder. L\u00e4nge 1170 mm.","og_url":"https:\/\/www.jatiproducts.com\/de\/schimmelsanierung\/jati-randfugenraeumer\/","og_site_name":"JATI GmbH","article_publisher":"https:\/\/www.facebook.com\/people\/JATI-diemitdempferd\/61555813963787\/","article_modified_time":"2026-03-31T11:47:27+00:00","og_image":[{"width":260,"height":392,"url":"https:\/\/www.jatiproducts.com\/wp-content\/uploads\/48_0.jpg","type":"image\/jpeg"}],"twitter_card":"summary_large_image","twitter_misc":{"Gesch\u00e4tzte Lesezeit":"2\u00a0Minuten"},"schema":{"@context":"https:\/\/schema.org","@graph":[{"@type":"WebPage","@id":"https:\/\/www.jatiproducts.com\/de\/schimmelsanierung\/jati-randfugenraeumer\/","url":"https:\/\/www.jatiproducts.com\/de\/schimmelsanierung\/jati-randfugenraeumer\/","name":"JATI RandfugenR\u00e4umer - JATI GmbH","isPartOf":{"@id":"https:\/\/www.jatiproducts.com\/de\/#website"},"primaryImageOfPage":{"@id":"https:\/\/www.jatiproducts.com\/de\/schimmelsanierung\/jati-randfugenraeumer\/#primaryimage"},"image":{"@id":"https:\/\/www.jatiproducts.com\/de\/schimmelsanierung\/jati-randfugenraeumer\/#primaryimage"},"thumbnailUrl":"https:\/\/www.jatiproducts.com\/wp-content\/uploads\/48_0.jpg","datePublished":"2024-05-06T05:32:44+00:00","dateModified":"2026-03-31T11:47:27+00:00","description":"JATI RandfugenR\u00e4umer: H\u00f6henverstellbarer Griff f\u00fcr ergonomisches Arbeiten ohne Knien. Edelstahl, flexibel, f\u00fcr Rechts- und Linksh\u00e4nder. L\u00e4nge 1170 mm.","breadcrumb":{"@id":"https:\/\/www.jatiproducts.com\/de\/schimmelsanierung\/jati-randfugenraeumer\/#breadcrumb"},"inLanguage":"de","potentialAction":[{"@type":"ReadAction","target":["https:\/\/www.jatiproducts.com\/de\/schimmelsanierung\/jati-randfugenraeumer\/"]}]},{"@type":"ImageObject","inLanguage":"de","@id":"https:\/\/www.jatiproducts.com\/de\/schimmelsanierung\/jati-randfugenraeumer\/#primaryimage","url":"https:\/\/www.jatiproducts.com\/wp-content\/uploads\/48_0.jpg","contentUrl":"https:\/\/www.jatiproducts.com\/wp-content\/uploads\/48_0.jpg","width":260,"height":392,"caption":"Produktbild Jati Randfugenr\u00e4umer"},{"@type":"BreadcrumbList","@id":"https:\/\/www.jatiproducts.com\/de\/schimmelsanierung\/jati-randfugenraeumer\/#breadcrumb","itemListElement":[{"@type":"ListItem","position":1,"name":"Startseite","item":"https:\/\/www.jatiproducts.com\/de\/"},{"@type":"ListItem","position":2,"name":"Shop","item":"https:\/\/www.jatiproducts.com\/de\/shop\/"},{"@type":"ListItem","position":3,"name":"JATI RandfugenR\u00e4umer"}]},{"@type":"WebSite","@id":"https:\/\/www.jatiproducts.com\/de\/#website","url":"https:\/\/www.jatiproducts.com\/de\/","name":"JATI GmbH","description":"JATI GmbH","publisher":{"@id":"https:\/\/www.jatiproducts.com\/de\/#organization"},"potentialAction":[{"@type":"SearchAction","target":{"@type":"EntryPoint","urlTemplate":"https:\/\/www.jatiproducts.com\/de\/?s={search_term_string}"},"query-input":{"@type":"PropertyValueSpecification","valueRequired":true,"valueName":"search_term_string"}}],"inLanguage":"de"},{"@type":"Organization","@id":"https:\/\/www.jatiproducts.com\/de\/#organization","name":"JATI GmbH","url":"https:\/\/www.jatiproducts.com\/de\/","logo":{"@type":"ImageObject","inLanguage":"de","@id":"https:\/\/www.jatiproducts.com\/de\/#\/schema\/logo\/image\/","url":"https:\/\/www.jatiproducts.com\/wp-content\/uploads\/site-logo.png","contentUrl":"https:\/\/www.jatiproducts.com\/wp-content\/uploads\/site-logo.png","width":696,"height":696,"caption":"JATI GmbH"},"image":{"@id":"https:\/\/www.jatiproducts.com\/de\/#\/schema\/logo\/image\/"},"sameAs":["https:\/\/www.facebook.com\/people\/JATI-diemitdempferd\/61555813963787\/","https:\/\/www.instagram.com\/jati_diemitdemschaum\/","https:\/\/www.youtube.com\/user\/JatiProducts","https:\/\/www.linkedin.com\/company\/jati-gmbh\/"]}]}},"_links":{"self":[{"href":"https:\/\/www.jatiproducts.com\/de\/wp-json\/wp\/v2\/product\/5537","targetHints":{"allow":["GET"]}}],"collection":[{"href":"https:\/\/www.jatiproducts.com\/de\/wp-json\/wp\/v2\/product"}],"about":[{"href":"https:\/\/www.jatiproducts.com\/de\/wp-json\/wp\/v2\/types\/product"}],"version-history":[{"count":0,"href":"https:\/\/www.jatiproducts.com\/de\/wp-json\/wp\/v2\/product\/5537\/revisions"}],"wp:featuredmedia":[{"embeddable":true,"href":"https:\/\/www.jatiproducts.com\/de\/wp-json\/wp\/v2\/media\/5538"}],"wp:attachment":[{"href":"https:\/\/www.jatiproducts.com\/de\/wp-json\/wp\/v2\/media?parent=5537"}],"wp:term":[{"taxonomy":"product_brand","embeddable":true,"href":"https:\/\/www.jatiproducts.com\/de\/wp-json\/wp\/v2\/product_brand?post=5537"},{"taxonomy":"product_cat","embeddable":true,"href":"https:\/\/www.jatiproducts.com\/de\/wp-json\/wp\/v2\/product_cat?post=5537"},{"taxonomy":"product_tag","embeddable":true,"href":"https:\/\/www.jatiproducts.com\/de\/wp-json\/wp\/v2\/product_tag?post=5537"}],"curies":[{"name":"wp","href":"https:\/\/api.w.org\/{rel}","templated":true}]}}