{"id":5545,"date":"2024-05-06T12:19:29","date_gmt":"2024-05-06T10:19:29","guid":{"rendered":"https:\/\/p684588.webspaceconfig.de\/jati-wp\/jatiproducts.com\/de\/?post_type=product&#038;p=5545"},"modified":"2024-06-20T14:42:13","modified_gmt":"2024-06-20T12:42:13","slug":"wirkstofftank-fuer-fontan-compactstar-34-liter","status":"publish","type":"product","link":"https:\/\/www.jatiproducts.com\/de\/schimmelsanierung\/wirkstofftank-fuer-fontan-compactstar-34-liter\/","title":{"rendered":"Wirkstofftank f\u00fcr FONTAN COMPACTSTAR 34 Liter"},"content":{"rendered":"<div class=\"wpb-content-wrapper\"><p>[vc_row][vc_column width=&#8220;2\/3&#8243;][vc_column_text css=&#8220;&#8220;]<\/p>\n<h1>Wirkstofftank f\u00fcr FONTAN COMPACTSTAR 34 Liter<\/h1>\n<p>Wirkstofftank aus Polyethylen, 34 Liter Fassungsverm\u00f6gen zur Vernebelung von R\u00e4umen bis zu 11.000 m\u00b3.[\/vc_column_text][\/vc_column][vc_column width=&#8220;1\/3&#8243; css=&#8220;.vc_custom_1714976820119{padding-top: 35px !important;}&#8220; el_class=&#8220;product-col&#8220;][single_product_to_cart][\/vc_column][\/vc_row]<\/p>\n<\/div>","protected":false},"excerpt":{"rendered":"<p>Dieser Wirkstofftank aus Polyethylen hat ein Fassungsverm\u00f6gen von 34 Liter und reicht f\u00fcr die Vernebelung von R\u00e4umen bis zu 11.000 m\u00b3. Passend f\u00fcr das ULV-Kaltnebelger\u00e4t FONTAN COMPACTSTAR. [&#8230;]<\/p>\n<p><a class=\"btn btn-secondary understrap-read-more-link\" href=\"https:\/\/www.jatiproducts.com\/de\/schimmelsanierung\/wirkstofftank-fuer-fontan-compactstar-34-liter\/\">Weiterlesen&#8230;<\/a><\/p>\n","protected":false},"featured_media":5546,"template":"","meta":{"_acf_changed":false,"footnotes":""},"product_brand":[],"product_cat":[94,132,119],"product_tag":[],"class_list":{"0":"post-5545","1":"product","2":"type-product","3":"status-publish","4":"has-post-thumbnail","6":"product_cat-schimmelsanierung","7":"product_cat-vernebelungstechnik","8":"product_cat-zubehoer","10":"first","11":"instock","12":"taxable","13":"shipping-taxable","14":"purchasable","15":"product-type-simple"},"acf":[],"yoast_head":"<!-- This site is optimized with the Yoast SEO plugin v27.4 - https:\/\/yoast.com\/product\/yoast-seo-wordpress\/ -->\n<title>Wirkstofftank f\u00fcr FONTAN COMPACTSTAR 34 Liter - JATI GmbH<\/title>\n<meta name=\"description\" content=\"Wirkstofftank f\u00fcr FONTAN COMPACTSTAR: Polyethylen, 34 Liter Fassungsverm\u00f6gen, ideal zur Vernebelung von R\u00e4umen bis zu 11.000 m\u00b3.\" \/>\n<meta name=\"robots\" content=\"index, follow, max-snippet:-1, max-image-preview:large, max-video-preview:-1\" \/>\n<link rel=\"canonical\" href=\"https:\/\/www.jatiproducts.com\/de\/schimmelsanierung\/wirkstofftank-fuer-fontan-compactstar-34-liter\/\" \/>\n<meta property=\"og:locale\" content=\"de_DE\" \/>\n<meta property=\"og:type\" content=\"article\" \/>\n<meta property=\"og:title\" content=\"Wirkstofftank f\u00fcr FONTAN COMPACTSTAR 34 Liter - JATI GmbH\" \/>\n<meta property=\"og:description\" content=\"Wirkstofftank f\u00fcr FONTAN COMPACTSTAR: Polyethylen, 34 Liter Fassungsverm\u00f6gen, ideal zur Vernebelung von R\u00e4umen bis zu 11.000 m\u00b3.\" \/>\n<meta property=\"og:url\" content=\"https:\/\/www.jatiproducts.com\/de\/schimmelsanierung\/wirkstofftank-fuer-fontan-compactstar-34-liter\/\" \/>\n<meta property=\"og:site_name\" content=\"JATI GmbH\" \/>\n<meta property=\"article:publisher\" content=\"https:\/\/www.facebook.com\/people\/JATI-diemitdempferd\/61555813963787\/\" \/>\n<meta property=\"article:modified_time\" content=\"2024-06-20T12:42:13+00:00\" \/>\n<meta property=\"og:image\" content=\"https:\/\/www.jatiproducts.com\/wp-content\/uploads\/26_0.jpg\" \/>\n\t<meta property=\"og:image:width\" content=\"260\" \/>\n\t<meta property=\"og:image:height\" content=\"234\" \/>\n\t<meta property=\"og:image:type\" content=\"image\/jpeg\" \/>\n<meta name=\"twitter:card\" content=\"summary_large_image\" \/>\n<meta name=\"twitter:label1\" content=\"Gesch\u00e4tzte Lesezeit\" \/>\n\t<meta name=\"twitter:data1\" content=\"1\u00a0Minute\" \/>\n<script type=\"application\/ld+json\" class=\"yoast-schema-graph\">{\"@context\":\"https:\\\/\\\/schema.org\",\"@graph\":[{\"@type\":\"WebPage\",\"@id\":\"https:\\\/\\\/www.jatiproducts.com\\\/de\\\/schimmelsanierung\\\/wirkstofftank-fuer-fontan-compactstar-34-liter\\\/\",\"url\":\"https:\\\/\\\/www.jatiproducts.com\\\/de\\\/schimmelsanierung\\\/wirkstofftank-fuer-fontan-compactstar-34-liter\\\/\",\"name\":\"Wirkstofftank f\u00fcr FONTAN COMPACTSTAR 34 Liter - JATI GmbH\",\"isPartOf\":{\"@id\":\"https:\\\/\\\/www.jatiproducts.com\\\/de\\\/#website\"},\"primaryImageOfPage\":{\"@id\":\"https:\\\/\\\/www.jatiproducts.com\\\/de\\\/schimmelsanierung\\\/wirkstofftank-fuer-fontan-compactstar-34-liter\\\/#primaryimage\"},\"image\":{\"@id\":\"https:\\\/\\\/www.jatiproducts.com\\\/de\\\/schimmelsanierung\\\/wirkstofftank-fuer-fontan-compactstar-34-liter\\\/#primaryimage\"},\"thumbnailUrl\":\"https:\\\/\\\/www.jatiproducts.com\\\/wp-content\\\/uploads\\\/26_0.jpg\",\"datePublished\":\"2024-05-06T10:19:29+00:00\",\"dateModified\":\"2024-06-20T12:42:13+00:00\",\"description\":\"Wirkstofftank f\u00fcr FONTAN COMPACTSTAR: Polyethylen, 34 Liter Fassungsverm\u00f6gen, ideal zur Vernebelung von R\u00e4umen bis zu 11.000 m\u00b3.\",\"breadcrumb\":{\"@id\":\"https:\\\/\\\/www.jatiproducts.com\\\/de\\\/schimmelsanierung\\\/wirkstofftank-fuer-fontan-compactstar-34-liter\\\/#breadcrumb\"},\"inLanguage\":\"de\",\"potentialAction\":[{\"@type\":\"ReadAction\",\"target\":[\"https:\\\/\\\/www.jatiproducts.com\\\/de\\\/schimmelsanierung\\\/wirkstofftank-fuer-fontan-compactstar-34-liter\\\/\"]}]},{\"@type\":\"ImageObject\",\"inLanguage\":\"de\",\"@id\":\"https:\\\/\\\/www.jatiproducts.com\\\/de\\\/schimmelsanierung\\\/wirkstofftank-fuer-fontan-compactstar-34-liter\\\/#primaryimage\",\"url\":\"https:\\\/\\\/www.jatiproducts.com\\\/wp-content\\\/uploads\\\/26_0.jpg\",\"contentUrl\":\"https:\\\/\\\/www.jatiproducts.com\\\/wp-content\\\/uploads\\\/26_0.jpg\",\"width\":260,\"height\":234,\"caption\":\"Produktbild Jati Wirkstofftank f\u00fcr FONTAN COMPACTSTAR\"},{\"@type\":\"BreadcrumbList\",\"@id\":\"https:\\\/\\\/www.jatiproducts.com\\\/de\\\/schimmelsanierung\\\/wirkstofftank-fuer-fontan-compactstar-34-liter\\\/#breadcrumb\",\"itemListElement\":[{\"@type\":\"ListItem\",\"position\":1,\"name\":\"Startseite\",\"item\":\"https:\\\/\\\/www.jatiproducts.com\\\/de\\\/\"},{\"@type\":\"ListItem\",\"position\":2,\"name\":\"Shop\",\"item\":\"https:\\\/\\\/www.jatiproducts.com\\\/de\\\/shop\\\/\"},{\"@type\":\"ListItem\",\"position\":3,\"name\":\"Wirkstofftank f\u00fcr FONTAN COMPACTSTAR 34 Liter\"}]},{\"@type\":\"WebSite\",\"@id\":\"https:\\\/\\\/www.jatiproducts.com\\\/de\\\/#website\",\"url\":\"https:\\\/\\\/www.jatiproducts.com\\\/de\\\/\",\"name\":\"JATI GmbH\",\"description\":\"JATI GmbH\",\"publisher\":{\"@id\":\"https:\\\/\\\/www.jatiproducts.com\\\/de\\\/#organization\"},\"potentialAction\":[{\"@type\":\"SearchAction\",\"target\":{\"@type\":\"EntryPoint\",\"urlTemplate\":\"https:\\\/\\\/www.jatiproducts.com\\\/de\\\/?s={search_term_string}\"},\"query-input\":{\"@type\":\"PropertyValueSpecification\",\"valueRequired\":true,\"valueName\":\"search_term_string\"}}],\"inLanguage\":\"de\"},{\"@type\":\"Organization\",\"@id\":\"https:\\\/\\\/www.jatiproducts.com\\\/de\\\/#organization\",\"name\":\"JATI GmbH\",\"url\":\"https:\\\/\\\/www.jatiproducts.com\\\/de\\\/\",\"logo\":{\"@type\":\"ImageObject\",\"inLanguage\":\"de\",\"@id\":\"https:\\\/\\\/www.jatiproducts.com\\\/de\\\/#\\\/schema\\\/logo\\\/image\\\/\",\"url\":\"https:\\\/\\\/www.jatiproducts.com\\\/wp-content\\\/uploads\\\/site-logo.png\",\"contentUrl\":\"https:\\\/\\\/www.jatiproducts.com\\\/wp-content\\\/uploads\\\/site-logo.png\",\"width\":696,\"height\":696,\"caption\":\"JATI GmbH\"},\"image\":{\"@id\":\"https:\\\/\\\/www.jatiproducts.com\\\/de\\\/#\\\/schema\\\/logo\\\/image\\\/\"},\"sameAs\":[\"https:\\\/\\\/www.facebook.com\\\/people\\\/JATI-diemitdempferd\\\/61555813963787\\\/\",\"https:\\\/\\\/www.instagram.com\\\/jati_diemitdemschaum\\\/\",\"https:\\\/\\\/www.youtube.com\\\/user\\\/JatiProducts\",\"https:\\\/\\\/www.linkedin.com\\\/company\\\/jati-gmbh\\\/\"]}]}<\/script>\n<!-- \/ Yoast SEO plugin. -->","yoast_head_json":{"title":"Wirkstofftank f\u00fcr FONTAN COMPACTSTAR 34 Liter - JATI GmbH","description":"Wirkstofftank f\u00fcr FONTAN COMPACTSTAR: Polyethylen, 34 Liter Fassungsverm\u00f6gen, ideal zur Vernebelung von R\u00e4umen bis zu 11.000 m\u00b3.","robots":{"index":"index","follow":"follow","max-snippet":"max-snippet:-1","max-image-preview":"max-image-preview:large","max-video-preview":"max-video-preview:-1"},"canonical":"https:\/\/www.jatiproducts.com\/de\/schimmelsanierung\/wirkstofftank-fuer-fontan-compactstar-34-liter\/","og_locale":"de_DE","og_type":"article","og_title":"Wirkstofftank f\u00fcr FONTAN COMPACTSTAR 34 Liter - JATI GmbH","og_description":"Wirkstofftank f\u00fcr FONTAN COMPACTSTAR: Polyethylen, 34 Liter Fassungsverm\u00f6gen, ideal zur Vernebelung von R\u00e4umen bis zu 11.000 m\u00b3.","og_url":"https:\/\/www.jatiproducts.com\/de\/schimmelsanierung\/wirkstofftank-fuer-fontan-compactstar-34-liter\/","og_site_name":"JATI GmbH","article_publisher":"https:\/\/www.facebook.com\/people\/JATI-diemitdempferd\/61555813963787\/","article_modified_time":"2024-06-20T12:42:13+00:00","og_image":[{"width":260,"height":234,"url":"https:\/\/www.jatiproducts.com\/wp-content\/uploads\/26_0.jpg","type":"image\/jpeg"}],"twitter_card":"summary_large_image","twitter_misc":{"Gesch\u00e4tzte Lesezeit":"1\u00a0Minute"},"schema":{"@context":"https:\/\/schema.org","@graph":[{"@type":"WebPage","@id":"https:\/\/www.jatiproducts.com\/de\/schimmelsanierung\/wirkstofftank-fuer-fontan-compactstar-34-liter\/","url":"https:\/\/www.jatiproducts.com\/de\/schimmelsanierung\/wirkstofftank-fuer-fontan-compactstar-34-liter\/","name":"Wirkstofftank f\u00fcr FONTAN COMPACTSTAR 34 Liter - JATI GmbH","isPartOf":{"@id":"https:\/\/www.jatiproducts.com\/de\/#website"},"primaryImageOfPage":{"@id":"https:\/\/www.jatiproducts.com\/de\/schimmelsanierung\/wirkstofftank-fuer-fontan-compactstar-34-liter\/#primaryimage"},"image":{"@id":"https:\/\/www.jatiproducts.com\/de\/schimmelsanierung\/wirkstofftank-fuer-fontan-compactstar-34-liter\/#primaryimage"},"thumbnailUrl":"https:\/\/www.jatiproducts.com\/wp-content\/uploads\/26_0.jpg","datePublished":"2024-05-06T10:19:29+00:00","dateModified":"2024-06-20T12:42:13+00:00","description":"Wirkstofftank f\u00fcr FONTAN COMPACTSTAR: Polyethylen, 34 Liter Fassungsverm\u00f6gen, ideal zur Vernebelung von R\u00e4umen bis zu 11.000 m\u00b3.","breadcrumb":{"@id":"https:\/\/www.jatiproducts.com\/de\/schimmelsanierung\/wirkstofftank-fuer-fontan-compactstar-34-liter\/#breadcrumb"},"inLanguage":"de","potentialAction":[{"@type":"ReadAction","target":["https:\/\/www.jatiproducts.com\/de\/schimmelsanierung\/wirkstofftank-fuer-fontan-compactstar-34-liter\/"]}]},{"@type":"ImageObject","inLanguage":"de","@id":"https:\/\/www.jatiproducts.com\/de\/schimmelsanierung\/wirkstofftank-fuer-fontan-compactstar-34-liter\/#primaryimage","url":"https:\/\/www.jatiproducts.com\/wp-content\/uploads\/26_0.jpg","contentUrl":"https:\/\/www.jatiproducts.com\/wp-content\/uploads\/26_0.jpg","width":260,"height":234,"caption":"Produktbild Jati Wirkstofftank f\u00fcr FONTAN COMPACTSTAR"},{"@type":"BreadcrumbList","@id":"https:\/\/www.jatiproducts.com\/de\/schimmelsanierung\/wirkstofftank-fuer-fontan-compactstar-34-liter\/#breadcrumb","itemListElement":[{"@type":"ListItem","position":1,"name":"Startseite","item":"https:\/\/www.jatiproducts.com\/de\/"},{"@type":"ListItem","position":2,"name":"Shop","item":"https:\/\/www.jatiproducts.com\/de\/shop\/"},{"@type":"ListItem","position":3,"name":"Wirkstofftank f\u00fcr FONTAN COMPACTSTAR 34 Liter"}]},{"@type":"WebSite","@id":"https:\/\/www.jatiproducts.com\/de\/#website","url":"https:\/\/www.jatiproducts.com\/de\/","name":"JATI GmbH","description":"JATI GmbH","publisher":{"@id":"https:\/\/www.jatiproducts.com\/de\/#organization"},"potentialAction":[{"@type":"SearchAction","target":{"@type":"EntryPoint","urlTemplate":"https:\/\/www.jatiproducts.com\/de\/?s={search_term_string}"},"query-input":{"@type":"PropertyValueSpecification","valueRequired":true,"valueName":"search_term_string"}}],"inLanguage":"de"},{"@type":"Organization","@id":"https:\/\/www.jatiproducts.com\/de\/#organization","name":"JATI GmbH","url":"https:\/\/www.jatiproducts.com\/de\/","logo":{"@type":"ImageObject","inLanguage":"de","@id":"https:\/\/www.jatiproducts.com\/de\/#\/schema\/logo\/image\/","url":"https:\/\/www.jatiproducts.com\/wp-content\/uploads\/site-logo.png","contentUrl":"https:\/\/www.jatiproducts.com\/wp-content\/uploads\/site-logo.png","width":696,"height":696,"caption":"JATI GmbH"},"image":{"@id":"https:\/\/www.jatiproducts.com\/de\/#\/schema\/logo\/image\/"},"sameAs":["https:\/\/www.facebook.com\/people\/JATI-diemitdempferd\/61555813963787\/","https:\/\/www.instagram.com\/jati_diemitdemschaum\/","https:\/\/www.youtube.com\/user\/JatiProducts","https:\/\/www.linkedin.com\/company\/jati-gmbh\/"]}]}},"_links":{"self":[{"href":"https:\/\/www.jatiproducts.com\/de\/wp-json\/wp\/v2\/product\/5545","targetHints":{"allow":["GET"]}}],"collection":[{"href":"https:\/\/www.jatiproducts.com\/de\/wp-json\/wp\/v2\/product"}],"about":[{"href":"https:\/\/www.jatiproducts.com\/de\/wp-json\/wp\/v2\/types\/product"}],"version-history":[{"count":0,"href":"https:\/\/www.jatiproducts.com\/de\/wp-json\/wp\/v2\/product\/5545\/revisions"}],"wp:featuredmedia":[{"embeddable":true,"href":"https:\/\/www.jatiproducts.com\/de\/wp-json\/wp\/v2\/media\/5546"}],"wp:attachment":[{"href":"https:\/\/www.jatiproducts.com\/de\/wp-json\/wp\/v2\/media?parent=5545"}],"wp:term":[{"taxonomy":"product_brand","embeddable":true,"href":"https:\/\/www.jatiproducts.com\/de\/wp-json\/wp\/v2\/product_brand?post=5545"},{"taxonomy":"product_cat","embeddable":true,"href":"https:\/\/www.jatiproducts.com\/de\/wp-json\/wp\/v2\/product_cat?post=5545"},{"taxonomy":"product_tag","embeddable":true,"href":"https:\/\/www.jatiproducts.com\/de\/wp-json\/wp\/v2\/product_tag?post=5545"}],"curies":[{"name":"wp","href":"https:\/\/api.w.org\/{rel}","templated":true}]}}