{"id":5561,"date":"2024-05-06T13:53:25","date_gmt":"2024-05-06T11:53:25","guid":{"rendered":"https:\/\/p684588.webspaceconfig.de\/jati-wp\/jatiproducts.com\/de\/?post_type=product&#038;p=5561"},"modified":"2026-03-31T14:26:08","modified_gmt":"2026-03-31T12:26:08","slug":"glasreiniger-feinreiniger-jati-gf-9","status":"publish","type":"product","link":"https:\/\/www.jatiproducts.com\/de\/brandsanierung\/glasreiniger-feinreiniger-jati-gf-9\/","title":{"rendered":"Glasreiniger \/ Feinreiniger JATI GF 9"},"content":{"rendered":"<div class=\"wpb-content-wrapper\"><p>[vc_row][vc_column width=&#8220;2\/3&#8243;][vc_column_text]<\/p>\n<h1>Glasreiniger \/ Feinreiniger JATI GF 9<\/h1>\n<p><strong>Die verwendeten Rohstoffe im Glasreiniger \/ Feinreiniger JATI GF 9 sorgen f\u00fcr eine effektive, schonende und streifenfreie Reinigung. Ein fusselfreier Lappen gen\u00fcgt, um Staub, Fett und Resten von organischen Verbindungen zum Abschied zu winken. Und das mit einem L\u00e4cheln.<\/strong>[\/vc_column_text][vc_separator align=&#8220;align_left&#8220; css=&#8220;.vc_custom_1564415618920{margin-top: 50px !important;margin-bottom: 15px !important;}&#8220;][vc_row_inner][vc_column_inner width=&#8220;1\/2&#8243;][vc_column_text]<\/p>\n<h3>Die Anwendung:<\/h3>\n<h4>So simpel, Sie werden spr\u00fchen vor Freude.<\/h4>\n<p>JATI GF 9 wird \u00fcblicherweise unverd\u00fcnnt auf die zu reinigende Oberfl\u00e4che gespr\u00fcht und anschlie\u00dfend mit einem fusselfreien Lappen (z.B. Mikrofasertuch) nachgewischt. Bei starken Verschmutzungen empfehlen wir eine Vorreinigung, z.B. mit JATI SAR 12. Bei empfindlichen Materialien f\u00fchren Sie eine Probereinigung an einer unauff\u00e4lligen Stelle durch und pr\u00fcfen Sie so die Vertr\u00e4glichkeit.[\/vc_column_text][\/vc_column_inner][vc_column_inner width=&#8220;1\/2&#8243;][vc_column_text]<\/p>\n<h3>Die Einsatzbereiche:<\/h3>\n<h4>Glatter Durchmarsch auf glatten Oberfl\u00e4chen.<\/h4>\n<p>Der Glasreiniger \/ Feinreiniger JATI GF 9 ist f\u00fcr alle Glasfl\u00e4chen und harten Kunststofffl\u00e4chen geeignet.[\/vc_column_text][\/vc_column_inner][\/vc_row_inner][vc_separator align=&#8220;align_left&#8220; css=&#8220;.vc_custom_1564415669961{margin-top: 15px !important;margin-bottom: 50px !important;}&#8220;][vc_column_text]<\/p>\n<h3>Die Vorteile:<\/h3>\n<h4>Gibt auch Resten organischer Verbindungen den Rest.<\/h4>\n<ul>\n<li>Gebrauchsfertig f\u00fcr den sofortigen Einsatz<\/li>\n<li>Streifenfreie Reinigung<\/li>\n<li>Beseitigt m\u00fchelos Staub, Fett und Reste von organischen Verbindungen<\/li>\n<\/ul>\n<p>[\/vc_column_text][\/vc_column][vc_column width=&#8220;1\/3&#8243;][single_product_to_cart][vc_row_inner el_class=&#8220;gray-container&#8220;][vc_column_inner][vc_column_text]<\/p>\n<h3>Datenbl\u00e4tter:<\/h3>\n<p>[\/vc_column_text][downloads filter=&#8220;singleproduct&#8220; product=&#8220;jati-gf-9&#8243; downloadtype=&#8220;produktinformationen&#8220;][\/vc_column_inner][\/vc_row_inner][vc_row_inner el_class=&#8220;gray-container&#8220;][vc_column_inner][single_matching_product product_id=&#8220;5958&#8243; headline=&#8220;Dieses Produkt k\u00f6nnte auch interessant f\u00fcr Sie sein:&#8220;][vc_separator color=&#8220;white&#8220; align=&#8220;align_left&#8220; css=&#8220;.vc_custom_1564418932428{margin-top: 25px !important;margin-bottom: 25px !important;}&#8220;][vc_column_text]<\/p>\n<h3>Haben Sie Fragen zu JATI GF 9?<\/h3>\n<p>Hier gibt es Antworten:<\/p>\n<h4 style=\"margin-top: -0.5rem;\"><a href=\"https:\/\/www.jatiproducts.com\/de\/kontakt\/\" target=\"_blank\" rel=\"noopener\">info@jati-group.com<\/a><\/h4>\n<p>+49 (0) 2984 \/ 93 4 93-0[\/vc_column_text][\/vc_column_inner][\/vc_row_inner][vc_row_inner disable_element=&#8220;yes&#8220; el_class=&#8220;gray-container&#8220;][vc_column_inner][vc_column_text]<\/p>\n<h3>Video:<\/h3>\n<p>[\/vc_column_text][vc_video link=&#8220;https:\/\/youtu.be\/pN7stcKkQt0&#8243;][vc_btn title=&#8220;weitere Videos&#8220; color=&#8220;default&#8220; css=&#8220;.vc_custom_1602507132892{margin-top: -15px !important;margin-bottom: 0px !important;}&#8220; link=&#8220;url:https%3A%2F%2Fp684588.webspaceconfig.de%2Fjati-wp%2Fjatiproducts.com%2Fde%2Fservice%2Fvideos%2F|||&#8220;][\/vc_column_inner][\/vc_row_inner][\/vc_column][\/vc_row]<\/p>\n<\/div>","protected":false},"excerpt":{"rendered":"<p>Der Glas- und Feinreiniger JATI GF 9 ist f\u00fcr alle Glas- und harten Kunststofffl\u00e4chen geeignet. Beseitigt m\u00fchelos Staub, Fett und Reste von organischen Verbindungen. Effektiv, schonend und streifenfrei. Gebrauchsfertig f\u00fcr den sofortigen Einsatz. [&#8230;]<\/p>\n<p><a class=\"btn btn-secondary understrap-read-more-link\" href=\"https:\/\/www.jatiproducts.com\/de\/brandsanierung\/glasreiniger-feinreiniger-jati-gf-9\/\">Weiterlesen&#8230;<\/a><\/p>\n","protected":false},"featured_media":3071,"template":"","meta":{"_acf_changed":false,"footnotes":""},"product_brand":[],"product_cat":[117,123],"product_tag":[],"class_list":{"0":"post-5561","1":"product","2":"type-product","3":"status-publish","4":"has-post-thumbnail","6":"product_cat-brandsanierung","7":"product_cat-reiniger","9":"first","10":"instock","11":"taxable","12":"shipping-taxable","13":"purchasable","14":"product-type-variable","15":"has-default-attributes"},"acf":[],"yoast_head":"<!-- This site is optimized with the Yoast SEO plugin v27.2 - https:\/\/yoast.com\/product\/yoast-seo-wordpress\/ -->\n<title>Glasreiniger \/ Feinreiniger JATI GF 9 - JATI GmbH<\/title>\n<meta name=\"description\" content=\"JATI GF 9 ist ein Glasreiniger und Feinreiniger, der Staub, Fett und organische R\u00fcckst\u00e4nde streifenfrei entfernt. Geeignet f\u00fcr Glas und Kunststofffl\u00e4chen.\" \/>\n<meta name=\"robots\" content=\"index, follow, max-snippet:-1, max-image-preview:large, max-video-preview:-1\" \/>\n<link rel=\"canonical\" href=\"https:\/\/www.jatiproducts.com\/de\/brandsanierung\/glasreiniger-feinreiniger-jati-gf-9\/\" \/>\n<meta property=\"og:locale\" content=\"de_DE\" \/>\n<meta property=\"og:type\" content=\"article\" \/>\n<meta property=\"og:title\" content=\"Glasreiniger \/ Feinreiniger JATI GF 9 - JATI GmbH\" \/>\n<meta property=\"og:description\" content=\"JATI GF 9 ist ein Glasreiniger und Feinreiniger, der Staub, Fett und organische R\u00fcckst\u00e4nde streifenfrei entfernt. Geeignet f\u00fcr Glas und Kunststofffl\u00e4chen.\" \/>\n<meta property=\"og:url\" content=\"https:\/\/www.jatiproducts.com\/de\/brandsanierung\/glasreiniger-feinreiniger-jati-gf-9\/\" \/>\n<meta property=\"og:site_name\" content=\"JATI GmbH\" \/>\n<meta property=\"article:publisher\" content=\"https:\/\/www.facebook.com\/people\/JATI-diemitdempferd\/61555813963787\/\" \/>\n<meta property=\"article:modified_time\" content=\"2026-03-31T12:26:08+00:00\" \/>\n<meta property=\"og:image\" content=\"https:\/\/www.jatiproducts.com\/wp-content\/uploads\/single_product_10_liter_de_brandsanierung_GF9.png\" \/>\n\t<meta property=\"og:image:width\" content=\"1625\" \/>\n\t<meta property=\"og:image:height\" content=\"2000\" \/>\n\t<meta property=\"og:image:type\" content=\"image\/png\" \/>\n<meta name=\"twitter:card\" content=\"summary_large_image\" \/>\n<meta name=\"twitter:label1\" content=\"Gesch\u00e4tzte Lesezeit\" \/>\n\t<meta name=\"twitter:data1\" content=\"2\u00a0Minuten\" \/>\n<script type=\"application\/ld+json\" class=\"yoast-schema-graph\">{\"@context\":\"https:\/\/schema.org\",\"@graph\":[{\"@type\":\"WebPage\",\"@id\":\"https:\/\/www.jatiproducts.com\/de\/brandsanierung\/glasreiniger-feinreiniger-jati-gf-9\/\",\"url\":\"https:\/\/www.jatiproducts.com\/de\/brandsanierung\/glasreiniger-feinreiniger-jati-gf-9\/\",\"name\":\"Glasreiniger \/ Feinreiniger JATI GF 9 - JATI GmbH\",\"isPartOf\":{\"@id\":\"https:\/\/www.jatiproducts.com\/de\/#website\"},\"primaryImageOfPage\":{\"@id\":\"https:\/\/www.jatiproducts.com\/de\/brandsanierung\/glasreiniger-feinreiniger-jati-gf-9\/#primaryimage\"},\"image\":{\"@id\":\"https:\/\/www.jatiproducts.com\/de\/brandsanierung\/glasreiniger-feinreiniger-jati-gf-9\/#primaryimage\"},\"thumbnailUrl\":\"https:\/\/www.jatiproducts.com\/wp-content\/uploads\/single_product_10_liter_de_brandsanierung_GF9.png\",\"datePublished\":\"2024-05-06T11:53:25+00:00\",\"dateModified\":\"2026-03-31T12:26:08+00:00\",\"description\":\"JATI GF 9 ist ein Glasreiniger und Feinreiniger, der Staub, Fett und organische R\u00fcckst\u00e4nde streifenfrei entfernt. Geeignet f\u00fcr Glas und Kunststofffl\u00e4chen.\",\"breadcrumb\":{\"@id\":\"https:\/\/www.jatiproducts.com\/de\/brandsanierung\/glasreiniger-feinreiniger-jati-gf-9\/#breadcrumb\"},\"inLanguage\":\"de\",\"potentialAction\":[{\"@type\":\"ReadAction\",\"target\":[\"https:\/\/www.jatiproducts.com\/de\/brandsanierung\/glasreiniger-feinreiniger-jati-gf-9\/\"]}]},{\"@type\":\"ImageObject\",\"inLanguage\":\"de\",\"@id\":\"https:\/\/www.jatiproducts.com\/de\/brandsanierung\/glasreiniger-feinreiniger-jati-gf-9\/#primaryimage\",\"url\":\"https:\/\/www.jatiproducts.com\/wp-content\/uploads\/single_product_10_liter_de_brandsanierung_GF9.png\",\"contentUrl\":\"https:\/\/www.jatiproducts.com\/wp-content\/uploads\/single_product_10_liter_de_brandsanierung_GF9.png\",\"width\":1625,\"height\":2000,\"caption\":\"Produktbild JATI GF 9 Glas- und Feinreiniger f\u00fcr die Brandsanierung\"},{\"@type\":\"BreadcrumbList\",\"@id\":\"https:\/\/www.jatiproducts.com\/de\/brandsanierung\/glasreiniger-feinreiniger-jati-gf-9\/#breadcrumb\",\"itemListElement\":[{\"@type\":\"ListItem\",\"position\":1,\"name\":\"Startseite\",\"item\":\"https:\/\/www.jatiproducts.com\/de\/\"},{\"@type\":\"ListItem\",\"position\":2,\"name\":\"Shop\",\"item\":\"https:\/\/www.jatiproducts.com\/de\/shop\/\"},{\"@type\":\"ListItem\",\"position\":3,\"name\":\"Glasreiniger \/ Feinreiniger JATI GF 9\"}]},{\"@type\":\"WebSite\",\"@id\":\"https:\/\/www.jatiproducts.com\/de\/#website\",\"url\":\"https:\/\/www.jatiproducts.com\/de\/\",\"name\":\"JATI GmbH\",\"description\":\"JATI GmbH\",\"publisher\":{\"@id\":\"https:\/\/www.jatiproducts.com\/de\/#organization\"},\"potentialAction\":[{\"@type\":\"SearchAction\",\"target\":{\"@type\":\"EntryPoint\",\"urlTemplate\":\"https:\/\/www.jatiproducts.com\/de\/?s={search_term_string}\"},\"query-input\":{\"@type\":\"PropertyValueSpecification\",\"valueRequired\":true,\"valueName\":\"search_term_string\"}}],\"inLanguage\":\"de\"},{\"@type\":\"Organization\",\"@id\":\"https:\/\/www.jatiproducts.com\/de\/#organization\",\"name\":\"JATI GmbH\",\"url\":\"https:\/\/www.jatiproducts.com\/de\/\",\"logo\":{\"@type\":\"ImageObject\",\"inLanguage\":\"de\",\"@id\":\"https:\/\/www.jatiproducts.com\/de\/#\/schema\/logo\/image\/\",\"url\":\"https:\/\/www.jatiproducts.com\/wp-content\/uploads\/site-logo.png\",\"contentUrl\":\"https:\/\/www.jatiproducts.com\/wp-content\/uploads\/site-logo.png\",\"width\":696,\"height\":696,\"caption\":\"JATI GmbH\"},\"image\":{\"@id\":\"https:\/\/www.jatiproducts.com\/de\/#\/schema\/logo\/image\/\"},\"sameAs\":[\"https:\/\/www.facebook.com\/people\/JATI-diemitdempferd\/61555813963787\/\",\"https:\/\/www.instagram.com\/jati_diemitdemschaum\/\",\"https:\/\/www.youtube.com\/user\/JatiProducts\",\"https:\/\/www.linkedin.com\/company\/jati-gmbh\/\"]}]}<\/script>\n<!-- \/ Yoast SEO plugin. -->","yoast_head_json":{"title":"Glasreiniger \/ Feinreiniger JATI GF 9 - JATI GmbH","description":"JATI GF 9 ist ein Glasreiniger und Feinreiniger, der Staub, Fett und organische R\u00fcckst\u00e4nde streifenfrei entfernt. Geeignet f\u00fcr Glas und Kunststofffl\u00e4chen.","robots":{"index":"index","follow":"follow","max-snippet":"max-snippet:-1","max-image-preview":"max-image-preview:large","max-video-preview":"max-video-preview:-1"},"canonical":"https:\/\/www.jatiproducts.com\/de\/brandsanierung\/glasreiniger-feinreiniger-jati-gf-9\/","og_locale":"de_DE","og_type":"article","og_title":"Glasreiniger \/ Feinreiniger JATI GF 9 - JATI GmbH","og_description":"JATI GF 9 ist ein Glasreiniger und Feinreiniger, der Staub, Fett und organische R\u00fcckst\u00e4nde streifenfrei entfernt. Geeignet f\u00fcr Glas und Kunststofffl\u00e4chen.","og_url":"https:\/\/www.jatiproducts.com\/de\/brandsanierung\/glasreiniger-feinreiniger-jati-gf-9\/","og_site_name":"JATI GmbH","article_publisher":"https:\/\/www.facebook.com\/people\/JATI-diemitdempferd\/61555813963787\/","article_modified_time":"2026-03-31T12:26:08+00:00","og_image":[{"width":1625,"height":2000,"url":"https:\/\/www.jatiproducts.com\/wp-content\/uploads\/single_product_10_liter_de_brandsanierung_GF9.png","type":"image\/png"}],"twitter_card":"summary_large_image","twitter_misc":{"Gesch\u00e4tzte Lesezeit":"2\u00a0Minuten"},"schema":{"@context":"https:\/\/schema.org","@graph":[{"@type":"WebPage","@id":"https:\/\/www.jatiproducts.com\/de\/brandsanierung\/glasreiniger-feinreiniger-jati-gf-9\/","url":"https:\/\/www.jatiproducts.com\/de\/brandsanierung\/glasreiniger-feinreiniger-jati-gf-9\/","name":"Glasreiniger \/ Feinreiniger JATI GF 9 - JATI GmbH","isPartOf":{"@id":"https:\/\/www.jatiproducts.com\/de\/#website"},"primaryImageOfPage":{"@id":"https:\/\/www.jatiproducts.com\/de\/brandsanierung\/glasreiniger-feinreiniger-jati-gf-9\/#primaryimage"},"image":{"@id":"https:\/\/www.jatiproducts.com\/de\/brandsanierung\/glasreiniger-feinreiniger-jati-gf-9\/#primaryimage"},"thumbnailUrl":"https:\/\/www.jatiproducts.com\/wp-content\/uploads\/single_product_10_liter_de_brandsanierung_GF9.png","datePublished":"2024-05-06T11:53:25+00:00","dateModified":"2026-03-31T12:26:08+00:00","description":"JATI GF 9 ist ein Glasreiniger und Feinreiniger, der Staub, Fett und organische R\u00fcckst\u00e4nde streifenfrei entfernt. Geeignet f\u00fcr Glas und Kunststofffl\u00e4chen.","breadcrumb":{"@id":"https:\/\/www.jatiproducts.com\/de\/brandsanierung\/glasreiniger-feinreiniger-jati-gf-9\/#breadcrumb"},"inLanguage":"de","potentialAction":[{"@type":"ReadAction","target":["https:\/\/www.jatiproducts.com\/de\/brandsanierung\/glasreiniger-feinreiniger-jati-gf-9\/"]}]},{"@type":"ImageObject","inLanguage":"de","@id":"https:\/\/www.jatiproducts.com\/de\/brandsanierung\/glasreiniger-feinreiniger-jati-gf-9\/#primaryimage","url":"https:\/\/www.jatiproducts.com\/wp-content\/uploads\/single_product_10_liter_de_brandsanierung_GF9.png","contentUrl":"https:\/\/www.jatiproducts.com\/wp-content\/uploads\/single_product_10_liter_de_brandsanierung_GF9.png","width":1625,"height":2000,"caption":"Produktbild JATI GF 9 Glas- und Feinreiniger f\u00fcr die Brandsanierung"},{"@type":"BreadcrumbList","@id":"https:\/\/www.jatiproducts.com\/de\/brandsanierung\/glasreiniger-feinreiniger-jati-gf-9\/#breadcrumb","itemListElement":[{"@type":"ListItem","position":1,"name":"Startseite","item":"https:\/\/www.jatiproducts.com\/de\/"},{"@type":"ListItem","position":2,"name":"Shop","item":"https:\/\/www.jatiproducts.com\/de\/shop\/"},{"@type":"ListItem","position":3,"name":"Glasreiniger \/ Feinreiniger JATI GF 9"}]},{"@type":"WebSite","@id":"https:\/\/www.jatiproducts.com\/de\/#website","url":"https:\/\/www.jatiproducts.com\/de\/","name":"JATI GmbH","description":"JATI GmbH","publisher":{"@id":"https:\/\/www.jatiproducts.com\/de\/#organization"},"potentialAction":[{"@type":"SearchAction","target":{"@type":"EntryPoint","urlTemplate":"https:\/\/www.jatiproducts.com\/de\/?s={search_term_string}"},"query-input":{"@type":"PropertyValueSpecification","valueRequired":true,"valueName":"search_term_string"}}],"inLanguage":"de"},{"@type":"Organization","@id":"https:\/\/www.jatiproducts.com\/de\/#organization","name":"JATI GmbH","url":"https:\/\/www.jatiproducts.com\/de\/","logo":{"@type":"ImageObject","inLanguage":"de","@id":"https:\/\/www.jatiproducts.com\/de\/#\/schema\/logo\/image\/","url":"https:\/\/www.jatiproducts.com\/wp-content\/uploads\/site-logo.png","contentUrl":"https:\/\/www.jatiproducts.com\/wp-content\/uploads\/site-logo.png","width":696,"height":696,"caption":"JATI GmbH"},"image":{"@id":"https:\/\/www.jatiproducts.com\/de\/#\/schema\/logo\/image\/"},"sameAs":["https:\/\/www.facebook.com\/people\/JATI-diemitdempferd\/61555813963787\/","https:\/\/www.instagram.com\/jati_diemitdemschaum\/","https:\/\/www.youtube.com\/user\/JatiProducts","https:\/\/www.linkedin.com\/company\/jati-gmbh\/"]}]}},"_links":{"self":[{"href":"https:\/\/www.jatiproducts.com\/de\/wp-json\/wp\/v2\/product\/5561","targetHints":{"allow":["GET"]}}],"collection":[{"href":"https:\/\/www.jatiproducts.com\/de\/wp-json\/wp\/v2\/product"}],"about":[{"href":"https:\/\/www.jatiproducts.com\/de\/wp-json\/wp\/v2\/types\/product"}],"version-history":[{"count":1,"href":"https:\/\/www.jatiproducts.com\/de\/wp-json\/wp\/v2\/product\/5561\/revisions"}],"predecessor-version":[{"id":7298,"href":"https:\/\/www.jatiproducts.com\/de\/wp-json\/wp\/v2\/product\/5561\/revisions\/7298"}],"wp:featuredmedia":[{"embeddable":true,"href":"https:\/\/www.jatiproducts.com\/de\/wp-json\/wp\/v2\/media\/3071"}],"wp:attachment":[{"href":"https:\/\/www.jatiproducts.com\/de\/wp-json\/wp\/v2\/media?parent=5561"}],"wp:term":[{"taxonomy":"product_brand","embeddable":true,"href":"https:\/\/www.jatiproducts.com\/de\/wp-json\/wp\/v2\/product_brand?post=5561"},{"taxonomy":"product_cat","embeddable":true,"href":"https:\/\/www.jatiproducts.com\/de\/wp-json\/wp\/v2\/product_cat?post=5561"},{"taxonomy":"product_tag","embeddable":true,"href":"https:\/\/www.jatiproducts.com\/de\/wp-json\/wp\/v2\/product_tag?post=5561"}],"curies":[{"name":"wp","href":"https:\/\/api.w.org\/{rel}","templated":true}]}}