{"id":5563,"date":"2024-05-06T13:58:58","date_gmt":"2024-05-06T11:58:58","guid":{"rendered":"https:\/\/p684588.webspaceconfig.de\/jati-wp\/jatiproducts.com\/de\/?post_type=product&#038;p=5563"},"modified":"2026-03-31T14:45:12","modified_gmt":"2026-03-31T12:45:12","slug":"alkoholischer-reiniger-jati-gfk-7","status":"publish","type":"product","link":"https:\/\/www.jatiproducts.com\/de\/brandsanierung\/alkoholischer-reiniger-jati-gfk-7\/","title":{"rendered":"Alkoholischer Reiniger JATI GFK 7"},"content":{"rendered":"<div class=\"wpb-content-wrapper\"><p>[vc_row][vc_column width=&#8220;2\/3&#8243;][vc_column_text]<\/p>\n<h1>Alkoholischer Reiniger JATI GFK 7<\/h1>\n<p><strong>JATI GFK 7 ist ein milder alkoholischer Reiniger. Sie k\u00f6nnen ihn bei leichten und m\u00e4\u00dfigen Verschmutzungen auf wasserfesten Bodenbel\u00e4gen mit glatten oder gl\u00e4nzenden Oberfl\u00e4chen verwenden.<\/strong>[\/vc_column_text][vc_separator align=&#8220;align_left&#8220; css=&#8220;.vc_custom_1564415618920{margin-top: 50px !important;margin-bottom: 15px !important;}&#8220;][vc_row_inner][vc_column_inner width=&#8220;1\/2&#8243;][vc_column_text]<\/p>\n<h3>Die Anwendung:<\/h3>\n<h4>Mit feuchtem Tuch alles in trockenen T\u00fcchern.<\/h4>\n<p>Der alkoholische Reiniger JATI GFK 7 (Dosierung: 0,5% bis 10%, je nach Bedarf) wird im Wischverfahren eingesetzt. Dazu das Tuch mit der Reinigungsl\u00f6sung gut durchfeuchten und auswringen. Anschlie\u00dfend die gesamte Oberfl\u00e4che vollst\u00e4ndig feucht wischen und abtrocknen lassen. F\u00fchren Sie bei empfindlichen Materialien zun\u00e4chst eine Probereinigung an unauff\u00e4lliger Stelle durch und pr\u00fcfen Sie so die Vertr\u00e4glichkeit.[\/vc_column_text][\/vc_column_inner][vc_column_inner width=&#8220;1\/2&#8243;][vc_column_text]<\/p>\n<h3>Die Einsatzbereiche:<\/h3>\n<h4>Macht das Inventar wieder zum Star.<\/h4>\n<p>JATI GFK 7 hinterl\u00e4sst auf Kunststoff, Lack, Glas, Keramik und Metall streifenfreie, gl\u00e4nzende Oberfl\u00e4chen und eignet sich hervorragend zur Inventarsanierung und Feinreinigung.[\/vc_column_text][\/vc_column_inner][\/vc_row_inner][vc_separator align=&#8220;align_left&#8220; css=&#8220;.vc_custom_1564415669961{margin-top: 15px !important;margin-bottom: 50px !important;}&#8220;][vc_column_text]<\/p>\n<h3>Die Vorteile:<\/h3>\n<h4>Springen ins Auge ohne in der Nase zu stechen.<\/h4>\n<ul>\n<li>Sorgt f\u00fcr streifenfreie und gl\u00e4nzende Oberfl\u00e4chen<\/li>\n<li>Hervorragend geeignet zur Inventarsanierung<\/li>\n<li>Angenehmer Duft<\/li>\n<\/ul>\n<p>[\/vc_column_text][\/vc_column][vc_column width=&#8220;1\/3&#8243;][single_product_to_cart][vc_row_inner el_class=&#8220;gray-container&#8220;][vc_column_inner][vc_column_text]<\/p>\n<h3>Datenbl\u00e4tter:<\/h3>\n<p>[\/vc_column_text][downloads filter=&#8220;singleproduct&#8220; product=&#8220;jati-gfk-7&#8243; downloadtype=&#8220;produktinformationen&#8220;][\/vc_column_inner][\/vc_row_inner][vc_row_inner el_class=&#8220;gray-container&#8220;][vc_column_inner][single_matching_product product_id=&#8220;5561&#8243; headline=&#8220;Dieses Produkt k\u00f6nnte auch interessant f\u00fcr Sie sein:&#8220;][vc_separator color=&#8220;white&#8220; align=&#8220;align_left&#8220; css=&#8220;.vc_custom_1564418932428{margin-top: 25px !important;margin-bottom: 25px !important;}&#8220;][vc_column_text]<\/p>\n<h3>Haben Sie Fragen zu JATI GFK 7?<\/h3>\n<p>Hier gibt es Antworten:<\/p>\n<h4 style=\"margin-top: -0.5rem;\"><a href=\"https:\/\/www.jatiproducts.com\/de\/kontakt\/\" target=\"_blank\" rel=\"noopener\">info@jati-group.com<\/a><\/h4>\n<p>+49 (0) 2984 \/ 93 4 93-0[\/vc_column_text][\/vc_column_inner][\/vc_row_inner][vc_row_inner disable_element=&#8220;yes&#8220; el_class=&#8220;gray-container&#8220;][vc_column_inner][vc_column_text]<\/p>\n<h3>Video:<\/h3>\n<p>[\/vc_column_text][vc_video link=&#8220;https:\/\/youtu.be\/pN7stcKkQt0&#8243;][vc_btn title=&#8220;weitere Videos&#8220; color=&#8220;default&#8220; css=&#8220;.vc_custom_1602507132892{margin-top: -15px !important;margin-bottom: 0px !important;}&#8220; link=&#8220;url:https%3A%2F%2Fp684588.webspaceconfig.de%2Fjati-wp%2Fjatiproducts.com%2Fde%2Fservice%2Fvideos%2F|||&#8220;][\/vc_column_inner][\/vc_row_inner][\/vc_column][\/vc_row]<\/p>\n<\/div>","protected":false},"excerpt":{"rendered":"<p>JATI GFK 7 ist ein milder alkoholischer Reiniger und f\u00fcr alle wasserfesten Bodenbel\u00e4ge mit glatten oder gl\u00e4nzenden Oberfl\u00e4chen geeignet. Perfekt zur Inventarsanierung und Feinreinigung. F\u00fcr streifenfreie, gl\u00e4nzende Oberfl\u00e4chen auf Kunststoff, Lack, Keramik und Metall. [&#8230;]<\/p>\n<p><a class=\"btn btn-secondary understrap-read-more-link\" href=\"https:\/\/www.jatiproducts.com\/de\/brandsanierung\/alkoholischer-reiniger-jati-gfk-7\/\">Weiterlesen&#8230;<\/a><\/p>\n","protected":false},"featured_media":3075,"template":"","meta":{"_acf_changed":false,"footnotes":""},"product_brand":[],"product_cat":[117,123],"product_tag":[],"class_list":{"0":"post-5563","1":"product","2":"type-product","3":"status-publish","4":"has-post-thumbnail","6":"product_cat-brandsanierung","7":"product_cat-reiniger","9":"first","10":"instock","11":"taxable","12":"shipping-taxable","13":"purchasable","14":"product-type-variable","15":"has-default-attributes"},"acf":[],"yoast_head":"<!-- This site is optimized with the Yoast SEO plugin v27.4 - https:\/\/yoast.com\/product\/yoast-seo-wordpress\/ -->\n<title>Alkoholischer Reiniger JATI GFK 7 - JATI GmbH<\/title>\n<meta name=\"description\" content=\"JATI GFK 7 ist ein milder alkoholischer Reiniger, mit dem Sie leichte Verschmutzungen auf wasserfesten Bodenbel\u00e4gen entfernen k\u00f6nnen.\" \/>\n<meta name=\"robots\" content=\"index, follow, max-snippet:-1, max-image-preview:large, max-video-preview:-1\" \/>\n<link rel=\"canonical\" href=\"https:\/\/www.jatiproducts.com\/de\/brandsanierung\/alkoholischer-reiniger-jati-gfk-7\/\" \/>\n<meta property=\"og:locale\" content=\"de_DE\" \/>\n<meta property=\"og:type\" content=\"article\" \/>\n<meta property=\"og:title\" content=\"Alkoholischer Reiniger JATI GFK 7 - JATI GmbH\" \/>\n<meta property=\"og:description\" content=\"JATI GFK 7 ist ein milder alkoholischer Reiniger, mit dem Sie leichte Verschmutzungen auf wasserfesten Bodenbel\u00e4gen entfernen k\u00f6nnen.\" \/>\n<meta property=\"og:url\" content=\"https:\/\/www.jatiproducts.com\/de\/brandsanierung\/alkoholischer-reiniger-jati-gfk-7\/\" \/>\n<meta property=\"og:site_name\" content=\"JATI GmbH\" \/>\n<meta property=\"article:publisher\" content=\"https:\/\/www.facebook.com\/people\/JATI-diemitdempferd\/61555813963787\/\" \/>\n<meta property=\"article:modified_time\" content=\"2026-03-31T12:45:12+00:00\" \/>\n<meta property=\"og:image\" content=\"https:\/\/www.jatiproducts.com\/wp-content\/uploads\/single_product_10_liter_de_brandsanierung_GFK7.png\" \/>\n\t<meta property=\"og:image:width\" content=\"1625\" \/>\n\t<meta property=\"og:image:height\" content=\"2000\" \/>\n\t<meta property=\"og:image:type\" content=\"image\/png\" \/>\n<meta name=\"twitter:card\" content=\"summary_large_image\" \/>\n<meta name=\"twitter:label1\" content=\"Gesch\u00e4tzte Lesezeit\" \/>\n\t<meta name=\"twitter:data1\" content=\"2\u00a0Minuten\" \/>\n<script type=\"application\/ld+json\" class=\"yoast-schema-graph\">{\"@context\":\"https:\\\/\\\/schema.org\",\"@graph\":[{\"@type\":\"WebPage\",\"@id\":\"https:\\\/\\\/www.jatiproducts.com\\\/de\\\/brandsanierung\\\/alkoholischer-reiniger-jati-gfk-7\\\/\",\"url\":\"https:\\\/\\\/www.jatiproducts.com\\\/de\\\/brandsanierung\\\/alkoholischer-reiniger-jati-gfk-7\\\/\",\"name\":\"Alkoholischer Reiniger JATI GFK 7 - JATI GmbH\",\"isPartOf\":{\"@id\":\"https:\\\/\\\/www.jatiproducts.com\\\/de\\\/#website\"},\"primaryImageOfPage\":{\"@id\":\"https:\\\/\\\/www.jatiproducts.com\\\/de\\\/brandsanierung\\\/alkoholischer-reiniger-jati-gfk-7\\\/#primaryimage\"},\"image\":{\"@id\":\"https:\\\/\\\/www.jatiproducts.com\\\/de\\\/brandsanierung\\\/alkoholischer-reiniger-jati-gfk-7\\\/#primaryimage\"},\"thumbnailUrl\":\"https:\\\/\\\/www.jatiproducts.com\\\/wp-content\\\/uploads\\\/single_product_10_liter_de_brandsanierung_GFK7.png\",\"datePublished\":\"2024-05-06T11:58:58+00:00\",\"dateModified\":\"2026-03-31T12:45:12+00:00\",\"description\":\"JATI GFK 7 ist ein milder alkoholischer Reiniger, mit dem Sie leichte Verschmutzungen auf wasserfesten Bodenbel\u00e4gen entfernen k\u00f6nnen.\",\"breadcrumb\":{\"@id\":\"https:\\\/\\\/www.jatiproducts.com\\\/de\\\/brandsanierung\\\/alkoholischer-reiniger-jati-gfk-7\\\/#breadcrumb\"},\"inLanguage\":\"de\",\"potentialAction\":[{\"@type\":\"ReadAction\",\"target\":[\"https:\\\/\\\/www.jatiproducts.com\\\/de\\\/brandsanierung\\\/alkoholischer-reiniger-jati-gfk-7\\\/\"]}]},{\"@type\":\"ImageObject\",\"inLanguage\":\"de\",\"@id\":\"https:\\\/\\\/www.jatiproducts.com\\\/de\\\/brandsanierung\\\/alkoholischer-reiniger-jati-gfk-7\\\/#primaryimage\",\"url\":\"https:\\\/\\\/www.jatiproducts.com\\\/wp-content\\\/uploads\\\/single_product_10_liter_de_brandsanierung_GFK7.png\",\"contentUrl\":\"https:\\\/\\\/www.jatiproducts.com\\\/wp-content\\\/uploads\\\/single_product_10_liter_de_brandsanierung_GFK7.png\",\"width\":1625,\"height\":2000,\"caption\":\"Produktbild JATI GFK 7 Reinigungskonzentrat zur Brandsanierung\"},{\"@type\":\"BreadcrumbList\",\"@id\":\"https:\\\/\\\/www.jatiproducts.com\\\/de\\\/brandsanierung\\\/alkoholischer-reiniger-jati-gfk-7\\\/#breadcrumb\",\"itemListElement\":[{\"@type\":\"ListItem\",\"position\":1,\"name\":\"Startseite\",\"item\":\"https:\\\/\\\/www.jatiproducts.com\\\/de\\\/\"},{\"@type\":\"ListItem\",\"position\":2,\"name\":\"Shop\",\"item\":\"https:\\\/\\\/www.jatiproducts.com\\\/de\\\/shop\\\/\"},{\"@type\":\"ListItem\",\"position\":3,\"name\":\"Alkoholischer Reiniger JATI GFK 7\"}]},{\"@type\":\"WebSite\",\"@id\":\"https:\\\/\\\/www.jatiproducts.com\\\/de\\\/#website\",\"url\":\"https:\\\/\\\/www.jatiproducts.com\\\/de\\\/\",\"name\":\"JATI GmbH\",\"description\":\"JATI GmbH\",\"publisher\":{\"@id\":\"https:\\\/\\\/www.jatiproducts.com\\\/de\\\/#organization\"},\"potentialAction\":[{\"@type\":\"SearchAction\",\"target\":{\"@type\":\"EntryPoint\",\"urlTemplate\":\"https:\\\/\\\/www.jatiproducts.com\\\/de\\\/?s={search_term_string}\"},\"query-input\":{\"@type\":\"PropertyValueSpecification\",\"valueRequired\":true,\"valueName\":\"search_term_string\"}}],\"inLanguage\":\"de\"},{\"@type\":\"Organization\",\"@id\":\"https:\\\/\\\/www.jatiproducts.com\\\/de\\\/#organization\",\"name\":\"JATI GmbH\",\"url\":\"https:\\\/\\\/www.jatiproducts.com\\\/de\\\/\",\"logo\":{\"@type\":\"ImageObject\",\"inLanguage\":\"de\",\"@id\":\"https:\\\/\\\/www.jatiproducts.com\\\/de\\\/#\\\/schema\\\/logo\\\/image\\\/\",\"url\":\"https:\\\/\\\/www.jatiproducts.com\\\/wp-content\\\/uploads\\\/site-logo.png\",\"contentUrl\":\"https:\\\/\\\/www.jatiproducts.com\\\/wp-content\\\/uploads\\\/site-logo.png\",\"width\":696,\"height\":696,\"caption\":\"JATI GmbH\"},\"image\":{\"@id\":\"https:\\\/\\\/www.jatiproducts.com\\\/de\\\/#\\\/schema\\\/logo\\\/image\\\/\"},\"sameAs\":[\"https:\\\/\\\/www.facebook.com\\\/people\\\/JATI-diemitdempferd\\\/61555813963787\\\/\",\"https:\\\/\\\/www.instagram.com\\\/jati_diemitdemschaum\\\/\",\"https:\\\/\\\/www.youtube.com\\\/user\\\/JatiProducts\",\"https:\\\/\\\/www.linkedin.com\\\/company\\\/jati-gmbh\\\/\"]}]}<\/script>\n<!-- \/ Yoast SEO plugin. -->","yoast_head_json":{"title":"Alkoholischer Reiniger JATI GFK 7 - JATI GmbH","description":"JATI GFK 7 ist ein milder alkoholischer Reiniger, mit dem Sie leichte Verschmutzungen auf wasserfesten Bodenbel\u00e4gen entfernen k\u00f6nnen.","robots":{"index":"index","follow":"follow","max-snippet":"max-snippet:-1","max-image-preview":"max-image-preview:large","max-video-preview":"max-video-preview:-1"},"canonical":"https:\/\/www.jatiproducts.com\/de\/brandsanierung\/alkoholischer-reiniger-jati-gfk-7\/","og_locale":"de_DE","og_type":"article","og_title":"Alkoholischer Reiniger JATI GFK 7 - JATI GmbH","og_description":"JATI GFK 7 ist ein milder alkoholischer Reiniger, mit dem Sie leichte Verschmutzungen auf wasserfesten Bodenbel\u00e4gen entfernen k\u00f6nnen.","og_url":"https:\/\/www.jatiproducts.com\/de\/brandsanierung\/alkoholischer-reiniger-jati-gfk-7\/","og_site_name":"JATI GmbH","article_publisher":"https:\/\/www.facebook.com\/people\/JATI-diemitdempferd\/61555813963787\/","article_modified_time":"2026-03-31T12:45:12+00:00","og_image":[{"width":1625,"height":2000,"url":"https:\/\/www.jatiproducts.com\/wp-content\/uploads\/single_product_10_liter_de_brandsanierung_GFK7.png","type":"image\/png"}],"twitter_card":"summary_large_image","twitter_misc":{"Gesch\u00e4tzte Lesezeit":"2\u00a0Minuten"},"schema":{"@context":"https:\/\/schema.org","@graph":[{"@type":"WebPage","@id":"https:\/\/www.jatiproducts.com\/de\/brandsanierung\/alkoholischer-reiniger-jati-gfk-7\/","url":"https:\/\/www.jatiproducts.com\/de\/brandsanierung\/alkoholischer-reiniger-jati-gfk-7\/","name":"Alkoholischer Reiniger JATI GFK 7 - JATI GmbH","isPartOf":{"@id":"https:\/\/www.jatiproducts.com\/de\/#website"},"primaryImageOfPage":{"@id":"https:\/\/www.jatiproducts.com\/de\/brandsanierung\/alkoholischer-reiniger-jati-gfk-7\/#primaryimage"},"image":{"@id":"https:\/\/www.jatiproducts.com\/de\/brandsanierung\/alkoholischer-reiniger-jati-gfk-7\/#primaryimage"},"thumbnailUrl":"https:\/\/www.jatiproducts.com\/wp-content\/uploads\/single_product_10_liter_de_brandsanierung_GFK7.png","datePublished":"2024-05-06T11:58:58+00:00","dateModified":"2026-03-31T12:45:12+00:00","description":"JATI GFK 7 ist ein milder alkoholischer Reiniger, mit dem Sie leichte Verschmutzungen auf wasserfesten Bodenbel\u00e4gen entfernen k\u00f6nnen.","breadcrumb":{"@id":"https:\/\/www.jatiproducts.com\/de\/brandsanierung\/alkoholischer-reiniger-jati-gfk-7\/#breadcrumb"},"inLanguage":"de","potentialAction":[{"@type":"ReadAction","target":["https:\/\/www.jatiproducts.com\/de\/brandsanierung\/alkoholischer-reiniger-jati-gfk-7\/"]}]},{"@type":"ImageObject","inLanguage":"de","@id":"https:\/\/www.jatiproducts.com\/de\/brandsanierung\/alkoholischer-reiniger-jati-gfk-7\/#primaryimage","url":"https:\/\/www.jatiproducts.com\/wp-content\/uploads\/single_product_10_liter_de_brandsanierung_GFK7.png","contentUrl":"https:\/\/www.jatiproducts.com\/wp-content\/uploads\/single_product_10_liter_de_brandsanierung_GFK7.png","width":1625,"height":2000,"caption":"Produktbild JATI GFK 7 Reinigungskonzentrat zur Brandsanierung"},{"@type":"BreadcrumbList","@id":"https:\/\/www.jatiproducts.com\/de\/brandsanierung\/alkoholischer-reiniger-jati-gfk-7\/#breadcrumb","itemListElement":[{"@type":"ListItem","position":1,"name":"Startseite","item":"https:\/\/www.jatiproducts.com\/de\/"},{"@type":"ListItem","position":2,"name":"Shop","item":"https:\/\/www.jatiproducts.com\/de\/shop\/"},{"@type":"ListItem","position":3,"name":"Alkoholischer Reiniger JATI GFK 7"}]},{"@type":"WebSite","@id":"https:\/\/www.jatiproducts.com\/de\/#website","url":"https:\/\/www.jatiproducts.com\/de\/","name":"JATI GmbH","description":"JATI GmbH","publisher":{"@id":"https:\/\/www.jatiproducts.com\/de\/#organization"},"potentialAction":[{"@type":"SearchAction","target":{"@type":"EntryPoint","urlTemplate":"https:\/\/www.jatiproducts.com\/de\/?s={search_term_string}"},"query-input":{"@type":"PropertyValueSpecification","valueRequired":true,"valueName":"search_term_string"}}],"inLanguage":"de"},{"@type":"Organization","@id":"https:\/\/www.jatiproducts.com\/de\/#organization","name":"JATI GmbH","url":"https:\/\/www.jatiproducts.com\/de\/","logo":{"@type":"ImageObject","inLanguage":"de","@id":"https:\/\/www.jatiproducts.com\/de\/#\/schema\/logo\/image\/","url":"https:\/\/www.jatiproducts.com\/wp-content\/uploads\/site-logo.png","contentUrl":"https:\/\/www.jatiproducts.com\/wp-content\/uploads\/site-logo.png","width":696,"height":696,"caption":"JATI GmbH"},"image":{"@id":"https:\/\/www.jatiproducts.com\/de\/#\/schema\/logo\/image\/"},"sameAs":["https:\/\/www.facebook.com\/people\/JATI-diemitdempferd\/61555813963787\/","https:\/\/www.instagram.com\/jati_diemitdemschaum\/","https:\/\/www.youtube.com\/user\/JatiProducts","https:\/\/www.linkedin.com\/company\/jati-gmbh\/"]}]}},"_links":{"self":[{"href":"https:\/\/www.jatiproducts.com\/de\/wp-json\/wp\/v2\/product\/5563","targetHints":{"allow":["GET"]}}],"collection":[{"href":"https:\/\/www.jatiproducts.com\/de\/wp-json\/wp\/v2\/product"}],"about":[{"href":"https:\/\/www.jatiproducts.com\/de\/wp-json\/wp\/v2\/types\/product"}],"version-history":[{"count":0,"href":"https:\/\/www.jatiproducts.com\/de\/wp-json\/wp\/v2\/product\/5563\/revisions"}],"wp:featuredmedia":[{"embeddable":true,"href":"https:\/\/www.jatiproducts.com\/de\/wp-json\/wp\/v2\/media\/3075"}],"wp:attachment":[{"href":"https:\/\/www.jatiproducts.com\/de\/wp-json\/wp\/v2\/media?parent=5563"}],"wp:term":[{"taxonomy":"product_brand","embeddable":true,"href":"https:\/\/www.jatiproducts.com\/de\/wp-json\/wp\/v2\/product_brand?post=5563"},{"taxonomy":"product_cat","embeddable":true,"href":"https:\/\/www.jatiproducts.com\/de\/wp-json\/wp\/v2\/product_cat?post=5563"},{"taxonomy":"product_tag","embeddable":true,"href":"https:\/\/www.jatiproducts.com\/de\/wp-json\/wp\/v2\/product_tag?post=5563"}],"curies":[{"name":"wp","href":"https:\/\/api.w.org\/{rel}","templated":true}]}}