{"id":5567,"date":"2024-05-06T14:09:46","date_gmt":"2024-05-06T12:09:46","guid":{"rendered":"https:\/\/p684588.webspaceconfig.de\/jati-wp\/jatiproducts.com\/de\/?post_type=product&#038;p=5567"},"modified":"2026-03-31T14:25:18","modified_gmt":"2026-03-31T12:25:18","slug":"saurer-reiniger-und-rostentferner-jati-rm-2","status":"publish","type":"product","link":"https:\/\/www.jatiproducts.com\/de\/brandsanierung\/saurer-reiniger-und-rostentferner-jati-rm-2\/","title":{"rendered":"Saurer Reiniger und Rostentferner JATI RM 2"},"content":{"rendered":"<div class=\"wpb-content-wrapper\"><p>[vc_row][vc_column width=&#8220;2\/3&#8243;][vc_column_text]<\/p>\n<h1>Saurer Reiniger und Rostentferner JATI RM 2<\/h1>\n<p><strong>JATI RM 2 ist ein saurer Reiniger und Rostentferner. Er wird zur Sanierung von brandgesch\u00e4digten Oberfl\u00e4chen verwendet. JATI RM 2 eignet sich zur Entfernung von vielen anorganischen sowie hartn\u00e4ckigen Verschmutzungen auf s\u00e4urefesten Oberfl\u00e4chen. Das kann Flugrost auf Metalloberfl\u00e4chen sein. Aber auch Betonreste oder Zementstaub auf diversen Oberfl\u00e4chen, zum Beispiel bei Baustellen, lassen sich mit JATI RM 2 beseitigen.<\/strong>[\/vc_column_text][vc_separator align=&#8220;align_left&#8220; css=&#8220;.vc_custom_1564415618920{margin-top: 50px !important;margin-bottom: 15px !important;}&#8220;][vc_row_inner][vc_column_inner width=&#8220;1\/2&#8243;][vc_column_text]<\/p>\n<h3>Die Anwendung:<\/h3>\n<h4>F\u00fcr Links- und Rechtsh\u00e4nder ein Leichtes.<\/h4>\n<p>JATI RM 2 wird vorzugsweise im Handwischverfahren verwendet. Dazu wird die Gebrauchsl\u00f6sung (Dosierung: 5 bis 20%, je nach Verschmutzung) \u2013 je nach Untergrund \u2013 mit Stahlwolle, Kunststoffpads oder Putzlappen aufgebracht. Anschlie\u00dfend wird mit einer 2%igen L\u00f6sung von JATI RM 2 nachgereinigt. Nach Trocknung der Oberfl\u00e4chen k\u00f6nnen diese lackiert oder mit JATI LK 7 konserviert werden. F\u00fchren Sie bei empfindlichen Materialien zun\u00e4chst eine Probereinigung an unauff\u00e4lliger Stelle durch und pr\u00fcfen Sie so die Vertr\u00e4glichkeit.[\/vc_column_text][\/vc_column_inner][vc_column_inner width=&#8220;1\/2&#8243;][vc_column_text]<\/p>\n<h3>Die Einsatzbereiche:<\/h3>\n<h4>Ein Fest bei Rost und Resten.<\/h4>\n<p>JATI RM 2 eignet sich zur Entfernung von vielen anorganischen sowie hartn\u00e4ckigen Verschmutzungen auf s\u00e4urefesten Oberfl\u00e4chen. Das kann Flugrost auf Metalloberfl\u00e4chen sein. Aber auch Betonreste oder Zementstaub auf diversen Oberfl\u00e4chen von Baustellen lassen sich mit JATI RM 2 beseitigen.[\/vc_column_text][\/vc_column_inner][\/vc_row_inner][vc_separator align=&#8220;align_left&#8220; css=&#8220;.vc_custom_1564415669961{margin-top: 15px !important;margin-bottom: 50px !important;}&#8220;][vc_column_text]<\/p>\n<h3>Die Vorteile:<\/h3>\n<h4>Oberfl\u00e4chlich auf h\u00f6chstem Niveau.<\/h4>\n<ul>\n<li>Saurer Reiniger zur Sanierung von brandgesch\u00e4digten Oberfl\u00e4chen<\/li>\n<li>Entkalkend und entfettend<\/li>\n<li>Geeignet bei anhaftenden Verschmutzungen wie Betonresten oder Zementstaub<\/li>\n<\/ul>\n<p>[\/vc_column_text][\/vc_column][vc_column width=&#8220;1\/3&#8243;][single_product_to_cart][vc_row_inner el_class=&#8220;gray-container&#8220;][vc_column_inner][vc_column_text]<\/p>\n<h3>Datenbl\u00e4tter:<\/h3>\n<p>[\/vc_column_text][downloads filter=&#8220;singleproduct&#8220; product=&#8220;jati-rm-2&#8243; downloadtype=&#8220;produktinformationen&#8220;][\/vc_column_inner][\/vc_row_inner][vc_row_inner el_class=&#8220;gray-container&#8220;][vc_column_inner][single_matching_product product_id=&#8220;5569&#8243; headline=&#8220;Dieses Produkt k\u00f6nnte auch interessant f\u00fcr Sie sein:&#8220;][vc_separator color=&#8220;white&#8220; align=&#8220;align_left&#8220; css=&#8220;.vc_custom_1564418932428{margin-top: 25px !important;margin-bottom: 25px !important;}&#8220;][vc_column_text]<\/p>\n<h3>Haben Sie Fragen zu JATI RM 2?<\/h3>\n<p>Hier gibt es Antworten:<\/p>\n<h4 style=\"margin-top: -0.5rem;\"><a href=\"https:\/\/www.jatiproducts.com\/de\/kontakt\/\" target=\"_blank\" rel=\"noopener\">info@jati-group.com<\/a><\/h4>\n<p>+49 (0) 2984 \/ 93 4 93-0[\/vc_column_text][\/vc_column_inner][\/vc_row_inner][vc_row_inner disable_element=&#8220;yes&#8220; el_class=&#8220;gray-container&#8220;][vc_column_inner][vc_column_text]<\/p>\n<h3>Video:<\/h3>\n<p>[\/vc_column_text][vc_video link=&#8220;https:\/\/youtu.be\/pN7stcKkQt0&#8243;][vc_btn title=&#8220;weitere Videos&#8220; color=&#8220;default&#8220; css=&#8220;.vc_custom_1602507132892{margin-top: -15px !important;margin-bottom: 0px !important;}&#8220; link=&#8220;url:https%3A%2F%2Fp684588.webspaceconfig.de%2Fjati-wp%2Fjatiproducts.com%2Fde%2Fservice%2Fvideos%2F|||&#8220;][\/vc_column_inner][\/vc_row_inner][\/vc_column][\/vc_row]<\/p>\n<\/div>","protected":false},"excerpt":{"rendered":"<p>JATI RM 2 wird zur Sanierung von brandgesch\u00e4digten Oberfl\u00e4chen verwendet. Einsatz vorzugsweise im Handwischverfahren. Eignet sich zur Entfernung von vielen anorganischen sowie hartn\u00e4ckigen Verschmutzungen von Beton oder Zement. Entkalkend und entfettend. [&#8230;]<\/p>\n<p><a class=\"btn btn-secondary understrap-read-more-link\" href=\"https:\/\/www.jatiproducts.com\/de\/brandsanierung\/saurer-reiniger-und-rostentferner-jati-rm-2\/\">Weiterlesen&#8230;<\/a><\/p>\n","protected":false},"featured_media":3084,"template":"","meta":{"_acf_changed":false,"footnotes":""},"product_brand":[],"product_cat":[117,123],"product_tag":[],"class_list":{"0":"post-5567","1":"product","2":"type-product","3":"status-publish","4":"has-post-thumbnail","6":"product_cat-brandsanierung","7":"product_cat-reiniger","9":"first","10":"instock","11":"taxable","12":"shipping-taxable","13":"purchasable","14":"product-type-variable","15":"has-default-attributes"},"acf":[],"yoast_head":"<!-- This site is optimized with the Yoast SEO plugin v27.2 - https:\/\/yoast.com\/product\/yoast-seo-wordpress\/ -->\n<title>Saurer Reiniger und Rostentferner JATI RM 2 - JATI GmbH<\/title>\n<meta name=\"description\" content=\"JATI RM 2 ist ein saurer Reiniger und Rostentferner. Er wird zur Sanierung von brandgesch\u00e4digten Oberfl\u00e4chen verwendet. Erfahren Sie mehr.\" \/>\n<meta name=\"robots\" content=\"index, follow, max-snippet:-1, max-image-preview:large, max-video-preview:-1\" \/>\n<link rel=\"canonical\" href=\"https:\/\/www.jatiproducts.com\/de\/brandsanierung\/saurer-reiniger-und-rostentferner-jati-rm-2\/\" \/>\n<meta property=\"og:locale\" content=\"de_DE\" \/>\n<meta property=\"og:type\" content=\"article\" \/>\n<meta property=\"og:title\" content=\"Saurer Reiniger und Rostentferner JATI RM 2 - JATI GmbH\" \/>\n<meta property=\"og:description\" content=\"JATI RM 2 ist ein saurer Reiniger und Rostentferner. Er wird zur Sanierung von brandgesch\u00e4digten Oberfl\u00e4chen verwendet. Erfahren Sie mehr.\" \/>\n<meta property=\"og:url\" content=\"https:\/\/www.jatiproducts.com\/de\/brandsanierung\/saurer-reiniger-und-rostentferner-jati-rm-2\/\" \/>\n<meta property=\"og:site_name\" content=\"JATI GmbH\" \/>\n<meta property=\"article:publisher\" content=\"https:\/\/www.facebook.com\/people\/JATI-diemitdempferd\/61555813963787\/\" \/>\n<meta property=\"article:modified_time\" content=\"2026-03-31T12:25:18+00:00\" \/>\n<meta property=\"og:image\" content=\"https:\/\/www.jatiproducts.com\/wp-content\/uploads\/single_product_10_liter_de_brandsanierung_RM2.png\" \/>\n\t<meta property=\"og:image:width\" content=\"1625\" \/>\n\t<meta property=\"og:image:height\" content=\"2000\" \/>\n\t<meta property=\"og:image:type\" content=\"image\/png\" \/>\n<meta name=\"twitter:card\" content=\"summary_large_image\" \/>\n<meta name=\"twitter:label1\" content=\"Gesch\u00e4tzte Lesezeit\" \/>\n\t<meta name=\"twitter:data1\" content=\"2\u00a0Minuten\" \/>\n<script type=\"application\/ld+json\" class=\"yoast-schema-graph\">{\"@context\":\"https:\/\/schema.org\",\"@graph\":[{\"@type\":\"WebPage\",\"@id\":\"https:\/\/www.jatiproducts.com\/de\/brandsanierung\/saurer-reiniger-und-rostentferner-jati-rm-2\/\",\"url\":\"https:\/\/www.jatiproducts.com\/de\/brandsanierung\/saurer-reiniger-und-rostentferner-jati-rm-2\/\",\"name\":\"Saurer Reiniger und Rostentferner JATI RM 2 - JATI GmbH\",\"isPartOf\":{\"@id\":\"https:\/\/www.jatiproducts.com\/de\/#website\"},\"primaryImageOfPage\":{\"@id\":\"https:\/\/www.jatiproducts.com\/de\/brandsanierung\/saurer-reiniger-und-rostentferner-jati-rm-2\/#primaryimage\"},\"image\":{\"@id\":\"https:\/\/www.jatiproducts.com\/de\/brandsanierung\/saurer-reiniger-und-rostentferner-jati-rm-2\/#primaryimage\"},\"thumbnailUrl\":\"https:\/\/www.jatiproducts.com\/wp-content\/uploads\/single_product_10_liter_de_brandsanierung_RM2.png\",\"datePublished\":\"2024-05-06T12:09:46+00:00\",\"dateModified\":\"2026-03-31T12:25:18+00:00\",\"description\":\"JATI RM 2 ist ein saurer Reiniger und Rostentferner. Er wird zur Sanierung von brandgesch\u00e4digten Oberfl\u00e4chen verwendet. Erfahren Sie mehr.\",\"breadcrumb\":{\"@id\":\"https:\/\/www.jatiproducts.com\/de\/brandsanierung\/saurer-reiniger-und-rostentferner-jati-rm-2\/#breadcrumb\"},\"inLanguage\":\"de\",\"potentialAction\":[{\"@type\":\"ReadAction\",\"target\":[\"https:\/\/www.jatiproducts.com\/de\/brandsanierung\/saurer-reiniger-und-rostentferner-jati-rm-2\/\"]}]},{\"@type\":\"ImageObject\",\"inLanguage\":\"de\",\"@id\":\"https:\/\/www.jatiproducts.com\/de\/brandsanierung\/saurer-reiniger-und-rostentferner-jati-rm-2\/#primaryimage\",\"url\":\"https:\/\/www.jatiproducts.com\/wp-content\/uploads\/single_product_10_liter_de_brandsanierung_RM2.png\",\"contentUrl\":\"https:\/\/www.jatiproducts.com\/wp-content\/uploads\/single_product_10_liter_de_brandsanierung_RM2.png\",\"width\":1625,\"height\":2000,\"caption\":\"Produktbild JATI RM 2 Rostentferner f\u00fcr die Brandsanierung\"},{\"@type\":\"BreadcrumbList\",\"@id\":\"https:\/\/www.jatiproducts.com\/de\/brandsanierung\/saurer-reiniger-und-rostentferner-jati-rm-2\/#breadcrumb\",\"itemListElement\":[{\"@type\":\"ListItem\",\"position\":1,\"name\":\"Startseite\",\"item\":\"https:\/\/www.jatiproducts.com\/de\/\"},{\"@type\":\"ListItem\",\"position\":2,\"name\":\"Shop\",\"item\":\"https:\/\/www.jatiproducts.com\/de\/shop\/\"},{\"@type\":\"ListItem\",\"position\":3,\"name\":\"Saurer Reiniger und Rostentferner JATI RM 2\"}]},{\"@type\":\"WebSite\",\"@id\":\"https:\/\/www.jatiproducts.com\/de\/#website\",\"url\":\"https:\/\/www.jatiproducts.com\/de\/\",\"name\":\"JATI GmbH\",\"description\":\"JATI GmbH\",\"publisher\":{\"@id\":\"https:\/\/www.jatiproducts.com\/de\/#organization\"},\"potentialAction\":[{\"@type\":\"SearchAction\",\"target\":{\"@type\":\"EntryPoint\",\"urlTemplate\":\"https:\/\/www.jatiproducts.com\/de\/?s={search_term_string}\"},\"query-input\":{\"@type\":\"PropertyValueSpecification\",\"valueRequired\":true,\"valueName\":\"search_term_string\"}}],\"inLanguage\":\"de\"},{\"@type\":\"Organization\",\"@id\":\"https:\/\/www.jatiproducts.com\/de\/#organization\",\"name\":\"JATI GmbH\",\"url\":\"https:\/\/www.jatiproducts.com\/de\/\",\"logo\":{\"@type\":\"ImageObject\",\"inLanguage\":\"de\",\"@id\":\"https:\/\/www.jatiproducts.com\/de\/#\/schema\/logo\/image\/\",\"url\":\"https:\/\/www.jatiproducts.com\/wp-content\/uploads\/site-logo.png\",\"contentUrl\":\"https:\/\/www.jatiproducts.com\/wp-content\/uploads\/site-logo.png\",\"width\":696,\"height\":696,\"caption\":\"JATI GmbH\"},\"image\":{\"@id\":\"https:\/\/www.jatiproducts.com\/de\/#\/schema\/logo\/image\/\"},\"sameAs\":[\"https:\/\/www.facebook.com\/people\/JATI-diemitdempferd\/61555813963787\/\",\"https:\/\/www.instagram.com\/jati_diemitdemschaum\/\",\"https:\/\/www.youtube.com\/user\/JatiProducts\",\"https:\/\/www.linkedin.com\/company\/jati-gmbh\/\"]}]}<\/script>\n<!-- \/ Yoast SEO plugin. -->","yoast_head_json":{"title":"Saurer Reiniger und Rostentferner JATI RM 2 - JATI GmbH","description":"JATI RM 2 ist ein saurer Reiniger und Rostentferner. Er wird zur Sanierung von brandgesch\u00e4digten Oberfl\u00e4chen verwendet. Erfahren Sie mehr.","robots":{"index":"index","follow":"follow","max-snippet":"max-snippet:-1","max-image-preview":"max-image-preview:large","max-video-preview":"max-video-preview:-1"},"canonical":"https:\/\/www.jatiproducts.com\/de\/brandsanierung\/saurer-reiniger-und-rostentferner-jati-rm-2\/","og_locale":"de_DE","og_type":"article","og_title":"Saurer Reiniger und Rostentferner JATI RM 2 - JATI GmbH","og_description":"JATI RM 2 ist ein saurer Reiniger und Rostentferner. Er wird zur Sanierung von brandgesch\u00e4digten Oberfl\u00e4chen verwendet. Erfahren Sie mehr.","og_url":"https:\/\/www.jatiproducts.com\/de\/brandsanierung\/saurer-reiniger-und-rostentferner-jati-rm-2\/","og_site_name":"JATI GmbH","article_publisher":"https:\/\/www.facebook.com\/people\/JATI-diemitdempferd\/61555813963787\/","article_modified_time":"2026-03-31T12:25:18+00:00","og_image":[{"width":1625,"height":2000,"url":"https:\/\/www.jatiproducts.com\/wp-content\/uploads\/single_product_10_liter_de_brandsanierung_RM2.png","type":"image\/png"}],"twitter_card":"summary_large_image","twitter_misc":{"Gesch\u00e4tzte Lesezeit":"2\u00a0Minuten"},"schema":{"@context":"https:\/\/schema.org","@graph":[{"@type":"WebPage","@id":"https:\/\/www.jatiproducts.com\/de\/brandsanierung\/saurer-reiniger-und-rostentferner-jati-rm-2\/","url":"https:\/\/www.jatiproducts.com\/de\/brandsanierung\/saurer-reiniger-und-rostentferner-jati-rm-2\/","name":"Saurer Reiniger und Rostentferner JATI RM 2 - JATI GmbH","isPartOf":{"@id":"https:\/\/www.jatiproducts.com\/de\/#website"},"primaryImageOfPage":{"@id":"https:\/\/www.jatiproducts.com\/de\/brandsanierung\/saurer-reiniger-und-rostentferner-jati-rm-2\/#primaryimage"},"image":{"@id":"https:\/\/www.jatiproducts.com\/de\/brandsanierung\/saurer-reiniger-und-rostentferner-jati-rm-2\/#primaryimage"},"thumbnailUrl":"https:\/\/www.jatiproducts.com\/wp-content\/uploads\/single_product_10_liter_de_brandsanierung_RM2.png","datePublished":"2024-05-06T12:09:46+00:00","dateModified":"2026-03-31T12:25:18+00:00","description":"JATI RM 2 ist ein saurer Reiniger und Rostentferner. Er wird zur Sanierung von brandgesch\u00e4digten Oberfl\u00e4chen verwendet. Erfahren Sie mehr.","breadcrumb":{"@id":"https:\/\/www.jatiproducts.com\/de\/brandsanierung\/saurer-reiniger-und-rostentferner-jati-rm-2\/#breadcrumb"},"inLanguage":"de","potentialAction":[{"@type":"ReadAction","target":["https:\/\/www.jatiproducts.com\/de\/brandsanierung\/saurer-reiniger-und-rostentferner-jati-rm-2\/"]}]},{"@type":"ImageObject","inLanguage":"de","@id":"https:\/\/www.jatiproducts.com\/de\/brandsanierung\/saurer-reiniger-und-rostentferner-jati-rm-2\/#primaryimage","url":"https:\/\/www.jatiproducts.com\/wp-content\/uploads\/single_product_10_liter_de_brandsanierung_RM2.png","contentUrl":"https:\/\/www.jatiproducts.com\/wp-content\/uploads\/single_product_10_liter_de_brandsanierung_RM2.png","width":1625,"height":2000,"caption":"Produktbild JATI RM 2 Rostentferner f\u00fcr die Brandsanierung"},{"@type":"BreadcrumbList","@id":"https:\/\/www.jatiproducts.com\/de\/brandsanierung\/saurer-reiniger-und-rostentferner-jati-rm-2\/#breadcrumb","itemListElement":[{"@type":"ListItem","position":1,"name":"Startseite","item":"https:\/\/www.jatiproducts.com\/de\/"},{"@type":"ListItem","position":2,"name":"Shop","item":"https:\/\/www.jatiproducts.com\/de\/shop\/"},{"@type":"ListItem","position":3,"name":"Saurer Reiniger und Rostentferner JATI RM 2"}]},{"@type":"WebSite","@id":"https:\/\/www.jatiproducts.com\/de\/#website","url":"https:\/\/www.jatiproducts.com\/de\/","name":"JATI GmbH","description":"JATI GmbH","publisher":{"@id":"https:\/\/www.jatiproducts.com\/de\/#organization"},"potentialAction":[{"@type":"SearchAction","target":{"@type":"EntryPoint","urlTemplate":"https:\/\/www.jatiproducts.com\/de\/?s={search_term_string}"},"query-input":{"@type":"PropertyValueSpecification","valueRequired":true,"valueName":"search_term_string"}}],"inLanguage":"de"},{"@type":"Organization","@id":"https:\/\/www.jatiproducts.com\/de\/#organization","name":"JATI GmbH","url":"https:\/\/www.jatiproducts.com\/de\/","logo":{"@type":"ImageObject","inLanguage":"de","@id":"https:\/\/www.jatiproducts.com\/de\/#\/schema\/logo\/image\/","url":"https:\/\/www.jatiproducts.com\/wp-content\/uploads\/site-logo.png","contentUrl":"https:\/\/www.jatiproducts.com\/wp-content\/uploads\/site-logo.png","width":696,"height":696,"caption":"JATI GmbH"},"image":{"@id":"https:\/\/www.jatiproducts.com\/de\/#\/schema\/logo\/image\/"},"sameAs":["https:\/\/www.facebook.com\/people\/JATI-diemitdempferd\/61555813963787\/","https:\/\/www.instagram.com\/jati_diemitdemschaum\/","https:\/\/www.youtube.com\/user\/JatiProducts","https:\/\/www.linkedin.com\/company\/jati-gmbh\/"]}]}},"_links":{"self":[{"href":"https:\/\/www.jatiproducts.com\/de\/wp-json\/wp\/v2\/product\/5567","targetHints":{"allow":["GET"]}}],"collection":[{"href":"https:\/\/www.jatiproducts.com\/de\/wp-json\/wp\/v2\/product"}],"about":[{"href":"https:\/\/www.jatiproducts.com\/de\/wp-json\/wp\/v2\/types\/product"}],"version-history":[{"count":0,"href":"https:\/\/www.jatiproducts.com\/de\/wp-json\/wp\/v2\/product\/5567\/revisions"}],"wp:featuredmedia":[{"embeddable":true,"href":"https:\/\/www.jatiproducts.com\/de\/wp-json\/wp\/v2\/media\/3084"}],"wp:attachment":[{"href":"https:\/\/www.jatiproducts.com\/de\/wp-json\/wp\/v2\/media?parent=5567"}],"wp:term":[{"taxonomy":"product_brand","embeddable":true,"href":"https:\/\/www.jatiproducts.com\/de\/wp-json\/wp\/v2\/product_brand?post=5567"},{"taxonomy":"product_cat","embeddable":true,"href":"https:\/\/www.jatiproducts.com\/de\/wp-json\/wp\/v2\/product_cat?post=5567"},{"taxonomy":"product_tag","embeddable":true,"href":"https:\/\/www.jatiproducts.com\/de\/wp-json\/wp\/v2\/product_tag?post=5567"}],"curies":[{"name":"wp","href":"https:\/\/api.w.org\/{rel}","templated":true}]}}