{"id":5765,"date":"2024-06-20T14:19:27","date_gmt":"2024-06-20T12:19:27","guid":{"rendered":"https:\/\/p684588.webspaceconfig.de\/jati-wp\/jatiproducts.com\/de\/?post_type=product&#038;p=5765"},"modified":"2026-03-31T14:22:38","modified_gmt":"2026-03-31T12:22:38","slug":"geruchszersetzer-jati-gz","status":"publish","type":"product","link":"https:\/\/www.jatiproducts.com\/de\/schimmelsanierung\/geruchszersetzer-jati-gz\/","title":{"rendered":"Geruchszersetzer JATI GZ"},"content":{"rendered":"<div class=\"wpb-content-wrapper\"><p>[vc_row][vc_column width=&#8220;2\/3&#8243;][vc_column_text css=&#8220;&#8220;]<\/p>\n<h1>Geruchszersetzer JATI GZ<\/h1>\n<p><strong>Ein Hund kann etwa eine Million verschiedene Ger\u00fcche unterscheiden. Der Mensch dagegen 10.000. Diese geringere Sensibilit\u00e4t bewahrt uns allerdings nicht davor, unangenehme Ger\u00fcche nach Br\u00e4nden, F\u00e4kalsch\u00e4den oder Schimmelbefall wahrzunehmen. JATI GZ wirkt desodorierend und zersetzt unangenehme Ger\u00fcche komplett, anstatt sie nur zu \u00fcberdecken. Alles was Sie dann noch im Raum erschn\u00fcffeln werden, ist ein angenehm nat\u00fcrlicher Duft.<\/strong>[\/vc_column_text][vc_separator align=&#8220;align_left&#8220; css=&#8220;.vc_custom_1564415618920{margin-top: 50px !important;margin-bottom: 15px !important;}&#8220;][vc_row_inner][vc_column_inner width=&#8220;1\/2&#8243;][vc_column_text css=&#8220;&#8220;]<\/p>\n<h3>Die Anwendung:<\/h3>\n<h4>So lassen Sie die volle Wirkung von der Leine.<\/h4>\n<p><strong>Vor Gebrauch sch\u00fctteln!<\/strong> JATI GZ wird vorzugsweise im Kaltnebelverfahren in den betroffenen R\u00e4umen (bis 4 Meter Deckenh\u00f6he) ausgebracht. Zun\u00e4chst das Volumen des betroffenen Raumes ermitteln und so die ben\u00f6tigte Menge JATI GZ bestimmen: 3 ml JATI GZ sind ausreichend f\u00fcr 1 m3 Raumluft. Die ermittelte Menge JATI GZ ohne weitere Zusatzstoffe in kleinstm\u00f6glicher Tr\u00f6pfchengr\u00f6\u00dfe ausbringen. Einwirkzeit: 120 Minuten. Danach den behandelten Raum gut l\u00fcften.[\/vc_column_text][\/vc_column_inner][vc_column_inner width=&#8220;1\/2&#8243;][vc_column_text css=&#8220;&#8220;]<\/p>\n<h3>Die Einsatzbereiche:<\/h3>\n<h4>In allen 4 W\u00e4nden bis 4 Meter Deckenh\u00f6he.<\/h4>\n<p>Der Geruchszersetzer JATI GZ ist f\u00fcr Wohnr\u00e4ume, B\u00fcros und alle sonstigen R\u00e4ume geeignet. Wir empfehlen das Kaltnebelverfahren bei Deckenh\u00f6hen bis zu 4 Metern.[\/vc_column_text][\/vc_column_inner][\/vc_row_inner][vc_separator align=&#8220;align_left&#8220; css=&#8220;.vc_custom_1564415669961{margin-top: 15px !important;margin-bottom: 50px !important;}&#8220;][vc_column_text css=&#8220;&#8220;]<\/p>\n<h3>Die Vorteile:<\/h3>\n<h4>Einfach zum Anbei\u00dfen.<\/h4>\n<ul>\n<li>JATI GZ zersetzt unangenehme Ger\u00fcche<\/li>\n<li>F\u00fcr ein angenehmes und nat\u00fcrliches Aroma in der Raumluft<\/li>\n<li>Hoch konzentriert und mit 3 ml je m3 Raumluft sehr sparsam<\/li>\n<\/ul>\n<p>[\/vc_column_text][\/vc_column][vc_column width=&#8220;1\/3&#8243;][single_product_to_cart][vc_row_inner el_class=&#8220;gray-container&#8220;][vc_column_inner][vc_column_text css=&#8220;&#8220;]<\/p>\n<h3>Datenbl\u00e4tter:<\/h3>\n<p>[\/vc_column_text][downloads filter=&#8220;singleproduct&#8220; product=&#8220;jati-gz&#8220; downloadtype=&#8220;produktinformationen&#8220;][\/vc_column_inner][\/vc_row_inner][vc_row_inner el_class=&#8220;gray-container&#8220;][vc_column_inner][single_matching_product product_id=&#8220;5573&#8243; headline=&#8220;Dieses Produkt k\u00f6nnte auch interessant f\u00fcr Sie sein:&#8220;][vc_separator color=&#8220;white&#8220; align=&#8220;align_left&#8220; css=&#8220;.vc_custom_1564418932428{margin-top: 25px !important;margin-bottom: 25px !important;}&#8220;][vc_column_text css=&#8220;&#8220;]<\/p>\n<h3>Haben Sie Fragen zu JATI GZ?<\/h3>\n<p>Hier gibt es Antworten:<\/p>\n<h4 style=\"margin-top: -0.5rem;\"><a href=\"https:\/\/www.jatiproducts.com\/de\/kontakt\/\" target=\"_blank\" rel=\"noopener\">info@jati-group.com<\/a><\/h4>\n<p>+49 (0) 2984 \/ 93 4 93-0[\/vc_column_text][\/vc_column_inner][\/vc_row_inner][vc_row_inner disable_element=&#8220;yes&#8220; el_class=&#8220;gray-container&#8220;][vc_column_inner][vc_column_text]<\/p>\n<h3>Video:<\/h3>\n<p>[\/vc_column_text][vc_video link=&#8220;https:\/\/youtu.be\/pN7stcKkQt0&#8243;][vc_btn title=&#8220;weitere Videos&#8220; color=&#8220;default&#8220; css=&#8220;.vc_custom_1602507132892{margin-top: -15px !important;margin-bottom: 0px !important;}&#8220; link=&#8220;url:https%3A%2F%2Fp684588.webspaceconfig.de%2Fjati-wp%2Fjatiproducts.com%2Fde%2Fservice%2Fvideos%2F|||&#8220;][\/vc_column_inner][\/vc_row_inner][\/vc_column][\/vc_row]<\/p>\n<\/div>","protected":false},"excerpt":{"rendered":"<p>JATI GZ wird bei unangenehmen Ger\u00fcche nach Br\u00e4nden, F\u00e4kalsch\u00e4den oder Schimmelbefall eingesetzt. Es wirkt desodorierend und zersetzt die Ger\u00fcche komplett, anstatt sie nur zu \u00fcberdecken. F\u00fcr Wohnr\u00e4ume, B\u00fcros und alle sonstigen R\u00e4ume geeignet (Kaltnebelverfahren bei Deckenh\u00f6hen bis zu 4 m). [&#8230;]<\/p>\n<p><a class=\"btn btn-secondary understrap-read-more-link\" href=\"https:\/\/www.jatiproducts.com\/de\/schimmelsanierung\/geruchszersetzer-jati-gz\/\">Weiterlesen&#8230;<\/a><\/p>\n","protected":false},"featured_media":5805,"template":"","meta":{"_acf_changed":false,"footnotes":""},"product_brand":[],"product_cat":[117,121,94,125],"product_tag":[],"class_list":{"0":"post-5765","1":"product","2":"type-product","3":"status-publish","4":"has-post-thumbnail","6":"product_cat-brandsanierung","7":"product_cat-raumluft","8":"product_cat-schimmelsanierung","9":"product_cat-sonstige","11":"first","12":"instock","13":"taxable","14":"shipping-taxable","15":"purchasable","16":"product-type-variable","17":"has-default-attributes"},"acf":[],"yoast_head":"<!-- This site is optimized with the Yoast SEO plugin v27.4 - https:\/\/yoast.com\/product\/yoast-seo-wordpress\/ -->\n<title>Geruchszersetzer JATI GZ - JATI GmbH<\/title>\n<meta name=\"robots\" content=\"index, follow, max-snippet:-1, max-image-preview:large, max-video-preview:-1\" \/>\n<link rel=\"canonical\" href=\"https:\/\/www.jatiproducts.com\/de\/schimmelsanierung\/geruchszersetzer-jati-gz\/\" \/>\n<meta property=\"og:locale\" content=\"de_DE\" \/>\n<meta property=\"og:type\" content=\"article\" \/>\n<meta property=\"og:title\" content=\"Geruchszersetzer JATI GZ - JATI GmbH\" \/>\n<meta property=\"og:description\" content=\"JATI GZ wird bei unangenehmen Ger\u00fcche nach Br\u00e4nden, F\u00e4kalsch\u00e4den oder Schimmelbefall eingesetzt. Es wirkt desodorierend und zersetzt die Ger\u00fcche komplett, anstatt sie nur zu \u00fcberdecken. F\u00fcr Wohnr\u00e4ume, B\u00fcros und alle sonstigen R\u00e4ume geeignet (Kaltnebelverfahren bei Deckenh\u00f6hen bis zu 4 m). [...]Weiterlesen...\" \/>\n<meta property=\"og:url\" content=\"https:\/\/www.jatiproducts.com\/de\/schimmelsanierung\/geruchszersetzer-jati-gz\/\" \/>\n<meta property=\"og:site_name\" content=\"JATI GmbH\" \/>\n<meta property=\"article:publisher\" content=\"https:\/\/www.facebook.com\/people\/JATI-diemitdempferd\/61555813963787\/\" \/>\n<meta property=\"article:modified_time\" content=\"2026-03-31T12:22:38+00:00\" \/>\n<meta property=\"og:image\" content=\"https:\/\/www.jatiproducts.com\/wp-content\/uploads\/jati_gz_2.5L.png\" \/>\n\t<meta property=\"og:image:width\" content=\"1625\" \/>\n\t<meta property=\"og:image:height\" content=\"2000\" \/>\n\t<meta property=\"og:image:type\" content=\"image\/png\" \/>\n<meta name=\"twitter:card\" content=\"summary_large_image\" \/>\n<meta name=\"twitter:label1\" content=\"Gesch\u00e4tzte Lesezeit\" \/>\n\t<meta name=\"twitter:data1\" content=\"2\u00a0Minuten\" \/>\n<script type=\"application\/ld+json\" class=\"yoast-schema-graph\">{\"@context\":\"https:\\\/\\\/schema.org\",\"@graph\":[{\"@type\":\"WebPage\",\"@id\":\"https:\\\/\\\/www.jatiproducts.com\\\/de\\\/schimmelsanierung\\\/geruchszersetzer-jati-gz\\\/\",\"url\":\"https:\\\/\\\/www.jatiproducts.com\\\/de\\\/schimmelsanierung\\\/geruchszersetzer-jati-gz\\\/\",\"name\":\"Geruchszersetzer JATI GZ - JATI GmbH\",\"isPartOf\":{\"@id\":\"https:\\\/\\\/www.jatiproducts.com\\\/de\\\/#website\"},\"primaryImageOfPage\":{\"@id\":\"https:\\\/\\\/www.jatiproducts.com\\\/de\\\/schimmelsanierung\\\/geruchszersetzer-jati-gz\\\/#primaryimage\"},\"image\":{\"@id\":\"https:\\\/\\\/www.jatiproducts.com\\\/de\\\/schimmelsanierung\\\/geruchszersetzer-jati-gz\\\/#primaryimage\"},\"thumbnailUrl\":\"https:\\\/\\\/www.jatiproducts.com\\\/wp-content\\\/uploads\\\/jati_gz_2.5L.png\",\"datePublished\":\"2024-06-20T12:19:27+00:00\",\"dateModified\":\"2026-03-31T12:22:38+00:00\",\"breadcrumb\":{\"@id\":\"https:\\\/\\\/www.jatiproducts.com\\\/de\\\/schimmelsanierung\\\/geruchszersetzer-jati-gz\\\/#breadcrumb\"},\"inLanguage\":\"de\",\"potentialAction\":[{\"@type\":\"ReadAction\",\"target\":[\"https:\\\/\\\/www.jatiproducts.com\\\/de\\\/schimmelsanierung\\\/geruchszersetzer-jati-gz\\\/\"]}]},{\"@type\":\"ImageObject\",\"inLanguage\":\"de\",\"@id\":\"https:\\\/\\\/www.jatiproducts.com\\\/de\\\/schimmelsanierung\\\/geruchszersetzer-jati-gz\\\/#primaryimage\",\"url\":\"https:\\\/\\\/www.jatiproducts.com\\\/wp-content\\\/uploads\\\/jati_gz_2.5L.png\",\"contentUrl\":\"https:\\\/\\\/www.jatiproducts.com\\\/wp-content\\\/uploads\\\/jati_gz_2.5L.png\",\"width\":1625,\"height\":2000,\"caption\":\"Produktbild JATI GZ Geruchszersetzer\"},{\"@type\":\"BreadcrumbList\",\"@id\":\"https:\\\/\\\/www.jatiproducts.com\\\/de\\\/schimmelsanierung\\\/geruchszersetzer-jati-gz\\\/#breadcrumb\",\"itemListElement\":[{\"@type\":\"ListItem\",\"position\":1,\"name\":\"Startseite\",\"item\":\"https:\\\/\\\/www.jatiproducts.com\\\/de\\\/\"},{\"@type\":\"ListItem\",\"position\":2,\"name\":\"Shop\",\"item\":\"https:\\\/\\\/www.jatiproducts.com\\\/de\\\/shop\\\/\"},{\"@type\":\"ListItem\",\"position\":3,\"name\":\"Geruchszersetzer JATI GZ\"}]},{\"@type\":\"WebSite\",\"@id\":\"https:\\\/\\\/www.jatiproducts.com\\\/de\\\/#website\",\"url\":\"https:\\\/\\\/www.jatiproducts.com\\\/de\\\/\",\"name\":\"JATI GmbH\",\"description\":\"JATI GmbH\",\"publisher\":{\"@id\":\"https:\\\/\\\/www.jatiproducts.com\\\/de\\\/#organization\"},\"potentialAction\":[{\"@type\":\"SearchAction\",\"target\":{\"@type\":\"EntryPoint\",\"urlTemplate\":\"https:\\\/\\\/www.jatiproducts.com\\\/de\\\/?s={search_term_string}\"},\"query-input\":{\"@type\":\"PropertyValueSpecification\",\"valueRequired\":true,\"valueName\":\"search_term_string\"}}],\"inLanguage\":\"de\"},{\"@type\":\"Organization\",\"@id\":\"https:\\\/\\\/www.jatiproducts.com\\\/de\\\/#organization\",\"name\":\"JATI GmbH\",\"url\":\"https:\\\/\\\/www.jatiproducts.com\\\/de\\\/\",\"logo\":{\"@type\":\"ImageObject\",\"inLanguage\":\"de\",\"@id\":\"https:\\\/\\\/www.jatiproducts.com\\\/de\\\/#\\\/schema\\\/logo\\\/image\\\/\",\"url\":\"https:\\\/\\\/www.jatiproducts.com\\\/wp-content\\\/uploads\\\/site-logo.png\",\"contentUrl\":\"https:\\\/\\\/www.jatiproducts.com\\\/wp-content\\\/uploads\\\/site-logo.png\",\"width\":696,\"height\":696,\"caption\":\"JATI GmbH\"},\"image\":{\"@id\":\"https:\\\/\\\/www.jatiproducts.com\\\/de\\\/#\\\/schema\\\/logo\\\/image\\\/\"},\"sameAs\":[\"https:\\\/\\\/www.facebook.com\\\/people\\\/JATI-diemitdempferd\\\/61555813963787\\\/\",\"https:\\\/\\\/www.instagram.com\\\/jati_diemitdemschaum\\\/\",\"https:\\\/\\\/www.youtube.com\\\/user\\\/JatiProducts\",\"https:\\\/\\\/www.linkedin.com\\\/company\\\/jati-gmbh\\\/\"]}]}<\/script>\n<!-- \/ Yoast SEO plugin. -->","yoast_head_json":{"title":"Geruchszersetzer JATI GZ - JATI GmbH","robots":{"index":"index","follow":"follow","max-snippet":"max-snippet:-1","max-image-preview":"max-image-preview:large","max-video-preview":"max-video-preview:-1"},"canonical":"https:\/\/www.jatiproducts.com\/de\/schimmelsanierung\/geruchszersetzer-jati-gz\/","og_locale":"de_DE","og_type":"article","og_title":"Geruchszersetzer JATI GZ - JATI GmbH","og_description":"JATI GZ wird bei unangenehmen Ger\u00fcche nach Br\u00e4nden, F\u00e4kalsch\u00e4den oder Schimmelbefall eingesetzt. Es wirkt desodorierend und zersetzt die Ger\u00fcche komplett, anstatt sie nur zu \u00fcberdecken. F\u00fcr Wohnr\u00e4ume, B\u00fcros und alle sonstigen R\u00e4ume geeignet (Kaltnebelverfahren bei Deckenh\u00f6hen bis zu 4 m). [...]Weiterlesen...","og_url":"https:\/\/www.jatiproducts.com\/de\/schimmelsanierung\/geruchszersetzer-jati-gz\/","og_site_name":"JATI GmbH","article_publisher":"https:\/\/www.facebook.com\/people\/JATI-diemitdempferd\/61555813963787\/","article_modified_time":"2026-03-31T12:22:38+00:00","og_image":[{"width":1625,"height":2000,"url":"https:\/\/www.jatiproducts.com\/wp-content\/uploads\/jati_gz_2.5L.png","type":"image\/png"}],"twitter_card":"summary_large_image","twitter_misc":{"Gesch\u00e4tzte Lesezeit":"2\u00a0Minuten"},"schema":{"@context":"https:\/\/schema.org","@graph":[{"@type":"WebPage","@id":"https:\/\/www.jatiproducts.com\/de\/schimmelsanierung\/geruchszersetzer-jati-gz\/","url":"https:\/\/www.jatiproducts.com\/de\/schimmelsanierung\/geruchszersetzer-jati-gz\/","name":"Geruchszersetzer JATI GZ - JATI GmbH","isPartOf":{"@id":"https:\/\/www.jatiproducts.com\/de\/#website"},"primaryImageOfPage":{"@id":"https:\/\/www.jatiproducts.com\/de\/schimmelsanierung\/geruchszersetzer-jati-gz\/#primaryimage"},"image":{"@id":"https:\/\/www.jatiproducts.com\/de\/schimmelsanierung\/geruchszersetzer-jati-gz\/#primaryimage"},"thumbnailUrl":"https:\/\/www.jatiproducts.com\/wp-content\/uploads\/jati_gz_2.5L.png","datePublished":"2024-06-20T12:19:27+00:00","dateModified":"2026-03-31T12:22:38+00:00","breadcrumb":{"@id":"https:\/\/www.jatiproducts.com\/de\/schimmelsanierung\/geruchszersetzer-jati-gz\/#breadcrumb"},"inLanguage":"de","potentialAction":[{"@type":"ReadAction","target":["https:\/\/www.jatiproducts.com\/de\/schimmelsanierung\/geruchszersetzer-jati-gz\/"]}]},{"@type":"ImageObject","inLanguage":"de","@id":"https:\/\/www.jatiproducts.com\/de\/schimmelsanierung\/geruchszersetzer-jati-gz\/#primaryimage","url":"https:\/\/www.jatiproducts.com\/wp-content\/uploads\/jati_gz_2.5L.png","contentUrl":"https:\/\/www.jatiproducts.com\/wp-content\/uploads\/jati_gz_2.5L.png","width":1625,"height":2000,"caption":"Produktbild JATI GZ Geruchszersetzer"},{"@type":"BreadcrumbList","@id":"https:\/\/www.jatiproducts.com\/de\/schimmelsanierung\/geruchszersetzer-jati-gz\/#breadcrumb","itemListElement":[{"@type":"ListItem","position":1,"name":"Startseite","item":"https:\/\/www.jatiproducts.com\/de\/"},{"@type":"ListItem","position":2,"name":"Shop","item":"https:\/\/www.jatiproducts.com\/de\/shop\/"},{"@type":"ListItem","position":3,"name":"Geruchszersetzer JATI GZ"}]},{"@type":"WebSite","@id":"https:\/\/www.jatiproducts.com\/de\/#website","url":"https:\/\/www.jatiproducts.com\/de\/","name":"JATI GmbH","description":"JATI GmbH","publisher":{"@id":"https:\/\/www.jatiproducts.com\/de\/#organization"},"potentialAction":[{"@type":"SearchAction","target":{"@type":"EntryPoint","urlTemplate":"https:\/\/www.jatiproducts.com\/de\/?s={search_term_string}"},"query-input":{"@type":"PropertyValueSpecification","valueRequired":true,"valueName":"search_term_string"}}],"inLanguage":"de"},{"@type":"Organization","@id":"https:\/\/www.jatiproducts.com\/de\/#organization","name":"JATI GmbH","url":"https:\/\/www.jatiproducts.com\/de\/","logo":{"@type":"ImageObject","inLanguage":"de","@id":"https:\/\/www.jatiproducts.com\/de\/#\/schema\/logo\/image\/","url":"https:\/\/www.jatiproducts.com\/wp-content\/uploads\/site-logo.png","contentUrl":"https:\/\/www.jatiproducts.com\/wp-content\/uploads\/site-logo.png","width":696,"height":696,"caption":"JATI GmbH"},"image":{"@id":"https:\/\/www.jatiproducts.com\/de\/#\/schema\/logo\/image\/"},"sameAs":["https:\/\/www.facebook.com\/people\/JATI-diemitdempferd\/61555813963787\/","https:\/\/www.instagram.com\/jati_diemitdemschaum\/","https:\/\/www.youtube.com\/user\/JatiProducts","https:\/\/www.linkedin.com\/company\/jati-gmbh\/"]}]}},"_links":{"self":[{"href":"https:\/\/www.jatiproducts.com\/de\/wp-json\/wp\/v2\/product\/5765","targetHints":{"allow":["GET"]}}],"collection":[{"href":"https:\/\/www.jatiproducts.com\/de\/wp-json\/wp\/v2\/product"}],"about":[{"href":"https:\/\/www.jatiproducts.com\/de\/wp-json\/wp\/v2\/types\/product"}],"version-history":[{"count":1,"href":"https:\/\/www.jatiproducts.com\/de\/wp-json\/wp\/v2\/product\/5765\/revisions"}],"predecessor-version":[{"id":6925,"href":"https:\/\/www.jatiproducts.com\/de\/wp-json\/wp\/v2\/product\/5765\/revisions\/6925"}],"wp:featuredmedia":[{"embeddable":true,"href":"https:\/\/www.jatiproducts.com\/de\/wp-json\/wp\/v2\/media\/5805"}],"wp:attachment":[{"href":"https:\/\/www.jatiproducts.com\/de\/wp-json\/wp\/v2\/media?parent=5765"}],"wp:term":[{"taxonomy":"product_brand","embeddable":true,"href":"https:\/\/www.jatiproducts.com\/de\/wp-json\/wp\/v2\/product_brand?post=5765"},{"taxonomy":"product_cat","embeddable":true,"href":"https:\/\/www.jatiproducts.com\/de\/wp-json\/wp\/v2\/product_cat?post=5765"},{"taxonomy":"product_tag","embeddable":true,"href":"https:\/\/www.jatiproducts.com\/de\/wp-json\/wp\/v2\/product_tag?post=5765"}],"curies":[{"name":"wp","href":"https:\/\/api.w.org\/{rel}","templated":true}]}}