{"id":5958,"date":"2024-07-24T15:19:23","date_gmt":"2024-07-24T13:19:23","guid":{"rendered":"https:\/\/p684588.webspaceconfig.de\/jati-wp\/jatiproducts.com\/de\/?post_type=product&#038;p=5958"},"modified":"2026-03-31T14:22:19","modified_gmt":"2026-03-31T12:22:19","slug":"alkalischer-reiniger-jati-sar-10","status":"publish","type":"product","link":"https:\/\/www.jatiproducts.com\/de\/brandsanierung\/alkalischer-reiniger-jati-sar-10\/","title":{"rendered":"Alkalischer Reiniger JATI SAR 10"},"content":{"rendered":"<div class=\"wpb-content-wrapper\"><p>[vc_row][vc_column width=&#8220;2\/3&#8243;][vc_column_text css=&#8220;&#8220;]<\/p>\n<h1>Alkalischer Reiniger JATI SAR 10<\/h1>\n<p><strong>Der alkalische Reiniger JATI SAR 10 eignet sich mit seinem pH- Wert von 10 hervorragend f\u00fcr die Brandsanierung. Er ist stark entfettend und entfernt selbst grobe Verschmutzungen.<\/strong><\/p>\n<p>Dabei muss niemand ein Mischungsverh\u00e4ltnis ausrechnen oder etwas anr\u00fchren: JATI SAR 10 ist eine bereits perfekt abgestimmte, gebrauchsfertige L\u00f6sung, die man sofort einsetzen kann. Das macht diesen Reiniger besonders anwendungsfreundlich und -sicher. JATI SAR 10 ist f\u00fcr die Kalt- und Hei\u00dfwasseranwendung geeignet. Er ist schaumarm und kann somit auch in Scheuersaugmaschinen zur Bodenreinigung zum Einsatz kommen.[\/vc_column_text][vc_separator align=&#8220;align_left&#8220; css=&#8220;.vc_custom_1564415618920{margin-top: 50px !important;margin-bottom: 15px !important;}&#8220;][vc_row_inner][vc_column_inner width=&#8220;1\/2&#8243;][vc_column_text css=&#8220;&#8220;]<\/p>\n<h3>Die Anwendung:<\/h3>\n<h4>Einfach loslegen.<\/h4>\n<p>Der alkalische Reiniger JATI SAR 10 wird \u00fcblicherweise im Wisch- oder Spr\u00fchverfahren eingesetzt. JATI SAR 10 ist eine gebrauchsfertige L\u00f6sung und wird unverd\u00fcnnt angewendet.[\/vc_column_text][\/vc_column_inner][vc_column_inner width=&#8220;1\/2&#8243;][vc_column_text css=&#8220;&#8220;]<\/p>\n<h3>Die Einsatzbereiche:<\/h3>\n<h4>Ein echter Material-Allrounder.<\/h4>\n<p>Der alkalische Reiniger JATI SAR 10 eignet sich besonders gut zur Reinigung zahlreicher stark verschmutzter Materialien, zum Beispiel Kunststoffe, Beton, Fliesen, Gummi, Glas oder Metall. Ru\u00df- und Rauchr\u00fcckst\u00e4nde werden entfernt und S\u00e4urer\u00fcckst\u00e4nde neutralisiert.[\/vc_column_text][\/vc_column_inner][\/vc_row_inner][vc_separator align=&#8220;align_left&#8220; css=&#8220;.vc_custom_1564415669961{margin-top: 15px !important;margin-bottom: 50px !important;}&#8220;][vc_column_text css=&#8220;&#8220;]<\/p>\n<h3>Die Vorteile:<\/h3>\n<h4>Kompromisslose Wirkung, flexible Anwendung.<\/h4>\n<ul>\n<li>Universeller, alkalischer Reiniger f\u00fcr die Brandsanierung<\/li>\n<li>Entfettend, entfernt grobe Verschmutzungen<\/li>\n<li>Flexibel einsetzbar im Wisch-, Spr\u00fch- und Tauchverfahren<\/li>\n<\/ul>\n<p>[\/vc_column_text][\/vc_column][vc_column width=&#8220;1\/3&#8243;][single_product_to_cart][vc_row_inner el_class=&#8220;gray-container&#8220;][vc_column_inner][vc_column_text]<\/p>\n<h3>Datenbl\u00e4tter:<\/h3>\n<p>[\/vc_column_text][downloads filter=&#8220;singleproduct&#8220; product=&#8220;jati-sar-10&#8243; downloadtype=&#8220;produktinformationen&#8220;][\/vc_column_inner][\/vc_row_inner][vc_row_inner el_class=&#8220;gray-container&#8220;][vc_column_inner][single_matching_product product_id=&#8220;5965&#8243; headline=&#8220;Dieses Produkt k\u00f6nnte auch interessant f\u00fcr Sie sein:&#8220;][vc_separator color=&#8220;white&#8220; align=&#8220;align_left&#8220; css=&#8220;.vc_custom_1564418932428{margin-top: 25px !important;margin-bottom: 25px !important;}&#8220;][vc_column_text css=&#8220;&#8220;]<\/p>\n<h3>Haben Sie Fragen zu JATI SAR 10?<\/h3>\n<p>Hier gibt es Antworten:<\/p>\n<h4 style=\"margin-top: -0.5rem;\"><a href=\"https:\/\/www.jatiproducts.com\/de\/kontakt\/\" target=\"_blank\" rel=\"noopener\">info@jati-group.com<\/a><\/h4>\n<p>+49 (0) 2984 \/ 93 4 93-0[\/vc_column_text][\/vc_column_inner][\/vc_row_inner][vc_row_inner disable_element=&#8220;yes&#8220; el_class=&#8220;gray-container&#8220;][vc_column_inner][vc_column_text]<\/p>\n<h3>Video:<\/h3>\n<p>[\/vc_column_text][vc_video link=&#8220;https:\/\/youtu.be\/pN7stcKkQt0&#8243;][vc_btn title=&#8220;weitere Videos&#8220; color=&#8220;default&#8220; css=&#8220;.vc_custom_1602507132892{margin-top: -15px !important;margin-bottom: 0px !important;}&#8220; link=&#8220;url:https%3A%2F%2Fp684588.webspaceconfig.de%2Fjati-wp%2Fjatiproducts.com%2Fde%2Fservice%2Fvideos%2F|||&#8220;][\/vc_column_inner][\/vc_row_inner][\/vc_column][\/vc_row]<\/p>\n<\/div>","protected":false},"excerpt":{"rendered":"<p>Der alkalische Reiniger JATI SAR 10 eignet sich mit seinem pH- Wert von 10 hervorragend f\u00fcr die Brandsanierung. Er ist stark entfettend und entfernt selbst grobe Verschmutzungen. [&#8230;]<\/p>\n<p><a class=\"btn btn-secondary understrap-read-more-link\" href=\"https:\/\/www.jatiproducts.com\/de\/brandsanierung\/alkalischer-reiniger-jati-sar-10\/\">Weiterlesen&#8230;<\/a><\/p>\n","protected":false},"featured_media":3515,"template":"","meta":{"_acf_changed":false,"footnotes":""},"product_brand":[],"product_cat":[117,123],"product_tag":[],"class_list":{"0":"post-5958","1":"product","2":"type-product","3":"status-publish","4":"has-post-thumbnail","6":"product_cat-brandsanierung","7":"product_cat-reiniger","9":"first","10":"instock","11":"taxable","12":"shipping-taxable","13":"purchasable","14":"product-type-variable","15":"has-default-attributes"},"acf":[],"yoast_head":"<!-- This site is optimized with the Yoast SEO plugin v27.2 - https:\/\/yoast.com\/product\/yoast-seo-wordpress\/ -->\n<title>Alkalischer Reiniger JATI SAR 10 - JATI GmbH<\/title>\n<meta name=\"description\" content=\"JATI SAR 10 und JATI SAR 12 sind alkalische bis hochalkalische Reiniger, die bei der Brandsanierung selbst grobe Verschmutzungen entfernen.\" \/>\n<meta name=\"robots\" content=\"index, follow, max-snippet:-1, max-image-preview:large, max-video-preview:-1\" \/>\n<link rel=\"canonical\" href=\"https:\/\/www.jatiproducts.com\/de\/brandsanierung\/alkalischer-reiniger-jati-sar-10\/\" \/>\n<meta property=\"og:locale\" content=\"de_DE\" \/>\n<meta property=\"og:type\" content=\"article\" \/>\n<meta property=\"og:title\" content=\"Alkalischer Reiniger JATI SAR 10 - JATI GmbH\" \/>\n<meta property=\"og:description\" content=\"JATI SAR 10 und JATI SAR 12 sind alkalische bis hochalkalische Reiniger, die bei der Brandsanierung selbst grobe Verschmutzungen entfernen.\" \/>\n<meta property=\"og:url\" content=\"https:\/\/www.jatiproducts.com\/de\/brandsanierung\/alkalischer-reiniger-jati-sar-10\/\" \/>\n<meta property=\"og:site_name\" content=\"JATI GmbH\" \/>\n<meta property=\"article:publisher\" content=\"https:\/\/www.facebook.com\/people\/JATI-diemitdempferd\/61555813963787\/\" \/>\n<meta property=\"article:modified_time\" content=\"2026-03-31T12:22:19+00:00\" \/>\n<meta property=\"og:image\" content=\"https:\/\/www.jatiproducts.com\/wp-content\/uploads\/single_product_10_liter_de_brandsanierung_SAR10.png\" \/>\n\t<meta property=\"og:image:width\" content=\"1625\" \/>\n\t<meta property=\"og:image:height\" content=\"2000\" \/>\n\t<meta property=\"og:image:type\" content=\"image\/png\" \/>\n<meta name=\"twitter:card\" content=\"summary_large_image\" \/>\n<meta name=\"twitter:label1\" content=\"Gesch\u00e4tzte Lesezeit\" \/>\n\t<meta name=\"twitter:data1\" content=\"2\u00a0Minuten\" \/>\n<script type=\"application\/ld+json\" class=\"yoast-schema-graph\">{\"@context\":\"https:\/\/schema.org\",\"@graph\":[{\"@type\":\"WebPage\",\"@id\":\"https:\/\/www.jatiproducts.com\/de\/brandsanierung\/alkalischer-reiniger-jati-sar-10\/\",\"url\":\"https:\/\/www.jatiproducts.com\/de\/brandsanierung\/alkalischer-reiniger-jati-sar-10\/\",\"name\":\"Alkalischer Reiniger JATI SAR 10 - JATI GmbH\",\"isPartOf\":{\"@id\":\"https:\/\/www.jatiproducts.com\/de\/#website\"},\"primaryImageOfPage\":{\"@id\":\"https:\/\/www.jatiproducts.com\/de\/brandsanierung\/alkalischer-reiniger-jati-sar-10\/#primaryimage\"},\"image\":{\"@id\":\"https:\/\/www.jatiproducts.com\/de\/brandsanierung\/alkalischer-reiniger-jati-sar-10\/#primaryimage\"},\"thumbnailUrl\":\"https:\/\/www.jatiproducts.com\/wp-content\/uploads\/single_product_10_liter_de_brandsanierung_SAR10.png\",\"datePublished\":\"2024-07-24T13:19:23+00:00\",\"dateModified\":\"2026-03-31T12:22:19+00:00\",\"description\":\"JATI SAR 10 und JATI SAR 12 sind alkalische bis hochalkalische Reiniger, die bei der Brandsanierung selbst grobe Verschmutzungen entfernen.\",\"breadcrumb\":{\"@id\":\"https:\/\/www.jatiproducts.com\/de\/brandsanierung\/alkalischer-reiniger-jati-sar-10\/#breadcrumb\"},\"inLanguage\":\"de\",\"potentialAction\":[{\"@type\":\"ReadAction\",\"target\":[\"https:\/\/www.jatiproducts.com\/de\/brandsanierung\/alkalischer-reiniger-jati-sar-10\/\"]}]},{\"@type\":\"ImageObject\",\"inLanguage\":\"de\",\"@id\":\"https:\/\/www.jatiproducts.com\/de\/brandsanierung\/alkalischer-reiniger-jati-sar-10\/#primaryimage\",\"url\":\"https:\/\/www.jatiproducts.com\/wp-content\/uploads\/single_product_10_liter_de_brandsanierung_SAR10.png\",\"contentUrl\":\"https:\/\/www.jatiproducts.com\/wp-content\/uploads\/single_product_10_liter_de_brandsanierung_SAR10.png\",\"width\":1625,\"height\":2000,\"caption\":\"Produktbild JATI SAR 10 Reinigungskonzentrat zur Brandsanierung\"},{\"@type\":\"BreadcrumbList\",\"@id\":\"https:\/\/www.jatiproducts.com\/de\/brandsanierung\/alkalischer-reiniger-jati-sar-10\/#breadcrumb\",\"itemListElement\":[{\"@type\":\"ListItem\",\"position\":1,\"name\":\"Startseite\",\"item\":\"https:\/\/www.jatiproducts.com\/de\/\"},{\"@type\":\"ListItem\",\"position\":2,\"name\":\"Shop\",\"item\":\"https:\/\/www.jatiproducts.com\/de\/shop\/\"},{\"@type\":\"ListItem\",\"position\":3,\"name\":\"Alkalischer Reiniger JATI SAR 10\"}]},{\"@type\":\"WebSite\",\"@id\":\"https:\/\/www.jatiproducts.com\/de\/#website\",\"url\":\"https:\/\/www.jatiproducts.com\/de\/\",\"name\":\"JATI GmbH\",\"description\":\"JATI GmbH\",\"publisher\":{\"@id\":\"https:\/\/www.jatiproducts.com\/de\/#organization\"},\"potentialAction\":[{\"@type\":\"SearchAction\",\"target\":{\"@type\":\"EntryPoint\",\"urlTemplate\":\"https:\/\/www.jatiproducts.com\/de\/?s={search_term_string}\"},\"query-input\":{\"@type\":\"PropertyValueSpecification\",\"valueRequired\":true,\"valueName\":\"search_term_string\"}}],\"inLanguage\":\"de\"},{\"@type\":\"Organization\",\"@id\":\"https:\/\/www.jatiproducts.com\/de\/#organization\",\"name\":\"JATI GmbH\",\"url\":\"https:\/\/www.jatiproducts.com\/de\/\",\"logo\":{\"@type\":\"ImageObject\",\"inLanguage\":\"de\",\"@id\":\"https:\/\/www.jatiproducts.com\/de\/#\/schema\/logo\/image\/\",\"url\":\"https:\/\/www.jatiproducts.com\/wp-content\/uploads\/site-logo.png\",\"contentUrl\":\"https:\/\/www.jatiproducts.com\/wp-content\/uploads\/site-logo.png\",\"width\":696,\"height\":696,\"caption\":\"JATI GmbH\"},\"image\":{\"@id\":\"https:\/\/www.jatiproducts.com\/de\/#\/schema\/logo\/image\/\"},\"sameAs\":[\"https:\/\/www.facebook.com\/people\/JATI-diemitdempferd\/61555813963787\/\",\"https:\/\/www.instagram.com\/jati_diemitdemschaum\/\",\"https:\/\/www.youtube.com\/user\/JatiProducts\",\"https:\/\/www.linkedin.com\/company\/jati-gmbh\/\"]}]}<\/script>\n<!-- \/ Yoast SEO plugin. -->","yoast_head_json":{"title":"Alkalischer Reiniger JATI SAR 10 - JATI GmbH","description":"JATI SAR 10 und JATI SAR 12 sind alkalische bis hochalkalische Reiniger, die bei der Brandsanierung selbst grobe Verschmutzungen entfernen.","robots":{"index":"index","follow":"follow","max-snippet":"max-snippet:-1","max-image-preview":"max-image-preview:large","max-video-preview":"max-video-preview:-1"},"canonical":"https:\/\/www.jatiproducts.com\/de\/brandsanierung\/alkalischer-reiniger-jati-sar-10\/","og_locale":"de_DE","og_type":"article","og_title":"Alkalischer Reiniger JATI SAR 10 - JATI GmbH","og_description":"JATI SAR 10 und JATI SAR 12 sind alkalische bis hochalkalische Reiniger, die bei der Brandsanierung selbst grobe Verschmutzungen entfernen.","og_url":"https:\/\/www.jatiproducts.com\/de\/brandsanierung\/alkalischer-reiniger-jati-sar-10\/","og_site_name":"JATI GmbH","article_publisher":"https:\/\/www.facebook.com\/people\/JATI-diemitdempferd\/61555813963787\/","article_modified_time":"2026-03-31T12:22:19+00:00","og_image":[{"width":1625,"height":2000,"url":"https:\/\/www.jatiproducts.com\/wp-content\/uploads\/single_product_10_liter_de_brandsanierung_SAR10.png","type":"image\/png"}],"twitter_card":"summary_large_image","twitter_misc":{"Gesch\u00e4tzte Lesezeit":"2\u00a0Minuten"},"schema":{"@context":"https:\/\/schema.org","@graph":[{"@type":"WebPage","@id":"https:\/\/www.jatiproducts.com\/de\/brandsanierung\/alkalischer-reiniger-jati-sar-10\/","url":"https:\/\/www.jatiproducts.com\/de\/brandsanierung\/alkalischer-reiniger-jati-sar-10\/","name":"Alkalischer Reiniger JATI SAR 10 - JATI GmbH","isPartOf":{"@id":"https:\/\/www.jatiproducts.com\/de\/#website"},"primaryImageOfPage":{"@id":"https:\/\/www.jatiproducts.com\/de\/brandsanierung\/alkalischer-reiniger-jati-sar-10\/#primaryimage"},"image":{"@id":"https:\/\/www.jatiproducts.com\/de\/brandsanierung\/alkalischer-reiniger-jati-sar-10\/#primaryimage"},"thumbnailUrl":"https:\/\/www.jatiproducts.com\/wp-content\/uploads\/single_product_10_liter_de_brandsanierung_SAR10.png","datePublished":"2024-07-24T13:19:23+00:00","dateModified":"2026-03-31T12:22:19+00:00","description":"JATI SAR 10 und JATI SAR 12 sind alkalische bis hochalkalische Reiniger, die bei der Brandsanierung selbst grobe Verschmutzungen entfernen.","breadcrumb":{"@id":"https:\/\/www.jatiproducts.com\/de\/brandsanierung\/alkalischer-reiniger-jati-sar-10\/#breadcrumb"},"inLanguage":"de","potentialAction":[{"@type":"ReadAction","target":["https:\/\/www.jatiproducts.com\/de\/brandsanierung\/alkalischer-reiniger-jati-sar-10\/"]}]},{"@type":"ImageObject","inLanguage":"de","@id":"https:\/\/www.jatiproducts.com\/de\/brandsanierung\/alkalischer-reiniger-jati-sar-10\/#primaryimage","url":"https:\/\/www.jatiproducts.com\/wp-content\/uploads\/single_product_10_liter_de_brandsanierung_SAR10.png","contentUrl":"https:\/\/www.jatiproducts.com\/wp-content\/uploads\/single_product_10_liter_de_brandsanierung_SAR10.png","width":1625,"height":2000,"caption":"Produktbild JATI SAR 10 Reinigungskonzentrat zur Brandsanierung"},{"@type":"BreadcrumbList","@id":"https:\/\/www.jatiproducts.com\/de\/brandsanierung\/alkalischer-reiniger-jati-sar-10\/#breadcrumb","itemListElement":[{"@type":"ListItem","position":1,"name":"Startseite","item":"https:\/\/www.jatiproducts.com\/de\/"},{"@type":"ListItem","position":2,"name":"Shop","item":"https:\/\/www.jatiproducts.com\/de\/shop\/"},{"@type":"ListItem","position":3,"name":"Alkalischer Reiniger JATI SAR 10"}]},{"@type":"WebSite","@id":"https:\/\/www.jatiproducts.com\/de\/#website","url":"https:\/\/www.jatiproducts.com\/de\/","name":"JATI GmbH","description":"JATI GmbH","publisher":{"@id":"https:\/\/www.jatiproducts.com\/de\/#organization"},"potentialAction":[{"@type":"SearchAction","target":{"@type":"EntryPoint","urlTemplate":"https:\/\/www.jatiproducts.com\/de\/?s={search_term_string}"},"query-input":{"@type":"PropertyValueSpecification","valueRequired":true,"valueName":"search_term_string"}}],"inLanguage":"de"},{"@type":"Organization","@id":"https:\/\/www.jatiproducts.com\/de\/#organization","name":"JATI GmbH","url":"https:\/\/www.jatiproducts.com\/de\/","logo":{"@type":"ImageObject","inLanguage":"de","@id":"https:\/\/www.jatiproducts.com\/de\/#\/schema\/logo\/image\/","url":"https:\/\/www.jatiproducts.com\/wp-content\/uploads\/site-logo.png","contentUrl":"https:\/\/www.jatiproducts.com\/wp-content\/uploads\/site-logo.png","width":696,"height":696,"caption":"JATI GmbH"},"image":{"@id":"https:\/\/www.jatiproducts.com\/de\/#\/schema\/logo\/image\/"},"sameAs":["https:\/\/www.facebook.com\/people\/JATI-diemitdempferd\/61555813963787\/","https:\/\/www.instagram.com\/jati_diemitdemschaum\/","https:\/\/www.youtube.com\/user\/JatiProducts","https:\/\/www.linkedin.com\/company\/jati-gmbh\/"]}]}},"_links":{"self":[{"href":"https:\/\/www.jatiproducts.com\/de\/wp-json\/wp\/v2\/product\/5958","targetHints":{"allow":["GET"]}}],"collection":[{"href":"https:\/\/www.jatiproducts.com\/de\/wp-json\/wp\/v2\/product"}],"about":[{"href":"https:\/\/www.jatiproducts.com\/de\/wp-json\/wp\/v2\/types\/product"}],"version-history":[{"count":0,"href":"https:\/\/www.jatiproducts.com\/de\/wp-json\/wp\/v2\/product\/5958\/revisions"}],"wp:featuredmedia":[{"embeddable":true,"href":"https:\/\/www.jatiproducts.com\/de\/wp-json\/wp\/v2\/media\/3515"}],"wp:attachment":[{"href":"https:\/\/www.jatiproducts.com\/de\/wp-json\/wp\/v2\/media?parent=5958"}],"wp:term":[{"taxonomy":"product_brand","embeddable":true,"href":"https:\/\/www.jatiproducts.com\/de\/wp-json\/wp\/v2\/product_brand?post=5958"},{"taxonomy":"product_cat","embeddable":true,"href":"https:\/\/www.jatiproducts.com\/de\/wp-json\/wp\/v2\/product_cat?post=5958"},{"taxonomy":"product_tag","embeddable":true,"href":"https:\/\/www.jatiproducts.com\/de\/wp-json\/wp\/v2\/product_tag?post=5958"}],"curies":[{"name":"wp","href":"https:\/\/api.w.org\/{rel}","templated":true}]}}