{"id":7813,"date":"2025-09-29T11:09:32","date_gmt":"2025-09-29T09:09:32","guid":{"rendered":"https:\/\/www.jatiproducts.com\/?post_type=product&#038;p=7813"},"modified":"2026-03-31T13:46:01","modified_gmt":"2026-03-31T11:46:01","slug":"schaumgeraet-foam-matic-1-25","status":"publish","type":"product","link":"https:\/\/www.jatiproducts.com\/de\/schimmelsanierung\/schaumgeraet-foam-matic-1-25\/","title":{"rendered":"Schaumger\u00e4t FOAM-MATIC 1.25"},"content":{"rendered":"<div class=\"wpb-content-wrapper\"><p>[vc_row][vc_column width=&#8220;2\/3&#8243;][vc_column_text css=&#8220;&#8220;]<\/p>\n<h1>Schaumger\u00e4t FOAM-MATIC 1.25<\/h1>\n<p>Hochwertiges Hand-Kompressions-Schaumger\u00e4t f\u00fcr die professionelle und mobile Anwendung. Dank einem speziellen Aufsatz wird ein besonders trockener Schaum mit langer Kontaktzeit erzeugt \u2013 ideal f\u00fcr die gezielte Reinigung und Desinfektion von Oberfl\u00e4chen.<\/p>\n<h3><strong>Weitere Ausstattung<\/strong><\/h3>\n<ul>\n<li>1.25 Liter bruchfester, transparenter Beh\u00e4lter mit Literskala und gro\u00dfer Einf\u00fcll\u00f6ffnung<\/li>\n<li>Speziell chemiebest\u00e4ndige Dichtungen<\/li>\n<li>Ergonomische und effiziente Handpumpe bis 3 bar Betriebsdruck<\/li>\n<li>Spezielle Schaumd\u00fcse f\u00fcr gezieltes Sch\u00e4umen<\/li>\n<li>Sicherheitsventil, arretierbarer Druckknopf<\/li>\n<\/ul>\n<p>[\/vc_column_text][vc_row_inner content_placement=&#8220;top&#8220;][vc_column_inner el_class=&#8220;gray-container&#8220; width=&#8220;1\/2&#8243;][vc_column_text]<\/p>\n<h3>Bedienungsanleitung<\/h3>\n<p>[\/vc_column_text][downloads filter=&#8220;singleproduct&#8220; product=&#8220;foam-matic-1-25&#8243; downloadtype=&#8220;bedienungsanleitungen&#8220;][\/vc_column_inner][\/vc_row_inner][\/vc_column][vc_column width=&#8220;1\/3&#8243;][single_product_to_cart][\/vc_column][\/vc_row]<\/p>\n<\/div>","protected":false},"excerpt":{"rendered":"<p>Hochwertiges Hand-Kompressions-Schaumger\u00e4t f\u00fcr die professionelle und mobile Anwendung. Dank einem speziellen Aufsatz wird ein besonders trockener Schaum mit langer Kontaktzeit erzeugt \u2013 ideal f\u00fcr die gezielte Reinigung und Desinfektion von Oberfl\u00e4chen. [&#8230;]<\/p>\n<p><a class=\"btn btn-secondary understrap-read-more-link\" href=\"https:\/\/www.jatiproducts.com\/de\/schimmelsanierung\/schaumgeraet-foam-matic-1-25\/\">Weiterlesen&#8230;<\/a><\/p>\n","protected":false},"featured_media":7809,"template":"","meta":{"_acf_changed":false,"footnotes":""},"product_brand":[],"product_cat":[134,94,119],"product_tag":[],"class_list":{"0":"post-7813","1":"product","2":"type-product","3":"status-publish","4":"has-post-thumbnail","6":"product_cat-schaumgeraete-auflistung","7":"product_cat-schimmelsanierung","8":"product_cat-zubehoer","10":"first","11":"instock","12":"taxable","13":"shipping-taxable","14":"purchasable","15":"product-type-simple"},"acf":[],"yoast_head":"<!-- This site is optimized with the Yoast SEO plugin v27.2 - https:\/\/yoast.com\/product\/yoast-seo-wordpress\/ -->\n<title>Schaumger\u00e4t FOAM-MATIC 1.25 - JATI GmbH<\/title>\n<meta name=\"description\" content=\"Mobiles Schaumger\u00e4t mit 1.25L Volumen, 3 bar Arbeitsdruck und effiziente Handpumpe. Enth\u00e4lt spezielle Schaumd\u00fcse, Sicherheitsventil und arretierbarer Druckknopf.\" \/>\n<meta name=\"robots\" content=\"index, follow, max-snippet:-1, max-image-preview:large, max-video-preview:-1\" \/>\n<link rel=\"canonical\" href=\"https:\/\/www.jatiproducts.com\/de\/schimmelsanierung\/schaumgeraet-foam-matic-1-25\/\" \/>\n<meta property=\"og:locale\" content=\"de_DE\" \/>\n<meta property=\"og:type\" content=\"article\" \/>\n<meta property=\"og:title\" content=\"Schaumger\u00e4t FOAM-MATIC 1.25 - JATI GmbH\" \/>\n<meta property=\"og:description\" content=\"Mobiles Schaumger\u00e4t mit 1.25L Volumen, 3 bar Arbeitsdruck und effiziente Handpumpe. Enth\u00e4lt spezielle Schaumd\u00fcse, Sicherheitsventil und arretierbarer Druckknopf.\" \/>\n<meta property=\"og:url\" content=\"https:\/\/www.jatiproducts.com\/de\/schimmelsanierung\/schaumgeraet-foam-matic-1-25\/\" \/>\n<meta property=\"og:site_name\" content=\"JATI GmbH\" \/>\n<meta property=\"article:publisher\" content=\"https:\/\/www.facebook.com\/people\/JATI-diemitdempferd\/61555813963787\/\" \/>\n<meta property=\"article:modified_time\" content=\"2026-03-31T11:46:01+00:00\" \/>\n<meta property=\"og:image\" content=\"https:\/\/www.jatiproducts.com\/wp-content\/uploads\/11976501_Foam-Matic_1.25_P_75.jpg\" \/>\n\t<meta property=\"og:image:width\" content=\"1364\" \/>\n\t<meta property=\"og:image:height\" content=\"2048\" \/>\n\t<meta property=\"og:image:type\" content=\"image\/jpeg\" \/>\n<meta name=\"twitter:card\" content=\"summary_large_image\" \/>\n<meta name=\"twitter:label1\" content=\"Gesch\u00e4tzte Lesezeit\" \/>\n\t<meta name=\"twitter:data1\" content=\"1\u00a0Minute\" \/>\n<script type=\"application\/ld+json\" class=\"yoast-schema-graph\">{\"@context\":\"https:\/\/schema.org\",\"@graph\":[{\"@type\":\"WebPage\",\"@id\":\"https:\/\/www.jatiproducts.com\/de\/schimmelsanierung\/schaumgeraet-foam-matic-1-25\/\",\"url\":\"https:\/\/www.jatiproducts.com\/de\/schimmelsanierung\/schaumgeraet-foam-matic-1-25\/\",\"name\":\"Schaumger\u00e4t FOAM-MATIC 1.25 - JATI GmbH\",\"isPartOf\":{\"@id\":\"https:\/\/www.jatiproducts.com\/de\/#website\"},\"primaryImageOfPage\":{\"@id\":\"https:\/\/www.jatiproducts.com\/de\/schimmelsanierung\/schaumgeraet-foam-matic-1-25\/#primaryimage\"},\"image\":{\"@id\":\"https:\/\/www.jatiproducts.com\/de\/schimmelsanierung\/schaumgeraet-foam-matic-1-25\/#primaryimage\"},\"thumbnailUrl\":\"https:\/\/www.jatiproducts.com\/wp-content\/uploads\/11976501_Foam-Matic_1.25_P_75.jpg\",\"datePublished\":\"2025-09-29T09:09:32+00:00\",\"dateModified\":\"2026-03-31T11:46:01+00:00\",\"description\":\"Mobiles Schaumger\u00e4t mit 1.25L Volumen, 3 bar Arbeitsdruck und effiziente Handpumpe. Enth\u00e4lt spezielle Schaumd\u00fcse, Sicherheitsventil und arretierbarer Druckknopf.\",\"breadcrumb\":{\"@id\":\"https:\/\/www.jatiproducts.com\/de\/schimmelsanierung\/schaumgeraet-foam-matic-1-25\/#breadcrumb\"},\"inLanguage\":\"de\",\"potentialAction\":[{\"@type\":\"ReadAction\",\"target\":[\"https:\/\/www.jatiproducts.com\/de\/schimmelsanierung\/schaumgeraet-foam-matic-1-25\/\"]}]},{\"@type\":\"ImageObject\",\"inLanguage\":\"de\",\"@id\":\"https:\/\/www.jatiproducts.com\/de\/schimmelsanierung\/schaumgeraet-foam-matic-1-25\/#primaryimage\",\"url\":\"https:\/\/www.jatiproducts.com\/wp-content\/uploads\/11976501_Foam-Matic_1.25_P_75.jpg\",\"contentUrl\":\"https:\/\/www.jatiproducts.com\/wp-content\/uploads\/11976501_Foam-Matic_1.25_P_75.jpg\",\"width\":1364,\"height\":2048},{\"@type\":\"BreadcrumbList\",\"@id\":\"https:\/\/www.jatiproducts.com\/de\/schimmelsanierung\/schaumgeraet-foam-matic-1-25\/#breadcrumb\",\"itemListElement\":[{\"@type\":\"ListItem\",\"position\":1,\"name\":\"Startseite\",\"item\":\"https:\/\/www.jatiproducts.com\/de\/\"},{\"@type\":\"ListItem\",\"position\":2,\"name\":\"Shop\",\"item\":\"https:\/\/www.jatiproducts.com\/de\/shop\/\"},{\"@type\":\"ListItem\",\"position\":3,\"name\":\"Schaumger\u00e4t FOAM-MATIC 1.25\"}]},{\"@type\":\"WebSite\",\"@id\":\"https:\/\/www.jatiproducts.com\/de\/#website\",\"url\":\"https:\/\/www.jatiproducts.com\/de\/\",\"name\":\"JATI GmbH\",\"description\":\"JATI GmbH\",\"publisher\":{\"@id\":\"https:\/\/www.jatiproducts.com\/de\/#organization\"},\"potentialAction\":[{\"@type\":\"SearchAction\",\"target\":{\"@type\":\"EntryPoint\",\"urlTemplate\":\"https:\/\/www.jatiproducts.com\/de\/?s={search_term_string}\"},\"query-input\":{\"@type\":\"PropertyValueSpecification\",\"valueRequired\":true,\"valueName\":\"search_term_string\"}}],\"inLanguage\":\"de\"},{\"@type\":\"Organization\",\"@id\":\"https:\/\/www.jatiproducts.com\/de\/#organization\",\"name\":\"JATI GmbH\",\"url\":\"https:\/\/www.jatiproducts.com\/de\/\",\"logo\":{\"@type\":\"ImageObject\",\"inLanguage\":\"de\",\"@id\":\"https:\/\/www.jatiproducts.com\/de\/#\/schema\/logo\/image\/\",\"url\":\"https:\/\/www.jatiproducts.com\/wp-content\/uploads\/site-logo.png\",\"contentUrl\":\"https:\/\/www.jatiproducts.com\/wp-content\/uploads\/site-logo.png\",\"width\":696,\"height\":696,\"caption\":\"JATI GmbH\"},\"image\":{\"@id\":\"https:\/\/www.jatiproducts.com\/de\/#\/schema\/logo\/image\/\"},\"sameAs\":[\"https:\/\/www.facebook.com\/people\/JATI-diemitdempferd\/61555813963787\/\",\"https:\/\/www.instagram.com\/jati_diemitdemschaum\/\",\"https:\/\/www.youtube.com\/user\/JatiProducts\",\"https:\/\/www.linkedin.com\/company\/jati-gmbh\/\"]}]}<\/script>\n<!-- \/ Yoast SEO plugin. -->","yoast_head_json":{"title":"Schaumger\u00e4t FOAM-MATIC 1.25 - JATI GmbH","description":"Mobiles Schaumger\u00e4t mit 1.25L Volumen, 3 bar Arbeitsdruck und effiziente Handpumpe. Enth\u00e4lt spezielle Schaumd\u00fcse, Sicherheitsventil und arretierbarer Druckknopf.","robots":{"index":"index","follow":"follow","max-snippet":"max-snippet:-1","max-image-preview":"max-image-preview:large","max-video-preview":"max-video-preview:-1"},"canonical":"https:\/\/www.jatiproducts.com\/de\/schimmelsanierung\/schaumgeraet-foam-matic-1-25\/","og_locale":"de_DE","og_type":"article","og_title":"Schaumger\u00e4t FOAM-MATIC 1.25 - JATI GmbH","og_description":"Mobiles Schaumger\u00e4t mit 1.25L Volumen, 3 bar Arbeitsdruck und effiziente Handpumpe. Enth\u00e4lt spezielle Schaumd\u00fcse, Sicherheitsventil und arretierbarer Druckknopf.","og_url":"https:\/\/www.jatiproducts.com\/de\/schimmelsanierung\/schaumgeraet-foam-matic-1-25\/","og_site_name":"JATI GmbH","article_publisher":"https:\/\/www.facebook.com\/people\/JATI-diemitdempferd\/61555813963787\/","article_modified_time":"2026-03-31T11:46:01+00:00","og_image":[{"width":1364,"height":2048,"url":"https:\/\/www.jatiproducts.com\/wp-content\/uploads\/11976501_Foam-Matic_1.25_P_75.jpg","type":"image\/jpeg"}],"twitter_card":"summary_large_image","twitter_misc":{"Gesch\u00e4tzte Lesezeit":"1\u00a0Minute"},"schema":{"@context":"https:\/\/schema.org","@graph":[{"@type":"WebPage","@id":"https:\/\/www.jatiproducts.com\/de\/schimmelsanierung\/schaumgeraet-foam-matic-1-25\/","url":"https:\/\/www.jatiproducts.com\/de\/schimmelsanierung\/schaumgeraet-foam-matic-1-25\/","name":"Schaumger\u00e4t FOAM-MATIC 1.25 - JATI GmbH","isPartOf":{"@id":"https:\/\/www.jatiproducts.com\/de\/#website"},"primaryImageOfPage":{"@id":"https:\/\/www.jatiproducts.com\/de\/schimmelsanierung\/schaumgeraet-foam-matic-1-25\/#primaryimage"},"image":{"@id":"https:\/\/www.jatiproducts.com\/de\/schimmelsanierung\/schaumgeraet-foam-matic-1-25\/#primaryimage"},"thumbnailUrl":"https:\/\/www.jatiproducts.com\/wp-content\/uploads\/11976501_Foam-Matic_1.25_P_75.jpg","datePublished":"2025-09-29T09:09:32+00:00","dateModified":"2026-03-31T11:46:01+00:00","description":"Mobiles Schaumger\u00e4t mit 1.25L Volumen, 3 bar Arbeitsdruck und effiziente Handpumpe. Enth\u00e4lt spezielle Schaumd\u00fcse, Sicherheitsventil und arretierbarer Druckknopf.","breadcrumb":{"@id":"https:\/\/www.jatiproducts.com\/de\/schimmelsanierung\/schaumgeraet-foam-matic-1-25\/#breadcrumb"},"inLanguage":"de","potentialAction":[{"@type":"ReadAction","target":["https:\/\/www.jatiproducts.com\/de\/schimmelsanierung\/schaumgeraet-foam-matic-1-25\/"]}]},{"@type":"ImageObject","inLanguage":"de","@id":"https:\/\/www.jatiproducts.com\/de\/schimmelsanierung\/schaumgeraet-foam-matic-1-25\/#primaryimage","url":"https:\/\/www.jatiproducts.com\/wp-content\/uploads\/11976501_Foam-Matic_1.25_P_75.jpg","contentUrl":"https:\/\/www.jatiproducts.com\/wp-content\/uploads\/11976501_Foam-Matic_1.25_P_75.jpg","width":1364,"height":2048},{"@type":"BreadcrumbList","@id":"https:\/\/www.jatiproducts.com\/de\/schimmelsanierung\/schaumgeraet-foam-matic-1-25\/#breadcrumb","itemListElement":[{"@type":"ListItem","position":1,"name":"Startseite","item":"https:\/\/www.jatiproducts.com\/de\/"},{"@type":"ListItem","position":2,"name":"Shop","item":"https:\/\/www.jatiproducts.com\/de\/shop\/"},{"@type":"ListItem","position":3,"name":"Schaumger\u00e4t FOAM-MATIC 1.25"}]},{"@type":"WebSite","@id":"https:\/\/www.jatiproducts.com\/de\/#website","url":"https:\/\/www.jatiproducts.com\/de\/","name":"JATI GmbH","description":"JATI GmbH","publisher":{"@id":"https:\/\/www.jatiproducts.com\/de\/#organization"},"potentialAction":[{"@type":"SearchAction","target":{"@type":"EntryPoint","urlTemplate":"https:\/\/www.jatiproducts.com\/de\/?s={search_term_string}"},"query-input":{"@type":"PropertyValueSpecification","valueRequired":true,"valueName":"search_term_string"}}],"inLanguage":"de"},{"@type":"Organization","@id":"https:\/\/www.jatiproducts.com\/de\/#organization","name":"JATI GmbH","url":"https:\/\/www.jatiproducts.com\/de\/","logo":{"@type":"ImageObject","inLanguage":"de","@id":"https:\/\/www.jatiproducts.com\/de\/#\/schema\/logo\/image\/","url":"https:\/\/www.jatiproducts.com\/wp-content\/uploads\/site-logo.png","contentUrl":"https:\/\/www.jatiproducts.com\/wp-content\/uploads\/site-logo.png","width":696,"height":696,"caption":"JATI GmbH"},"image":{"@id":"https:\/\/www.jatiproducts.com\/de\/#\/schema\/logo\/image\/"},"sameAs":["https:\/\/www.facebook.com\/people\/JATI-diemitdempferd\/61555813963787\/","https:\/\/www.instagram.com\/jati_diemitdemschaum\/","https:\/\/www.youtube.com\/user\/JatiProducts","https:\/\/www.linkedin.com\/company\/jati-gmbh\/"]}]}},"_links":{"self":[{"href":"https:\/\/www.jatiproducts.com\/de\/wp-json\/wp\/v2\/product\/7813","targetHints":{"allow":["GET"]}}],"collection":[{"href":"https:\/\/www.jatiproducts.com\/de\/wp-json\/wp\/v2\/product"}],"about":[{"href":"https:\/\/www.jatiproducts.com\/de\/wp-json\/wp\/v2\/types\/product"}],"version-history":[{"count":4,"href":"https:\/\/www.jatiproducts.com\/de\/wp-json\/wp\/v2\/product\/7813\/revisions"}],"predecessor-version":[{"id":7818,"href":"https:\/\/www.jatiproducts.com\/de\/wp-json\/wp\/v2\/product\/7813\/revisions\/7818"}],"wp:featuredmedia":[{"embeddable":true,"href":"https:\/\/www.jatiproducts.com\/de\/wp-json\/wp\/v2\/media\/7809"}],"wp:attachment":[{"href":"https:\/\/www.jatiproducts.com\/de\/wp-json\/wp\/v2\/media?parent=7813"}],"wp:term":[{"taxonomy":"product_brand","embeddable":true,"href":"https:\/\/www.jatiproducts.com\/de\/wp-json\/wp\/v2\/product_brand?post=7813"},{"taxonomy":"product_cat","embeddable":true,"href":"https:\/\/www.jatiproducts.com\/de\/wp-json\/wp\/v2\/product_cat?post=7813"},{"taxonomy":"product_tag","embeddable":true,"href":"https:\/\/www.jatiproducts.com\/de\/wp-json\/wp\/v2\/product_tag?post=7813"}],"curies":[{"name":"wp","href":"https:\/\/api.w.org\/{rel}","templated":true}]}}